{"id":4833,"date":"2017-05-23T10:12:14","date_gmt":"2017-05-23T10:12:14","guid":{"rendered":"https:\/\/www.golfiskotland.com\/?page_id=4833\/"},"modified":"2017-05-25T14:59:03","modified_gmt":"2017-05-25T14:59:03","slug":"carnoustie-mesterskabsbane-i-skotland","status":"publish","type":"page","link":"https:\/\/www.golfiskotland.com\/fr\/golfbaner-i-skotland\/st-andrews-i-skotland\/carnoustie-mesterskabsbane-i-skotland\/","title":{"rendered":"Carnoustie (Championship)"},"content":{"rendered":"<table class=\"mceItemTable\" style=\"width: 100%;\" border=\"0\">\n<tbody>\n<tr style=\"height: 27px;\">\n<td style=\"height: 27px;\"><strong>Vores rangering:<\/strong><\/td>\n<td style=\"height: 27px;\"><img loading=\"lazy\" decoding=\"async\" class=\"alignleft size-full wp-image-5378\" src=\"https:\/\/www.golfiskotland.com\/wp-content\/uploads\/2017\/05\/star5.png\" alt=\"Golf Skotland 5 stjerner\" width=\"147\" height=\"30\" \/><\/td>\n<td style=\"height: 459px;\" colspan=\"2\" rowspan=\"11\" align=\"center\" valign=\"top\" width=\"50%\">\n<p>\u00a0 \u00a0<br \/>\n <strong><br \/>\n <\/strong><\/p>\n<p>\u00a0\u00a0<img loading=\"lazy\" decoding=\"async\" class=\"size-medium wp-image-5055 aligncenter\" src=\"https:\/\/www.golfiskotland.com\/wp-content\/uploads\/2017\/05\/golf-i-skotlandTEST-213x300.png\" alt=\"\" width=\"213\" height=\"300\" srcset=\"https:\/\/www.golfiskotland.com\/wp-content\/uploads\/2017\/05\/golf-i-skotlandTEST-213x300.png 213w, https:\/\/www.golfiskotland.com\/wp-content\/uploads\/2017\/05\/golf-i-skotlandTEST.png 355w\" sizes=\"auto, (max-width: 213px) 100vw, 213px\" \/><\/p>\n<p>&nbsp;<\/p>\n<p>&nbsp;<\/p>\n<p>&nbsp;<\/p>\n<\/td>\n<\/tr>\n<tr style=\"height: 48px;\">\n<td style=\"height: 48px;\"><strong>Verdens rangering:<\/strong><\/td>\n<td style=\"height: 48px;\">30<\/td>\n<\/tr>\n<tr style=\"height: 24px;\">\n<td style=\"height: 24px;\"><strong>Skotsk rangering:<\/strong><\/td>\n<td style=\"height: 24px;\">5<\/td>\n<\/tr>\n<tr style=\"height: 48px;\">\n<td style=\"height: 48px;\"><strong>Antal British Open:<\/strong><\/td>\n<td style=\"height: 48px;\">7<\/td>\n<\/tr>\n<tr style=\"height: 72px;\">\n<td style=\"height: 72px;\" width=\"30%\"><strong>Arkitekt:<\/strong><\/td>\n<td style=\"height: 72px;\" width=\"20%\">Old Tom Morris, James Braid<\/td>\n<\/tr>\n<tr style=\"height: 24px;\">\n<td style=\"height: 24px;\"><strong>Bygget:<\/strong><\/td>\n<td style=\"height: 24px;\">1842<\/td>\n<\/tr>\n<tr style=\"height: 24px;\">\n<td style=\"height: 24px;\"><strong>Par:<\/strong><\/td>\n<td style=\"height: 24px;\">70<\/td>\n<\/tr>\n<tr style=\"height: 48px;\">\n<td style=\"height: 48px;\"><strong>Afstand fra St Andrews:<\/strong><\/td>\n<td style=\"height: 48px;\">40 km<\/td>\n<\/tr>\n<tr style=\"height: 48px;\">\n<td style=\"height: 48px;\"><strong>Afstand fra <\/strong><strong>Edinburgh:<\/strong><\/td>\n<td style=\"height: 48px;\">115 km<\/td>\n<\/tr>\n<tr style=\"height: 48px;\">\n<td style=\"height: 48px;\"><strong>Afstand fra <\/strong><strong>Glasgow:<\/strong><\/td>\n<td style=\"height: 48px;\">165 km<\/td>\n<\/tr>\n<tr style=\"height: 48px;\">\n<td style=\"height: 48px;\"><strong>Afstand fra <\/strong><strong>Inverness:<\/strong><\/td>\n<td style=\"height: 48px;\">250 km<\/td>\n<\/tr>\n<tr style=\"height: 248px;\">\n<td style=\"height: 248px;\" colspan=\"4\">\n<p>Kendt som det sv\u00e6reste Open spillested nogensinde og d\u00f8bt \u00ab\u00a0Carnasty\u00a0\u00bb som folk typisk kalder den efter at have spillet den, det er ikke en bane for h\u00f8j handicap golfere.<br \/>\n Designet af Old Tom Morris og senere udvidet af James Braid, g\u00f8r denne legendariske golfbane til en fantastisk test af en golfspil for gode spillere med hurtige, trov\u00e6rdige og gode greens hele \u00e5ret rundt.<br \/>\n Skotter husker specielt en fransk historie fra 1999 da Jean Van de Velde mistede The Open, efter at v\u00e6re 3 slag foran, da han kom til sidste hul. Det er helt klart et bes\u00f8g v\u00e6rd, kun 30 minutter nord for St Andrews.<\/p>\n<\/td>\n<\/tr>\n<\/tbody>\n<\/table>\n<div class=\"one-third first\" style=\"text-align: center;\"><a class=\"button\" href=\"?p=49\">Golfrejser<\/a><\/div>\n<div class=\"one-third\" style=\"text-align: center;\"><a class=\"button\" title=\"Demande de devis\" href=\"?p=631\">F\u00e5 et gratis tilbud<\/a><\/div>\n<div class=\"one-third\" style=\"text-align: center;\"><a class=\"button\" title=\"Contactez-nous\" href=\"?p=59\">Kontakt<\/a><\/div>\n","protected":false},"excerpt":{"rendered":"<p>Vores rangering: \u00a0 \u00a0 \u00a0\u00a0 &nbsp; &nbsp; &nbsp; Verdens rangering: 30 Skotsk rangering: 5 Antal British Open: 7 Arkitekt: Old Tom Morris, James Braid Bygget: 1842 Par: 70 Afstand fra St Andrews: 40 km Afstand fra Edinburgh: 115 km Afstand fra Glasgow: 165 km Afstand fra Inverness: 250 km Kendt som det sv\u00e6reste Open spillested [&hellip;]<\/p>\n","protected":false},"author":5,"featured_media":5080,"parent":5034,"menu_order":0,"comment_status":"closed","ping_status":"closed","template":"","meta":{"_genesis_hide_title":false,"_genesis_hide_breadcrumbs":false,"_genesis_hide_singular_image":false,"_genesis_hide_footer_widgets":false,"_genesis_custom_body_class":"","_genesis_custom_post_class":"","_genesis_layout":"","footnotes":""},"class_list":{"0":"post-4833","1":"page","2":"type-page","3":"status-publish","4":"has-post-thumbnail","6":"entry"},"yoast_head":"<!-- This site is optimized with the Yoast SEO plugin v27.4 - https:\/\/yoast.com\/product\/yoast-seo-wordpress\/ -->\n<title>Carnoustie Mesterskabsbane- Golf i Skotland<\/title>\n<meta name=\"description\" content=\"Kendt som det sv\u00e6reste Open spillested og d\u00f8bt &quot;Carnasty&quot; som folk kalder den efter at have spillet den, er ikke en bane for h\u00f8j handicap golfere.\" \/>\n<meta name=\"robots\" content=\"index, follow, max-snippet:-1, max-image-preview:large, max-video-preview:-1\" \/>\n<link rel=\"canonical\" href=\"https:\/\/www.golfiskotland.com\/fr\/golfbaner-i-skotland\/st-andrews-i-skotland\/carnoustie-mesterskabsbane-i-skotland\/\" \/>\n<meta property=\"og:locale\" content=\"fr_FR\" \/>\n<meta property=\"og:type\" content=\"article\" \/>\n<meta property=\"og:title\" content=\"Carnoustie Mesterskabsbane- Golf i Skotland\" \/>\n<meta property=\"og:description\" content=\"Kendt som det sv\u00e6reste Open spillested og d\u00f8bt &quot;Carnasty&quot; som folk kalder den efter at have spillet den, er ikke en bane for h\u00f8j handicap golfere.\" \/>\n<meta property=\"og:url\" content=\"https:\/\/www.golfiskotland.com\/fr\/golfbaner-i-skotland\/st-andrews-i-skotland\/carnoustie-mesterskabsbane-i-skotland\/\" \/>\n<meta property=\"og:site_name\" content=\"Golf Skotland\" \/>\n<meta property=\"article:modified_time\" content=\"2017-05-25T14:59:03+00:00\" \/>\n<meta property=\"og:image\" content=\"https:\/\/www.golfiskotland.com\/wp-content\/uploads\/2017\/05\/golf-skotland-carnoustie.jpg\" \/>\n\t<meta property=\"og:image:width\" content=\"2000\" \/>\n\t<meta property=\"og:image:height\" content=\"1163\" \/>\n\t<meta property=\"og:image:type\" content=\"image\/jpeg\" \/>\n<meta name=\"twitter:card\" content=\"summary_large_image\" \/>\n<meta name=\"twitter:label1\" content=\"Dur\u00e9e de lecture estim\u00e9e\" \/>\n\t<meta name=\"twitter:data1\" content=\"1 minute\" \/>\n<script type=\"application\/ld+json\" class=\"yoast-schema-graph\">{\"@context\":\"https:\\\/\\\/schema.org\",\"@graph\":[{\"@type\":\"WebPage\",\"@id\":\"https:\\\/\\\/www.golfiskotland.com\\\/fr\\\/golfbaner-i-skotland\\\/st-andrews-i-skotland\\\/carnoustie-mesterskabsbane-i-skotland\\\/\",\"url\":\"https:\\\/\\\/www.golfiskotland.com\\\/fr\\\/golfbaner-i-skotland\\\/st-andrews-i-skotland\\\/carnoustie-mesterskabsbane-i-skotland\\\/\",\"name\":\"Carnoustie Mesterskabsbane- Golf i Skotland\",\"isPartOf\":{\"@id\":\"https:\\\/\\\/www.golfiskotland.com\\\/fr\\\/#website\"},\"primaryImageOfPage\":{\"@id\":\"https:\\\/\\\/www.golfiskotland.com\\\/fr\\\/golfbaner-i-skotland\\\/st-andrews-i-skotland\\\/carnoustie-mesterskabsbane-i-skotland\\\/#primaryimage\"},\"image\":{\"@id\":\"https:\\\/\\\/www.golfiskotland.com\\\/fr\\\/golfbaner-i-skotland\\\/st-andrews-i-skotland\\\/carnoustie-mesterskabsbane-i-skotland\\\/#primaryimage\"},\"thumbnailUrl\":\"https:\\\/\\\/www.golfiskotland.com\\\/wp-content\\\/uploads\\\/2017\\\/05\\\/golf-skotland-carnoustie.jpg\",\"datePublished\":\"2017-05-23T10:12:14+00:00\",\"dateModified\":\"2017-05-25T14:59:03+00:00\",\"description\":\"Kendt som det sv\u00e6reste Open spillested og d\u00f8bt \\\"Carnasty\\\" som folk kalder den efter at have spillet den, er ikke en bane for h\u00f8j handicap golfere.\",\"breadcrumb\":{\"@id\":\"https:\\\/\\\/www.golfiskotland.com\\\/fr\\\/golfbaner-i-skotland\\\/st-andrews-i-skotland\\\/carnoustie-mesterskabsbane-i-skotland\\\/#breadcrumb\"},\"inLanguage\":\"fr-FR\",\"potentialAction\":[{\"@type\":\"ReadAction\",\"target\":[\"https:\\\/\\\/www.golfiskotland.com\\\/fr\\\/golfbaner-i-skotland\\\/st-andrews-i-skotland\\\/carnoustie-mesterskabsbane-i-skotland\\\/\"]}]},{\"@type\":\"ImageObject\",\"inLanguage\":\"fr-FR\",\"@id\":\"https:\\\/\\\/www.golfiskotland.com\\\/fr\\\/golfbaner-i-skotland\\\/st-andrews-i-skotland\\\/carnoustie-mesterskabsbane-i-skotland\\\/#primaryimage\",\"url\":\"https:\\\/\\\/www.golfiskotland.com\\\/wp-content\\\/uploads\\\/2017\\\/05\\\/golf-skotland-carnoustie.jpg\",\"contentUrl\":\"https:\\\/\\\/www.golfiskotland.com\\\/wp-content\\\/uploads\\\/2017\\\/05\\\/golf-skotland-carnoustie.jpg\",\"width\":2000,\"height\":1163,\"caption\":\"golf i skotland carnoustie\"},{\"@type\":\"BreadcrumbList\",\"@id\":\"https:\\\/\\\/www.golfiskotland.com\\\/fr\\\/golfbaner-i-skotland\\\/st-andrews-i-skotland\\\/carnoustie-mesterskabsbane-i-skotland\\\/#breadcrumb\",\"itemListElement\":[{\"@type\":\"ListItem\",\"position\":1,\"name\":\"Home\",\"item\":\"https:\\\/\\\/www.golfiskotland.com\\\/fr\\\/\"},{\"@type\":\"ListItem\",\"position\":2,\"name\":\"Golfbaner i Skotland\",\"item\":\"https:\\\/\\\/www.golfiskotland.com\\\/fr\\\/golfbaner-i-skotland\\\/\"},{\"@type\":\"ListItem\",\"position\":3,\"name\":\"St Andrews i Skotland\",\"item\":\"https:\\\/\\\/www.golfiskotland.com\\\/fr\\\/golfbaner-i-skotland\\\/st-andrews-i-skotland\\\/\"},{\"@type\":\"ListItem\",\"position\":4,\"name\":\"Carnoustie (Championship)\"}]},{\"@type\":\"WebSite\",\"@id\":\"https:\\\/\\\/www.golfiskotland.com\\\/fr\\\/#website\",\"url\":\"https:\\\/\\\/www.golfiskotland.com\\\/fr\\\/\",\"name\":\"Golf Skotland\",\"description\":\"Golf ferie i Skotland og i St Andrews\",\"potentialAction\":[{\"@type\":\"SearchAction\",\"target\":{\"@type\":\"EntryPoint\",\"urlTemplate\":\"https:\\\/\\\/www.golfiskotland.com\\\/fr\\\/?s={search_term_string}\"},\"query-input\":{\"@type\":\"PropertyValueSpecification\",\"valueRequired\":true,\"valueName\":\"search_term_string\"}}],\"inLanguage\":\"fr-FR\"}]}<\/script>\n<!-- \/ Yoast SEO plugin. -->","yoast_head_json":{"title":"Carnoustie Mesterskabsbane- Golf i Skotland","description":"Kendt som det sv\u00e6reste Open spillested og d\u00f8bt \"Carnasty\" som folk kalder den efter at have spillet den, er ikke en bane for h\u00f8j handicap golfere.","robots":{"index":"index","follow":"follow","max-snippet":"max-snippet:-1","max-image-preview":"max-image-preview:large","max-video-preview":"max-video-preview:-1"},"canonical":"https:\/\/www.golfiskotland.com\/fr\/golfbaner-i-skotland\/st-andrews-i-skotland\/carnoustie-mesterskabsbane-i-skotland\/","og_locale":"fr_FR","og_type":"article","og_title":"Carnoustie Mesterskabsbane- Golf i Skotland","og_description":"Kendt som det sv\u00e6reste Open spillested og d\u00f8bt \"Carnasty\" som folk kalder den efter at have spillet den, er ikke en bane for h\u00f8j handicap golfere.","og_url":"https:\/\/www.golfiskotland.com\/fr\/golfbaner-i-skotland\/st-andrews-i-skotland\/carnoustie-mesterskabsbane-i-skotland\/","og_site_name":"Golf Skotland","article_modified_time":"2017-05-25T14:59:03+00:00","og_image":[{"width":2000,"height":1163,"url":"https:\/\/www.golfiskotland.com\/wp-content\/uploads\/2017\/05\/golf-skotland-carnoustie.jpg","type":"image\/jpeg"}],"twitter_card":"summary_large_image","twitter_misc":{"Dur\u00e9e de lecture estim\u00e9e":"1 minute"},"schema":{"@context":"https:\/\/schema.org","@graph":[{"@type":"WebPage","@id":"https:\/\/www.golfiskotland.com\/fr\/golfbaner-i-skotland\/st-andrews-i-skotland\/carnoustie-mesterskabsbane-i-skotland\/","url":"https:\/\/www.golfiskotland.com\/fr\/golfbaner-i-skotland\/st-andrews-i-skotland\/carnoustie-mesterskabsbane-i-skotland\/","name":"Carnoustie Mesterskabsbane- Golf i Skotland","isPartOf":{"@id":"https:\/\/www.golfiskotland.com\/fr\/#website"},"primaryImageOfPage":{"@id":"https:\/\/www.golfiskotland.com\/fr\/golfbaner-i-skotland\/st-andrews-i-skotland\/carnoustie-mesterskabsbane-i-skotland\/#primaryimage"},"image":{"@id":"https:\/\/www.golfiskotland.com\/fr\/golfbaner-i-skotland\/st-andrews-i-skotland\/carnoustie-mesterskabsbane-i-skotland\/#primaryimage"},"thumbnailUrl":"https:\/\/www.golfiskotland.com\/wp-content\/uploads\/2017\/05\/golf-skotland-carnoustie.jpg","datePublished":"2017-05-23T10:12:14+00:00","dateModified":"2017-05-25T14:59:03+00:00","description":"Kendt som det sv\u00e6reste Open spillested og d\u00f8bt \"Carnasty\" som folk kalder den efter at have spillet den, er ikke en bane for h\u00f8j handicap golfere.","breadcrumb":{"@id":"https:\/\/www.golfiskotland.com\/fr\/golfbaner-i-skotland\/st-andrews-i-skotland\/carnoustie-mesterskabsbane-i-skotland\/#breadcrumb"},"inLanguage":"fr-FR","potentialAction":[{"@type":"ReadAction","target":["https:\/\/www.golfiskotland.com\/fr\/golfbaner-i-skotland\/st-andrews-i-skotland\/carnoustie-mesterskabsbane-i-skotland\/"]}]},{"@type":"ImageObject","inLanguage":"fr-FR","@id":"https:\/\/www.golfiskotland.com\/fr\/golfbaner-i-skotland\/st-andrews-i-skotland\/carnoustie-mesterskabsbane-i-skotland\/#primaryimage","url":"https:\/\/www.golfiskotland.com\/wp-content\/uploads\/2017\/05\/golf-skotland-carnoustie.jpg","contentUrl":"https:\/\/www.golfiskotland.com\/wp-content\/uploads\/2017\/05\/golf-skotland-carnoustie.jpg","width":2000,"height":1163,"caption":"golf i skotland carnoustie"},{"@type":"BreadcrumbList","@id":"https:\/\/www.golfiskotland.com\/fr\/golfbaner-i-skotland\/st-andrews-i-skotland\/carnoustie-mesterskabsbane-i-skotland\/#breadcrumb","itemListElement":[{"@type":"ListItem","position":1,"name":"Home","item":"https:\/\/www.golfiskotland.com\/fr\/"},{"@type":"ListItem","position":2,"name":"Golfbaner i Skotland","item":"https:\/\/www.golfiskotland.com\/fr\/golfbaner-i-skotland\/"},{"@type":"ListItem","position":3,"name":"St Andrews i Skotland","item":"https:\/\/www.golfiskotland.com\/fr\/golfbaner-i-skotland\/st-andrews-i-skotland\/"},{"@type":"ListItem","position":4,"name":"Carnoustie (Championship)"}]},{"@type":"WebSite","@id":"https:\/\/www.golfiskotland.com\/fr\/#website","url":"https:\/\/www.golfiskotland.com\/fr\/","name":"Golf Skotland","description":"Golf ferie i Skotland og i St Andrews","potentialAction":[{"@type":"SearchAction","target":{"@type":"EntryPoint","urlTemplate":"https:\/\/www.golfiskotland.com\/fr\/?s={search_term_string}"},"query-input":{"@type":"PropertyValueSpecification","valueRequired":true,"valueName":"search_term_string"}}],"inLanguage":"fr-FR"}]}},"_links":{"self":[{"href":"https:\/\/www.golfiskotland.com\/fr\/wp-json\/wp\/v2\/pages\/4833","targetHints":{"allow":["GET"]}}],"collection":[{"href":"https:\/\/www.golfiskotland.com\/fr\/wp-json\/wp\/v2\/pages"}],"about":[{"href":"https:\/\/www.golfiskotland.com\/fr\/wp-json\/wp\/v2\/types\/page"}],"author":[{"embeddable":true,"href":"https:\/\/www.golfiskotland.com\/fr\/wp-json\/wp\/v2\/users\/5"}],"replies":[{"embeddable":true,"href":"https:\/\/www.golfiskotland.com\/fr\/wp-json\/wp\/v2\/comments?post=4833"}],"version-history":[{"count":11,"href":"https:\/\/www.golfiskotland.com\/fr\/wp-json\/wp\/v2\/pages\/4833\/revisions"}],"predecessor-version":[{"id":6516,"href":"https:\/\/www.golfiskotland.com\/fr\/wp-json\/wp\/v2\/pages\/4833\/revisions\/6516"}],"up":[{"embeddable":true,"href":"https:\/\/www.golfiskotland.com\/fr\/wp-json\/wp\/v2\/pages\/5034"}],"wp:featuredmedia":[{"embeddable":true,"href":"https:\/\/www.golfiskotland.com\/fr\/wp-json\/wp\/v2\/media\/5080"}],"wp:attachment":[{"href":"https:\/\/www.golfiskotland.com\/fr\/wp-json\/wp\/v2\/media?parent=4833"}],"curies":[{"name":"wp","href":"https:\/\/api.w.org\/{rel}","templated":true}]}}