{"id":4877,"date":"2017-05-23T12:49:22","date_gmt":"2017-05-23T12:49:22","guid":{"rendered":"https:\/\/www.golfiskotland.com\/?page_id=4877\/"},"modified":"2017-06-20T15:36:10","modified_gmt":"2017-06-20T15:36:10","slug":"torrance","status":"publish","type":"page","link":"https:\/\/www.golfiskotland.com\/fr\/golfbaner-i-skotland\/st-andrews-i-skotland\/torrance\/","title":{"rendered":"Torrance"},"content":{"rendered":"<table class=\"mceItemTable\" style=\"width: 100%;\" border=\"0\">\n<tbody>\n<tr>\n<td class=\"mceSelected\"><strong>Vores rangering:<\/strong><\/td>\n<td class=\"mceSelected\"><img loading=\"lazy\" decoding=\"async\" class=\"alignleft size-full wp-image-5376\" src=\"https:\/\/www.golfiskotland.com\/wp-content\/uploads\/2017\/05\/star4.png\" alt=\"Golf Skotland 4 stjerner\" width=\"118\" height=\"30\" \/><\/td>\n<td class=\"mceSelected\" colspan=\"2\" rowspan=\"9\" align=\"center\" valign=\"top\" width=\"50%\">\n<p>&nbsp;<\/p>\n<p>\n <strong><img loading=\"lazy\" decoding=\"async\" class=\"size-medium wp-image-5055 aligncenter\" src=\"https:\/\/www.golfiskotland.com\/wp-content\/uploads\/2017\/05\/golf-i-skotlandTEST-213x300.png\" alt=\"\" width=\"213\" height=\"300\" srcset=\"https:\/\/www.golfiskotland.com\/wp-content\/uploads\/2017\/05\/golf-i-skotlandTEST-213x300.png 213w, https:\/\/www.golfiskotland.com\/wp-content\/uploads\/2017\/05\/golf-i-skotlandTEST.png 355w\" sizes=\"auto, (max-width: 213px) 100vw, 213px\" \/><br \/>\n <\/strong><\/p>\n<\/td>\n<\/tr>\n<tr>\n<td class=\"mceSelected\"><strong>Skotsk rangering:<\/strong><\/td>\n<td class=\"mceSelected\">41<\/td>\n<\/tr>\n<tr>\n<td class=\"mceSelected\" width=\"30%\"><strong>Arkitekt:<\/strong><\/td>\n<td class=\"mceSelected\" width=\"20%\">Sam Torrance &amp; Gene Sarazen<\/td>\n<\/tr>\n<tr>\n<td class=\"mceSelected\"><strong>Bygget:<\/strong><\/td>\n<td class=\"mceSelected\">2001<\/td>\n<\/tr>\n<tr>\n<td class=\"mceSelected\"><strong>Par:<\/strong><\/td>\n<td class=\"mceSelected\">72<\/td>\n<\/tr>\n<tr>\n<td class=\"mceSelected\"><strong>Afstand fra St Andrews:<\/strong><\/td>\n<td class=\"mceSelected\">8 km<\/td>\n<\/tr>\n<tr>\n<td class=\"mceSelected\"><strong>Afstand fra Edinburgh:<\/strong><\/td>\n<td class=\"mceSelected\">75 km<\/td>\n<\/tr>\n<tr>\n<td class=\"mceSelected\"><strong>Afstand fra \u00a0 Glasgow:<\/strong><\/td>\n<td class=\"mceSelected\">125 km<\/td>\n<\/tr>\n<tr>\n<td class=\"mceSelected\"><strong>Afstand fra Inverness:<\/strong><\/td>\n<td class=\"mceSelected\">230 km<\/td>\n<\/tr>\n<tr>\n<td class=\"mceSelected\" colspan=\"4\">\n<p>Denne bane er designet i 2001 af den tidligere Ryder Cup kaptajn og spiller Sam Torrance sammen med golf legenden Gene Sarazen.<br \/>\n Dette er en vidunderlig bane bygget p\u00e5 en klippeafsats og bakke og renoveret i 2008 for at forbedre dr\u00e6ning, med en fantastisk udsigt over byen St Andrews og Nords\u00f8en. Den var konstrueret med \u00ab\u00a0links golf\u00a0\u00bb i tankerne.<br \/>\n Torrance er en af de to golfbaner der er en del af det 5 stjerner Fairmont luksus hotel, beliggende lige udenfor St Andrews, golfens hjemby.<\/p>\n<\/td>\n<\/tr>\n<\/tbody>\n<\/table>\n<div class=\"one-third first\" style=\"text-align: center;\"><a class=\"button\" href=\"?p=49\">Golfrejser<\/a><\/div>\n<div class=\"one-third\" style=\"text-align: center;\"><a class=\"button\" title=\"Demande de devis\" href=\"?p=631\">F\u00e5 et gratis tilbud<\/a><\/div>\n<div class=\"one-third\" style=\"text-align: center;\"><a class=\"button\" title=\"Contactez-nous\" href=\"?p=59\">Kontakt<\/a><\/div>\n","protected":false},"excerpt":{"rendered":"<p>Vores rangering: &nbsp; Skotsk rangering: 41 Arkitekt: Sam Torrance &amp; Gene Sarazen Bygget: 2001 Par: 72 Afstand fra St Andrews: 8 km Afstand fra Edinburgh: 75 km Afstand fra \u00a0 Glasgow: 125 km Afstand fra Inverness: 230 km Denne bane er designet i 2001 af den tidligere Ryder Cup kaptajn og spiller Sam Torrance sammen [&hellip;]<\/p>\n","protected":false},"author":5,"featured_media":6537,"parent":5034,"menu_order":0,"comment_status":"closed","ping_status":"closed","template":"","meta":{"_genesis_hide_title":false,"_genesis_hide_breadcrumbs":false,"_genesis_hide_singular_image":false,"_genesis_hide_footer_widgets":false,"_genesis_custom_body_class":"","_genesis_custom_post_class":"","_genesis_layout":"","footnotes":""},"class_list":{"0":"post-4877","1":"page","2":"type-page","3":"status-publish","4":"has-post-thumbnail","6":"entry"},"yoast_head":"<!-- This site is optimized with the Yoast SEO plugin v27.4 - https:\/\/yoast.com\/product\/yoast-seo-wordpress\/ -->\n<title>Torrance i Skotland<\/title>\n<meta name=\"description\" content=\"Denne bane er designet i 2001 af den tidligere Ryder Cup kaptajn og spiller Sam Torrance sammen med golf legenden Gene Sarazen.\" \/>\n<meta name=\"robots\" content=\"index, follow, max-snippet:-1, max-image-preview:large, max-video-preview:-1\" \/>\n<link rel=\"canonical\" href=\"https:\/\/www.golfiskotland.com\/fr\/golfbaner-i-skotland\/st-andrews-i-skotland\/torrance\/\" \/>\n<meta property=\"og:locale\" content=\"fr_FR\" \/>\n<meta property=\"og:type\" content=\"article\" \/>\n<meta property=\"og:title\" content=\"Torrance i Skotland\" \/>\n<meta property=\"og:description\" content=\"Denne bane er designet i 2001 af den tidligere Ryder Cup kaptajn og spiller Sam Torrance sammen med golf legenden Gene Sarazen.\" \/>\n<meta property=\"og:url\" content=\"https:\/\/www.golfiskotland.com\/fr\/golfbaner-i-skotland\/st-andrews-i-skotland\/torrance\/\" \/>\n<meta property=\"og:site_name\" content=\"Golf Skotland\" \/>\n<meta property=\"article:modified_time\" content=\"2017-06-20T15:36:10+00:00\" \/>\n<meta property=\"og:image\" content=\"https:\/\/www.golfiskotland.com\/wp-content\/uploads\/2017\/05\/Torrance2-1015x1024.jpg\" \/>\n\t<meta property=\"og:image:width\" content=\"1015\" \/>\n\t<meta property=\"og:image:height\" content=\"1024\" \/>\n\t<meta property=\"og:image:type\" content=\"image\/jpeg\" \/>\n<meta name=\"twitter:card\" content=\"summary_large_image\" \/>\n<meta name=\"twitter:label1\" content=\"Dur\u00e9e de lecture estim\u00e9e\" \/>\n\t<meta name=\"twitter:data1\" content=\"1 minute\" \/>\n<script type=\"application\/ld+json\" class=\"yoast-schema-graph\">{\"@context\":\"https:\\\/\\\/schema.org\",\"@graph\":[{\"@type\":\"WebPage\",\"@id\":\"https:\\\/\\\/www.golfiskotland.com\\\/fr\\\/golfbaner-i-skotland\\\/st-andrews-i-skotland\\\/torrance\\\/\",\"url\":\"https:\\\/\\\/www.golfiskotland.com\\\/fr\\\/golfbaner-i-skotland\\\/st-andrews-i-skotland\\\/torrance\\\/\",\"name\":\"Torrance i Skotland\",\"isPartOf\":{\"@id\":\"https:\\\/\\\/www.golfiskotland.com\\\/fr\\\/#website\"},\"primaryImageOfPage\":{\"@id\":\"https:\\\/\\\/www.golfiskotland.com\\\/fr\\\/golfbaner-i-skotland\\\/st-andrews-i-skotland\\\/torrance\\\/#primaryimage\"},\"image\":{\"@id\":\"https:\\\/\\\/www.golfiskotland.com\\\/fr\\\/golfbaner-i-skotland\\\/st-andrews-i-skotland\\\/torrance\\\/#primaryimage\"},\"thumbnailUrl\":\"https:\\\/\\\/www.golfiskotland.com\\\/wp-content\\\/uploads\\\/2017\\\/05\\\/Torrance2.jpg\",\"datePublished\":\"2017-05-23T12:49:22+00:00\",\"dateModified\":\"2017-06-20T15:36:10+00:00\",\"description\":\"Denne bane er designet i 2001 af den tidligere Ryder Cup kaptajn og spiller Sam Torrance sammen med golf legenden Gene Sarazen.\",\"breadcrumb\":{\"@id\":\"https:\\\/\\\/www.golfiskotland.com\\\/fr\\\/golfbaner-i-skotland\\\/st-andrews-i-skotland\\\/torrance\\\/#breadcrumb\"},\"inLanguage\":\"fr-FR\",\"potentialAction\":[{\"@type\":\"ReadAction\",\"target\":[\"https:\\\/\\\/www.golfiskotland.com\\\/fr\\\/golfbaner-i-skotland\\\/st-andrews-i-skotland\\\/torrance\\\/\"]}]},{\"@type\":\"ImageObject\",\"inLanguage\":\"fr-FR\",\"@id\":\"https:\\\/\\\/www.golfiskotland.com\\\/fr\\\/golfbaner-i-skotland\\\/st-andrews-i-skotland\\\/torrance\\\/#primaryimage\",\"url\":\"https:\\\/\\\/www.golfiskotland.com\\\/wp-content\\\/uploads\\\/2017\\\/05\\\/Torrance2.jpg\",\"contentUrl\":\"https:\\\/\\\/www.golfiskotland.com\\\/wp-content\\\/uploads\\\/2017\\\/05\\\/Torrance2.jpg\",\"width\":4199,\"height\":4238,\"caption\":\"Torrance-skotland\"},{\"@type\":\"BreadcrumbList\",\"@id\":\"https:\\\/\\\/www.golfiskotland.com\\\/fr\\\/golfbaner-i-skotland\\\/st-andrews-i-skotland\\\/torrance\\\/#breadcrumb\",\"itemListElement\":[{\"@type\":\"ListItem\",\"position\":1,\"name\":\"Home\",\"item\":\"https:\\\/\\\/www.golfiskotland.com\\\/fr\\\/\"},{\"@type\":\"ListItem\",\"position\":2,\"name\":\"Golfbaner i Skotland\",\"item\":\"https:\\\/\\\/www.golfiskotland.com\\\/fr\\\/golfbaner-i-skotland\\\/\"},{\"@type\":\"ListItem\",\"position\":3,\"name\":\"St Andrews i Skotland\",\"item\":\"https:\\\/\\\/www.golfiskotland.com\\\/fr\\\/golfbaner-i-skotland\\\/st-andrews-i-skotland\\\/\"},{\"@type\":\"ListItem\",\"position\":4,\"name\":\"Torrance\"}]},{\"@type\":\"WebSite\",\"@id\":\"https:\\\/\\\/www.golfiskotland.com\\\/fr\\\/#website\",\"url\":\"https:\\\/\\\/www.golfiskotland.com\\\/fr\\\/\",\"name\":\"Golf Skotland\",\"description\":\"Golf ferie i Skotland og i St Andrews\",\"potentialAction\":[{\"@type\":\"SearchAction\",\"target\":{\"@type\":\"EntryPoint\",\"urlTemplate\":\"https:\\\/\\\/www.golfiskotland.com\\\/fr\\\/?s={search_term_string}\"},\"query-input\":{\"@type\":\"PropertyValueSpecification\",\"valueRequired\":true,\"valueName\":\"search_term_string\"}}],\"inLanguage\":\"fr-FR\"}]}<\/script>\n<!-- \/ Yoast SEO plugin. -->","yoast_head_json":{"title":"Torrance i Skotland","description":"Denne bane er designet i 2001 af den tidligere Ryder Cup kaptajn og spiller Sam Torrance sammen med golf legenden Gene Sarazen.","robots":{"index":"index","follow":"follow","max-snippet":"max-snippet:-1","max-image-preview":"max-image-preview:large","max-video-preview":"max-video-preview:-1"},"canonical":"https:\/\/www.golfiskotland.com\/fr\/golfbaner-i-skotland\/st-andrews-i-skotland\/torrance\/","og_locale":"fr_FR","og_type":"article","og_title":"Torrance i Skotland","og_description":"Denne bane er designet i 2001 af den tidligere Ryder Cup kaptajn og spiller Sam Torrance sammen med golf legenden Gene Sarazen.","og_url":"https:\/\/www.golfiskotland.com\/fr\/golfbaner-i-skotland\/st-andrews-i-skotland\/torrance\/","og_site_name":"Golf Skotland","article_modified_time":"2017-06-20T15:36:10+00:00","og_image":[{"width":1015,"height":1024,"url":"https:\/\/www.golfiskotland.com\/wp-content\/uploads\/2017\/05\/Torrance2-1015x1024.jpg","type":"image\/jpeg"}],"twitter_card":"summary_large_image","twitter_misc":{"Dur\u00e9e de lecture estim\u00e9e":"1 minute"},"schema":{"@context":"https:\/\/schema.org","@graph":[{"@type":"WebPage","@id":"https:\/\/www.golfiskotland.com\/fr\/golfbaner-i-skotland\/st-andrews-i-skotland\/torrance\/","url":"https:\/\/www.golfiskotland.com\/fr\/golfbaner-i-skotland\/st-andrews-i-skotland\/torrance\/","name":"Torrance i Skotland","isPartOf":{"@id":"https:\/\/www.golfiskotland.com\/fr\/#website"},"primaryImageOfPage":{"@id":"https:\/\/www.golfiskotland.com\/fr\/golfbaner-i-skotland\/st-andrews-i-skotland\/torrance\/#primaryimage"},"image":{"@id":"https:\/\/www.golfiskotland.com\/fr\/golfbaner-i-skotland\/st-andrews-i-skotland\/torrance\/#primaryimage"},"thumbnailUrl":"https:\/\/www.golfiskotland.com\/wp-content\/uploads\/2017\/05\/Torrance2.jpg","datePublished":"2017-05-23T12:49:22+00:00","dateModified":"2017-06-20T15:36:10+00:00","description":"Denne bane er designet i 2001 af den tidligere Ryder Cup kaptajn og spiller Sam Torrance sammen med golf legenden Gene Sarazen.","breadcrumb":{"@id":"https:\/\/www.golfiskotland.com\/fr\/golfbaner-i-skotland\/st-andrews-i-skotland\/torrance\/#breadcrumb"},"inLanguage":"fr-FR","potentialAction":[{"@type":"ReadAction","target":["https:\/\/www.golfiskotland.com\/fr\/golfbaner-i-skotland\/st-andrews-i-skotland\/torrance\/"]}]},{"@type":"ImageObject","inLanguage":"fr-FR","@id":"https:\/\/www.golfiskotland.com\/fr\/golfbaner-i-skotland\/st-andrews-i-skotland\/torrance\/#primaryimage","url":"https:\/\/www.golfiskotland.com\/wp-content\/uploads\/2017\/05\/Torrance2.jpg","contentUrl":"https:\/\/www.golfiskotland.com\/wp-content\/uploads\/2017\/05\/Torrance2.jpg","width":4199,"height":4238,"caption":"Torrance-skotland"},{"@type":"BreadcrumbList","@id":"https:\/\/www.golfiskotland.com\/fr\/golfbaner-i-skotland\/st-andrews-i-skotland\/torrance\/#breadcrumb","itemListElement":[{"@type":"ListItem","position":1,"name":"Home","item":"https:\/\/www.golfiskotland.com\/fr\/"},{"@type":"ListItem","position":2,"name":"Golfbaner i Skotland","item":"https:\/\/www.golfiskotland.com\/fr\/golfbaner-i-skotland\/"},{"@type":"ListItem","position":3,"name":"St Andrews i Skotland","item":"https:\/\/www.golfiskotland.com\/fr\/golfbaner-i-skotland\/st-andrews-i-skotland\/"},{"@type":"ListItem","position":4,"name":"Torrance"}]},{"@type":"WebSite","@id":"https:\/\/www.golfiskotland.com\/fr\/#website","url":"https:\/\/www.golfiskotland.com\/fr\/","name":"Golf Skotland","description":"Golf ferie i Skotland og i St Andrews","potentialAction":[{"@type":"SearchAction","target":{"@type":"EntryPoint","urlTemplate":"https:\/\/www.golfiskotland.com\/fr\/?s={search_term_string}"},"query-input":{"@type":"PropertyValueSpecification","valueRequired":true,"valueName":"search_term_string"}}],"inLanguage":"fr-FR"}]}},"_links":{"self":[{"href":"https:\/\/www.golfiskotland.com\/fr\/wp-json\/wp\/v2\/pages\/4877","targetHints":{"allow":["GET"]}}],"collection":[{"href":"https:\/\/www.golfiskotland.com\/fr\/wp-json\/wp\/v2\/pages"}],"about":[{"href":"https:\/\/www.golfiskotland.com\/fr\/wp-json\/wp\/v2\/types\/page"}],"author":[{"embeddable":true,"href":"https:\/\/www.golfiskotland.com\/fr\/wp-json\/wp\/v2\/users\/5"}],"replies":[{"embeddable":true,"href":"https:\/\/www.golfiskotland.com\/fr\/wp-json\/wp\/v2\/comments?post=4877"}],"version-history":[{"count":7,"href":"https:\/\/www.golfiskotland.com\/fr\/wp-json\/wp\/v2\/pages\/4877\/revisions"}],"predecessor-version":[{"id":6542,"href":"https:\/\/www.golfiskotland.com\/fr\/wp-json\/wp\/v2\/pages\/4877\/revisions\/6542"}],"up":[{"embeddable":true,"href":"https:\/\/www.golfiskotland.com\/fr\/wp-json\/wp\/v2\/pages\/5034"}],"wp:featuredmedia":[{"embeddable":true,"href":"https:\/\/www.golfiskotland.com\/fr\/wp-json\/wp\/v2\/media\/6537"}],"wp:attachment":[{"href":"https:\/\/www.golfiskotland.com\/fr\/wp-json\/wp\/v2\/media?parent=4877"}],"curies":[{"name":"wp","href":"https:\/\/api.w.org\/{rel}","templated":true}]}}