{"id":4894,"date":"2017-05-23T13:12:22","date_gmt":"2017-05-23T13:12:22","guid":{"rendered":"https:\/\/www.golfiskotland.com\/?page_id=4894\/"},"modified":"2017-05-25T14:52:25","modified_gmt":"2017-05-25T14:52:25","slug":"carnoustie-burnside","status":"publish","type":"page","link":"https:\/\/www.golfiskotland.com\/fr\/golfbaner-i-skotland\/st-andrews-i-skotland\/carnoustie-burnside\/","title":{"rendered":"Carnoustie (Burnside)"},"content":{"rendered":"<table class=\"mceItemTable\" style=\"width: 100%;\" border=\"0\">\n<tbody>\n<tr>\n<td><strong>Vores rangering:<\/strong><\/td>\n<td><img loading=\"lazy\" decoding=\"async\" class=\"size-full wp-image-5376 alignleft\" src=\"https:\/\/www.golfiskotland.com\/wp-content\/uploads\/2017\/05\/star4.png\" alt=\"Golf Skotland 4 stjerner\" width=\"118\" height=\"30\" \/><\/td>\n<td colspan=\"2\" rowspan=\"9\" align=\"center\" valign=\"top\" width=\"50%\">\n<p>&nbsp;<\/p>\n<p>\n <strong><img loading=\"lazy\" decoding=\"async\" class=\"size-medium wp-image-5055 aligncenter\" src=\"https:\/\/www.golfiskotland.com\/wp-content\/uploads\/2017\/05\/golf-i-skotlandTEST-213x300.png\" alt=\"\" width=\"213\" height=\"300\" srcset=\"https:\/\/www.golfiskotland.com\/wp-content\/uploads\/2017\/05\/golf-i-skotlandTEST-213x300.png 213w, https:\/\/www.golfiskotland.com\/wp-content\/uploads\/2017\/05\/golf-i-skotlandTEST.png 355w\" sizes=\"auto, (max-width: 213px) 100vw, 213px\" \/><br \/>\n <\/strong><\/p>\n<\/td>\n<\/tr>\n<tr>\n<td><strong>Skotsk rangering:<\/strong><\/td>\n<td>91<\/td>\n<\/tr>\n<tr>\n<td width=\"30%\"><strong>Arkitekt:<\/strong><\/td>\n<td width=\"20%\">Unknown<\/td>\n<\/tr>\n<tr>\n<td><strong>Bygget:<\/strong><\/td>\n<td>1914<\/td>\n<\/tr>\n<tr>\n<td><strong>Par:<\/strong><\/td>\n<td>68<\/td>\n<\/tr>\n<tr>\n<td><strong>Afstand fra\u00a0\u00a0\u00a0\u00a0\u00a0\u00a0\u00a0\u00a0\u00a0\u00a0\u00a0\u00a0\u00a0\u00a0 St Andrews:<\/strong><\/td>\n<td>40 km<\/td>\n<\/tr>\n<tr>\n<td><strong>Afstand fra<\/strong><strong> Edinburgh:<\/strong><\/td>\n<td>115 km<\/td>\n<\/tr>\n<tr>\n<td><strong>Afstand fra<\/strong><strong> Glasgow:<\/strong><\/td>\n<td>165 km<\/td>\n<\/tr>\n<tr>\n<td><strong>Afstand fra<\/strong><strong> Inverness:<\/strong><\/td>\n<td>250 km<\/td>\n<\/tr>\n<tr>\n<td colspan=\"4\">\n<p>Denne bane i Carnoustie er en del kortere end dens prestigefyldte \u00e6ldre bror, men har nok problemer og udfordringer til at man skal holde hovedet koldt hele tiden. Nogle mennesker vil finde Burnside sjovere p\u00e5 grund af de mange tr\u00e6er p\u00e5 de fleste af hullerne. Det er en god varm-up bane f\u00f8r Championship Course.<\/p>\n<\/td>\n<\/tr>\n<\/tbody>\n<\/table>\n<div class=\"one-third first\" style=\"text-align: center;\"><a class=\"button\" href=\"?p=49\">Golfrejser<\/a><\/div>\n<div class=\"one-third\" style=\"text-align: center;\"><a class=\"button\" title=\"Demande de devis\" href=\"?p=631\">F\u00e5 et gratis tilbud<\/a><\/div>\n<div class=\"one-third\" style=\"text-align: center;\"><a class=\"button\" title=\"Contactez-nous\" href=\"?p=59\">Kontakt<\/a><\/div>\n","protected":false},"excerpt":{"rendered":"<p>Vores rangering: &nbsp; Skotsk rangering: 91 Arkitekt: Unknown Bygget: 1914 Par: 68 Afstand fra\u00a0\u00a0\u00a0\u00a0\u00a0\u00a0\u00a0\u00a0\u00a0\u00a0\u00a0\u00a0\u00a0\u00a0 St Andrews: 40 km Afstand fra Edinburgh: 115 km Afstand fra Glasgow: 165 km Afstand fra Inverness: 250 km Denne bane i Carnoustie er en del kortere end dens prestigefyldte \u00e6ldre bror, men har nok problemer og udfordringer til at man [&hellip;]<\/p>\n","protected":false},"author":5,"featured_media":5390,"parent":5034,"menu_order":0,"comment_status":"closed","ping_status":"closed","template":"","meta":{"_genesis_hide_title":false,"_genesis_hide_breadcrumbs":false,"_genesis_hide_singular_image":false,"_genesis_hide_footer_widgets":false,"_genesis_custom_body_class":"","_genesis_custom_post_class":"","_genesis_layout":"","footnotes":""},"class_list":{"0":"post-4894","1":"page","2":"type-page","3":"status-publish","4":"has-post-thumbnail","6":"entry"},"yoast_head":"<!-- This site is optimized with the Yoast SEO plugin v27.4 - https:\/\/yoast.com\/product\/yoast-seo-wordpress\/ -->\n<title>Carnoustie (Burnside) - Golf i Skotland<\/title>\n<meta name=\"description\" content=\"Denne bane i Carnoustie er en del kortere end dens prestigefyldte \u00e6ldre bror, men har nok udfordringer til at man skal holde hovedet koldt hele tiden.\" \/>\n<meta name=\"robots\" content=\"index, follow, max-snippet:-1, max-image-preview:large, max-video-preview:-1\" \/>\n<link rel=\"canonical\" href=\"https:\/\/www.golfiskotland.com\/fr\/golfbaner-i-skotland\/st-andrews-i-skotland\/carnoustie-burnside\/\" \/>\n<meta property=\"og:locale\" content=\"fr_FR\" \/>\n<meta property=\"og:type\" content=\"article\" \/>\n<meta property=\"og:title\" content=\"Carnoustie (Burnside) - Golf i Skotland\" \/>\n<meta property=\"og:description\" content=\"Denne bane i Carnoustie er en del kortere end dens prestigefyldte \u00e6ldre bror, men har nok udfordringer til at man skal holde hovedet koldt hele tiden.\" \/>\n<meta property=\"og:url\" content=\"https:\/\/www.golfiskotland.com\/fr\/golfbaner-i-skotland\/st-andrews-i-skotland\/carnoustie-burnside\/\" \/>\n<meta property=\"og:site_name\" content=\"Golf Skotland\" \/>\n<meta property=\"article:modified_time\" content=\"2017-05-25T14:52:25+00:00\" \/>\n<meta property=\"og:image\" content=\"https:\/\/www.golfiskotland.com\/wp-content\/uploads\/2017\/05\/Golf-Skotland-Burnside-1024x768.jpg\" \/>\n\t<meta property=\"og:image:width\" content=\"1024\" \/>\n\t<meta property=\"og:image:height\" content=\"768\" \/>\n\t<meta property=\"og:image:type\" content=\"image\/jpeg\" \/>\n<meta name=\"twitter:card\" content=\"summary_large_image\" \/>\n<script type=\"application\/ld+json\" class=\"yoast-schema-graph\">{\"@context\":\"https:\\\/\\\/schema.org\",\"@graph\":[{\"@type\":\"WebPage\",\"@id\":\"https:\\\/\\\/www.golfiskotland.com\\\/fr\\\/golfbaner-i-skotland\\\/st-andrews-i-skotland\\\/carnoustie-burnside\\\/\",\"url\":\"https:\\\/\\\/www.golfiskotland.com\\\/fr\\\/golfbaner-i-skotland\\\/st-andrews-i-skotland\\\/carnoustie-burnside\\\/\",\"name\":\"Carnoustie (Burnside) - Golf i Skotland\",\"isPartOf\":{\"@id\":\"https:\\\/\\\/www.golfiskotland.com\\\/fr\\\/#website\"},\"primaryImageOfPage\":{\"@id\":\"https:\\\/\\\/www.golfiskotland.com\\\/fr\\\/golfbaner-i-skotland\\\/st-andrews-i-skotland\\\/carnoustie-burnside\\\/#primaryimage\"},\"image\":{\"@id\":\"https:\\\/\\\/www.golfiskotland.com\\\/fr\\\/golfbaner-i-skotland\\\/st-andrews-i-skotland\\\/carnoustie-burnside\\\/#primaryimage\"},\"thumbnailUrl\":\"https:\\\/\\\/www.golfiskotland.com\\\/wp-content\\\/uploads\\\/2017\\\/05\\\/Golf-Skotland-Burnside.jpg\",\"datePublished\":\"2017-05-23T13:12:22+00:00\",\"dateModified\":\"2017-05-25T14:52:25+00:00\",\"description\":\"Denne bane i Carnoustie er en del kortere end dens prestigefyldte \u00e6ldre bror, men har nok udfordringer til at man skal holde hovedet koldt hele tiden.\",\"breadcrumb\":{\"@id\":\"https:\\\/\\\/www.golfiskotland.com\\\/fr\\\/golfbaner-i-skotland\\\/st-andrews-i-skotland\\\/carnoustie-burnside\\\/#breadcrumb\"},\"inLanguage\":\"fr-FR\",\"potentialAction\":[{\"@type\":\"ReadAction\",\"target\":[\"https:\\\/\\\/www.golfiskotland.com\\\/fr\\\/golfbaner-i-skotland\\\/st-andrews-i-skotland\\\/carnoustie-burnside\\\/\"]}]},{\"@type\":\"ImageObject\",\"inLanguage\":\"fr-FR\",\"@id\":\"https:\\\/\\\/www.golfiskotland.com\\\/fr\\\/golfbaner-i-skotland\\\/st-andrews-i-skotland\\\/carnoustie-burnside\\\/#primaryimage\",\"url\":\"https:\\\/\\\/www.golfiskotland.com\\\/wp-content\\\/uploads\\\/2017\\\/05\\\/Golf-Skotland-Burnside.jpg\",\"contentUrl\":\"https:\\\/\\\/www.golfiskotland.com\\\/wp-content\\\/uploads\\\/2017\\\/05\\\/Golf-Skotland-Burnside.jpg\",\"width\":4288,\"height\":3216,\"caption\":\"Golf Skotland Carnoustie Burnside\"},{\"@type\":\"BreadcrumbList\",\"@id\":\"https:\\\/\\\/www.golfiskotland.com\\\/fr\\\/golfbaner-i-skotland\\\/st-andrews-i-skotland\\\/carnoustie-burnside\\\/#breadcrumb\",\"itemListElement\":[{\"@type\":\"ListItem\",\"position\":1,\"name\":\"Home\",\"item\":\"https:\\\/\\\/www.golfiskotland.com\\\/fr\\\/\"},{\"@type\":\"ListItem\",\"position\":2,\"name\":\"Golfbaner i Skotland\",\"item\":\"https:\\\/\\\/www.golfiskotland.com\\\/fr\\\/golfbaner-i-skotland\\\/\"},{\"@type\":\"ListItem\",\"position\":3,\"name\":\"St Andrews i Skotland\",\"item\":\"https:\\\/\\\/www.golfiskotland.com\\\/fr\\\/golfbaner-i-skotland\\\/st-andrews-i-skotland\\\/\"},{\"@type\":\"ListItem\",\"position\":4,\"name\":\"Carnoustie (Burnside)\"}]},{\"@type\":\"WebSite\",\"@id\":\"https:\\\/\\\/www.golfiskotland.com\\\/fr\\\/#website\",\"url\":\"https:\\\/\\\/www.golfiskotland.com\\\/fr\\\/\",\"name\":\"Golf Skotland\",\"description\":\"Golf ferie i Skotland og i St Andrews\",\"potentialAction\":[{\"@type\":\"SearchAction\",\"target\":{\"@type\":\"EntryPoint\",\"urlTemplate\":\"https:\\\/\\\/www.golfiskotland.com\\\/fr\\\/?s={search_term_string}\"},\"query-input\":{\"@type\":\"PropertyValueSpecification\",\"valueRequired\":true,\"valueName\":\"search_term_string\"}}],\"inLanguage\":\"fr-FR\"}]}<\/script>\n<!-- \/ Yoast SEO plugin. -->","yoast_head_json":{"title":"Carnoustie (Burnside) - Golf i Skotland","description":"Denne bane i Carnoustie er en del kortere end dens prestigefyldte \u00e6ldre bror, men har nok udfordringer til at man skal holde hovedet koldt hele tiden.","robots":{"index":"index","follow":"follow","max-snippet":"max-snippet:-1","max-image-preview":"max-image-preview:large","max-video-preview":"max-video-preview:-1"},"canonical":"https:\/\/www.golfiskotland.com\/fr\/golfbaner-i-skotland\/st-andrews-i-skotland\/carnoustie-burnside\/","og_locale":"fr_FR","og_type":"article","og_title":"Carnoustie (Burnside) - Golf i Skotland","og_description":"Denne bane i Carnoustie er en del kortere end dens prestigefyldte \u00e6ldre bror, men har nok udfordringer til at man skal holde hovedet koldt hele tiden.","og_url":"https:\/\/www.golfiskotland.com\/fr\/golfbaner-i-skotland\/st-andrews-i-skotland\/carnoustie-burnside\/","og_site_name":"Golf Skotland","article_modified_time":"2017-05-25T14:52:25+00:00","og_image":[{"width":1024,"height":768,"url":"https:\/\/www.golfiskotland.com\/wp-content\/uploads\/2017\/05\/Golf-Skotland-Burnside-1024x768.jpg","type":"image\/jpeg"}],"twitter_card":"summary_large_image","schema":{"@context":"https:\/\/schema.org","@graph":[{"@type":"WebPage","@id":"https:\/\/www.golfiskotland.com\/fr\/golfbaner-i-skotland\/st-andrews-i-skotland\/carnoustie-burnside\/","url":"https:\/\/www.golfiskotland.com\/fr\/golfbaner-i-skotland\/st-andrews-i-skotland\/carnoustie-burnside\/","name":"Carnoustie (Burnside) - Golf i Skotland","isPartOf":{"@id":"https:\/\/www.golfiskotland.com\/fr\/#website"},"primaryImageOfPage":{"@id":"https:\/\/www.golfiskotland.com\/fr\/golfbaner-i-skotland\/st-andrews-i-skotland\/carnoustie-burnside\/#primaryimage"},"image":{"@id":"https:\/\/www.golfiskotland.com\/fr\/golfbaner-i-skotland\/st-andrews-i-skotland\/carnoustie-burnside\/#primaryimage"},"thumbnailUrl":"https:\/\/www.golfiskotland.com\/wp-content\/uploads\/2017\/05\/Golf-Skotland-Burnside.jpg","datePublished":"2017-05-23T13:12:22+00:00","dateModified":"2017-05-25T14:52:25+00:00","description":"Denne bane i Carnoustie er en del kortere end dens prestigefyldte \u00e6ldre bror, men har nok udfordringer til at man skal holde hovedet koldt hele tiden.","breadcrumb":{"@id":"https:\/\/www.golfiskotland.com\/fr\/golfbaner-i-skotland\/st-andrews-i-skotland\/carnoustie-burnside\/#breadcrumb"},"inLanguage":"fr-FR","potentialAction":[{"@type":"ReadAction","target":["https:\/\/www.golfiskotland.com\/fr\/golfbaner-i-skotland\/st-andrews-i-skotland\/carnoustie-burnside\/"]}]},{"@type":"ImageObject","inLanguage":"fr-FR","@id":"https:\/\/www.golfiskotland.com\/fr\/golfbaner-i-skotland\/st-andrews-i-skotland\/carnoustie-burnside\/#primaryimage","url":"https:\/\/www.golfiskotland.com\/wp-content\/uploads\/2017\/05\/Golf-Skotland-Burnside.jpg","contentUrl":"https:\/\/www.golfiskotland.com\/wp-content\/uploads\/2017\/05\/Golf-Skotland-Burnside.jpg","width":4288,"height":3216,"caption":"Golf Skotland Carnoustie Burnside"},{"@type":"BreadcrumbList","@id":"https:\/\/www.golfiskotland.com\/fr\/golfbaner-i-skotland\/st-andrews-i-skotland\/carnoustie-burnside\/#breadcrumb","itemListElement":[{"@type":"ListItem","position":1,"name":"Home","item":"https:\/\/www.golfiskotland.com\/fr\/"},{"@type":"ListItem","position":2,"name":"Golfbaner i Skotland","item":"https:\/\/www.golfiskotland.com\/fr\/golfbaner-i-skotland\/"},{"@type":"ListItem","position":3,"name":"St Andrews i Skotland","item":"https:\/\/www.golfiskotland.com\/fr\/golfbaner-i-skotland\/st-andrews-i-skotland\/"},{"@type":"ListItem","position":4,"name":"Carnoustie (Burnside)"}]},{"@type":"WebSite","@id":"https:\/\/www.golfiskotland.com\/fr\/#website","url":"https:\/\/www.golfiskotland.com\/fr\/","name":"Golf Skotland","description":"Golf ferie i Skotland og i St Andrews","potentialAction":[{"@type":"SearchAction","target":{"@type":"EntryPoint","urlTemplate":"https:\/\/www.golfiskotland.com\/fr\/?s={search_term_string}"},"query-input":{"@type":"PropertyValueSpecification","valueRequired":true,"valueName":"search_term_string"}}],"inLanguage":"fr-FR"}]}},"_links":{"self":[{"href":"https:\/\/www.golfiskotland.com\/fr\/wp-json\/wp\/v2\/pages\/4894","targetHints":{"allow":["GET"]}}],"collection":[{"href":"https:\/\/www.golfiskotland.com\/fr\/wp-json\/wp\/v2\/pages"}],"about":[{"href":"https:\/\/www.golfiskotland.com\/fr\/wp-json\/wp\/v2\/types\/page"}],"author":[{"embeddable":true,"href":"https:\/\/www.golfiskotland.com\/fr\/wp-json\/wp\/v2\/users\/5"}],"replies":[{"embeddable":true,"href":"https:\/\/www.golfiskotland.com\/fr\/wp-json\/wp\/v2\/comments?post=4894"}],"version-history":[{"count":7,"href":"https:\/\/www.golfiskotland.com\/fr\/wp-json\/wp\/v2\/pages\/4894\/revisions"}],"predecessor-version":[{"id":5447,"href":"https:\/\/www.golfiskotland.com\/fr\/wp-json\/wp\/v2\/pages\/4894\/revisions\/5447"}],"up":[{"embeddable":true,"href":"https:\/\/www.golfiskotland.com\/fr\/wp-json\/wp\/v2\/pages\/5034"}],"wp:featuredmedia":[{"embeddable":true,"href":"https:\/\/www.golfiskotland.com\/fr\/wp-json\/wp\/v2\/media\/5390"}],"wp:attachment":[{"href":"https:\/\/www.golfiskotland.com\/fr\/wp-json\/wp\/v2\/media?parent=4894"}],"curies":[{"name":"wp","href":"https:\/\/api.w.org\/{rel}","templated":true}]}}