{"id":4901,"date":"2017-05-23T13:46:59","date_gmt":"2017-05-23T13:46:59","guid":{"rendered":"https:\/\/www.golfiskotland.com\/?page_id=4901\/"},"modified":"2017-05-25T14:57:05","modified_gmt":"2017-05-25T14:57:05","slug":"royal-dornoch","status":"publish","type":"page","link":"https:\/\/www.golfiskotland.com\/fr\/golfbaner-i-skotland\/5036-2\/royal-dornoch\/","title":{"rendered":"Royal Dornoch"},"content":{"rendered":"<table class=\"mceItemTable\" style=\"width: 100%;\" border=\"0\">\n<tbody>\n<tr style=\"height: 24px;\">\n<td class=\"mceSelected\" style=\"height: 24px;\"><strong>Vores rangering:<\/strong><\/td>\n<td class=\"mceSelected\" style=\"height: 24px;\"><img loading=\"lazy\" decoding=\"async\" class=\"alignleft size-full wp-image-5378\" src=\"https:\/\/www.golfiskotland.com\/wp-content\/uploads\/2017\/05\/star5.png\" alt=\"Golf Skotland 5 stjerner\" width=\"147\" height=\"30\" \/><\/td>\n<td class=\"mceSelected\" style=\"height: 336px;\" colspan=\"2\" rowspan=\"10\" align=\"center\" valign=\"top\" width=\"50%\">\n<p>&nbsp;<\/p>\n<p>\n <strong><img loading=\"lazy\" decoding=\"async\" class=\"size-medium wp-image-5055 aligncenter\" src=\"https:\/\/www.golfiskotland.com\/wp-content\/uploads\/2017\/05\/golf-i-skotlandTEST-213x300.png\" alt=\"\" width=\"213\" height=\"300\" srcset=\"https:\/\/www.golfiskotland.com\/wp-content\/uploads\/2017\/05\/golf-i-skotlandTEST-213x300.png 213w, https:\/\/www.golfiskotland.com\/wp-content\/uploads\/2017\/05\/golf-i-skotlandTEST.png 355w\" sizes=\"auto, (max-width: 213px) 100vw, 213px\" \/><br \/>\n <\/strong><\/p>\n<\/td>\n<\/tr>\n<tr style=\"height: 24px;\">\n<td class=\"mceSelected\" style=\"height: 24px;\"><strong>Verdens rangering:<\/strong><\/td>\n<td class=\"mceSelected\" style=\"height: 24px;\">16<\/td>\n<\/tr>\n<tr style=\"height: 24px;\">\n<td class=\"mceSelected\" style=\"height: 24px;\"><strong>Skotsk rangering:<\/strong><\/td>\n<td class=\"mceSelected\" style=\"height: 24px;\">3<\/td>\n<\/tr>\n<tr style=\"height: 48px;\">\n<td class=\"mceSelected\" style=\"height: 48px;\" width=\"30%\"><strong>Arkitekt:<\/strong><\/td>\n<td class=\"mceSelected\" style=\"height: 48px;\" width=\"20%\">Old Tom Morris &amp; John H Taylor<\/td>\n<\/tr>\n<tr style=\"height: 24px;\">\n<td class=\"mceSelected\" style=\"height: 24px;\"><strong>Bygget:<\/strong><\/td>\n<td class=\"mceSelected\" style=\"height: 24px;\">1877<\/td>\n<\/tr>\n<tr style=\"height: 24px;\">\n<td class=\"mceSelected\" style=\"height: 24px;\"><strong>Par:<\/strong><\/td>\n<td class=\"mceSelected\" style=\"height: 24px;\">70<\/td>\n<\/tr>\n<tr style=\"height: 48px;\">\n<td class=\"mceSelected\" style=\"height: 48px;\"><strong>Afstand fra St Andrews:<\/strong><\/td>\n<td class=\"mceSelected\" style=\"height: 48px;\">310 km<\/td>\n<\/tr>\n<tr style=\"height: 48px;\">\n<td class=\"mceSelected\" style=\"height: 48px;\"><strong>Afstand fra Edinburgh:<\/strong><\/td>\n<td class=\"mceSelected\" style=\"height: 48px;\">315 km<\/td>\n<\/tr>\n<tr style=\"height: 24px;\">\n<td class=\"mceSelected\" style=\"height: 24px;\"><strong>Afstand fra \u00a0 Glasgow:<\/strong><\/td>\n<td class=\"mceSelected\" style=\"height: 24px;\">355 km<\/td>\n<\/tr>\n<tr style=\"height: 48px;\">\n<td class=\"mceSelected\" style=\"height: 48px;\"><strong>Afstand fra Inverness:<\/strong><\/td>\n<td class=\"mceSelected\" style=\"height: 48px;\">85 km<\/td>\n<\/tr>\n<tr style=\"height: 176px;\">\n<td class=\"mceSelected\" style=\"height: 176px;\" colspan=\"4\">\n<p>Dornoch blev anlagt i 1877 og har v\u00e6ret en \u00ab\u00a0konge\u00a0\u00bb klub for over 100 \u00e5r! Denne verdensomsp\u00e6ndende ber\u00f8mte links, er uden tvivl i top 20 af de bedste golfbaner i verden. Den afsides beliggenhed med banens storsl\u00e5ede og enest\u00e5ende udsigt over havet spiller helt sikkert en stor rolle for placeringen. Banen er lidt over 6.500 yards og st\u00e5 som et flag-skib for denne vidunderlige region. Ogs\u00e5 den smukke landsby Dornoch er et bes\u00f8g v\u00e6rd.<\/p>\n<\/td>\n<\/tr>\n<\/tbody>\n<\/table>\n<div class=\"one-third first\" style=\"text-align: center;\"><a class=\"button\" href=\"?p=49\">Golfrejser<\/a><\/div>\n<div class=\"one-third\" style=\"text-align: center;\"><a class=\"button\" title=\"Demande de devis\" href=\"?p=631\">F\u00e5 et gratis tilbud<\/a><\/div>\n<div class=\"one-third\" style=\"text-align: center;\"><a class=\"button\" title=\"Contactez-nous\" href=\"?p=59\">Kontakt<\/a><\/div>\n","protected":false},"excerpt":{"rendered":"<p>Vores rangering: &nbsp; Verdens rangering: 16 Skotsk rangering: 3 Arkitekt: Old Tom Morris &amp; John H Taylor Bygget: 1877 Par: 70 Afstand fra St Andrews: 310 km Afstand fra Edinburgh: 315 km Afstand fra \u00a0 Glasgow: 355 km Afstand fra Inverness: 85 km Dornoch blev anlagt i 1877 og har v\u00e6ret en \u00ab\u00a0konge\u00a0\u00bb klub for [&hellip;]<\/p>\n","protected":false},"author":5,"featured_media":5143,"parent":5036,"menu_order":0,"comment_status":"closed","ping_status":"closed","template":"","meta":{"_genesis_hide_title":false,"_genesis_hide_breadcrumbs":false,"_genesis_hide_singular_image":false,"_genesis_hide_footer_widgets":false,"_genesis_custom_body_class":"","_genesis_custom_post_class":"","_genesis_layout":"","footnotes":""},"class_list":{"0":"post-4901","1":"page","2":"type-page","3":"status-publish","4":"has-post-thumbnail","6":"entry"},"yoast_head":"<!-- This site is optimized with the Yoast SEO plugin v26.2 - https:\/\/yoast.com\/wordpress\/plugins\/seo\/ -->\n<title>Royal Dorchnoch i Scotland<\/title>\n<meta name=\"description\" content=\"Dornoch blev anlagt i 1877 og har v\u00e6ret en &quot;konge&quot; klub for over 100 \u00e5r!\" \/>\n<meta name=\"robots\" content=\"index, follow, max-snippet:-1, max-image-preview:large, max-video-preview:-1\" \/>\n<link rel=\"canonical\" href=\"https:\/\/www.golfiskotland.com\/fr\/golfbaner-i-skotland\/5036-2\/royal-dornoch\/\" \/>\n<meta property=\"og:locale\" content=\"fr_FR\" \/>\n<meta property=\"og:type\" content=\"article\" \/>\n<meta property=\"og:title\" content=\"Royal Dorchnoch i Scotland\" \/>\n<meta property=\"og:description\" content=\"Dornoch blev anlagt i 1877 og har v\u00e6ret en &quot;konge&quot; klub for over 100 \u00e5r!\" \/>\n<meta property=\"og:url\" content=\"https:\/\/www.golfiskotland.com\/fr\/golfbaner-i-skotland\/5036-2\/royal-dornoch\/\" \/>\n<meta property=\"og:site_name\" content=\"Golf Skotland\" \/>\n<meta property=\"article:modified_time\" content=\"2017-05-25T14:57:05+00:00\" \/>\n<meta property=\"og:image\" content=\"https:\/\/www.golfiskotland.com\/wp-content\/uploads\/2017\/05\/Golf-Skotland-Royal-Dornoch.jpg\" \/>\n\t<meta property=\"og:image:width\" content=\"2000\" \/>\n\t<meta property=\"og:image:height\" content=\"1023\" \/>\n\t<meta property=\"og:image:type\" content=\"image\/jpeg\" \/>\n<meta name=\"twitter:card\" content=\"summary_large_image\" \/>\n<meta name=\"twitter:label1\" content=\"Dur\u00e9e de lecture estim\u00e9e\" \/>\n\t<meta name=\"twitter:data1\" content=\"1 minute\" \/>\n<script type=\"application\/ld+json\" class=\"yoast-schema-graph\">{\"@context\":\"https:\/\/schema.org\",\"@graph\":[{\"@type\":\"WebPage\",\"@id\":\"https:\/\/www.golfiskotland.com\/fr\/golfbaner-i-skotland\/5036-2\/royal-dornoch\/\",\"url\":\"https:\/\/www.golfiskotland.com\/fr\/golfbaner-i-skotland\/5036-2\/royal-dornoch\/\",\"name\":\"Royal Dorchnoch i Scotland\",\"isPartOf\":{\"@id\":\"https:\/\/www.golfiskotland.com\/fr\/#website\"},\"primaryImageOfPage\":{\"@id\":\"https:\/\/www.golfiskotland.com\/fr\/golfbaner-i-skotland\/5036-2\/royal-dornoch\/#primaryimage\"},\"image\":{\"@id\":\"https:\/\/www.golfiskotland.com\/fr\/golfbaner-i-skotland\/5036-2\/royal-dornoch\/#primaryimage\"},\"thumbnailUrl\":\"https:\/\/www.golfiskotland.com\/wp-content\/uploads\/2017\/05\/Golf-Skotland-Royal-Dornoch.jpg\",\"datePublished\":\"2017-05-23T13:46:59+00:00\",\"dateModified\":\"2017-05-25T14:57:05+00:00\",\"description\":\"Dornoch blev anlagt i 1877 og har v\u00e6ret en \\\"konge\\\" klub for over 100 \u00e5r!\",\"breadcrumb\":{\"@id\":\"https:\/\/www.golfiskotland.com\/fr\/golfbaner-i-skotland\/5036-2\/royal-dornoch\/#breadcrumb\"},\"inLanguage\":\"fr-FR\",\"potentialAction\":[{\"@type\":\"ReadAction\",\"target\":[\"https:\/\/www.golfiskotland.com\/fr\/golfbaner-i-skotland\/5036-2\/royal-dornoch\/\"]}]},{\"@type\":\"ImageObject\",\"inLanguage\":\"fr-FR\",\"@id\":\"https:\/\/www.golfiskotland.com\/fr\/golfbaner-i-skotland\/5036-2\/royal-dornoch\/#primaryimage\",\"url\":\"https:\/\/www.golfiskotland.com\/wp-content\/uploads\/2017\/05\/Golf-Skotland-Royal-Dornoch.jpg\",\"contentUrl\":\"https:\/\/www.golfiskotland.com\/wp-content\/uploads\/2017\/05\/Golf-Skotland-Royal-Dornoch.jpg\",\"width\":2000,\"height\":1023},{\"@type\":\"BreadcrumbList\",\"@id\":\"https:\/\/www.golfiskotland.com\/fr\/golfbaner-i-skotland\/5036-2\/royal-dornoch\/#breadcrumb\",\"itemListElement\":[{\"@type\":\"ListItem\",\"position\":1,\"name\":\"Home\",\"item\":\"https:\/\/www.golfiskotland.com\/fr\/\"},{\"@type\":\"ListItem\",\"position\":2,\"name\":\"Golfbaner i Skotland\",\"item\":\"https:\/\/www.golfiskotland.com\/fr\/golfbaner-i-skotland\/\"},{\"@type\":\"ListItem\",\"position\":3,\"name\":\"H\u00f8jlandet i Skotland\",\"item\":\"https:\/\/www.golfiskotland.com\/fr\/golfbaner-i-skotland\/5036-2\/\"},{\"@type\":\"ListItem\",\"position\":4,\"name\":\"Royal Dornoch\"}]},{\"@type\":\"WebSite\",\"@id\":\"https:\/\/www.golfiskotland.com\/fr\/#website\",\"url\":\"https:\/\/www.golfiskotland.com\/fr\/\",\"name\":\"Golf Skotland\",\"description\":\"Golf ferie i Skotland og i St Andrews\",\"potentialAction\":[{\"@type\":\"SearchAction\",\"target\":{\"@type\":\"EntryPoint\",\"urlTemplate\":\"https:\/\/www.golfiskotland.com\/fr\/?s={search_term_string}\"},\"query-input\":{\"@type\":\"PropertyValueSpecification\",\"valueRequired\":true,\"valueName\":\"search_term_string\"}}],\"inLanguage\":\"fr-FR\"}]}<\/script>\n<!-- \/ Yoast SEO plugin. -->","yoast_head_json":{"title":"Royal Dorchnoch i Scotland","description":"Dornoch blev anlagt i 1877 og har v\u00e6ret en \"konge\" klub for over 100 \u00e5r!","robots":{"index":"index","follow":"follow","max-snippet":"max-snippet:-1","max-image-preview":"max-image-preview:large","max-video-preview":"max-video-preview:-1"},"canonical":"https:\/\/www.golfiskotland.com\/fr\/golfbaner-i-skotland\/5036-2\/royal-dornoch\/","og_locale":"fr_FR","og_type":"article","og_title":"Royal Dorchnoch i Scotland","og_description":"Dornoch blev anlagt i 1877 og har v\u00e6ret en \"konge\" klub for over 100 \u00e5r!","og_url":"https:\/\/www.golfiskotland.com\/fr\/golfbaner-i-skotland\/5036-2\/royal-dornoch\/","og_site_name":"Golf Skotland","article_modified_time":"2017-05-25T14:57:05+00:00","og_image":[{"width":2000,"height":1023,"url":"https:\/\/www.golfiskotland.com\/wp-content\/uploads\/2017\/05\/Golf-Skotland-Royal-Dornoch.jpg","type":"image\/jpeg"}],"twitter_card":"summary_large_image","twitter_misc":{"Dur\u00e9e de lecture estim\u00e9e":"1 minute"},"schema":{"@context":"https:\/\/schema.org","@graph":[{"@type":"WebPage","@id":"https:\/\/www.golfiskotland.com\/fr\/golfbaner-i-skotland\/5036-2\/royal-dornoch\/","url":"https:\/\/www.golfiskotland.com\/fr\/golfbaner-i-skotland\/5036-2\/royal-dornoch\/","name":"Royal Dorchnoch i Scotland","isPartOf":{"@id":"https:\/\/www.golfiskotland.com\/fr\/#website"},"primaryImageOfPage":{"@id":"https:\/\/www.golfiskotland.com\/fr\/golfbaner-i-skotland\/5036-2\/royal-dornoch\/#primaryimage"},"image":{"@id":"https:\/\/www.golfiskotland.com\/fr\/golfbaner-i-skotland\/5036-2\/royal-dornoch\/#primaryimage"},"thumbnailUrl":"https:\/\/www.golfiskotland.com\/wp-content\/uploads\/2017\/05\/Golf-Skotland-Royal-Dornoch.jpg","datePublished":"2017-05-23T13:46:59+00:00","dateModified":"2017-05-25T14:57:05+00:00","description":"Dornoch blev anlagt i 1877 og har v\u00e6ret en \"konge\" klub for over 100 \u00e5r!","breadcrumb":{"@id":"https:\/\/www.golfiskotland.com\/fr\/golfbaner-i-skotland\/5036-2\/royal-dornoch\/#breadcrumb"},"inLanguage":"fr-FR","potentialAction":[{"@type":"ReadAction","target":["https:\/\/www.golfiskotland.com\/fr\/golfbaner-i-skotland\/5036-2\/royal-dornoch\/"]}]},{"@type":"ImageObject","inLanguage":"fr-FR","@id":"https:\/\/www.golfiskotland.com\/fr\/golfbaner-i-skotland\/5036-2\/royal-dornoch\/#primaryimage","url":"https:\/\/www.golfiskotland.com\/wp-content\/uploads\/2017\/05\/Golf-Skotland-Royal-Dornoch.jpg","contentUrl":"https:\/\/www.golfiskotland.com\/wp-content\/uploads\/2017\/05\/Golf-Skotland-Royal-Dornoch.jpg","width":2000,"height":1023},{"@type":"BreadcrumbList","@id":"https:\/\/www.golfiskotland.com\/fr\/golfbaner-i-skotland\/5036-2\/royal-dornoch\/#breadcrumb","itemListElement":[{"@type":"ListItem","position":1,"name":"Home","item":"https:\/\/www.golfiskotland.com\/fr\/"},{"@type":"ListItem","position":2,"name":"Golfbaner i Skotland","item":"https:\/\/www.golfiskotland.com\/fr\/golfbaner-i-skotland\/"},{"@type":"ListItem","position":3,"name":"H\u00f8jlandet i Skotland","item":"https:\/\/www.golfiskotland.com\/fr\/golfbaner-i-skotland\/5036-2\/"},{"@type":"ListItem","position":4,"name":"Royal Dornoch"}]},{"@type":"WebSite","@id":"https:\/\/www.golfiskotland.com\/fr\/#website","url":"https:\/\/www.golfiskotland.com\/fr\/","name":"Golf Skotland","description":"Golf ferie i Skotland og i St Andrews","potentialAction":[{"@type":"SearchAction","target":{"@type":"EntryPoint","urlTemplate":"https:\/\/www.golfiskotland.com\/fr\/?s={search_term_string}"},"query-input":{"@type":"PropertyValueSpecification","valueRequired":true,"valueName":"search_term_string"}}],"inLanguage":"fr-FR"}]}},"_links":{"self":[{"href":"https:\/\/www.golfiskotland.com\/fr\/wp-json\/wp\/v2\/pages\/4901","targetHints":{"allow":["GET"]}}],"collection":[{"href":"https:\/\/www.golfiskotland.com\/fr\/wp-json\/wp\/v2\/pages"}],"about":[{"href":"https:\/\/www.golfiskotland.com\/fr\/wp-json\/wp\/v2\/types\/page"}],"author":[{"embeddable":true,"href":"https:\/\/www.golfiskotland.com\/fr\/wp-json\/wp\/v2\/users\/5"}],"replies":[{"embeddable":true,"href":"https:\/\/www.golfiskotland.com\/fr\/wp-json\/wp\/v2\/comments?post=4901"}],"version-history":[{"count":6,"href":"https:\/\/www.golfiskotland.com\/fr\/wp-json\/wp\/v2\/pages\/4901\/revisions"}],"predecessor-version":[{"id":5459,"href":"https:\/\/www.golfiskotland.com\/fr\/wp-json\/wp\/v2\/pages\/4901\/revisions\/5459"}],"up":[{"embeddable":true,"href":"https:\/\/www.golfiskotland.com\/fr\/wp-json\/wp\/v2\/pages\/5036"}],"wp:featuredmedia":[{"embeddable":true,"href":"https:\/\/www.golfiskotland.com\/fr\/wp-json\/wp\/v2\/media\/5143"}],"wp:attachment":[{"href":"https:\/\/www.golfiskotland.com\/fr\/wp-json\/wp\/v2\/media?parent=4901"}],"curies":[{"name":"wp","href":"https:\/\/api.w.org\/{rel}","templated":true}]}}