{"id":4933,"date":"2017-05-23T14:35:16","date_gmt":"2017-05-23T14:35:16","guid":{"rendered":"https:\/\/www.golfiskotland.com\/?page_id=4933\/"},"modified":"2017-05-25T15:23:54","modified_gmt":"2017-05-25T15:23:54","slug":"turnberry-ailsa","status":"publish","type":"page","link":"https:\/\/www.golfiskotland.com\/fr\/golfbaner-i-skotland\/syd-vest-skotland\/turnberry-ailsa\/","title":{"rendered":"Turnberry (Ailsa)"},"content":{"rendered":"<table class=\"mceItemTable\" style=\"width: 100%;\" border=\"0\">\n<tbody>\n<tr style=\"height: 24px;\">\n<td class=\"mceSelected\" style=\"height: 24px;\"><strong>Vores rangering:<\/strong><\/td>\n<td class=\"mceSelected\" style=\"height: 24px;\"><img loading=\"lazy\" decoding=\"async\" class=\"alignleft size-full wp-image-5378\" src=\"https:\/\/www.golfiskotland.com\/wp-content\/uploads\/2017\/05\/star5.png\" alt=\"Golf Skotland 5 stjerner\" width=\"147\" height=\"30\" \/><\/td>\n<td class=\"mceSelected\" style=\"height: 360px;\" colspan=\"2\" rowspan=\"11\" align=\"center\" valign=\"top\" width=\"50%\">\n<p>&nbsp;<\/p>\n<p>\n <strong><img loading=\"lazy\" decoding=\"async\" class=\"size-medium wp-image-5055 aligncenter\" src=\"https:\/\/www.golfiskotland.com\/wp-content\/uploads\/2017\/05\/golf-i-skotlandTEST-213x300.png\" alt=\"\" width=\"213\" height=\"300\" srcset=\"https:\/\/www.golfiskotland.com\/wp-content\/uploads\/2017\/05\/golf-i-skotlandTEST-213x300.png 213w, https:\/\/www.golfiskotland.com\/wp-content\/uploads\/2017\/05\/golf-i-skotlandTEST.png 355w\" sizes=\"auto, (max-width: 213px) 100vw, 213px\" \/><br \/>\n <\/strong><\/p>\n<\/td>\n<\/tr>\n<tr style=\"height: 24px;\">\n<td class=\"mceSelected\" style=\"height: 24px;\"><strong>Verdens rangering:<\/strong><\/td>\n<td class=\"mceSelected\" style=\"height: 24px;\">4<\/td>\n<\/tr>\n<tr style=\"height: 24px;\">\n<td class=\"mceSelected\" style=\"height: 24px;\"><strong>Skotsk rangering:<\/strong><\/td>\n<td class=\"mceSelected\" style=\"height: 24px;\">1<\/td>\n<\/tr>\n<tr style=\"height: 24px;\">\n<td class=\"mceSelected\" style=\"height: 24px;\"><strong>Antal British Open:<\/strong><\/td>\n<td class=\"mceSelected\" style=\"height: 24px;\">4<\/td>\n<\/tr>\n<tr style=\"height: 48px;\">\n<td class=\"mceSelected\" style=\"height: 48px;\" width=\"30%\"><strong>Arkitekt:<\/strong><\/td>\n<td class=\"mceSelected\" style=\"height: 48px;\" width=\"20%\">Philip Mackenzie Ross<\/td>\n<\/tr>\n<tr style=\"height: 24px;\">\n<td class=\"mceSelected\" style=\"height: 24px;\"><strong>Bygget:<\/strong><\/td>\n<td class=\"mceSelected\" style=\"height: 24px;\">1902<\/td>\n<\/tr>\n<tr style=\"height: 24px;\">\n<td class=\"mceSelected\" style=\"height: 24px;\"><strong>Par:<\/strong><\/td>\n<td class=\"mceSelected\" style=\"height: 24px;\">70<\/td>\n<\/tr>\n<tr style=\"height: 48px;\">\n<td class=\"mceSelected\" style=\"height: 48px;\"><strong>Afstand fra St Andrews:<\/strong><\/td>\n<td class=\"mceSelected\" style=\"height: 48px;\">215 km<\/td>\n<\/tr>\n<tr style=\"height: 48px;\">\n<td class=\"mceSelected\" style=\"height: 48px;\"><strong>Afstand fra Edinburgh:<\/strong><\/td>\n<td class=\"mceSelected\" style=\"height: 48px;\">160 km<\/td>\n<\/tr>\n<tr style=\"height: 24px;\">\n<td class=\"mceSelected\" style=\"height: 24px;\"><strong>Afstand fra \u00a0 Glasgow:<\/strong><\/td>\n<td class=\"mceSelected\" style=\"height: 24px;\">80 km<\/td>\n<\/tr>\n<tr style=\"height: 48px;\">\n<td class=\"mceSelected\" style=\"height: 48px;\"><strong>Afstand fra Inverness:<\/strong><\/td>\n<td class=\"mceSelected\" style=\"height: 48px;\">355 km<\/td>\n<\/tr>\n<tr style=\"height: 176px;\">\n<td class=\"mceSelected\" style=\"height: 176px;\" colspan=\"4\">\n<p>Denne ber\u00f8mte bane har i senere tid regelm\u00e6ssigt v\u00e6ret v\u00e6rt for British Open, \u00a0senest i 2009. Dette er en virkelig stor test for golfspillere med spektakul\u00e6re huller med udsigt over Atlanterhavet. Ligesom St Andrews, er Turnberry rangeret i top 10 af de bedste golfbaner i verden, der viser kvaliteten af dette utrolige sted. Sandsynligvis den mest natursk\u00f8nne golfbane i hele Skotland, og sammen med sin s\u00f8sterbane Kintyre, som smukt supplerer Ailsa banen er dette et golfparadis for enhver golfer.<\/p>\n<\/td>\n<\/tr>\n<\/tbody>\n<\/table>\n<div class=\"one-third first\" style=\"text-align: center;\"><a class=\"button\" href=\"?p=49\">Golfrejser<\/a><\/div>\n<div class=\"one-third\" style=\"text-align: center;\"><a class=\"button\" title=\"Demande de devis\" href=\"?p=631\">F\u00e5 et gratis tilbud<\/a><\/div>\n<div class=\"one-third\" style=\"text-align: center;\"><a class=\"button\" title=\"Contactez-nous\" href=\"?p=59\">Kontakt<\/a><\/div>\n","protected":false},"excerpt":{"rendered":"<p>Vores rangering: &nbsp; Verdens rangering: 4 Skotsk rangering: 1 Antal British Open: 4 Arkitekt: Philip Mackenzie Ross Bygget: 1902 Par: 70 Afstand fra St Andrews: 215 km Afstand fra Edinburgh: 160 km Afstand fra \u00a0 Glasgow: 80 km Afstand fra Inverness: 355 km Denne ber\u00f8mte bane har i senere tid regelm\u00e6ssigt v\u00e6ret v\u00e6rt for British [&hellip;]<\/p>\n","protected":false},"author":5,"featured_media":5199,"parent":5038,"menu_order":0,"comment_status":"closed","ping_status":"closed","template":"","meta":{"_genesis_hide_title":false,"_genesis_hide_breadcrumbs":false,"_genesis_hide_singular_image":false,"_genesis_hide_footer_widgets":false,"_genesis_custom_body_class":"","_genesis_custom_post_class":"","_genesis_layout":"","footnotes":""},"class_list":{"0":"post-4933","1":"page","2":"type-page","3":"status-publish","4":"has-post-thumbnail","6":"entry"},"yoast_head":"<!-- This site is optimized with the Yoast SEO plugin v26.2 - https:\/\/yoast.com\/wordpress\/plugins\/seo\/ -->\n<title>Turnberry (Ailsa) - Golf i Scotland<\/title>\n<meta name=\"description\" content=\"Denne ber\u00f8mte bane har i senere tid regelm\u00e6ssigt v\u00e6ret v\u00e6rt for British Open, senest i 2009.\" \/>\n<meta name=\"robots\" content=\"index, follow, max-snippet:-1, max-image-preview:large, max-video-preview:-1\" \/>\n<link rel=\"canonical\" href=\"https:\/\/www.golfiskotland.com\/fr\/golfbaner-i-skotland\/syd-vest-skotland\/turnberry-ailsa\/\" \/>\n<meta property=\"og:locale\" content=\"fr_FR\" \/>\n<meta property=\"og:type\" content=\"article\" \/>\n<meta property=\"og:title\" content=\"Turnberry (Ailsa) - Golf i Scotland\" \/>\n<meta property=\"og:description\" content=\"Denne ber\u00f8mte bane har i senere tid regelm\u00e6ssigt v\u00e6ret v\u00e6rt for British Open, senest i 2009.\" \/>\n<meta property=\"og:url\" content=\"https:\/\/www.golfiskotland.com\/fr\/golfbaner-i-skotland\/syd-vest-skotland\/turnberry-ailsa\/\" \/>\n<meta property=\"og:site_name\" content=\"Golf Skotland\" \/>\n<meta property=\"article:modified_time\" content=\"2017-05-25T15:23:54+00:00\" \/>\n<meta property=\"og:image\" content=\"https:\/\/www.golfiskotland.com\/wp-content\/uploads\/2017\/05\/Golf-Turnberry-Ailsa.jpg\" \/>\n\t<meta property=\"og:image:width\" content=\"1986\" \/>\n\t<meta property=\"og:image:height\" content=\"1079\" \/>\n\t<meta property=\"og:image:type\" content=\"image\/jpeg\" \/>\n<meta name=\"twitter:card\" content=\"summary_large_image\" \/>\n<meta name=\"twitter:label1\" content=\"Dur\u00e9e de lecture estim\u00e9e\" \/>\n\t<meta name=\"twitter:data1\" content=\"1 minute\" \/>\n<script type=\"application\/ld+json\" class=\"yoast-schema-graph\">{\"@context\":\"https:\/\/schema.org\",\"@graph\":[{\"@type\":\"WebPage\",\"@id\":\"https:\/\/www.golfiskotland.com\/fr\/golfbaner-i-skotland\/syd-vest-skotland\/turnberry-ailsa\/\",\"url\":\"https:\/\/www.golfiskotland.com\/fr\/golfbaner-i-skotland\/syd-vest-skotland\/turnberry-ailsa\/\",\"name\":\"Turnberry (Ailsa) - Golf i Scotland\",\"isPartOf\":{\"@id\":\"https:\/\/www.golfiskotland.com\/fr\/#website\"},\"primaryImageOfPage\":{\"@id\":\"https:\/\/www.golfiskotland.com\/fr\/golfbaner-i-skotland\/syd-vest-skotland\/turnberry-ailsa\/#primaryimage\"},\"image\":{\"@id\":\"https:\/\/www.golfiskotland.com\/fr\/golfbaner-i-skotland\/syd-vest-skotland\/turnberry-ailsa\/#primaryimage\"},\"thumbnailUrl\":\"https:\/\/www.golfiskotland.com\/wp-content\/uploads\/2017\/05\/Golf-Turnberry-Ailsa.jpg\",\"datePublished\":\"2017-05-23T14:35:16+00:00\",\"dateModified\":\"2017-05-25T15:23:54+00:00\",\"description\":\"Denne ber\u00f8mte bane har i senere tid regelm\u00e6ssigt v\u00e6ret v\u00e6rt for British Open, senest i 2009.\",\"breadcrumb\":{\"@id\":\"https:\/\/www.golfiskotland.com\/fr\/golfbaner-i-skotland\/syd-vest-skotland\/turnberry-ailsa\/#breadcrumb\"},\"inLanguage\":\"fr-FR\",\"potentialAction\":[{\"@type\":\"ReadAction\",\"target\":[\"https:\/\/www.golfiskotland.com\/fr\/golfbaner-i-skotland\/syd-vest-skotland\/turnberry-ailsa\/\"]}]},{\"@type\":\"ImageObject\",\"inLanguage\":\"fr-FR\",\"@id\":\"https:\/\/www.golfiskotland.com\/fr\/golfbaner-i-skotland\/syd-vest-skotland\/turnberry-ailsa\/#primaryimage\",\"url\":\"https:\/\/www.golfiskotland.com\/wp-content\/uploads\/2017\/05\/Golf-Turnberry-Ailsa.jpg\",\"contentUrl\":\"https:\/\/www.golfiskotland.com\/wp-content\/uploads\/2017\/05\/Golf-Turnberry-Ailsa.jpg\",\"width\":1986,\"height\":1079,\"caption\":\"Golf i Skotland Turnberry Ailsa\"},{\"@type\":\"BreadcrumbList\",\"@id\":\"https:\/\/www.golfiskotland.com\/fr\/golfbaner-i-skotland\/syd-vest-skotland\/turnberry-ailsa\/#breadcrumb\",\"itemListElement\":[{\"@type\":\"ListItem\",\"position\":1,\"name\":\"Home\",\"item\":\"https:\/\/www.golfiskotland.com\/fr\/\"},{\"@type\":\"ListItem\",\"position\":2,\"name\":\"Golfbaner i Skotland\",\"item\":\"https:\/\/www.golfiskotland.com\/fr\/golfbaner-i-skotland\/\"},{\"@type\":\"ListItem\",\"position\":3,\"name\":\"Syd-Vest Skotland\",\"item\":\"https:\/\/www.golfiskotland.com\/fr\/golfbaner-i-skotland\/syd-vest-skotland\/\"},{\"@type\":\"ListItem\",\"position\":4,\"name\":\"Turnberry (Ailsa)\"}]},{\"@type\":\"WebSite\",\"@id\":\"https:\/\/www.golfiskotland.com\/fr\/#website\",\"url\":\"https:\/\/www.golfiskotland.com\/fr\/\",\"name\":\"Golf Skotland\",\"description\":\"Golf ferie i Skotland og i St Andrews\",\"potentialAction\":[{\"@type\":\"SearchAction\",\"target\":{\"@type\":\"EntryPoint\",\"urlTemplate\":\"https:\/\/www.golfiskotland.com\/fr\/?s={search_term_string}\"},\"query-input\":{\"@type\":\"PropertyValueSpecification\",\"valueRequired\":true,\"valueName\":\"search_term_string\"}}],\"inLanguage\":\"fr-FR\"}]}<\/script>\n<!-- \/ Yoast SEO plugin. -->","yoast_head_json":{"title":"Turnberry (Ailsa) - Golf i Scotland","description":"Denne ber\u00f8mte bane har i senere tid regelm\u00e6ssigt v\u00e6ret v\u00e6rt for British Open, senest i 2009.","robots":{"index":"index","follow":"follow","max-snippet":"max-snippet:-1","max-image-preview":"max-image-preview:large","max-video-preview":"max-video-preview:-1"},"canonical":"https:\/\/www.golfiskotland.com\/fr\/golfbaner-i-skotland\/syd-vest-skotland\/turnberry-ailsa\/","og_locale":"fr_FR","og_type":"article","og_title":"Turnberry (Ailsa) - Golf i Scotland","og_description":"Denne ber\u00f8mte bane har i senere tid regelm\u00e6ssigt v\u00e6ret v\u00e6rt for British Open, senest i 2009.","og_url":"https:\/\/www.golfiskotland.com\/fr\/golfbaner-i-skotland\/syd-vest-skotland\/turnberry-ailsa\/","og_site_name":"Golf Skotland","article_modified_time":"2017-05-25T15:23:54+00:00","og_image":[{"width":1986,"height":1079,"url":"https:\/\/www.golfiskotland.com\/wp-content\/uploads\/2017\/05\/Golf-Turnberry-Ailsa.jpg","type":"image\/jpeg"}],"twitter_card":"summary_large_image","twitter_misc":{"Dur\u00e9e de lecture estim\u00e9e":"1 minute"},"schema":{"@context":"https:\/\/schema.org","@graph":[{"@type":"WebPage","@id":"https:\/\/www.golfiskotland.com\/fr\/golfbaner-i-skotland\/syd-vest-skotland\/turnberry-ailsa\/","url":"https:\/\/www.golfiskotland.com\/fr\/golfbaner-i-skotland\/syd-vest-skotland\/turnberry-ailsa\/","name":"Turnberry (Ailsa) - Golf i Scotland","isPartOf":{"@id":"https:\/\/www.golfiskotland.com\/fr\/#website"},"primaryImageOfPage":{"@id":"https:\/\/www.golfiskotland.com\/fr\/golfbaner-i-skotland\/syd-vest-skotland\/turnberry-ailsa\/#primaryimage"},"image":{"@id":"https:\/\/www.golfiskotland.com\/fr\/golfbaner-i-skotland\/syd-vest-skotland\/turnberry-ailsa\/#primaryimage"},"thumbnailUrl":"https:\/\/www.golfiskotland.com\/wp-content\/uploads\/2017\/05\/Golf-Turnberry-Ailsa.jpg","datePublished":"2017-05-23T14:35:16+00:00","dateModified":"2017-05-25T15:23:54+00:00","description":"Denne ber\u00f8mte bane har i senere tid regelm\u00e6ssigt v\u00e6ret v\u00e6rt for British Open, senest i 2009.","breadcrumb":{"@id":"https:\/\/www.golfiskotland.com\/fr\/golfbaner-i-skotland\/syd-vest-skotland\/turnberry-ailsa\/#breadcrumb"},"inLanguage":"fr-FR","potentialAction":[{"@type":"ReadAction","target":["https:\/\/www.golfiskotland.com\/fr\/golfbaner-i-skotland\/syd-vest-skotland\/turnberry-ailsa\/"]}]},{"@type":"ImageObject","inLanguage":"fr-FR","@id":"https:\/\/www.golfiskotland.com\/fr\/golfbaner-i-skotland\/syd-vest-skotland\/turnberry-ailsa\/#primaryimage","url":"https:\/\/www.golfiskotland.com\/wp-content\/uploads\/2017\/05\/Golf-Turnberry-Ailsa.jpg","contentUrl":"https:\/\/www.golfiskotland.com\/wp-content\/uploads\/2017\/05\/Golf-Turnberry-Ailsa.jpg","width":1986,"height":1079,"caption":"Golf i Skotland Turnberry Ailsa"},{"@type":"BreadcrumbList","@id":"https:\/\/www.golfiskotland.com\/fr\/golfbaner-i-skotland\/syd-vest-skotland\/turnberry-ailsa\/#breadcrumb","itemListElement":[{"@type":"ListItem","position":1,"name":"Home","item":"https:\/\/www.golfiskotland.com\/fr\/"},{"@type":"ListItem","position":2,"name":"Golfbaner i Skotland","item":"https:\/\/www.golfiskotland.com\/fr\/golfbaner-i-skotland\/"},{"@type":"ListItem","position":3,"name":"Syd-Vest Skotland","item":"https:\/\/www.golfiskotland.com\/fr\/golfbaner-i-skotland\/syd-vest-skotland\/"},{"@type":"ListItem","position":4,"name":"Turnberry (Ailsa)"}]},{"@type":"WebSite","@id":"https:\/\/www.golfiskotland.com\/fr\/#website","url":"https:\/\/www.golfiskotland.com\/fr\/","name":"Golf Skotland","description":"Golf ferie i Skotland og i St Andrews","potentialAction":[{"@type":"SearchAction","target":{"@type":"EntryPoint","urlTemplate":"https:\/\/www.golfiskotland.com\/fr\/?s={search_term_string}"},"query-input":{"@type":"PropertyValueSpecification","valueRequired":true,"valueName":"search_term_string"}}],"inLanguage":"fr-FR"}]}},"_links":{"self":[{"href":"https:\/\/www.golfiskotland.com\/fr\/wp-json\/wp\/v2\/pages\/4933","targetHints":{"allow":["GET"]}}],"collection":[{"href":"https:\/\/www.golfiskotland.com\/fr\/wp-json\/wp\/v2\/pages"}],"about":[{"href":"https:\/\/www.golfiskotland.com\/fr\/wp-json\/wp\/v2\/types\/page"}],"author":[{"embeddable":true,"href":"https:\/\/www.golfiskotland.com\/fr\/wp-json\/wp\/v2\/users\/5"}],"replies":[{"embeddable":true,"href":"https:\/\/www.golfiskotland.com\/fr\/wp-json\/wp\/v2\/comments?post=4933"}],"version-history":[{"count":4,"href":"https:\/\/www.golfiskotland.com\/fr\/wp-json\/wp\/v2\/pages\/4933\/revisions"}],"predecessor-version":[{"id":5505,"href":"https:\/\/www.golfiskotland.com\/fr\/wp-json\/wp\/v2\/pages\/4933\/revisions\/5505"}],"up":[{"embeddable":true,"href":"https:\/\/www.golfiskotland.com\/fr\/wp-json\/wp\/v2\/pages\/5038"}],"wp:featuredmedia":[{"embeddable":true,"href":"https:\/\/www.golfiskotland.com\/fr\/wp-json\/wp\/v2\/media\/5199"}],"wp:attachment":[{"href":"https:\/\/www.golfiskotland.com\/fr\/wp-json\/wp\/v2\/media?parent=4933"}],"curies":[{"name":"wp","href":"https:\/\/api.w.org\/{rel}","templated":true}]}}