{"id":4935,"date":"2017-05-23T14:38:20","date_gmt":"2017-05-23T14:38:20","guid":{"rendered":"https:\/\/www.golfiskotland.com\/?page_id=4935\/"},"modified":"2017-05-25T15:22:28","modified_gmt":"2017-05-25T15:22:28","slug":"royal-troon-old-course","status":"publish","type":"page","link":"https:\/\/www.golfiskotland.com\/fr\/golfbaner-i-skotland\/syd-vest-skotland\/royal-troon-old-course\/","title":{"rendered":"Royal Troon (Old Course)"},"content":{"rendered":"<table class=\"mceItemTable\" style=\"width: 100%;\" border=\"0\">\n<tbody>\n<tr>\n<td class=\"mceSelected\"><strong>Vores rangering:<\/strong><\/td>\n<td class=\"mceSelected\"><img loading=\"lazy\" decoding=\"async\" class=\"alignleft size-full wp-image-5378\" src=\"https:\/\/www.golfiskotland.com\/wp-content\/uploads\/2017\/05\/star5.png\" alt=\"Golf Skotland 5 stjerner\" width=\"147\" height=\"30\" \/><\/td>\n<td class=\"mceSelected\" colspan=\"2\" rowspan=\"11\" align=\"center\" valign=\"top\" width=\"50%\">\n<p>&nbsp;<\/p>\n<p>\n <strong><img loading=\"lazy\" decoding=\"async\" class=\"size-medium wp-image-5055 aligncenter\" src=\"https:\/\/www.golfiskotland.com\/wp-content\/uploads\/2017\/05\/golf-i-skotlandTEST-213x300.png\" alt=\"\" width=\"213\" height=\"300\" srcset=\"https:\/\/www.golfiskotland.com\/wp-content\/uploads\/2017\/05\/golf-i-skotlandTEST-213x300.png 213w, https:\/\/www.golfiskotland.com\/wp-content\/uploads\/2017\/05\/golf-i-skotlandTEST.png 355w\" sizes=\"auto, (max-width: 213px) 100vw, 213px\" \/><br \/>\n <\/strong><\/p>\n<\/td>\n<\/tr>\n<tr>\n<td class=\"mceSelected\"><strong>Verdens rangering:<\/strong><\/td>\n<td class=\"mceSelected\">63<\/td>\n<\/tr>\n<tr>\n<td class=\"mceSelected\"><strong>Skotsk rangering:<\/strong><\/td>\n<td class=\"mceSelected\">8<\/td>\n<\/tr>\n<tr>\n<td class=\"mceSelected\"><strong>Antal British Open:<\/strong><\/td>\n<td class=\"mceSelected\">8<\/td>\n<\/tr>\n<tr>\n<td class=\"mceSelected\" width=\"30%\"><strong>Arkitekt:<\/strong><\/td>\n<td class=\"mceSelected\" width=\"20%\">George Strath, Willie Fernie and James Braid<\/td>\n<\/tr>\n<tr>\n<td class=\"mceSelected\"><strong>Bygget:<\/strong><\/td>\n<td class=\"mceSelected\">1878<\/td>\n<\/tr>\n<tr>\n<td class=\"mceSelected\"><strong>Par:<\/strong><\/td>\n<td class=\"mceSelected\">71<\/td>\n<\/tr>\n<tr>\n<td class=\"mceSelected\"><strong>Afstand fra St Andrews:<\/strong><\/td>\n<td class=\"mceSelected\">195 km<\/td>\n<\/tr>\n<tr>\n<td class=\"mceSelected\"><strong>Afstand fra Edinburgh:<\/strong><\/td>\n<td class=\"mceSelected\">135 km<\/td>\n<\/tr>\n<tr>\n<td class=\"mceSelected\"><strong>Afstand fra Glasgow:<\/strong><\/td>\n<td class=\"mceSelected\">55 km<\/td>\n<\/tr>\n<tr>\n<td class=\"mceSelected\"><strong>Afstand fra Inverness:<\/strong><\/td>\n<td class=\"mceSelected\">330 km<\/td>\n<\/tr>\n<tr>\n<td class=\"mceSelected\" colspan=\"4\">\n<p>Grundlagt i 1878 ligger denne lille lille juvel ved kysten i byen Troon. Banen har iscenesat mange Open Championships. Backnine er nogen af de mest vanskelige i verden og giver en fantastisk sp\u00e6ndende afslutning p\u00e5 enhver runde. Hul nummer 8, et par 3 kaldes \u00ab\u00a0frim\u00e6rket\u00a0\u00bb, og som navnet antyder, er det meget lille og sv\u00e6rt at ramme, is\u00e6r n\u00e5r vinden spiller ind. Troon Golf Club har yderligere 2 baner. Portland banen som er en typisk linksbane, og Craigend banen som er en par 3 bane.<\/p>\n<\/td>\n<\/tr>\n<\/tbody>\n<\/table>\n<div class=\"one-third first\" style=\"text-align: center;\"><a class=\"button\" href=\"?p=49\">Golfrejser<\/a><\/div>\n<div class=\"one-third\" style=\"text-align: center;\"><a class=\"button\" title=\"Demande de devis\" href=\"?p=631\">F\u00e5 et gratis tilbud<\/a><\/div>\n<div class=\"one-third\" style=\"text-align: center;\"><a class=\"button\" title=\"Contactez-nous\" href=\"?p=59\">Kontakt<\/a><\/div>\n","protected":false},"excerpt":{"rendered":"<p>Vores rangering: &nbsp; Verdens rangering: 63 Skotsk rangering: 8 Antal British Open: 8 Arkitekt: George Strath, Willie Fernie and James Braid Bygget: 1878 Par: 71 Afstand fra St Andrews: 195 km Afstand fra Edinburgh: 135 km Afstand fra Glasgow: 55 km Afstand fra Inverness: 330 km Grundlagt i 1878 ligger denne lille lille juvel ved [&hellip;]<\/p>\n","protected":false},"author":5,"featured_media":5203,"parent":5038,"menu_order":0,"comment_status":"closed","ping_status":"closed","template":"","meta":{"_genesis_hide_title":false,"_genesis_hide_breadcrumbs":false,"_genesis_hide_singular_image":false,"_genesis_hide_footer_widgets":false,"_genesis_custom_body_class":"","_genesis_custom_post_class":"","_genesis_layout":"","footnotes":""},"class_list":{"0":"post-4935","1":"page","2":"type-page","3":"status-publish","4":"has-post-thumbnail","6":"entry"},"yoast_head":"<!-- This site is optimized with the Yoast SEO plugin v26.2 - https:\/\/yoast.com\/wordpress\/plugins\/seo\/ -->\n<title>Royal Troon (Ol Course) - Golf i Skotland<\/title>\n<meta name=\"description\" content=\"Grundlagt i 1878 ligger denne lille lille juvel ved kysten i byen Troon. Banen har iscenesat mange Open Championships.\" \/>\n<meta name=\"robots\" content=\"index, follow, max-snippet:-1, max-image-preview:large, max-video-preview:-1\" \/>\n<link rel=\"canonical\" href=\"https:\/\/www.golfiskotland.com\/fr\/golfbaner-i-skotland\/syd-vest-skotland\/royal-troon-old-course\/\" \/>\n<meta property=\"og:locale\" content=\"fr_FR\" \/>\n<meta property=\"og:type\" content=\"article\" \/>\n<meta property=\"og:title\" content=\"Royal Troon (Ol Course) - Golf i Skotland\" \/>\n<meta property=\"og:description\" content=\"Grundlagt i 1878 ligger denne lille lille juvel ved kysten i byen Troon. Banen har iscenesat mange Open Championships.\" \/>\n<meta property=\"og:url\" content=\"https:\/\/www.golfiskotland.com\/fr\/golfbaner-i-skotland\/syd-vest-skotland\/royal-troon-old-course\/\" \/>\n<meta property=\"og:site_name\" content=\"Golf Skotland\" \/>\n<meta property=\"article:modified_time\" content=\"2017-05-25T15:22:28+00:00\" \/>\n<meta property=\"og:image\" content=\"https:\/\/www.golfiskotland.com\/wp-content\/uploads\/2017\/05\/Golf-Skotland-Royal-Troon-Old-Course.jpg\" \/>\n\t<meta property=\"og:image:width\" content=\"1451\" \/>\n\t<meta property=\"og:image:height\" content=\"739\" \/>\n\t<meta property=\"og:image:type\" content=\"image\/jpeg\" \/>\n<meta name=\"twitter:card\" content=\"summary_large_image\" \/>\n<meta name=\"twitter:label1\" content=\"Dur\u00e9e de lecture estim\u00e9e\" \/>\n\t<meta name=\"twitter:data1\" content=\"1 minute\" \/>\n<script type=\"application\/ld+json\" class=\"yoast-schema-graph\">{\"@context\":\"https:\/\/schema.org\",\"@graph\":[{\"@type\":\"WebPage\",\"@id\":\"https:\/\/www.golfiskotland.com\/fr\/golfbaner-i-skotland\/syd-vest-skotland\/royal-troon-old-course\/\",\"url\":\"https:\/\/www.golfiskotland.com\/fr\/golfbaner-i-skotland\/syd-vest-skotland\/royal-troon-old-course\/\",\"name\":\"Royal Troon (Ol Course) - Golf i Skotland\",\"isPartOf\":{\"@id\":\"https:\/\/www.golfiskotland.com\/fr\/#website\"},\"primaryImageOfPage\":{\"@id\":\"https:\/\/www.golfiskotland.com\/fr\/golfbaner-i-skotland\/syd-vest-skotland\/royal-troon-old-course\/#primaryimage\"},\"image\":{\"@id\":\"https:\/\/www.golfiskotland.com\/fr\/golfbaner-i-skotland\/syd-vest-skotland\/royal-troon-old-course\/#primaryimage\"},\"thumbnailUrl\":\"https:\/\/www.golfiskotland.com\/wp-content\/uploads\/2017\/05\/Golf-Skotland-Royal-Troon-Old-Course.jpg\",\"datePublished\":\"2017-05-23T14:38:20+00:00\",\"dateModified\":\"2017-05-25T15:22:28+00:00\",\"description\":\"Grundlagt i 1878 ligger denne lille lille juvel ved kysten i byen Troon. Banen har iscenesat mange Open Championships.\",\"breadcrumb\":{\"@id\":\"https:\/\/www.golfiskotland.com\/fr\/golfbaner-i-skotland\/syd-vest-skotland\/royal-troon-old-course\/#breadcrumb\"},\"inLanguage\":\"fr-FR\",\"potentialAction\":[{\"@type\":\"ReadAction\",\"target\":[\"https:\/\/www.golfiskotland.com\/fr\/golfbaner-i-skotland\/syd-vest-skotland\/royal-troon-old-course\/\"]}]},{\"@type\":\"ImageObject\",\"inLanguage\":\"fr-FR\",\"@id\":\"https:\/\/www.golfiskotland.com\/fr\/golfbaner-i-skotland\/syd-vest-skotland\/royal-troon-old-course\/#primaryimage\",\"url\":\"https:\/\/www.golfiskotland.com\/wp-content\/uploads\/2017\/05\/Golf-Skotland-Royal-Troon-Old-Course.jpg\",\"contentUrl\":\"https:\/\/www.golfiskotland.com\/wp-content\/uploads\/2017\/05\/Golf-Skotland-Royal-Troon-Old-Course.jpg\",\"width\":1451,\"height\":739,\"caption\":\"Golf i Skotland Royal Troon Old Course\"},{\"@type\":\"BreadcrumbList\",\"@id\":\"https:\/\/www.golfiskotland.com\/fr\/golfbaner-i-skotland\/syd-vest-skotland\/royal-troon-old-course\/#breadcrumb\",\"itemListElement\":[{\"@type\":\"ListItem\",\"position\":1,\"name\":\"Home\",\"item\":\"https:\/\/www.golfiskotland.com\/fr\/\"},{\"@type\":\"ListItem\",\"position\":2,\"name\":\"Golfbaner i Skotland\",\"item\":\"https:\/\/www.golfiskotland.com\/fr\/golfbaner-i-skotland\/\"},{\"@type\":\"ListItem\",\"position\":3,\"name\":\"Syd-Vest Skotland\",\"item\":\"https:\/\/www.golfiskotland.com\/fr\/golfbaner-i-skotland\/syd-vest-skotland\/\"},{\"@type\":\"ListItem\",\"position\":4,\"name\":\"Royal Troon (Old Course)\"}]},{\"@type\":\"WebSite\",\"@id\":\"https:\/\/www.golfiskotland.com\/fr\/#website\",\"url\":\"https:\/\/www.golfiskotland.com\/fr\/\",\"name\":\"Golf Skotland\",\"description\":\"Golf ferie i Skotland og i St Andrews\",\"potentialAction\":[{\"@type\":\"SearchAction\",\"target\":{\"@type\":\"EntryPoint\",\"urlTemplate\":\"https:\/\/www.golfiskotland.com\/fr\/?s={search_term_string}\"},\"query-input\":{\"@type\":\"PropertyValueSpecification\",\"valueRequired\":true,\"valueName\":\"search_term_string\"}}],\"inLanguage\":\"fr-FR\"}]}<\/script>\n<!-- \/ Yoast SEO plugin. -->","yoast_head_json":{"title":"Royal Troon (Ol Course) - Golf i Skotland","description":"Grundlagt i 1878 ligger denne lille lille juvel ved kysten i byen Troon. Banen har iscenesat mange Open Championships.","robots":{"index":"index","follow":"follow","max-snippet":"max-snippet:-1","max-image-preview":"max-image-preview:large","max-video-preview":"max-video-preview:-1"},"canonical":"https:\/\/www.golfiskotland.com\/fr\/golfbaner-i-skotland\/syd-vest-skotland\/royal-troon-old-course\/","og_locale":"fr_FR","og_type":"article","og_title":"Royal Troon (Ol Course) - Golf i Skotland","og_description":"Grundlagt i 1878 ligger denne lille lille juvel ved kysten i byen Troon. Banen har iscenesat mange Open Championships.","og_url":"https:\/\/www.golfiskotland.com\/fr\/golfbaner-i-skotland\/syd-vest-skotland\/royal-troon-old-course\/","og_site_name":"Golf Skotland","article_modified_time":"2017-05-25T15:22:28+00:00","og_image":[{"width":1451,"height":739,"url":"https:\/\/www.golfiskotland.com\/wp-content\/uploads\/2017\/05\/Golf-Skotland-Royal-Troon-Old-Course.jpg","type":"image\/jpeg"}],"twitter_card":"summary_large_image","twitter_misc":{"Dur\u00e9e de lecture estim\u00e9e":"1 minute"},"schema":{"@context":"https:\/\/schema.org","@graph":[{"@type":"WebPage","@id":"https:\/\/www.golfiskotland.com\/fr\/golfbaner-i-skotland\/syd-vest-skotland\/royal-troon-old-course\/","url":"https:\/\/www.golfiskotland.com\/fr\/golfbaner-i-skotland\/syd-vest-skotland\/royal-troon-old-course\/","name":"Royal Troon (Ol Course) - Golf i Skotland","isPartOf":{"@id":"https:\/\/www.golfiskotland.com\/fr\/#website"},"primaryImageOfPage":{"@id":"https:\/\/www.golfiskotland.com\/fr\/golfbaner-i-skotland\/syd-vest-skotland\/royal-troon-old-course\/#primaryimage"},"image":{"@id":"https:\/\/www.golfiskotland.com\/fr\/golfbaner-i-skotland\/syd-vest-skotland\/royal-troon-old-course\/#primaryimage"},"thumbnailUrl":"https:\/\/www.golfiskotland.com\/wp-content\/uploads\/2017\/05\/Golf-Skotland-Royal-Troon-Old-Course.jpg","datePublished":"2017-05-23T14:38:20+00:00","dateModified":"2017-05-25T15:22:28+00:00","description":"Grundlagt i 1878 ligger denne lille lille juvel ved kysten i byen Troon. Banen har iscenesat mange Open Championships.","breadcrumb":{"@id":"https:\/\/www.golfiskotland.com\/fr\/golfbaner-i-skotland\/syd-vest-skotland\/royal-troon-old-course\/#breadcrumb"},"inLanguage":"fr-FR","potentialAction":[{"@type":"ReadAction","target":["https:\/\/www.golfiskotland.com\/fr\/golfbaner-i-skotland\/syd-vest-skotland\/royal-troon-old-course\/"]}]},{"@type":"ImageObject","inLanguage":"fr-FR","@id":"https:\/\/www.golfiskotland.com\/fr\/golfbaner-i-skotland\/syd-vest-skotland\/royal-troon-old-course\/#primaryimage","url":"https:\/\/www.golfiskotland.com\/wp-content\/uploads\/2017\/05\/Golf-Skotland-Royal-Troon-Old-Course.jpg","contentUrl":"https:\/\/www.golfiskotland.com\/wp-content\/uploads\/2017\/05\/Golf-Skotland-Royal-Troon-Old-Course.jpg","width":1451,"height":739,"caption":"Golf i Skotland Royal Troon Old Course"},{"@type":"BreadcrumbList","@id":"https:\/\/www.golfiskotland.com\/fr\/golfbaner-i-skotland\/syd-vest-skotland\/royal-troon-old-course\/#breadcrumb","itemListElement":[{"@type":"ListItem","position":1,"name":"Home","item":"https:\/\/www.golfiskotland.com\/fr\/"},{"@type":"ListItem","position":2,"name":"Golfbaner i Skotland","item":"https:\/\/www.golfiskotland.com\/fr\/golfbaner-i-skotland\/"},{"@type":"ListItem","position":3,"name":"Syd-Vest Skotland","item":"https:\/\/www.golfiskotland.com\/fr\/golfbaner-i-skotland\/syd-vest-skotland\/"},{"@type":"ListItem","position":4,"name":"Royal Troon (Old Course)"}]},{"@type":"WebSite","@id":"https:\/\/www.golfiskotland.com\/fr\/#website","url":"https:\/\/www.golfiskotland.com\/fr\/","name":"Golf Skotland","description":"Golf ferie i Skotland og i St Andrews","potentialAction":[{"@type":"SearchAction","target":{"@type":"EntryPoint","urlTemplate":"https:\/\/www.golfiskotland.com\/fr\/?s={search_term_string}"},"query-input":{"@type":"PropertyValueSpecification","valueRequired":true,"valueName":"search_term_string"}}],"inLanguage":"fr-FR"}]}},"_links":{"self":[{"href":"https:\/\/www.golfiskotland.com\/fr\/wp-json\/wp\/v2\/pages\/4935","targetHints":{"allow":["GET"]}}],"collection":[{"href":"https:\/\/www.golfiskotland.com\/fr\/wp-json\/wp\/v2\/pages"}],"about":[{"href":"https:\/\/www.golfiskotland.com\/fr\/wp-json\/wp\/v2\/types\/page"}],"author":[{"embeddable":true,"href":"https:\/\/www.golfiskotland.com\/fr\/wp-json\/wp\/v2\/users\/5"}],"replies":[{"embeddable":true,"href":"https:\/\/www.golfiskotland.com\/fr\/wp-json\/wp\/v2\/comments?post=4935"}],"version-history":[{"count":4,"href":"https:\/\/www.golfiskotland.com\/fr\/wp-json\/wp\/v2\/pages\/4935\/revisions"}],"predecessor-version":[{"id":5504,"href":"https:\/\/www.golfiskotland.com\/fr\/wp-json\/wp\/v2\/pages\/4935\/revisions\/5504"}],"up":[{"embeddable":true,"href":"https:\/\/www.golfiskotland.com\/fr\/wp-json\/wp\/v2\/pages\/5038"}],"wp:featuredmedia":[{"embeddable":true,"href":"https:\/\/www.golfiskotland.com\/fr\/wp-json\/wp\/v2\/media\/5203"}],"wp:attachment":[{"href":"https:\/\/www.golfiskotland.com\/fr\/wp-json\/wp\/v2\/media?parent=4935"}],"curies":[{"name":"wp","href":"https:\/\/api.w.org\/{rel}","templated":true}]}}