{"id":4947,"date":"2017-05-23T15:26:24","date_gmt":"2017-05-23T15:26:24","guid":{"rendered":"https:\/\/www.golfiskotland.com\/?page_id=4947\/"},"modified":"2017-05-25T15:06:18","modified_gmt":"2017-05-25T15:06:18","slug":"dundonald-links","status":"publish","type":"page","link":"https:\/\/www.golfiskotland.com\/fr\/golfbaner-i-skotland\/syd-vest-skotland\/dundonald-links\/","title":{"rendered":"Dundonald Links"},"content":{"rendered":"<table class=\"mceItemTable\" style=\"width: 100%;\" border=\"0\">\n<tbody>\n<tr>\n<td class=\"mceSelected\"><strong>Vores rangering:<\/strong><\/td>\n<td class=\"mceSelected\"><img loading=\"lazy\" decoding=\"async\" class=\"alignleft size-full wp-image-5378\" src=\"https:\/\/www.golfiskotland.com\/wp-content\/uploads\/2017\/05\/star5.png\" alt=\"Golf Skotland 5 stjerner\" width=\"147\" height=\"30\" \/><\/td>\n<td class=\"mceSelected\" colspan=\"2\" rowspan=\"9\" align=\"center\" valign=\"top\" width=\"50%\">\n<p>\n <strong><img loading=\"lazy\" decoding=\"async\" class=\"size-medium wp-image-5055 aligncenter\" src=\"https:\/\/www.golfiskotland.com\/wp-content\/uploads\/2017\/05\/golf-i-skotlandTEST-213x300.png\" alt=\"\" width=\"213\" height=\"300\" srcset=\"https:\/\/www.golfiskotland.com\/wp-content\/uploads\/2017\/05\/golf-i-skotlandTEST-213x300.png 213w, https:\/\/www.golfiskotland.com\/wp-content\/uploads\/2017\/05\/golf-i-skotlandTEST.png 355w\" sizes=\"auto, (max-width: 213px) 100vw, 213px\" \/><br \/>\n <\/strong><\/p>\n<\/td>\n<\/tr>\n<tr>\n<td class=\"mceSelected\"><strong>Skotsk rangering:<\/strong><\/td>\n<td class=\"mceSelected\">20<\/td>\n<\/tr>\n<tr>\n<td class=\"mceSelected\" width=\"30%\"><strong>Arkitekt:<\/strong><\/td>\n<td class=\"mceSelected\" width=\"20%\">Kyle Phillips<\/td>\n<\/tr>\n<tr>\n<td class=\"mceSelected\"><strong>Bygget:<\/strong><\/td>\n<td class=\"mceSelected\">2005<\/td>\n<\/tr>\n<tr>\n<td class=\"mceSelected\"><strong>Par:<\/strong><\/td>\n<td class=\"mceSelected\">72<\/td>\n<\/tr>\n<tr>\n<td class=\"mceSelected\"><strong>Afstand fra St Andrews:<\/strong><\/td>\n<td class=\"mceSelected\">185 km<\/td>\n<\/tr>\n<tr>\n<td class=\"mceSelected\"><strong>Afstand fra <\/strong><strong>Edinburgh:<\/strong><\/td>\n<td class=\"mceSelected\">130 km<\/td>\n<\/tr>\n<tr>\n<td class=\"mceSelected\"><strong>Afstand fra <\/strong><strong>Glasgow:<\/strong><\/td>\n<td class=\"mceSelected\">50 km<\/td>\n<\/tr>\n<tr>\n<td class=\"mceSelected\"><strong>Afstand fra <\/strong><strong>Inverness:<\/strong><\/td>\n<td class=\"mceSelected\">325 km<\/td>\n<\/tr>\n<tr>\n<td class=\"mceSelected\" colspan=\"4\">\n<p>Banen \u00e5bnede i 2005 men er allerede blandt de bedste i Skotland. Det kan vi godt forst\u00e5, eftersom det er den samme arkitekt som ogs\u00e5 st\u00e5r bag Kingsbarns. Den er omgivet af mange andre fantstiske golfbaner som Western Gailes, Glasgow Gailes og Kilmarnock Barassie. Det er en mesterskabsbane med store greens og lange huller.<\/p>\n<\/td>\n<\/tr>\n<\/tbody>\n<\/table>\n<div class=\"one-third first\" style=\"text-align: center;\"><a class=\"button\" href=\"?p=49\">Golfrejser<\/a><\/div>\n<div class=\"one-third\" style=\"text-align: center;\"><a class=\"button\" title=\"Demande de devis\" href=\"?p=631\">F\u00e5 et gratis tilbud<\/a><\/div>\n<div class=\"one-third\" style=\"text-align: center;\"><a class=\"button\" title=\"Contactez-nous\" href=\"?p=59\">Kontakt<\/a><\/div>\n","protected":false},"excerpt":{"rendered":"<p>Vores rangering: Skotsk rangering: 20 Arkitekt: Kyle Phillips Bygget: 2005 Par: 72 Afstand fra St Andrews: 185 km Afstand fra Edinburgh: 130 km Afstand fra Glasgow: 50 km Afstand fra Inverness: 325 km Banen \u00e5bnede i 2005 men er allerede blandt de bedste i Skotland. Det kan vi godt forst\u00e5, eftersom det er den samme [&hellip;]<\/p>\n","protected":false},"author":5,"featured_media":5244,"parent":5038,"menu_order":0,"comment_status":"closed","ping_status":"closed","template":"","meta":{"_genesis_hide_title":false,"_genesis_hide_breadcrumbs":false,"_genesis_hide_singular_image":false,"_genesis_hide_footer_widgets":false,"_genesis_custom_body_class":"","_genesis_custom_post_class":"","_genesis_layout":"","footnotes":""},"class_list":{"0":"post-4947","1":"page","2":"type-page","3":"status-publish","4":"has-post-thumbnail","6":"entry"},"yoast_head":"<!-- This site is optimized with the Yoast SEO plugin v26.2 - https:\/\/yoast.com\/wordpress\/plugins\/seo\/ -->\n<title>Dundonald Links - Golf i Skotland<\/title>\n<meta name=\"description\" content=\"Banen \u00e5bnede i 2005 men er allerede blandt de bedste i Skotland. Det kan vi godt forst\u00e5, eftersom det er den samme arkitekt som ogs\u00e5 st\u00e5r bag Kingsbarns.\" \/>\n<meta name=\"robots\" content=\"index, follow, max-snippet:-1, max-image-preview:large, max-video-preview:-1\" \/>\n<link rel=\"canonical\" href=\"https:\/\/www.golfiskotland.com\/fr\/golfbaner-i-skotland\/syd-vest-skotland\/dundonald-links\/\" \/>\n<meta property=\"og:locale\" content=\"fr_FR\" \/>\n<meta property=\"og:type\" content=\"article\" \/>\n<meta property=\"og:title\" content=\"Dundonald Links - Golf i Skotland\" \/>\n<meta property=\"og:description\" content=\"Banen \u00e5bnede i 2005 men er allerede blandt de bedste i Skotland. Det kan vi godt forst\u00e5, eftersom det er den samme arkitekt som ogs\u00e5 st\u00e5r bag Kingsbarns.\" \/>\n<meta property=\"og:url\" content=\"https:\/\/www.golfiskotland.com\/fr\/golfbaner-i-skotland\/syd-vest-skotland\/dundonald-links\/\" \/>\n<meta property=\"og:site_name\" content=\"Golf Skotland\" \/>\n<meta property=\"article:modified_time\" content=\"2017-05-25T15:06:18+00:00\" \/>\n<meta property=\"og:image\" content=\"https:\/\/www.golfiskotland.com\/wp-content\/uploads\/2017\/05\/Golf-Skotland-Dundonald.jpg\" \/>\n\t<meta property=\"og:image:width\" content=\"2000\" \/>\n\t<meta property=\"og:image:height\" content=\"992\" \/>\n\t<meta property=\"og:image:type\" content=\"image\/jpeg\" \/>\n<meta name=\"twitter:card\" content=\"summary_large_image\" \/>\n<script type=\"application\/ld+json\" class=\"yoast-schema-graph\">{\"@context\":\"https:\/\/schema.org\",\"@graph\":[{\"@type\":\"WebPage\",\"@id\":\"https:\/\/www.golfiskotland.com\/fr\/golfbaner-i-skotland\/syd-vest-skotland\/dundonald-links\/\",\"url\":\"https:\/\/www.golfiskotland.com\/fr\/golfbaner-i-skotland\/syd-vest-skotland\/dundonald-links\/\",\"name\":\"Dundonald Links - Golf i Skotland\",\"isPartOf\":{\"@id\":\"https:\/\/www.golfiskotland.com\/fr\/#website\"},\"primaryImageOfPage\":{\"@id\":\"https:\/\/www.golfiskotland.com\/fr\/golfbaner-i-skotland\/syd-vest-skotland\/dundonald-links\/#primaryimage\"},\"image\":{\"@id\":\"https:\/\/www.golfiskotland.com\/fr\/golfbaner-i-skotland\/syd-vest-skotland\/dundonald-links\/#primaryimage\"},\"thumbnailUrl\":\"https:\/\/www.golfiskotland.com\/wp-content\/uploads\/2017\/05\/Golf-Skotland-Dundonald.jpg\",\"datePublished\":\"2017-05-23T15:26:24+00:00\",\"dateModified\":\"2017-05-25T15:06:18+00:00\",\"description\":\"Banen \u00e5bnede i 2005 men er allerede blandt de bedste i Skotland. Det kan vi godt forst\u00e5, eftersom det er den samme arkitekt som ogs\u00e5 st\u00e5r bag Kingsbarns.\",\"breadcrumb\":{\"@id\":\"https:\/\/www.golfiskotland.com\/fr\/golfbaner-i-skotland\/syd-vest-skotland\/dundonald-links\/#breadcrumb\"},\"inLanguage\":\"fr-FR\",\"potentialAction\":[{\"@type\":\"ReadAction\",\"target\":[\"https:\/\/www.golfiskotland.com\/fr\/golfbaner-i-skotland\/syd-vest-skotland\/dundonald-links\/\"]}]},{\"@type\":\"ImageObject\",\"inLanguage\":\"fr-FR\",\"@id\":\"https:\/\/www.golfiskotland.com\/fr\/golfbaner-i-skotland\/syd-vest-skotland\/dundonald-links\/#primaryimage\",\"url\":\"https:\/\/www.golfiskotland.com\/wp-content\/uploads\/2017\/05\/Golf-Skotland-Dundonald.jpg\",\"contentUrl\":\"https:\/\/www.golfiskotland.com\/wp-content\/uploads\/2017\/05\/Golf-Skotland-Dundonald.jpg\",\"width\":2000,\"height\":992,\"caption\":\"Golf i Skotland Dundonald\"},{\"@type\":\"BreadcrumbList\",\"@id\":\"https:\/\/www.golfiskotland.com\/fr\/golfbaner-i-skotland\/syd-vest-skotland\/dundonald-links\/#breadcrumb\",\"itemListElement\":[{\"@type\":\"ListItem\",\"position\":1,\"name\":\"Home\",\"item\":\"https:\/\/www.golfiskotland.com\/fr\/\"},{\"@type\":\"ListItem\",\"position\":2,\"name\":\"Golfbaner i Skotland\",\"item\":\"https:\/\/www.golfiskotland.com\/fr\/golfbaner-i-skotland\/\"},{\"@type\":\"ListItem\",\"position\":3,\"name\":\"Syd-Vest Skotland\",\"item\":\"https:\/\/www.golfiskotland.com\/fr\/golfbaner-i-skotland\/syd-vest-skotland\/\"},{\"@type\":\"ListItem\",\"position\":4,\"name\":\"Dundonald Links\"}]},{\"@type\":\"WebSite\",\"@id\":\"https:\/\/www.golfiskotland.com\/fr\/#website\",\"url\":\"https:\/\/www.golfiskotland.com\/fr\/\",\"name\":\"Golf Skotland\",\"description\":\"Golf ferie i Skotland og i St Andrews\",\"potentialAction\":[{\"@type\":\"SearchAction\",\"target\":{\"@type\":\"EntryPoint\",\"urlTemplate\":\"https:\/\/www.golfiskotland.com\/fr\/?s={search_term_string}\"},\"query-input\":{\"@type\":\"PropertyValueSpecification\",\"valueRequired\":true,\"valueName\":\"search_term_string\"}}],\"inLanguage\":\"fr-FR\"}]}<\/script>\n<!-- \/ Yoast SEO plugin. -->","yoast_head_json":{"title":"Dundonald Links - Golf i Skotland","description":"Banen \u00e5bnede i 2005 men er allerede blandt de bedste i Skotland. Det kan vi godt forst\u00e5, eftersom det er den samme arkitekt som ogs\u00e5 st\u00e5r bag Kingsbarns.","robots":{"index":"index","follow":"follow","max-snippet":"max-snippet:-1","max-image-preview":"max-image-preview:large","max-video-preview":"max-video-preview:-1"},"canonical":"https:\/\/www.golfiskotland.com\/fr\/golfbaner-i-skotland\/syd-vest-skotland\/dundonald-links\/","og_locale":"fr_FR","og_type":"article","og_title":"Dundonald Links - Golf i Skotland","og_description":"Banen \u00e5bnede i 2005 men er allerede blandt de bedste i Skotland. Det kan vi godt forst\u00e5, eftersom det er den samme arkitekt som ogs\u00e5 st\u00e5r bag Kingsbarns.","og_url":"https:\/\/www.golfiskotland.com\/fr\/golfbaner-i-skotland\/syd-vest-skotland\/dundonald-links\/","og_site_name":"Golf Skotland","article_modified_time":"2017-05-25T15:06:18+00:00","og_image":[{"width":2000,"height":992,"url":"https:\/\/www.golfiskotland.com\/wp-content\/uploads\/2017\/05\/Golf-Skotland-Dundonald.jpg","type":"image\/jpeg"}],"twitter_card":"summary_large_image","schema":{"@context":"https:\/\/schema.org","@graph":[{"@type":"WebPage","@id":"https:\/\/www.golfiskotland.com\/fr\/golfbaner-i-skotland\/syd-vest-skotland\/dundonald-links\/","url":"https:\/\/www.golfiskotland.com\/fr\/golfbaner-i-skotland\/syd-vest-skotland\/dundonald-links\/","name":"Dundonald Links - Golf i Skotland","isPartOf":{"@id":"https:\/\/www.golfiskotland.com\/fr\/#website"},"primaryImageOfPage":{"@id":"https:\/\/www.golfiskotland.com\/fr\/golfbaner-i-skotland\/syd-vest-skotland\/dundonald-links\/#primaryimage"},"image":{"@id":"https:\/\/www.golfiskotland.com\/fr\/golfbaner-i-skotland\/syd-vest-skotland\/dundonald-links\/#primaryimage"},"thumbnailUrl":"https:\/\/www.golfiskotland.com\/wp-content\/uploads\/2017\/05\/Golf-Skotland-Dundonald.jpg","datePublished":"2017-05-23T15:26:24+00:00","dateModified":"2017-05-25T15:06:18+00:00","description":"Banen \u00e5bnede i 2005 men er allerede blandt de bedste i Skotland. Det kan vi godt forst\u00e5, eftersom det er den samme arkitekt som ogs\u00e5 st\u00e5r bag Kingsbarns.","breadcrumb":{"@id":"https:\/\/www.golfiskotland.com\/fr\/golfbaner-i-skotland\/syd-vest-skotland\/dundonald-links\/#breadcrumb"},"inLanguage":"fr-FR","potentialAction":[{"@type":"ReadAction","target":["https:\/\/www.golfiskotland.com\/fr\/golfbaner-i-skotland\/syd-vest-skotland\/dundonald-links\/"]}]},{"@type":"ImageObject","inLanguage":"fr-FR","@id":"https:\/\/www.golfiskotland.com\/fr\/golfbaner-i-skotland\/syd-vest-skotland\/dundonald-links\/#primaryimage","url":"https:\/\/www.golfiskotland.com\/wp-content\/uploads\/2017\/05\/Golf-Skotland-Dundonald.jpg","contentUrl":"https:\/\/www.golfiskotland.com\/wp-content\/uploads\/2017\/05\/Golf-Skotland-Dundonald.jpg","width":2000,"height":992,"caption":"Golf i Skotland Dundonald"},{"@type":"BreadcrumbList","@id":"https:\/\/www.golfiskotland.com\/fr\/golfbaner-i-skotland\/syd-vest-skotland\/dundonald-links\/#breadcrumb","itemListElement":[{"@type":"ListItem","position":1,"name":"Home","item":"https:\/\/www.golfiskotland.com\/fr\/"},{"@type":"ListItem","position":2,"name":"Golfbaner i Skotland","item":"https:\/\/www.golfiskotland.com\/fr\/golfbaner-i-skotland\/"},{"@type":"ListItem","position":3,"name":"Syd-Vest Skotland","item":"https:\/\/www.golfiskotland.com\/fr\/golfbaner-i-skotland\/syd-vest-skotland\/"},{"@type":"ListItem","position":4,"name":"Dundonald Links"}]},{"@type":"WebSite","@id":"https:\/\/www.golfiskotland.com\/fr\/#website","url":"https:\/\/www.golfiskotland.com\/fr\/","name":"Golf Skotland","description":"Golf ferie i Skotland og i St Andrews","potentialAction":[{"@type":"SearchAction","target":{"@type":"EntryPoint","urlTemplate":"https:\/\/www.golfiskotland.com\/fr\/?s={search_term_string}"},"query-input":{"@type":"PropertyValueSpecification","valueRequired":true,"valueName":"search_term_string"}}],"inLanguage":"fr-FR"}]}},"_links":{"self":[{"href":"https:\/\/www.golfiskotland.com\/fr\/wp-json\/wp\/v2\/pages\/4947","targetHints":{"allow":["GET"]}}],"collection":[{"href":"https:\/\/www.golfiskotland.com\/fr\/wp-json\/wp\/v2\/pages"}],"about":[{"href":"https:\/\/www.golfiskotland.com\/fr\/wp-json\/wp\/v2\/types\/page"}],"author":[{"embeddable":true,"href":"https:\/\/www.golfiskotland.com\/fr\/wp-json\/wp\/v2\/users\/5"}],"replies":[{"embeddable":true,"href":"https:\/\/www.golfiskotland.com\/fr\/wp-json\/wp\/v2\/comments?post=4947"}],"version-history":[{"count":4,"href":"https:\/\/www.golfiskotland.com\/fr\/wp-json\/wp\/v2\/pages\/4947\/revisions"}],"predecessor-version":[{"id":5491,"href":"https:\/\/www.golfiskotland.com\/fr\/wp-json\/wp\/v2\/pages\/4947\/revisions\/5491"}],"up":[{"embeddable":true,"href":"https:\/\/www.golfiskotland.com\/fr\/wp-json\/wp\/v2\/pages\/5038"}],"wp:featuredmedia":[{"embeddable":true,"href":"https:\/\/www.golfiskotland.com\/fr\/wp-json\/wp\/v2\/media\/5244"}],"wp:attachment":[{"href":"https:\/\/www.golfiskotland.com\/fr\/wp-json\/wp\/v2\/media?parent=4947"}],"curies":[{"name":"wp","href":"https:\/\/api.w.org\/{rel}","templated":true}]}}