{"id":4950,"date":"2017-05-23T15:32:16","date_gmt":"2017-05-23T15:32:16","guid":{"rendered":"https:\/\/www.golfiskotland.com\/?page_id=4950\/"},"modified":"2017-05-25T15:16:31","modified_gmt":"2017-05-25T15:16:31","slug":"glasgow-gailes","status":"publish","type":"page","link":"https:\/\/www.golfiskotland.com\/fr\/golfbaner-i-skotland\/syd-vest-skotland\/glasgow-gailes\/","title":{"rendered":"Glasgow Gailes"},"content":{"rendered":"<table class=\"mceItemTable\" style=\"width: 99.6683%;\" border=\"0\">\n<tbody>\n<tr style=\"height: 24px;\">\n<td class=\"mceSelected\" style=\"width: 17%; height: 24px;\"><strong>Vores rangering:<\/strong><\/td>\n<td class=\"mceSelected\" style=\"width: 29%; height: 24px;\"><img loading=\"lazy\" decoding=\"async\" class=\"alignleft size-full wp-image-5376\" src=\"https:\/\/www.golfiskotland.com\/wp-content\/uploads\/2017\/05\/star4.png\" alt=\"Golf Skotland 4 stjerner\" width=\"118\" height=\"30\" \/><\/td>\n<td class=\"mceSelected\" style=\"width: 20%; height: 192.524px;\" colspan=\"2\" rowspan=\"9\" align=\"center\" valign=\"top\">\n<p>&nbsp;<\/p>\n<p>\n <strong><img loading=\"lazy\" decoding=\"async\" class=\"size-medium wp-image-5055 aligncenter\" src=\"https:\/\/www.golfiskotland.com\/wp-content\/uploads\/2017\/05\/golf-i-skotlandTEST-213x300.png\" alt=\"\" width=\"213\" height=\"300\" srcset=\"https:\/\/www.golfiskotland.com\/wp-content\/uploads\/2017\/05\/golf-i-skotlandTEST-213x300.png 213w, https:\/\/www.golfiskotland.com\/wp-content\/uploads\/2017\/05\/golf-i-skotlandTEST.png 355w\" sizes=\"auto, (max-width: 213px) 100vw, 213px\" \/><br \/>\n <\/strong><\/p>\n<\/td>\n<\/tr>\n<tr style=\"height: 21px;\">\n<td class=\"mceSelected\" style=\"width: 17%; height: 21px;\"><strong>Skotsk rangering:<\/strong><\/td>\n<td class=\"mceSelected\" style=\"width: 29%; height: 21px;\">43<\/td>\n<\/tr>\n<tr style=\"height: 21.5243px;\">\n<td class=\"mceSelected\" style=\"width: 17%; height: 21.5243px;\"><strong>Arkitekt:<\/strong><\/td>\n<td class=\"mceSelected\" style=\"width: 29%; height: 21.5243px;\">Willie Park Junior &amp; Old Tom Morris<\/td>\n<\/tr>\n<tr style=\"height: 21px;\">\n<td class=\"mceSelected\" style=\"width: 17%; height: 21px;\"><strong>Bygget:<\/strong><\/td>\n<td class=\"mceSelected\" style=\"width: 29%; height: 21px;\">1787<\/td>\n<\/tr>\n<tr style=\"height: 21px;\">\n<td class=\"mceSelected\" style=\"width: 17%; height: 21px;\"><strong>Par:<\/strong><\/td>\n<td class=\"mceSelected\" style=\"width: 29%; height: 21px;\">71<\/td>\n<\/tr>\n<tr style=\"height: 21px;\">\n<td class=\"mceSelected\" style=\"width: 17%; height: 21px;\"><strong>Afstand fra St Andrews:<\/strong><\/td>\n<td class=\"mceSelected\" style=\"width: 29%; height: 21px;\">185 km<\/td>\n<\/tr>\n<tr style=\"height: 21px;\">\n<td class=\"mceSelected\" style=\"width: 17%; height: 21px;\"><strong>Afstand fra<\/strong><strong> Edinburgh:<\/strong><\/td>\n<td class=\"mceSelected\" style=\"width: 29%; height: 21px;\">130 km<\/td>\n<\/tr>\n<tr style=\"height: 21px;\">\n<td class=\"mceSelected\" style=\"width: 17%; height: 21px;\"><strong>Afstand fra<\/strong><strong> Glasgow:<\/strong><\/td>\n<td class=\"mceSelected\" style=\"width: 29%; height: 21px;\">50 km<\/td>\n<\/tr>\n<tr style=\"height: 21px;\">\n<td class=\"mceSelected\" style=\"width: 17%; height: 21px;\"><strong>Afstand fra<\/strong><strong> Inverness:<\/strong><\/td>\n<td class=\"mceSelected\" style=\"width: 29%; height: 21px;\">325 km<\/td>\n<\/tr>\n<tr style=\"height: 44px;\">\n<td class=\"mceSelected\" style=\"width: 66%; height: 44px;\" colspan=\"4\">Glasgow Gailes er den 9. \u00e6ldste golfbane i verden, grundlagt i 1787 . Det er en parkbane, der f\u00f8lger den oprindelige linje fastlagt af Old Tom Morris i december 1903. Banen har v\u00e6ret v\u00e6rt for mange prestigefyldte begivenheder i \u00e5renes l\u00f8b. Dette er en fremragende linksbane med b\u00f8lgende fairways og kvalitets greens der giver stor udfordring for b\u00e5de gode og mindre erfarne golfspillere.<\/td>\n<\/tr>\n<\/tbody>\n<\/table>\n<div class=\"one-third first\" style=\"text-align: center;\"><a class=\"button\" href=\"?p=49\">Golfrejser<\/a><\/div>\n<div class=\"one-third\" style=\"text-align: center;\"><a class=\"button\" title=\"Demande de devis\" href=\"?p=631\">F\u00e5 et gratis tilbud<\/a><\/div>\n<div class=\"one-third\" style=\"text-align: center;\"><a class=\"button\" title=\"Contactez-nous\" href=\"?p=59\">Kontakt<\/a><\/div>\n","protected":false},"excerpt":{"rendered":"<p>Vores rangering: &nbsp; Skotsk rangering: 43 Arkitekt: Willie Park Junior &amp; Old Tom Morris Bygget: 1787 Par: 71 Afstand fra St Andrews: 185 km Afstand fra Edinburgh: 130 km Afstand fra Glasgow: 50 km Afstand fra Inverness: 325 km Glasgow Gailes er den 9. \u00e6ldste golfbane i verden, grundlagt i 1787 . Det er en [&hellip;]<\/p>\n","protected":false},"author":5,"featured_media":5228,"parent":5038,"menu_order":0,"comment_status":"closed","ping_status":"closed","template":"","meta":{"_genesis_hide_title":false,"_genesis_hide_breadcrumbs":false,"_genesis_hide_singular_image":false,"_genesis_hide_footer_widgets":false,"_genesis_custom_body_class":"","_genesis_custom_post_class":"","_genesis_layout":"","footnotes":""},"class_list":{"0":"post-4950","1":"page","2":"type-page","3":"status-publish","4":"has-post-thumbnail","6":"entry"},"yoast_head":"<!-- This site is optimized with the Yoast SEO plugin v26.2 - https:\/\/yoast.com\/wordpress\/plugins\/seo\/ -->\n<title>Glasgow Gailes - Golf i Skotland<\/title>\n<meta name=\"description\" content=\"Glasgow Gailes er den 9. \u00e6ldste golfbane i verden, grundlagt i 1787 .\" \/>\n<meta name=\"robots\" content=\"index, follow, max-snippet:-1, max-image-preview:large, max-video-preview:-1\" \/>\n<link rel=\"canonical\" href=\"https:\/\/www.golfiskotland.com\/fr\/golfbaner-i-skotland\/syd-vest-skotland\/glasgow-gailes\/\" \/>\n<meta property=\"og:locale\" content=\"fr_FR\" \/>\n<meta property=\"og:type\" content=\"article\" \/>\n<meta property=\"og:title\" content=\"Glasgow Gailes - Golf i Skotland\" \/>\n<meta property=\"og:description\" content=\"Glasgow Gailes er den 9. \u00e6ldste golfbane i verden, grundlagt i 1787 .\" \/>\n<meta property=\"og:url\" content=\"https:\/\/www.golfiskotland.com\/fr\/golfbaner-i-skotland\/syd-vest-skotland\/glasgow-gailes\/\" \/>\n<meta property=\"og:site_name\" content=\"Golf Skotland\" \/>\n<meta property=\"article:modified_time\" content=\"2017-05-25T15:16:31+00:00\" \/>\n<meta property=\"og:image\" content=\"https:\/\/www.golfiskotland.com\/wp-content\/uploads\/2017\/05\/Golf-SkotlandGlasgow-Gailes.jpg\" \/>\n\t<meta property=\"og:image:width\" content=\"2000\" \/>\n\t<meta property=\"og:image:height\" content=\"1001\" \/>\n\t<meta property=\"og:image:type\" content=\"image\/jpeg\" \/>\n<meta name=\"twitter:card\" content=\"summary_large_image\" \/>\n<meta name=\"twitter:label1\" content=\"Dur\u00e9e de lecture estim\u00e9e\" \/>\n\t<meta name=\"twitter:data1\" content=\"1 minute\" \/>\n<script type=\"application\/ld+json\" class=\"yoast-schema-graph\">{\"@context\":\"https:\/\/schema.org\",\"@graph\":[{\"@type\":\"WebPage\",\"@id\":\"https:\/\/www.golfiskotland.com\/fr\/golfbaner-i-skotland\/syd-vest-skotland\/glasgow-gailes\/\",\"url\":\"https:\/\/www.golfiskotland.com\/fr\/golfbaner-i-skotland\/syd-vest-skotland\/glasgow-gailes\/\",\"name\":\"Glasgow Gailes - Golf i Skotland\",\"isPartOf\":{\"@id\":\"https:\/\/www.golfiskotland.com\/fr\/#website\"},\"primaryImageOfPage\":{\"@id\":\"https:\/\/www.golfiskotland.com\/fr\/golfbaner-i-skotland\/syd-vest-skotland\/glasgow-gailes\/#primaryimage\"},\"image\":{\"@id\":\"https:\/\/www.golfiskotland.com\/fr\/golfbaner-i-skotland\/syd-vest-skotland\/glasgow-gailes\/#primaryimage\"},\"thumbnailUrl\":\"https:\/\/www.golfiskotland.com\/wp-content\/uploads\/2017\/05\/Golf-SkotlandGlasgow-Gailes.jpg\",\"datePublished\":\"2017-05-23T15:32:16+00:00\",\"dateModified\":\"2017-05-25T15:16:31+00:00\",\"description\":\"Glasgow Gailes er den 9. \u00e6ldste golfbane i verden, grundlagt i 1787 .\",\"breadcrumb\":{\"@id\":\"https:\/\/www.golfiskotland.com\/fr\/golfbaner-i-skotland\/syd-vest-skotland\/glasgow-gailes\/#breadcrumb\"},\"inLanguage\":\"fr-FR\",\"potentialAction\":[{\"@type\":\"ReadAction\",\"target\":[\"https:\/\/www.golfiskotland.com\/fr\/golfbaner-i-skotland\/syd-vest-skotland\/glasgow-gailes\/\"]}]},{\"@type\":\"ImageObject\",\"inLanguage\":\"fr-FR\",\"@id\":\"https:\/\/www.golfiskotland.com\/fr\/golfbaner-i-skotland\/syd-vest-skotland\/glasgow-gailes\/#primaryimage\",\"url\":\"https:\/\/www.golfiskotland.com\/wp-content\/uploads\/2017\/05\/Golf-SkotlandGlasgow-Gailes.jpg\",\"contentUrl\":\"https:\/\/www.golfiskotland.com\/wp-content\/uploads\/2017\/05\/Golf-SkotlandGlasgow-Gailes.jpg\",\"width\":2000,\"height\":1001,\"caption\":\"Golf i Skotland Glasgow Gailes\"},{\"@type\":\"BreadcrumbList\",\"@id\":\"https:\/\/www.golfiskotland.com\/fr\/golfbaner-i-skotland\/syd-vest-skotland\/glasgow-gailes\/#breadcrumb\",\"itemListElement\":[{\"@type\":\"ListItem\",\"position\":1,\"name\":\"Home\",\"item\":\"https:\/\/www.golfiskotland.com\/fr\/\"},{\"@type\":\"ListItem\",\"position\":2,\"name\":\"Golfbaner i Skotland\",\"item\":\"https:\/\/www.golfiskotland.com\/fr\/golfbaner-i-skotland\/\"},{\"@type\":\"ListItem\",\"position\":3,\"name\":\"Syd-Vest Skotland\",\"item\":\"https:\/\/www.golfiskotland.com\/fr\/golfbaner-i-skotland\/syd-vest-skotland\/\"},{\"@type\":\"ListItem\",\"position\":4,\"name\":\"Glasgow Gailes\"}]},{\"@type\":\"WebSite\",\"@id\":\"https:\/\/www.golfiskotland.com\/fr\/#website\",\"url\":\"https:\/\/www.golfiskotland.com\/fr\/\",\"name\":\"Golf Skotland\",\"description\":\"Golf ferie i Skotland og i St Andrews\",\"potentialAction\":[{\"@type\":\"SearchAction\",\"target\":{\"@type\":\"EntryPoint\",\"urlTemplate\":\"https:\/\/www.golfiskotland.com\/fr\/?s={search_term_string}\"},\"query-input\":{\"@type\":\"PropertyValueSpecification\",\"valueRequired\":true,\"valueName\":\"search_term_string\"}}],\"inLanguage\":\"fr-FR\"}]}<\/script>\n<!-- \/ Yoast SEO plugin. -->","yoast_head_json":{"title":"Glasgow Gailes - Golf i Skotland","description":"Glasgow Gailes er den 9. \u00e6ldste golfbane i verden, grundlagt i 1787 .","robots":{"index":"index","follow":"follow","max-snippet":"max-snippet:-1","max-image-preview":"max-image-preview:large","max-video-preview":"max-video-preview:-1"},"canonical":"https:\/\/www.golfiskotland.com\/fr\/golfbaner-i-skotland\/syd-vest-skotland\/glasgow-gailes\/","og_locale":"fr_FR","og_type":"article","og_title":"Glasgow Gailes - Golf i Skotland","og_description":"Glasgow Gailes er den 9. \u00e6ldste golfbane i verden, grundlagt i 1787 .","og_url":"https:\/\/www.golfiskotland.com\/fr\/golfbaner-i-skotland\/syd-vest-skotland\/glasgow-gailes\/","og_site_name":"Golf Skotland","article_modified_time":"2017-05-25T15:16:31+00:00","og_image":[{"width":2000,"height":1001,"url":"https:\/\/www.golfiskotland.com\/wp-content\/uploads\/2017\/05\/Golf-SkotlandGlasgow-Gailes.jpg","type":"image\/jpeg"}],"twitter_card":"summary_large_image","twitter_misc":{"Dur\u00e9e de lecture estim\u00e9e":"1 minute"},"schema":{"@context":"https:\/\/schema.org","@graph":[{"@type":"WebPage","@id":"https:\/\/www.golfiskotland.com\/fr\/golfbaner-i-skotland\/syd-vest-skotland\/glasgow-gailes\/","url":"https:\/\/www.golfiskotland.com\/fr\/golfbaner-i-skotland\/syd-vest-skotland\/glasgow-gailes\/","name":"Glasgow Gailes - Golf i Skotland","isPartOf":{"@id":"https:\/\/www.golfiskotland.com\/fr\/#website"},"primaryImageOfPage":{"@id":"https:\/\/www.golfiskotland.com\/fr\/golfbaner-i-skotland\/syd-vest-skotland\/glasgow-gailes\/#primaryimage"},"image":{"@id":"https:\/\/www.golfiskotland.com\/fr\/golfbaner-i-skotland\/syd-vest-skotland\/glasgow-gailes\/#primaryimage"},"thumbnailUrl":"https:\/\/www.golfiskotland.com\/wp-content\/uploads\/2017\/05\/Golf-SkotlandGlasgow-Gailes.jpg","datePublished":"2017-05-23T15:32:16+00:00","dateModified":"2017-05-25T15:16:31+00:00","description":"Glasgow Gailes er den 9. \u00e6ldste golfbane i verden, grundlagt i 1787 .","breadcrumb":{"@id":"https:\/\/www.golfiskotland.com\/fr\/golfbaner-i-skotland\/syd-vest-skotland\/glasgow-gailes\/#breadcrumb"},"inLanguage":"fr-FR","potentialAction":[{"@type":"ReadAction","target":["https:\/\/www.golfiskotland.com\/fr\/golfbaner-i-skotland\/syd-vest-skotland\/glasgow-gailes\/"]}]},{"@type":"ImageObject","inLanguage":"fr-FR","@id":"https:\/\/www.golfiskotland.com\/fr\/golfbaner-i-skotland\/syd-vest-skotland\/glasgow-gailes\/#primaryimage","url":"https:\/\/www.golfiskotland.com\/wp-content\/uploads\/2017\/05\/Golf-SkotlandGlasgow-Gailes.jpg","contentUrl":"https:\/\/www.golfiskotland.com\/wp-content\/uploads\/2017\/05\/Golf-SkotlandGlasgow-Gailes.jpg","width":2000,"height":1001,"caption":"Golf i Skotland Glasgow Gailes"},{"@type":"BreadcrumbList","@id":"https:\/\/www.golfiskotland.com\/fr\/golfbaner-i-skotland\/syd-vest-skotland\/glasgow-gailes\/#breadcrumb","itemListElement":[{"@type":"ListItem","position":1,"name":"Home","item":"https:\/\/www.golfiskotland.com\/fr\/"},{"@type":"ListItem","position":2,"name":"Golfbaner i Skotland","item":"https:\/\/www.golfiskotland.com\/fr\/golfbaner-i-skotland\/"},{"@type":"ListItem","position":3,"name":"Syd-Vest Skotland","item":"https:\/\/www.golfiskotland.com\/fr\/golfbaner-i-skotland\/syd-vest-skotland\/"},{"@type":"ListItem","position":4,"name":"Glasgow Gailes"}]},{"@type":"WebSite","@id":"https:\/\/www.golfiskotland.com\/fr\/#website","url":"https:\/\/www.golfiskotland.com\/fr\/","name":"Golf Skotland","description":"Golf ferie i Skotland og i St Andrews","potentialAction":[{"@type":"SearchAction","target":{"@type":"EntryPoint","urlTemplate":"https:\/\/www.golfiskotland.com\/fr\/?s={search_term_string}"},"query-input":{"@type":"PropertyValueSpecification","valueRequired":true,"valueName":"search_term_string"}}],"inLanguage":"fr-FR"}]}},"_links":{"self":[{"href":"https:\/\/www.golfiskotland.com\/fr\/wp-json\/wp\/v2\/pages\/4950","targetHints":{"allow":["GET"]}}],"collection":[{"href":"https:\/\/www.golfiskotland.com\/fr\/wp-json\/wp\/v2\/pages"}],"about":[{"href":"https:\/\/www.golfiskotland.com\/fr\/wp-json\/wp\/v2\/types\/page"}],"author":[{"embeddable":true,"href":"https:\/\/www.golfiskotland.com\/fr\/wp-json\/wp\/v2\/users\/5"}],"replies":[{"embeddable":true,"href":"https:\/\/www.golfiskotland.com\/fr\/wp-json\/wp\/v2\/comments?post=4950"}],"version-history":[{"count":4,"href":"https:\/\/www.golfiskotland.com\/fr\/wp-json\/wp\/v2\/pages\/4950\/revisions"}],"predecessor-version":[{"id":5498,"href":"https:\/\/www.golfiskotland.com\/fr\/wp-json\/wp\/v2\/pages\/4950\/revisions\/5498"}],"up":[{"embeddable":true,"href":"https:\/\/www.golfiskotland.com\/fr\/wp-json\/wp\/v2\/pages\/5038"}],"wp:featuredmedia":[{"embeddable":true,"href":"https:\/\/www.golfiskotland.com\/fr\/wp-json\/wp\/v2\/media\/5228"}],"wp:attachment":[{"href":"https:\/\/www.golfiskotland.com\/fr\/wp-json\/wp\/v2\/media?parent=4950"}],"curies":[{"name":"wp","href":"https:\/\/api.w.org\/{rel}","templated":true}]}}