{"id":4954,"date":"2017-05-23T15:37:41","date_gmt":"2017-05-23T15:37:41","guid":{"rendered":"https:\/\/www.golfiskotland.com\/?page_id=4954\/"},"modified":"2017-05-25T15:17:37","modified_gmt":"2017-05-25T15:17:37","slug":"the-carrick-loch-lomond","status":"publish","type":"page","link":"https:\/\/www.golfiskotland.com\/fr\/golfbaner-i-skotland\/syd-vest-skotland\/the-carrick-loch-lomond\/","title":{"rendered":"The Carrick (Loch Lomond)"},"content":{"rendered":"<table class=\"mceItemTable\" style=\"width: 100%;\" border=\"0\">\n<tbody>\n<tr style=\"height: 43px;\">\n<td class=\"mceSelected\" style=\"height: 43px;\"><strong>Vores rangering:<\/strong><\/td>\n<td class=\"mceSelected\" style=\"height: 43px;\"><img loading=\"lazy\" decoding=\"async\" class=\"alignleft size-full wp-image-5376\" src=\"https:\/\/www.golfiskotland.com\/wp-content\/uploads\/2017\/05\/star4.png\" alt=\"Golf Skotland 4 stjerner\" width=\"118\" height=\"30\" \/><\/td>\n<td class=\"mceSelected\" style=\"height: 282.17px;\" colspan=\"2\" rowspan=\"9\" align=\"center\" valign=\"top\" width=\"50%\">\n<p>&nbsp;<\/p>\n<p><img loading=\"lazy\" decoding=\"async\" class=\"size-medium wp-image-5055 aligncenter\" src=\"https:\/\/www.golfiskotland.com\/wp-content\/uploads\/2017\/05\/golf-i-skotlandTEST-213x300.png\" alt=\"\" width=\"213\" height=\"300\" srcset=\"https:\/\/www.golfiskotland.com\/wp-content\/uploads\/2017\/05\/golf-i-skotlandTEST-213x300.png 213w, https:\/\/www.golfiskotland.com\/wp-content\/uploads\/2017\/05\/golf-i-skotlandTEST.png 355w\" sizes=\"auto, (max-width: 213px) 100vw, 213px\" \/><br \/>\n <strong><br \/>\n <\/strong><\/p>\n<\/td>\n<\/tr>\n<tr style=\"height: 30px;\">\n<td class=\"mceSelected\" style=\"height: 30px;\"><strong>Skotsk rangering:<\/strong><\/td>\n<td class=\"mceSelected\" style=\"height: 30px;\">37<\/td>\n<\/tr>\n<tr style=\"height: 27.1701px;\">\n<td class=\"mceSelected\" style=\"height: 27.1701px;\" width=\"30%\"><strong>Arkitekt:<\/strong><\/td>\n<td class=\"mceSelected\" style=\"height: 27.1701px;\" width=\"20%\">Doug Carrick<\/td>\n<\/tr>\n<tr style=\"height: 31px;\">\n<td class=\"mceSelected\" style=\"height: 31px;\"><strong>Bygget:<\/strong><\/td>\n<td class=\"mceSelected\" style=\"height: 31px;\">2006<\/td>\n<\/tr>\n<tr style=\"height: 30px;\">\n<td class=\"mceSelected\" style=\"height: 30px;\"><strong>Par:<\/strong><\/td>\n<td class=\"mceSelected\" style=\"height: 30px;\">71<\/td>\n<\/tr>\n<tr style=\"height: 30px;\">\n<td class=\"mceSelected\" style=\"height: 30px;\"><strong>Afstand fra St Andrews:<\/strong><\/td>\n<td class=\"mceSelected\" style=\"height: 30px;\">175 km<\/td>\n<\/tr>\n<tr style=\"height: 30px;\">\n<td class=\"mceSelected\" style=\"height: 30px;\"><strong>Afstand fra Edinburgh:<\/strong><\/td>\n<td class=\"mceSelected\" style=\"height: 30px;\">120 km<\/td>\n<\/tr>\n<tr style=\"height: 30px;\">\n<td class=\"mceSelected\" style=\"height: 30px;\"><strong>Afstand fra \u00a0 Glasgow:<\/strong><\/td>\n<td class=\"mceSelected\" style=\"height: 30px;\">40 km<\/td>\n<\/tr>\n<tr style=\"height: 31px;\">\n<td class=\"mceSelected\" style=\"height: 31px;\"><strong>Afstand fra\u00a0 Inverness:<\/strong><\/td>\n<td class=\"mceSelected\" style=\"height: 31px;\">235 km<\/td>\n<\/tr>\n<tr style=\"height: 68px;\">\n<td class=\"mceSelected\" style=\"height: 68px;\" colspan=\"4\">Denne vidunderlige bane er designet af Doug Carrick. Den ligger 20 minutter i bil nord for Glasgow.<br \/>\n De f\u00f8rste ni huller holder sig til det klassiske skotske Lavlands design langs bredden af den spektakul\u00e6re Loch Lomond (den st\u00f8rste Loch i Storbritannien), mens backnine har skr\u00e5nende fairways med en utrolig udsigt over Loch Lomond.<\/td>\n<\/tr>\n<\/tbody>\n<\/table>\n<div class=\"one-third first\" style=\"text-align: center;\"><a class=\"button\" href=\"?p=49\">Golfrejser<\/a><\/div>\n<div class=\"one-third\" style=\"text-align: center;\"><a class=\"button\" title=\"Demande de devis\" href=\"?p=631\">F\u00e5 et gratis tilbud<\/a><\/div>\n<div class=\"one-third\" style=\"text-align: center;\"><a class=\"button\" title=\"Contactez-nous\" href=\"?p=59\">Kontakt<\/a><\/div>\n","protected":false},"excerpt":{"rendered":"<p>Vores rangering: &nbsp; Skotsk rangering: 37 Arkitekt: Doug Carrick Bygget: 2006 Par: 71 Afstand fra St Andrews: 175 km Afstand fra Edinburgh: 120 km Afstand fra \u00a0 Glasgow: 40 km Afstand fra\u00a0 Inverness: 235 km Denne vidunderlige bane er designet af Doug Carrick. Den ligger 20 minutter i bil nord for Glasgow. De f\u00f8rste ni [&hellip;]<\/p>\n","protected":false},"author":5,"featured_media":5224,"parent":5038,"menu_order":0,"comment_status":"closed","ping_status":"closed","template":"","meta":{"_genesis_hide_title":false,"_genesis_hide_breadcrumbs":false,"_genesis_hide_singular_image":false,"_genesis_hide_footer_widgets":false,"_genesis_custom_body_class":"","_genesis_custom_post_class":"","_genesis_layout":"","footnotes":""},"class_list":{"0":"post-4954","1":"page","2":"type-page","3":"status-publish","4":"has-post-thumbnail","6":"entry"},"yoast_head":"<!-- This site is optimized with the Yoast SEO plugin v26.2 - https:\/\/yoast.com\/wordpress\/plugins\/seo\/ -->\n<title>The Carrick (Loch Lomond) - Golf i Skotland<\/title>\n<meta name=\"description\" content=\"Denne vidunderlige bane er designet af Doug Carrick. Den ligger 20 minutter i bil nord for Glasgow.\" \/>\n<meta name=\"robots\" content=\"index, follow, max-snippet:-1, max-image-preview:large, max-video-preview:-1\" \/>\n<link rel=\"canonical\" href=\"https:\/\/www.golfiskotland.com\/fr\/golfbaner-i-skotland\/syd-vest-skotland\/the-carrick-loch-lomond\/\" \/>\n<meta property=\"og:locale\" content=\"fr_FR\" \/>\n<meta property=\"og:type\" content=\"article\" \/>\n<meta property=\"og:title\" content=\"The Carrick (Loch Lomond) - Golf i Skotland\" \/>\n<meta property=\"og:description\" content=\"Denne vidunderlige bane er designet af Doug Carrick. Den ligger 20 minutter i bil nord for Glasgow.\" \/>\n<meta property=\"og:url\" content=\"https:\/\/www.golfiskotland.com\/fr\/golfbaner-i-skotland\/syd-vest-skotland\/the-carrick-loch-lomond\/\" \/>\n<meta property=\"og:site_name\" content=\"Golf Skotland\" \/>\n<meta property=\"article:modified_time\" content=\"2017-05-25T15:17:37+00:00\" \/>\n<meta property=\"og:image\" content=\"https:\/\/www.golfiskotland.com\/wp-content\/uploads\/2017\/05\/Golf-Skotland-Carrick-Loch-Lomond.jpg\" \/>\n\t<meta property=\"og:image:width\" content=\"2000\" \/>\n\t<meta property=\"og:image:height\" content=\"1200\" \/>\n\t<meta property=\"og:image:type\" content=\"image\/jpeg\" \/>\n<meta name=\"twitter:card\" content=\"summary_large_image\" \/>\n<script type=\"application\/ld+json\" class=\"yoast-schema-graph\">{\"@context\":\"https:\/\/schema.org\",\"@graph\":[{\"@type\":\"WebPage\",\"@id\":\"https:\/\/www.golfiskotland.com\/fr\/golfbaner-i-skotland\/syd-vest-skotland\/the-carrick-loch-lomond\/\",\"url\":\"https:\/\/www.golfiskotland.com\/fr\/golfbaner-i-skotland\/syd-vest-skotland\/the-carrick-loch-lomond\/\",\"name\":\"The Carrick (Loch Lomond) - Golf i Skotland\",\"isPartOf\":{\"@id\":\"https:\/\/www.golfiskotland.com\/fr\/#website\"},\"primaryImageOfPage\":{\"@id\":\"https:\/\/www.golfiskotland.com\/fr\/golfbaner-i-skotland\/syd-vest-skotland\/the-carrick-loch-lomond\/#primaryimage\"},\"image\":{\"@id\":\"https:\/\/www.golfiskotland.com\/fr\/golfbaner-i-skotland\/syd-vest-skotland\/the-carrick-loch-lomond\/#primaryimage\"},\"thumbnailUrl\":\"https:\/\/www.golfiskotland.com\/wp-content\/uploads\/2017\/05\/Golf-Skotland-Carrick-Loch-Lomond.jpg\",\"datePublished\":\"2017-05-23T15:37:41+00:00\",\"dateModified\":\"2017-05-25T15:17:37+00:00\",\"description\":\"Denne vidunderlige bane er designet af Doug Carrick. Den ligger 20 minutter i bil nord for Glasgow.\",\"breadcrumb\":{\"@id\":\"https:\/\/www.golfiskotland.com\/fr\/golfbaner-i-skotland\/syd-vest-skotland\/the-carrick-loch-lomond\/#breadcrumb\"},\"inLanguage\":\"fr-FR\",\"potentialAction\":[{\"@type\":\"ReadAction\",\"target\":[\"https:\/\/www.golfiskotland.com\/fr\/golfbaner-i-skotland\/syd-vest-skotland\/the-carrick-loch-lomond\/\"]}]},{\"@type\":\"ImageObject\",\"inLanguage\":\"fr-FR\",\"@id\":\"https:\/\/www.golfiskotland.com\/fr\/golfbaner-i-skotland\/syd-vest-skotland\/the-carrick-loch-lomond\/#primaryimage\",\"url\":\"https:\/\/www.golfiskotland.com\/wp-content\/uploads\/2017\/05\/Golf-Skotland-Carrick-Loch-Lomond.jpg\",\"contentUrl\":\"https:\/\/www.golfiskotland.com\/wp-content\/uploads\/2017\/05\/Golf-Skotland-Carrick-Loch-Lomond.jpg\",\"width\":2000,\"height\":1200},{\"@type\":\"BreadcrumbList\",\"@id\":\"https:\/\/www.golfiskotland.com\/fr\/golfbaner-i-skotland\/syd-vest-skotland\/the-carrick-loch-lomond\/#breadcrumb\",\"itemListElement\":[{\"@type\":\"ListItem\",\"position\":1,\"name\":\"Home\",\"item\":\"https:\/\/www.golfiskotland.com\/fr\/\"},{\"@type\":\"ListItem\",\"position\":2,\"name\":\"Golfbaner i Skotland\",\"item\":\"https:\/\/www.golfiskotland.com\/fr\/golfbaner-i-skotland\/\"},{\"@type\":\"ListItem\",\"position\":3,\"name\":\"Syd-Vest Skotland\",\"item\":\"https:\/\/www.golfiskotland.com\/fr\/golfbaner-i-skotland\/syd-vest-skotland\/\"},{\"@type\":\"ListItem\",\"position\":4,\"name\":\"The Carrick (Loch Lomond)\"}]},{\"@type\":\"WebSite\",\"@id\":\"https:\/\/www.golfiskotland.com\/fr\/#website\",\"url\":\"https:\/\/www.golfiskotland.com\/fr\/\",\"name\":\"Golf Skotland\",\"description\":\"Golf ferie i Skotland og i St Andrews\",\"potentialAction\":[{\"@type\":\"SearchAction\",\"target\":{\"@type\":\"EntryPoint\",\"urlTemplate\":\"https:\/\/www.golfiskotland.com\/fr\/?s={search_term_string}\"},\"query-input\":{\"@type\":\"PropertyValueSpecification\",\"valueRequired\":true,\"valueName\":\"search_term_string\"}}],\"inLanguage\":\"fr-FR\"}]}<\/script>\n<!-- \/ Yoast SEO plugin. -->","yoast_head_json":{"title":"The Carrick (Loch Lomond) - Golf i Skotland","description":"Denne vidunderlige bane er designet af Doug Carrick. Den ligger 20 minutter i bil nord for Glasgow.","robots":{"index":"index","follow":"follow","max-snippet":"max-snippet:-1","max-image-preview":"max-image-preview:large","max-video-preview":"max-video-preview:-1"},"canonical":"https:\/\/www.golfiskotland.com\/fr\/golfbaner-i-skotland\/syd-vest-skotland\/the-carrick-loch-lomond\/","og_locale":"fr_FR","og_type":"article","og_title":"The Carrick (Loch Lomond) - Golf i Skotland","og_description":"Denne vidunderlige bane er designet af Doug Carrick. Den ligger 20 minutter i bil nord for Glasgow.","og_url":"https:\/\/www.golfiskotland.com\/fr\/golfbaner-i-skotland\/syd-vest-skotland\/the-carrick-loch-lomond\/","og_site_name":"Golf Skotland","article_modified_time":"2017-05-25T15:17:37+00:00","og_image":[{"width":2000,"height":1200,"url":"https:\/\/www.golfiskotland.com\/wp-content\/uploads\/2017\/05\/Golf-Skotland-Carrick-Loch-Lomond.jpg","type":"image\/jpeg"}],"twitter_card":"summary_large_image","schema":{"@context":"https:\/\/schema.org","@graph":[{"@type":"WebPage","@id":"https:\/\/www.golfiskotland.com\/fr\/golfbaner-i-skotland\/syd-vest-skotland\/the-carrick-loch-lomond\/","url":"https:\/\/www.golfiskotland.com\/fr\/golfbaner-i-skotland\/syd-vest-skotland\/the-carrick-loch-lomond\/","name":"The Carrick (Loch Lomond) - Golf i Skotland","isPartOf":{"@id":"https:\/\/www.golfiskotland.com\/fr\/#website"},"primaryImageOfPage":{"@id":"https:\/\/www.golfiskotland.com\/fr\/golfbaner-i-skotland\/syd-vest-skotland\/the-carrick-loch-lomond\/#primaryimage"},"image":{"@id":"https:\/\/www.golfiskotland.com\/fr\/golfbaner-i-skotland\/syd-vest-skotland\/the-carrick-loch-lomond\/#primaryimage"},"thumbnailUrl":"https:\/\/www.golfiskotland.com\/wp-content\/uploads\/2017\/05\/Golf-Skotland-Carrick-Loch-Lomond.jpg","datePublished":"2017-05-23T15:37:41+00:00","dateModified":"2017-05-25T15:17:37+00:00","description":"Denne vidunderlige bane er designet af Doug Carrick. Den ligger 20 minutter i bil nord for Glasgow.","breadcrumb":{"@id":"https:\/\/www.golfiskotland.com\/fr\/golfbaner-i-skotland\/syd-vest-skotland\/the-carrick-loch-lomond\/#breadcrumb"},"inLanguage":"fr-FR","potentialAction":[{"@type":"ReadAction","target":["https:\/\/www.golfiskotland.com\/fr\/golfbaner-i-skotland\/syd-vest-skotland\/the-carrick-loch-lomond\/"]}]},{"@type":"ImageObject","inLanguage":"fr-FR","@id":"https:\/\/www.golfiskotland.com\/fr\/golfbaner-i-skotland\/syd-vest-skotland\/the-carrick-loch-lomond\/#primaryimage","url":"https:\/\/www.golfiskotland.com\/wp-content\/uploads\/2017\/05\/Golf-Skotland-Carrick-Loch-Lomond.jpg","contentUrl":"https:\/\/www.golfiskotland.com\/wp-content\/uploads\/2017\/05\/Golf-Skotland-Carrick-Loch-Lomond.jpg","width":2000,"height":1200},{"@type":"BreadcrumbList","@id":"https:\/\/www.golfiskotland.com\/fr\/golfbaner-i-skotland\/syd-vest-skotland\/the-carrick-loch-lomond\/#breadcrumb","itemListElement":[{"@type":"ListItem","position":1,"name":"Home","item":"https:\/\/www.golfiskotland.com\/fr\/"},{"@type":"ListItem","position":2,"name":"Golfbaner i Skotland","item":"https:\/\/www.golfiskotland.com\/fr\/golfbaner-i-skotland\/"},{"@type":"ListItem","position":3,"name":"Syd-Vest Skotland","item":"https:\/\/www.golfiskotland.com\/fr\/golfbaner-i-skotland\/syd-vest-skotland\/"},{"@type":"ListItem","position":4,"name":"The Carrick (Loch Lomond)"}]},{"@type":"WebSite","@id":"https:\/\/www.golfiskotland.com\/fr\/#website","url":"https:\/\/www.golfiskotland.com\/fr\/","name":"Golf Skotland","description":"Golf ferie i Skotland og i St Andrews","potentialAction":[{"@type":"SearchAction","target":{"@type":"EntryPoint","urlTemplate":"https:\/\/www.golfiskotland.com\/fr\/?s={search_term_string}"},"query-input":{"@type":"PropertyValueSpecification","valueRequired":true,"valueName":"search_term_string"}}],"inLanguage":"fr-FR"}]}},"_links":{"self":[{"href":"https:\/\/www.golfiskotland.com\/fr\/wp-json\/wp\/v2\/pages\/4954","targetHints":{"allow":["GET"]}}],"collection":[{"href":"https:\/\/www.golfiskotland.com\/fr\/wp-json\/wp\/v2\/pages"}],"about":[{"href":"https:\/\/www.golfiskotland.com\/fr\/wp-json\/wp\/v2\/types\/page"}],"author":[{"embeddable":true,"href":"https:\/\/www.golfiskotland.com\/fr\/wp-json\/wp\/v2\/users\/5"}],"replies":[{"embeddable":true,"href":"https:\/\/www.golfiskotland.com\/fr\/wp-json\/wp\/v2\/comments?post=4954"}],"version-history":[{"count":4,"href":"https:\/\/www.golfiskotland.com\/fr\/wp-json\/wp\/v2\/pages\/4954\/revisions"}],"predecessor-version":[{"id":5499,"href":"https:\/\/www.golfiskotland.com\/fr\/wp-json\/wp\/v2\/pages\/4954\/revisions\/5499"}],"up":[{"embeddable":true,"href":"https:\/\/www.golfiskotland.com\/fr\/wp-json\/wp\/v2\/pages\/5038"}],"wp:featuredmedia":[{"embeddable":true,"href":"https:\/\/www.golfiskotland.com\/fr\/wp-json\/wp\/v2\/media\/5224"}],"wp:attachment":[{"href":"https:\/\/www.golfiskotland.com\/fr\/wp-json\/wp\/v2\/media?parent=4954"}],"curies":[{"name":"wp","href":"https:\/\/api.w.org\/{rel}","templated":true}]}}