{"id":4960,"date":"2017-05-23T15:44:49","date_gmt":"2017-05-23T15:44:49","guid":{"rendered":"https:\/\/www.golfiskotland.com\/?page_id=4960\/"},"modified":"2017-05-25T15:05:28","modified_gmt":"2017-05-25T15:05:28","slug":"rowallan-castle","status":"publish","type":"page","link":"https:\/\/www.golfiskotland.com\/fr\/golfbaner-i-skotland\/syd-vest-skotland\/rowallan-castle\/","title":{"rendered":"Rowallan Castle"},"content":{"rendered":"<table class=\"mceItemTable\" style=\"width: 100%;\" border=\"0\">\n<tbody>\n<tr>\n<td class=\"mceSelected\"><strong>Vores rangering:<\/strong><\/td>\n<td class=\"mceSelected\"><img loading=\"lazy\" decoding=\"async\" class=\"alignleft size-full wp-image-5376\" src=\"https:\/\/www.golfiskotland.com\/wp-content\/uploads\/2017\/05\/star4.png\" alt=\"Golf Skotland 4 stjerner\" width=\"118\" height=\"30\" \/><\/td>\n<td class=\"mceSelected\" colspan=\"2\" rowspan=\"9\" align=\"center\" valign=\"top\" width=\"50%\">\n<p>&nbsp;<\/p>\n<p>\n <strong><img loading=\"lazy\" decoding=\"async\" class=\"size-medium wp-image-5055 aligncenter\" src=\"https:\/\/www.golfiskotland.com\/wp-content\/uploads\/2017\/05\/golf-i-skotlandTEST-213x300.png\" alt=\"\" width=\"213\" height=\"300\" srcset=\"https:\/\/www.golfiskotland.com\/wp-content\/uploads\/2017\/05\/golf-i-skotlandTEST-213x300.png 213w, https:\/\/www.golfiskotland.com\/wp-content\/uploads\/2017\/05\/golf-i-skotlandTEST.png 355w\" sizes=\"auto, (max-width: 213px) 100vw, 213px\" \/><br \/>\n <\/strong><\/p>\n<\/td>\n<\/tr>\n<tr>\n<td class=\"mceSelected\" width=\"30%\"><strong>Arkitekt:<\/strong><\/td>\n<td class=\"mceSelected\" width=\"20%\">Colin Montgomerie<\/td>\n<\/tr>\n<tr>\n<td class=\"mceSelected\"><strong>Bygget:<\/strong><\/td>\n<td class=\"mceSelected\">2010<\/td>\n<\/tr>\n<tr>\n<td class=\"mceSelected\"><strong>Par:<\/strong><\/td>\n<td class=\"mceSelected\">71<\/td>\n<\/tr>\n<tr>\n<td class=\"mceSelected\"><strong>Afstand fra St Andrews:<\/strong><\/td>\n<td class=\"mceSelected\">165 km<\/td>\n<\/tr>\n<tr>\n<td class=\"mceSelected\"><strong>Afstand fra Edinburgh:<\/strong><\/td>\n<td class=\"mceSelected\">120 km<\/td>\n<\/tr>\n<tr>\n<td class=\"mceSelected\"><strong>Afstand fra \u00a0 Glasgow:<\/strong><\/td>\n<td class=\"mceSelected\">35 km<\/td>\n<\/tr>\n<tr>\n<td class=\"mceSelected\"><strong>Afstand fra\u00a0 Inverness<\/strong><\/td>\n<td class=\"mceSelected\">310 km<\/td>\n<\/tr>\n<tr>\n<td class=\"mceSelected\"><strong>\u00a0<\/strong><\/td>\n<td class=\"mceSelected\">\u00a0<\/td>\n<\/tr>\n<tr>\n<td class=\"mceSelected\" colspan=\"4\">Otte gange som European No 1 golfspiller og 2010 Ryder Cup kaptajn!!! Colin Montgomerie har valgt et af de fineste steder i hjertet af det maleriske Ayrshire til at designe sin f\u00f8rste bane p\u00e5 de britiske \u00f8er.<br \/>\n Fordelt p\u00e5 600 acres af et af Skotlands mest glorv\u00e6rdige omr\u00e5det, hvor Rowallan har to af de fineste slotte i landet, som baggrund for denne helt igennem fantastiske bane.<\/td>\n<\/tr>\n<\/tbody>\n<\/table>\n<div class=\"one-third first\" style=\"text-align: center;\"><a class=\"button\" href=\"?p=49\">Golfrejser<\/a><\/div>\n<div class=\"one-third\" style=\"text-align: center;\"><a class=\"button\" title=\"Demande de devis\" href=\"?p=631\">F\u00e5 et gratis tilbud<\/a><\/div>\n<div class=\"one-third\" style=\"text-align: center;\"><a class=\"button\" title=\"Contactez-nous\" href=\"?p=59\">Kontakt<\/a><\/div>\n","protected":false},"excerpt":{"rendered":"<p>Vores rangering: &nbsp; Arkitekt: Colin Montgomerie Bygget: 2010 Par: 71 Afstand fra St Andrews: 165 km Afstand fra Edinburgh: 120 km Afstand fra \u00a0 Glasgow: 35 km Afstand fra\u00a0 Inverness 310 km \u00a0 \u00a0 Otte gange som European No 1 golfspiller og 2010 Ryder Cup kaptajn!!! Colin Montgomerie har valgt et af de fineste steder [&hellip;]<\/p>\n","protected":false},"author":5,"featured_media":5248,"parent":5038,"menu_order":0,"comment_status":"closed","ping_status":"closed","template":"","meta":{"_genesis_hide_title":false,"_genesis_hide_breadcrumbs":false,"_genesis_hide_singular_image":false,"_genesis_hide_footer_widgets":false,"_genesis_custom_body_class":"","_genesis_custom_post_class":"","_genesis_layout":"","footnotes":""},"class_list":{"0":"post-4960","1":"page","2":"type-page","3":"status-publish","4":"has-post-thumbnail","6":"entry"},"yoast_head":"<!-- This site is optimized with the Yoast SEO plugin v26.2 - https:\/\/yoast.com\/wordpress\/plugins\/seo\/ -->\n<title>Rowallan Castle - Golf i Skotland<\/title>\n<meta name=\"description\" content=\"Otte gange som European No 1 golfspiller og 2010 Ryder Cup kaptajn!!\" \/>\n<meta name=\"robots\" content=\"index, follow, max-snippet:-1, max-image-preview:large, max-video-preview:-1\" \/>\n<link rel=\"canonical\" href=\"https:\/\/www.golfiskotland.com\/fr\/golfbaner-i-skotland\/syd-vest-skotland\/rowallan-castle\/\" \/>\n<meta property=\"og:locale\" content=\"fr_FR\" \/>\n<meta property=\"og:type\" content=\"article\" \/>\n<meta property=\"og:title\" content=\"Rowallan Castle - Golf i Skotland\" \/>\n<meta property=\"og:description\" content=\"Otte gange som European No 1 golfspiller og 2010 Ryder Cup kaptajn!!\" \/>\n<meta property=\"og:url\" content=\"https:\/\/www.golfiskotland.com\/fr\/golfbaner-i-skotland\/syd-vest-skotland\/rowallan-castle\/\" \/>\n<meta property=\"og:site_name\" content=\"Golf Skotland\" \/>\n<meta property=\"article:modified_time\" content=\"2017-05-25T15:05:28+00:00\" \/>\n<meta property=\"og:image\" content=\"https:\/\/www.golfiskotland.com\/wp-content\/uploads\/2017\/05\/Golf-Skotland-Rowallan-Castle.jpg\" \/>\n\t<meta property=\"og:image:width\" content=\"2000\" \/>\n\t<meta property=\"og:image:height\" content=\"1087\" \/>\n\t<meta property=\"og:image:type\" content=\"image\/jpeg\" \/>\n<meta name=\"twitter:card\" content=\"summary_large_image\" \/>\n<script type=\"application\/ld+json\" class=\"yoast-schema-graph\">{\"@context\":\"https:\/\/schema.org\",\"@graph\":[{\"@type\":\"WebPage\",\"@id\":\"https:\/\/www.golfiskotland.com\/fr\/golfbaner-i-skotland\/syd-vest-skotland\/rowallan-castle\/\",\"url\":\"https:\/\/www.golfiskotland.com\/fr\/golfbaner-i-skotland\/syd-vest-skotland\/rowallan-castle\/\",\"name\":\"Rowallan Castle - Golf i Skotland\",\"isPartOf\":{\"@id\":\"https:\/\/www.golfiskotland.com\/fr\/#website\"},\"primaryImageOfPage\":{\"@id\":\"https:\/\/www.golfiskotland.com\/fr\/golfbaner-i-skotland\/syd-vest-skotland\/rowallan-castle\/#primaryimage\"},\"image\":{\"@id\":\"https:\/\/www.golfiskotland.com\/fr\/golfbaner-i-skotland\/syd-vest-skotland\/rowallan-castle\/#primaryimage\"},\"thumbnailUrl\":\"https:\/\/www.golfiskotland.com\/wp-content\/uploads\/2017\/05\/Golf-Skotland-Rowallan-Castle.jpg\",\"datePublished\":\"2017-05-23T15:44:49+00:00\",\"dateModified\":\"2017-05-25T15:05:28+00:00\",\"description\":\"Otte gange som European No 1 golfspiller og 2010 Ryder Cup kaptajn!!\",\"breadcrumb\":{\"@id\":\"https:\/\/www.golfiskotland.com\/fr\/golfbaner-i-skotland\/syd-vest-skotland\/rowallan-castle\/#breadcrumb\"},\"inLanguage\":\"fr-FR\",\"potentialAction\":[{\"@type\":\"ReadAction\",\"target\":[\"https:\/\/www.golfiskotland.com\/fr\/golfbaner-i-skotland\/syd-vest-skotland\/rowallan-castle\/\"]}]},{\"@type\":\"ImageObject\",\"inLanguage\":\"fr-FR\",\"@id\":\"https:\/\/www.golfiskotland.com\/fr\/golfbaner-i-skotland\/syd-vest-skotland\/rowallan-castle\/#primaryimage\",\"url\":\"https:\/\/www.golfiskotland.com\/wp-content\/uploads\/2017\/05\/Golf-Skotland-Rowallan-Castle.jpg\",\"contentUrl\":\"https:\/\/www.golfiskotland.com\/wp-content\/uploads\/2017\/05\/Golf-Skotland-Rowallan-Castle.jpg\",\"width\":2000,\"height\":1087},{\"@type\":\"BreadcrumbList\",\"@id\":\"https:\/\/www.golfiskotland.com\/fr\/golfbaner-i-skotland\/syd-vest-skotland\/rowallan-castle\/#breadcrumb\",\"itemListElement\":[{\"@type\":\"ListItem\",\"position\":1,\"name\":\"Home\",\"item\":\"https:\/\/www.golfiskotland.com\/fr\/\"},{\"@type\":\"ListItem\",\"position\":2,\"name\":\"Golfbaner i Skotland\",\"item\":\"https:\/\/www.golfiskotland.com\/fr\/golfbaner-i-skotland\/\"},{\"@type\":\"ListItem\",\"position\":3,\"name\":\"Syd-Vest Skotland\",\"item\":\"https:\/\/www.golfiskotland.com\/fr\/golfbaner-i-skotland\/syd-vest-skotland\/\"},{\"@type\":\"ListItem\",\"position\":4,\"name\":\"Rowallan Castle\"}]},{\"@type\":\"WebSite\",\"@id\":\"https:\/\/www.golfiskotland.com\/fr\/#website\",\"url\":\"https:\/\/www.golfiskotland.com\/fr\/\",\"name\":\"Golf Skotland\",\"description\":\"Golf ferie i Skotland og i St Andrews\",\"potentialAction\":[{\"@type\":\"SearchAction\",\"target\":{\"@type\":\"EntryPoint\",\"urlTemplate\":\"https:\/\/www.golfiskotland.com\/fr\/?s={search_term_string}\"},\"query-input\":{\"@type\":\"PropertyValueSpecification\",\"valueRequired\":true,\"valueName\":\"search_term_string\"}}],\"inLanguage\":\"fr-FR\"}]}<\/script>\n<!-- \/ Yoast SEO plugin. -->","yoast_head_json":{"title":"Rowallan Castle - Golf i Skotland","description":"Otte gange som European No 1 golfspiller og 2010 Ryder Cup kaptajn!!","robots":{"index":"index","follow":"follow","max-snippet":"max-snippet:-1","max-image-preview":"max-image-preview:large","max-video-preview":"max-video-preview:-1"},"canonical":"https:\/\/www.golfiskotland.com\/fr\/golfbaner-i-skotland\/syd-vest-skotland\/rowallan-castle\/","og_locale":"fr_FR","og_type":"article","og_title":"Rowallan Castle - Golf i Skotland","og_description":"Otte gange som European No 1 golfspiller og 2010 Ryder Cup kaptajn!!","og_url":"https:\/\/www.golfiskotland.com\/fr\/golfbaner-i-skotland\/syd-vest-skotland\/rowallan-castle\/","og_site_name":"Golf Skotland","article_modified_time":"2017-05-25T15:05:28+00:00","og_image":[{"width":2000,"height":1087,"url":"https:\/\/www.golfiskotland.com\/wp-content\/uploads\/2017\/05\/Golf-Skotland-Rowallan-Castle.jpg","type":"image\/jpeg"}],"twitter_card":"summary_large_image","schema":{"@context":"https:\/\/schema.org","@graph":[{"@type":"WebPage","@id":"https:\/\/www.golfiskotland.com\/fr\/golfbaner-i-skotland\/syd-vest-skotland\/rowallan-castle\/","url":"https:\/\/www.golfiskotland.com\/fr\/golfbaner-i-skotland\/syd-vest-skotland\/rowallan-castle\/","name":"Rowallan Castle - Golf i Skotland","isPartOf":{"@id":"https:\/\/www.golfiskotland.com\/fr\/#website"},"primaryImageOfPage":{"@id":"https:\/\/www.golfiskotland.com\/fr\/golfbaner-i-skotland\/syd-vest-skotland\/rowallan-castle\/#primaryimage"},"image":{"@id":"https:\/\/www.golfiskotland.com\/fr\/golfbaner-i-skotland\/syd-vest-skotland\/rowallan-castle\/#primaryimage"},"thumbnailUrl":"https:\/\/www.golfiskotland.com\/wp-content\/uploads\/2017\/05\/Golf-Skotland-Rowallan-Castle.jpg","datePublished":"2017-05-23T15:44:49+00:00","dateModified":"2017-05-25T15:05:28+00:00","description":"Otte gange som European No 1 golfspiller og 2010 Ryder Cup kaptajn!!","breadcrumb":{"@id":"https:\/\/www.golfiskotland.com\/fr\/golfbaner-i-skotland\/syd-vest-skotland\/rowallan-castle\/#breadcrumb"},"inLanguage":"fr-FR","potentialAction":[{"@type":"ReadAction","target":["https:\/\/www.golfiskotland.com\/fr\/golfbaner-i-skotland\/syd-vest-skotland\/rowallan-castle\/"]}]},{"@type":"ImageObject","inLanguage":"fr-FR","@id":"https:\/\/www.golfiskotland.com\/fr\/golfbaner-i-skotland\/syd-vest-skotland\/rowallan-castle\/#primaryimage","url":"https:\/\/www.golfiskotland.com\/wp-content\/uploads\/2017\/05\/Golf-Skotland-Rowallan-Castle.jpg","contentUrl":"https:\/\/www.golfiskotland.com\/wp-content\/uploads\/2017\/05\/Golf-Skotland-Rowallan-Castle.jpg","width":2000,"height":1087},{"@type":"BreadcrumbList","@id":"https:\/\/www.golfiskotland.com\/fr\/golfbaner-i-skotland\/syd-vest-skotland\/rowallan-castle\/#breadcrumb","itemListElement":[{"@type":"ListItem","position":1,"name":"Home","item":"https:\/\/www.golfiskotland.com\/fr\/"},{"@type":"ListItem","position":2,"name":"Golfbaner i Skotland","item":"https:\/\/www.golfiskotland.com\/fr\/golfbaner-i-skotland\/"},{"@type":"ListItem","position":3,"name":"Syd-Vest Skotland","item":"https:\/\/www.golfiskotland.com\/fr\/golfbaner-i-skotland\/syd-vest-skotland\/"},{"@type":"ListItem","position":4,"name":"Rowallan Castle"}]},{"@type":"WebSite","@id":"https:\/\/www.golfiskotland.com\/fr\/#website","url":"https:\/\/www.golfiskotland.com\/fr\/","name":"Golf Skotland","description":"Golf ferie i Skotland og i St Andrews","potentialAction":[{"@type":"SearchAction","target":{"@type":"EntryPoint","urlTemplate":"https:\/\/www.golfiskotland.com\/fr\/?s={search_term_string}"},"query-input":{"@type":"PropertyValueSpecification","valueRequired":true,"valueName":"search_term_string"}}],"inLanguage":"fr-FR"}]}},"_links":{"self":[{"href":"https:\/\/www.golfiskotland.com\/fr\/wp-json\/wp\/v2\/pages\/4960","targetHints":{"allow":["GET"]}}],"collection":[{"href":"https:\/\/www.golfiskotland.com\/fr\/wp-json\/wp\/v2\/pages"}],"about":[{"href":"https:\/\/www.golfiskotland.com\/fr\/wp-json\/wp\/v2\/types\/page"}],"author":[{"embeddable":true,"href":"https:\/\/www.golfiskotland.com\/fr\/wp-json\/wp\/v2\/users\/5"}],"replies":[{"embeddable":true,"href":"https:\/\/www.golfiskotland.com\/fr\/wp-json\/wp\/v2\/comments?post=4960"}],"version-history":[{"count":4,"href":"https:\/\/www.golfiskotland.com\/fr\/wp-json\/wp\/v2\/pages\/4960\/revisions"}],"predecessor-version":[{"id":5490,"href":"https:\/\/www.golfiskotland.com\/fr\/wp-json\/wp\/v2\/pages\/4960\/revisions\/5490"}],"up":[{"embeddable":true,"href":"https:\/\/www.golfiskotland.com\/fr\/wp-json\/wp\/v2\/pages\/5038"}],"wp:featuredmedia":[{"embeddable":true,"href":"https:\/\/www.golfiskotland.com\/fr\/wp-json\/wp\/v2\/media\/5248"}],"wp:attachment":[{"href":"https:\/\/www.golfiskotland.com\/fr\/wp-json\/wp\/v2\/media?parent=4960"}],"curies":[{"name":"wp","href":"https:\/\/api.w.org\/{rel}","templated":true}]}}