{"id":5036,"date":"2017-05-24T10:56:49","date_gmt":"2017-05-24T10:56:49","guid":{"rendered":"https:\/\/www.golfiskotland.com\/?page_id=5036\/"},"modified":"2017-06-20T15:20:23","modified_gmt":"2017-06-20T15:20:23","slug":"5036-2","status":"publish","type":"page","link":"https:\/\/www.golfiskotland.com\/fr\/golfbaner-i-skotland\/5036-2\/","title":{"rendered":"H\u00f8jlandet i Skotland"},"content":{"rendered":"<div class=\"two-thirds first\">\n<p>Traditionelle linksbaner og sublime kulisser pr\u00e6ger denne vidunderlige region. Det skotske h\u00f8jland tilbyder nogle af de bedste mesterskabsbaner i landet som Royal Dornoch, Nairn West, Spey Valley og Castle Stuart, der passer til ethvert budget og ethvert niveau af golfspillere.<br \/>\n Ved at klikke p\u00e5 navnet p\u00e5 en af de golfbaner i venstre side af kortet, vil en menu vise den n\u00f8jagtige beliggenhed af banen. Hvis De \u00f8nsker at se beskrivelsen af golfbanen, skal De klikke p\u00e5 linket eller billedet i menuen.<\/p>\n<p>&nbsp;<\/p>\n<p class=\"error\">Basic Google Maps Placemarks erreur\u00a0: les fichiers JavaScript et\/ou CSS n\u2019ont pas pu \u00eatre charg\u00e9s. SI vous utilisez la fonction do_shortcode(), vous devez d\u2019abord ajouter un filtre \u00e0 votre th\u00e8me. Voir <a href=\"http:\/\/wordpress.org\/extend\/plugins\/basic-google-maps-placemarks\/faq\/\">la FAQ<\/a> pour plus de d\u00e9tails.<\/p>\n<\/div>\n<div class=\"one-third\">\n<h2>Golf Course Regions<\/h2>\n<ul>\n<li><a title=\"St Andrews i Skotland\" href=\"https:\/\/www.golfiskotland.com\/fr\/golfbaner-i-skotland\/st-andrews-i-skotland\/\">St Andrews i Skotland<\/a><\/li>\n<li><a title=\"H\u00f8jlandet i Skotland\" href=\"https:\/\/www.golfiskotland.com\/fr\/golfbaner-i-skotland\/5036-2\/\">H\u00f8jlandet i Skotland<\/a><\/li>\n<li><a title=\"Syd-Vest Skotland\" href=\"https:\/\/www.golfiskotland.com\/fr\/golfbaner-i-skotland\/syd-vest-skotland\/\">Syd-Vest Skotland<\/a><\/li>\n<li><a title=\"Syd-\u00d8st Skotland\" href=\"https:\/\/www.golfiskotland.com\/fr\/golfbaner-i-skotland\/syd-ost-skotland\/\">Syd-\u00d8st Skotland<\/a><\/li>\n<li><a title=\"Midt Skotland\" href=\"https:\/\/www.golfiskotland.com\/fr\/golfbaner-i-skotland\/midt-skotland\/\">Midt Skotland<\/a><\/li>\n<li><a title=\"Nord-\u00d8st Skotland\" href=\"https:\/\/www.golfiskotland.com\/fr\/golfbaner-i-skotland\/nord-ost-skotland\/\">Nord-\u00d8st Skotland<\/a><\/li>\n<\/ul>\n<h2>Golf Courses<\/h2>\n<ul id=\"bgmp_list\" class=\"bgmp_list\"><li id=\"bgmp_list-item-5618\" class=\"bgmp_list-item\">\n\t<h3 class=\"bgmp_list-placemark-title\">\n\t\tRoyal Dornoch\n\t\t\t\t\t<span class=\"bgmp_view-on-map-container\">\n\t\t\t\t[<a href=\"javascript:;\" data-marker-id=\"5618\" class=\"bgmp_view-on-map\">\n\t\t\t\t\tView\t\t\t\t<\/a>]\n\t\t\t<\/span>\n\t\t\t<\/h3>\n\n\t<div class=\"bgmp_list-description\">\n\t\t\t\t<p><a href=\"https:\/\/www.golfiskotland.com\/fr\/golfbaner-i-skotland\/5036-2\/royal-dornoch\/\"><img loading=\"lazy\" decoding=\"async\" class=\"size-full wp-image-5628 aligncenter\" src=\"https:\/\/www.golfiskotland.com\/wp-content\/uploads\/2017\/05\/Royal-Dornoch.jpg\" alt=\"Royal Dornoch\" width=\"150\" height=\"120\" \/><\/a><\/p>\n<p><a href=\"https:\/\/www.golfiskotland.com\/fr\/golfbaner-i-skotland\/5036-2\/royal-dornoch\/\">Klik her for at se billeder\u00a0og information af banen<\/a><\/p>\n\t<\/div>\n\n\t<p class=\"bgmp_list-link\">\n\t\t<a href=\"http:\/\/google.com\/maps?q=57.879461,+-4.023865\">\n\t\t\t57.879461, -4.023865\t\t<\/a>\n\t<\/p>\n<\/li>\n<li id=\"bgmp_list-item-5619\" class=\"bgmp_list-item\">\n\t<h3 class=\"bgmp_list-placemark-title\">\n\t\tCastle Stuart\n\t\t\t\t\t<span class=\"bgmp_view-on-map-container\">\n\t\t\t\t[<a href=\"javascript:;\" data-marker-id=\"5619\" class=\"bgmp_view-on-map\">\n\t\t\t\t\tView\t\t\t\t<\/a>]\n\t\t\t<\/span>\n\t\t\t<\/h3>\n\n\t<div class=\"bgmp_list-description\">\n\t\t\t\t<p><a href=\"https:\/\/www.golfiskotland.com\/fr\/golfbaner-i-skotland\/5036-2\/castle-stuart\/\"><img loading=\"lazy\" decoding=\"async\" class=\"size-full wp-image-5631 aligncenter\" src=\"https:\/\/www.golfiskotland.com\/wp-content\/uploads\/2017\/05\/Castle-Stuart.jpg\" alt=\"Castle Stuart\" width=\"150\" height=\"100\" \/><\/a><\/p>\n<p><a href=\"https:\/\/www.golfiskotland.com\/fr\/golfbaner-i-skotland\/5036-2\/castle-stuart\/\">Klik her for at se billeder\u00a0og information af banen<\/a><\/p>\n\t<\/div>\n\n\t<p class=\"bgmp_list-link\">\n\t\t<a href=\"http:\/\/google.com\/maps?q=57.529134,+-4.102581\">\n\t\t\t57.529134, -4.102581\t\t<\/a>\n\t<\/p>\n<\/li>\n<li id=\"bgmp_list-item-5620\" class=\"bgmp_list-item\">\n\t<h3 class=\"bgmp_list-placemark-title\">\n\t\tNairn\n\t\t\t\t\t<span class=\"bgmp_view-on-map-container\">\n\t\t\t\t[<a href=\"javascript:;\" data-marker-id=\"5620\" class=\"bgmp_view-on-map\">\n\t\t\t\t\tView\t\t\t\t<\/a>]\n\t\t\t<\/span>\n\t\t\t<\/h3>\n\n\t<div class=\"bgmp_list-description\">\n\t\t\t\t<p><a href=\"https:\/\/www.golfiskotland.com\/fr\/golfbaner-i-skotland\/5036-2\/nairn-west\/\"><img loading=\"lazy\" decoding=\"async\" class=\"size-full wp-image-5634 aligncenter\" src=\"https:\/\/www.golfiskotland.com\/wp-content\/uploads\/2017\/05\/Nairn.jpg\" alt=\"Nairn\" width=\"150\" height=\"102\" \/><\/a><\/p>\n<p><a href=\"https:\/\/www.golfiskotland.com\/fr\/golfbaner-i-skotland\/5036-2\/nairn-west\/\">Klik her for at se billeder\u00a0og information af banen<\/a><\/p>\n\t<\/div>\n\n\t<p class=\"bgmp_list-link\">\n\t\t<a href=\"http:\/\/google.com\/maps?q=57.587494,+-3.896839\">\n\t\t\t57.587494, -3.896839\t\t<\/a>\n\t<\/p>\n<\/li>\n<li id=\"bgmp_list-item-5637\" class=\"bgmp_list-item\">\n\t<h3 class=\"bgmp_list-placemark-title\">\n\t\tSkibo Castle\n\t\t\t\t\t<span class=\"bgmp_view-on-map-container\">\n\t\t\t\t[<a href=\"javascript:;\" data-marker-id=\"5637\" class=\"bgmp_view-on-map\">\n\t\t\t\t\tView\t\t\t\t<\/a>]\n\t\t\t<\/span>\n\t\t\t<\/h3>\n\n\t<div class=\"bgmp_list-description\">\n\t\t\t\t<p><a href=\"https:\/\/www.golfiskotland.com\/fr\/golfbaner-i-skotland\/5036-2\/skibo-castle\/\"><img loading=\"lazy\" decoding=\"async\" class=\"size-full wp-image-5638 aligncenter\" src=\"https:\/\/www.golfiskotland.com\/wp-content\/uploads\/2017\/05\/Skibo-Castle.jpg\" alt=\"Skibo Castle\" width=\"150\" height=\"100\" \/><\/a><\/p>\n<p><a href=\"https:\/\/www.golfiskotland.com\/fr\/golfbaner-i-skotland\/5036-2\/skibo-castle\/\">Klik her for at se billeder\u00a0og information af banen<\/a><\/p>\n\t<\/div>\n\n\t<p class=\"bgmp_list-link\">\n\t\t<a href=\"http:\/\/google.com\/maps?q=57.872775,+-4.131617\">\n\t\t\t57.872775, -4.131617\t\t<\/a>\n\t<\/p>\n<\/li>\n<li id=\"bgmp_list-item-5296\" class=\"bgmp_list-item\">\n\t<h3 class=\"bgmp_list-placemark-title\">\n\t\tBrora\n\t\t\t\t\t<span class=\"bgmp_view-on-map-container\">\n\t\t\t\t[<a href=\"javascript:;\" data-marker-id=\"5296\" class=\"bgmp_view-on-map\">\n\t\t\t\t\tView\t\t\t\t<\/a>]\n\t\t\t<\/span>\n\t\t\t<\/h3>\n\n\t<div class=\"bgmp_list-description\">\n\t\t\t\t<p><a title=\"Brora\" href=\"https:\/\/www.golfiskotland.com\/fr\/golfbaner-i-skotland\/5036-2\/brora\/\"><img loading=\"lazy\" decoding=\"async\" class=\"aligncenter wp-image-19738 size-full\" src=\"https:\/\/www.golfiskotland.com\/wp-content\/uploads\/2014\/12\/Brora-Par3-SeaView.jpg\" alt=\"Sea view on Brora Golf Course\" width=\"150\" height=\"100\" \/><\/a><\/p>\n<p><a title=\"Brora\" href=\"https:\/\/www.golfiskotland.com\/fr\/golfbaner-i-skotland\/5036-2\/brora\/\">Click here to view images\u00a0and details of the course<\/a><\/p>\n\t<\/div>\n\n\t<p class=\"bgmp_list-link\">\n\t\t<a href=\"http:\/\/google.com\/maps?q=58.01956,+-3.84556\">\n\t\t\t58.01956, -3.84556\t\t<\/a>\n\t<\/p>\n<\/li>\n<li id=\"bgmp_list-item-5642\" class=\"bgmp_list-item\">\n\t<h3 class=\"bgmp_list-placemark-title\">\n\t\tMoray (Old)\n\t\t\t\t\t<span class=\"bgmp_view-on-map-container\">\n\t\t\t\t[<a href=\"javascript:;\" data-marker-id=\"5642\" class=\"bgmp_view-on-map\">\n\t\t\t\t\tView\t\t\t\t<\/a>]\n\t\t\t<\/span>\n\t\t\t<\/h3>\n\n\t<div class=\"bgmp_list-description\">\n\t\t\t\t<p><a href=\"https:\/\/www.golfiskotland.com\/fr\/golfbaner-i-skotland\/5036-2\/moray-old\/\"><img loading=\"lazy\" decoding=\"async\" class=\"size-full wp-image-5647 aligncenter\" src=\"https:\/\/www.golfiskotland.com\/wp-content\/uploads\/2017\/05\/Moray-Old.jpg\" alt=\"Moray Old\" width=\"150\" height=\"85\" \/><\/a><\/p>\n<p><a href=\"https:\/\/www.golfiskotland.com\/fr\/golfbaner-i-skotland\/5036-2\/moray-old\/\">Klik her for at se billeder\u00a0og information af banen<\/a><\/p>\n<p>&nbsp;<\/p>\n\t<\/div>\n\n\t<p class=\"bgmp_list-link\">\n\t\t<a href=\"http:\/\/google.com\/maps?q=57.719511,+-3.315606\">\n\t\t\t57.719511, -3.315606\t\t<\/a>\n\t<\/p>\n<\/li>\n<li id=\"bgmp_list-item-5643\" class=\"bgmp_list-item\">\n\t<h3 class=\"bgmp_list-placemark-title\">\n\t\tSpey Valley\n\t\t\t\t\t<span class=\"bgmp_view-on-map-container\">\n\t\t\t\t[<a href=\"javascript:;\" data-marker-id=\"5643\" class=\"bgmp_view-on-map\">\n\t\t\t\t\tView\t\t\t\t<\/a>]\n\t\t\t<\/span>\n\t\t\t<\/h3>\n\n\t<div class=\"bgmp_list-description\">\n\t\t\t\t<p><a href=\"https:\/\/www.golfiskotland.com\/fr\/golfbaner-i-skotland\/5036-2\/spey-valley\/\"><img loading=\"lazy\" decoding=\"async\" class=\"size-full wp-image-5650 aligncenter\" src=\"https:\/\/www.golfiskotland.com\/wp-content\/uploads\/2017\/05\/Spey-Valley.jpg\" alt=\"Spey Valley\" width=\"150\" height=\"113\" \/><\/a><\/p>\n<p><a href=\"https:\/\/www.golfiskotland.com\/fr\/golfbaner-i-skotland\/5036-2\/spey-valley\/\">Klik her for at se billeder\u00a0og information af banen<\/a><\/p>\n\t<\/div>\n\n\t<p class=\"bgmp_list-link\">\n\t\t<a href=\"http:\/\/google.com\/maps?q=57.199017,+-3.815182\">\n\t\t\t57.199017, -3.815182\t\t<\/a>\n\t<\/p>\n<\/li>\n<li id=\"bgmp_list-item-5644\" class=\"bgmp_list-item\">\n\t<h3 class=\"bgmp_list-placemark-title\">\n\t\tBoat of Garten\n\t\t\t\t\t<span class=\"bgmp_view-on-map-container\">\n\t\t\t\t[<a href=\"javascript:;\" data-marker-id=\"5644\" class=\"bgmp_view-on-map\">\n\t\t\t\t\tView\t\t\t\t<\/a>]\n\t\t\t<\/span>\n\t\t\t<\/h3>\n\n\t<div class=\"bgmp_list-description\">\n\t\t\t\t<p><a href=\"https:\/\/www.golfiskotland.com\/fr\/golfbaner-i-skotland\/5036-2\/boat-of-garten\/\"><img loading=\"lazy\" decoding=\"async\" class=\"size-full wp-image-5653 aligncenter\" src=\"https:\/\/www.golfiskotland.com\/wp-content\/uploads\/2017\/05\/BoatOfGarten.jpg\" alt=\"Boat Of Garten\" width=\"150\" height=\"100\" \/><\/a><\/p>\n<p><a href=\"https:\/\/www.golfiskotland.com\/fr\/golfbaner-i-skotland\/5036-2\/boat-of-garten\/\">Klik her for at se billeder\u00a0og information af banen<\/a><\/p>\n\t<\/div>\n\n\t<p class=\"bgmp_list-link\">\n\t\t<a href=\"http:\/\/google.com\/maps?q=57.250311,+-3.751377\">\n\t\t\t57.250311, -3.751377\t\t<\/a>\n\t<\/p>\n<\/li>\n<li id=\"bgmp_list-item-5656\" class=\"bgmp_list-item\">\n\t<h3 class=\"bgmp_list-placemark-title\">\n\t\tTain\n\t\t\t\t\t<span class=\"bgmp_view-on-map-container\">\n\t\t\t\t[<a href=\"javascript:;\" data-marker-id=\"5656\" class=\"bgmp_view-on-map\">\n\t\t\t\t\tView\t\t\t\t<\/a>]\n\t\t\t<\/span>\n\t\t\t<\/h3>\n\n\t<div class=\"bgmp_list-description\">\n\t\t\t\t<p><a href=\"https:\/\/www.golfiskotland.com\/fr\/golfbaner-i-skotland\/5036-2\/tain\/\"><img loading=\"lazy\" decoding=\"async\" class=\"size-full wp-image-5662 aligncenter\" src=\"https:\/\/www.golfiskotland.com\/wp-content\/uploads\/2017\/05\/Tain.jpg\" alt=\"Tain\" width=\"150\" height=\"113\" \/><\/a><\/p>\n<p><a href=\"https:\/\/www.golfiskotland.com\/fr\/golfbaner-i-skotland\/5036-2\/tain\/\">Klik her for at se billeder\u00a0og information af banen<\/a><\/p>\n\t<\/div>\n\n\t<p class=\"bgmp_list-link\">\n\t\t<a href=\"http:\/\/google.com\/maps?q=57.816264,+-4.026291\">\n\t\t\t57.816264, -4.026291\t\t<\/a>\n\t<\/p>\n<\/li>\n<li id=\"bgmp_list-item-5657\" class=\"bgmp_list-item\">\n\t<h3 class=\"bgmp_list-placemark-title\">\n\t\tFortrose and Rosemarkie\n\t\t\t\t\t<span class=\"bgmp_view-on-map-container\">\n\t\t\t\t[<a href=\"javascript:;\" data-marker-id=\"5657\" class=\"bgmp_view-on-map\">\n\t\t\t\t\tView\t\t\t\t<\/a>]\n\t\t\t<\/span>\n\t\t\t<\/h3>\n\n\t<div class=\"bgmp_list-description\">\n\t\t\t\t<p><a href=\"https:\/\/www.golfiskotland.com\/fr\/golfbaner-i-skotland\/5036-2\/fortrose-et-rosemarkie\/\"><img loading=\"lazy\" decoding=\"async\" class=\"size-full wp-image-5665 aligncenter\" src=\"https:\/\/www.golfiskotland.com\/wp-content\/uploads\/2017\/05\/Fortrose-and-Rosemarkie.jpg\" alt=\"Fortrose and Rosemarkie\" width=\"150\" height=\"95\" \/><\/a><\/p>\n<p><a href=\"https:\/\/www.golfiskotland.com\/fr\/golfbaner-i-skotland\/5036-2\/fortrose-et-rosemarkie\/\">Klik her for at se billeder\u00a0og information af banen<\/a><\/p>\n\t<\/div>\n\n\t<p class=\"bgmp_list-link\">\n\t\t<a href=\"http:\/\/google.com\/maps?q=57.582445,+-4.108809\">\n\t\t\t57.582445, -4.108809\t\t<\/a>\n\t<\/p>\n<\/li>\n<li id=\"bgmp_list-item-5658\" class=\"bgmp_list-item\">\n\t<h3 class=\"bgmp_list-placemark-title\">\n\t\tGolspie\n\t\t\t\t\t<span class=\"bgmp_view-on-map-container\">\n\t\t\t\t[<a href=\"javascript:;\" data-marker-id=\"5658\" class=\"bgmp_view-on-map\">\n\t\t\t\t\tView\t\t\t\t<\/a>]\n\t\t\t<\/span>\n\t\t\t<\/h3>\n\n\t<div class=\"bgmp_list-description\">\n\t\t\t\t<p><a href=\"https:\/\/www.golfiskotland.com\/fr\/golfbaner-i-skotland\/5036-2\/golspie\/\"><img loading=\"lazy\" decoding=\"async\" class=\"size-full wp-image-5668 aligncenter\" src=\"https:\/\/www.golfiskotland.com\/wp-content\/uploads\/2017\/05\/Golspie.jpg\" alt=\"Golspie\" width=\"150\" height=\"113\" \/><\/a><\/p>\n<p><a href=\"https:\/\/www.golfiskotland.com\/fr\/golfbaner-i-skotland\/5036-2\/golspie\/\">Klik her for at se billeder\u00a0og information af banen<\/a><\/p>\n\t<\/div>\n\n\t<p class=\"bgmp_list-link\">\n\t\t<a href=\"http:\/\/google.com\/maps?q=57.965009,+-3.990838\">\n\t\t\t57.965009, -3.990838\t\t<\/a>\n\t<\/p>\n<\/li>\n<li id=\"bgmp_list-item-5659\" class=\"bgmp_list-item\">\n\t<h3 class=\"bgmp_list-placemark-title\">\n\t\tNairn Dunbar\n\t\t\t\t\t<span class=\"bgmp_view-on-map-container\">\n\t\t\t\t[<a href=\"javascript:;\" data-marker-id=\"5659\" class=\"bgmp_view-on-map\">\n\t\t\t\t\tView\t\t\t\t<\/a>]\n\t\t\t<\/span>\n\t\t\t<\/h3>\n\n\t<div class=\"bgmp_list-description\">\n\t\t\t\t<p><a href=\"https:\/\/www.golfiskotland.com\/fr\/golfbaner-i-skotland\/5036-2\/nairn\/\"><img loading=\"lazy\" decoding=\"async\" class=\"size-full wp-image-5671 aligncenter\" src=\"https:\/\/www.golfiskotland.com\/wp-content\/uploads\/2017\/05\/Nairn-Dunbar.jpg\" alt=\"Nairn Dunbar\" width=\"150\" height=\"94\" \/><\/a><\/p>\n<p><a href=\"https:\/\/www.golfiskotland.com\/fr\/golfbaner-i-skotland\/5036-2\/nairn\/\">Klik her for at se billeder\u00a0og information af banen<\/a><\/p>\n\t<\/div>\n\n\t<p class=\"bgmp_list-link\">\n\t\t<a href=\"http:\/\/google.com\/maps?q=57.586217,+-3.859074\">\n\t\t\t57.586217, -3.859074\t\t<\/a>\n\t<\/p>\n<\/li>\n<li id=\"bgmp_list-item-5660\" class=\"bgmp_list-item\">\n\t<h3 class=\"bgmp_list-placemark-title\">\n\t\tKingussie\n\t\t\t\t\t<span class=\"bgmp_view-on-map-container\">\n\t\t\t\t[<a href=\"javascript:;\" data-marker-id=\"5660\" class=\"bgmp_view-on-map\">\n\t\t\t\t\tView\t\t\t\t<\/a>]\n\t\t\t<\/span>\n\t\t\t<\/h3>\n\n\t<div class=\"bgmp_list-description\">\n\t\t\t\t<p><a href=\"https:\/\/www.golfiskotland.com\/fr\/golfbaner-i-skotland\/5036-2\/kingussie\/\"><img loading=\"lazy\" decoding=\"async\" class=\"size-full wp-image-5674 aligncenter\" src=\"https:\/\/www.golfiskotland.com\/wp-content\/uploads\/2017\/05\/Kingussie.jpg\" alt=\"Kingussie\" width=\"150\" height=\"113\" \/><\/a><\/p>\n<p><a href=\"https:\/\/www.golfiskotland.com\/fr\/golfbaner-i-skotland\/5036-2\/kingussie\/\">Klik her for at se billeder\u00a0og information af banen<\/a><\/p>\n\t<\/div>\n\n\t<p class=\"bgmp_list-link\">\n\t\t<a href=\"http:\/\/google.com\/maps?q=57.088158,+-4.055120\">\n\t\t\t57.088158, -4.055120\t\t<\/a>\n\t<\/p>\n<\/li>\n<li id=\"bgmp_list-item-5661\" class=\"bgmp_list-item\">\n\t<h3 class=\"bgmp_list-placemark-title\">\n\t\tGrantown on Spey\n\t\t\t\t\t<span class=\"bgmp_view-on-map-container\">\n\t\t\t\t[<a href=\"javascript:;\" data-marker-id=\"5661\" class=\"bgmp_view-on-map\">\n\t\t\t\t\tView\t\t\t\t<\/a>]\n\t\t\t<\/span>\n\t\t\t<\/h3>\n\n\t<div class=\"bgmp_list-description\">\n\t\t\t\t<p><a href=\"https:\/\/www.golfiskotland.com\/fr\/golfbaner-i-skotland\/5036-2\/grantown-on-spey\/\"><img loading=\"lazy\" decoding=\"async\" class=\"size-full wp-image-5677 aligncenter\" src=\"https:\/\/www.golfiskotland.com\/wp-content\/uploads\/2017\/05\/Grantown-on-Spey.jpg\" alt=\"Grantown on Spey\" width=\"150\" height=\"113\" \/><\/a><\/p>\n<p><a href=\"https:\/\/www.golfiskotland.com\/fr\/golfbaner-i-skotland\/5036-2\/grantown-on-spey\/\">Klik her for at se billeder\u00a0og information af banen<\/a><\/p>\n\t<\/div>\n\n\t<p class=\"bgmp_list-link\">\n\t\t<a href=\"http:\/\/google.com\/maps?q=57.332669,+-3.599464\">\n\t\t\t57.332669, -3.599464\t\t<\/a>\n\t<\/p>\n<\/li>\n<\/ul>\n<\/div>\n","protected":false},"excerpt":{"rendered":"<p>Traditionelle linksbaner og sublime kulisser pr\u00e6ger denne vidunderlige region. Det skotske h\u00f8jland tilbyder nogle af de bedste mesterskabsbaner i landet som Royal Dornoch, Nairn West, Spey Valley og Castle Stuart, der passer til ethvert budget og ethvert niveau af golfspillere. Ved at klikke p\u00e5 navnet p\u00e5 en af de golfbaner i venstre side af kortet, [&hellip;]<\/p>\n","protected":false},"author":5,"featured_media":5919,"parent":51,"menu_order":0,"comment_status":"closed","ping_status":"closed","template":"","meta":{"_genesis_hide_title":false,"_genesis_hide_breadcrumbs":false,"_genesis_hide_singular_image":false,"_genesis_hide_footer_widgets":false,"_genesis_custom_body_class":"","_genesis_custom_post_class":"","_genesis_layout":"","footnotes":""},"class_list":{"0":"post-5036","1":"page","2":"type-page","3":"status-publish","4":"has-post-thumbnail","6":"entry"},"yoast_head":"<!-- This site is optimized with the Yoast SEO plugin v26.2 - https:\/\/yoast.com\/wordpress\/plugins\/seo\/ -->\n<title>H\u00f8jlandet<\/title>\n<meta name=\"description\" content=\"Det skotske h\u00f8jland tilbyder nogle af de bedste mesterskabsbaner i landet som Royal Dornoch, Nairn West, Spey Valley og Castle Stuart.\" \/>\n<meta name=\"robots\" content=\"index, follow, max-snippet:-1, max-image-preview:large, max-video-preview:-1\" \/>\n<link rel=\"canonical\" href=\"https:\/\/www.golfiskotland.com\/fr\/golfbaner-i-skotland\/5036-2\/\" \/>\n<meta property=\"og:locale\" content=\"fr_FR\" \/>\n<meta property=\"og:type\" content=\"article\" \/>\n<meta property=\"og:title\" content=\"H\u00f8jlandet\" \/>\n<meta property=\"og:description\" content=\"Det skotske h\u00f8jland tilbyder nogle af de bedste mesterskabsbaner i landet som Royal Dornoch, Nairn West, Spey Valley og Castle Stuart.\" \/>\n<meta property=\"og:url\" content=\"https:\/\/www.golfiskotland.com\/fr\/golfbaner-i-skotland\/5036-2\/\" \/>\n<meta property=\"og:site_name\" content=\"Golf Skotland\" \/>\n<meta property=\"article:modified_time\" content=\"2017-06-20T15:20:23+00:00\" \/>\n<meta property=\"og:image\" content=\"https:\/\/www.golfiskotland.com\/wp-content\/uploads\/2017\/05\/H\u00f8jlandet-i-Skotland.jpg\" \/>\n\t<meta property=\"og:image:width\" content=\"1595\" \/>\n\t<meta property=\"og:image:height\" content=\"872\" \/>\n\t<meta property=\"og:image:type\" content=\"image\/jpeg\" \/>\n<meta name=\"twitter:card\" content=\"summary_large_image\" \/>\n<meta name=\"twitter:label1\" content=\"Dur\u00e9e de lecture estim\u00e9e\" \/>\n\t<meta name=\"twitter:data1\" content=\"1 minute\" \/>\n<script type=\"application\/ld+json\" class=\"yoast-schema-graph\">{\"@context\":\"https:\/\/schema.org\",\"@graph\":[{\"@type\":\"WebPage\",\"@id\":\"https:\/\/www.golfiskotland.com\/fr\/golfbaner-i-skotland\/5036-2\/\",\"url\":\"https:\/\/www.golfiskotland.com\/fr\/golfbaner-i-skotland\/5036-2\/\",\"name\":\"H\u00f8jlandet\",\"isPartOf\":{\"@id\":\"https:\/\/www.golfiskotland.com\/fr\/#website\"},\"primaryImageOfPage\":{\"@id\":\"https:\/\/www.golfiskotland.com\/fr\/golfbaner-i-skotland\/5036-2\/#primaryimage\"},\"image\":{\"@id\":\"https:\/\/www.golfiskotland.com\/fr\/golfbaner-i-skotland\/5036-2\/#primaryimage\"},\"thumbnailUrl\":\"https:\/\/www.golfiskotland.com\/wp-content\/uploads\/2017\/05\/H\u00f8jlandet-i-Skotland.jpg\",\"datePublished\":\"2017-05-24T10:56:49+00:00\",\"dateModified\":\"2017-06-20T15:20:23+00:00\",\"description\":\"Det skotske h\u00f8jland tilbyder nogle af de bedste mesterskabsbaner i landet som Royal Dornoch, Nairn West, Spey Valley og Castle Stuart.\",\"breadcrumb\":{\"@id\":\"https:\/\/www.golfiskotland.com\/fr\/golfbaner-i-skotland\/5036-2\/#breadcrumb\"},\"inLanguage\":\"fr-FR\",\"potentialAction\":[{\"@type\":\"ReadAction\",\"target\":[\"https:\/\/www.golfiskotland.com\/fr\/golfbaner-i-skotland\/5036-2\/\"]}]},{\"@type\":\"ImageObject\",\"inLanguage\":\"fr-FR\",\"@id\":\"https:\/\/www.golfiskotland.com\/fr\/golfbaner-i-skotland\/5036-2\/#primaryimage\",\"url\":\"https:\/\/www.golfiskotland.com\/wp-content\/uploads\/2017\/05\/H\u00f8jlandet-i-Skotland.jpg\",\"contentUrl\":\"https:\/\/www.golfiskotland.com\/wp-content\/uploads\/2017\/05\/H\u00f8jlandet-i-Skotland.jpg\",\"width\":1595,\"height\":872,\"caption\":\"H\u00f8jlandet i Skotland\"},{\"@type\":\"BreadcrumbList\",\"@id\":\"https:\/\/www.golfiskotland.com\/fr\/golfbaner-i-skotland\/5036-2\/#breadcrumb\",\"itemListElement\":[{\"@type\":\"ListItem\",\"position\":1,\"name\":\"Home\",\"item\":\"https:\/\/www.golfiskotland.com\/fr\/\"},{\"@type\":\"ListItem\",\"position\":2,\"name\":\"Golfbaner i Skotland\",\"item\":\"https:\/\/www.golfiskotland.com\/fr\/golfbaner-i-skotland\/\"},{\"@type\":\"ListItem\",\"position\":3,\"name\":\"H\u00f8jlandet i Skotland\"}]},{\"@type\":\"WebSite\",\"@id\":\"https:\/\/www.golfiskotland.com\/fr\/#website\",\"url\":\"https:\/\/www.golfiskotland.com\/fr\/\",\"name\":\"Golf Skotland\",\"description\":\"Golf ferie i Skotland og i St Andrews\",\"potentialAction\":[{\"@type\":\"SearchAction\",\"target\":{\"@type\":\"EntryPoint\",\"urlTemplate\":\"https:\/\/www.golfiskotland.com\/fr\/?s={search_term_string}\"},\"query-input\":{\"@type\":\"PropertyValueSpecification\",\"valueRequired\":true,\"valueName\":\"search_term_string\"}}],\"inLanguage\":\"fr-FR\"}]}<\/script>\n<!-- \/ Yoast SEO plugin. -->","yoast_head_json":{"title":"H\u00f8jlandet","description":"Det skotske h\u00f8jland tilbyder nogle af de bedste mesterskabsbaner i landet som Royal Dornoch, Nairn West, Spey Valley og Castle Stuart.","robots":{"index":"index","follow":"follow","max-snippet":"max-snippet:-1","max-image-preview":"max-image-preview:large","max-video-preview":"max-video-preview:-1"},"canonical":"https:\/\/www.golfiskotland.com\/fr\/golfbaner-i-skotland\/5036-2\/","og_locale":"fr_FR","og_type":"article","og_title":"H\u00f8jlandet","og_description":"Det skotske h\u00f8jland tilbyder nogle af de bedste mesterskabsbaner i landet som Royal Dornoch, Nairn West, Spey Valley og Castle Stuart.","og_url":"https:\/\/www.golfiskotland.com\/fr\/golfbaner-i-skotland\/5036-2\/","og_site_name":"Golf Skotland","article_modified_time":"2017-06-20T15:20:23+00:00","og_image":[{"width":1595,"height":872,"url":"https:\/\/www.golfiskotland.com\/wp-content\/uploads\/2017\/05\/H\u00f8jlandet-i-Skotland.jpg","type":"image\/jpeg"}],"twitter_card":"summary_large_image","twitter_misc":{"Dur\u00e9e de lecture estim\u00e9e":"1 minute"},"schema":{"@context":"https:\/\/schema.org","@graph":[{"@type":"WebPage","@id":"https:\/\/www.golfiskotland.com\/fr\/golfbaner-i-skotland\/5036-2\/","url":"https:\/\/www.golfiskotland.com\/fr\/golfbaner-i-skotland\/5036-2\/","name":"H\u00f8jlandet","isPartOf":{"@id":"https:\/\/www.golfiskotland.com\/fr\/#website"},"primaryImageOfPage":{"@id":"https:\/\/www.golfiskotland.com\/fr\/golfbaner-i-skotland\/5036-2\/#primaryimage"},"image":{"@id":"https:\/\/www.golfiskotland.com\/fr\/golfbaner-i-skotland\/5036-2\/#primaryimage"},"thumbnailUrl":"https:\/\/www.golfiskotland.com\/wp-content\/uploads\/2017\/05\/H\u00f8jlandet-i-Skotland.jpg","datePublished":"2017-05-24T10:56:49+00:00","dateModified":"2017-06-20T15:20:23+00:00","description":"Det skotske h\u00f8jland tilbyder nogle af de bedste mesterskabsbaner i landet som Royal Dornoch, Nairn West, Spey Valley og Castle Stuart.","breadcrumb":{"@id":"https:\/\/www.golfiskotland.com\/fr\/golfbaner-i-skotland\/5036-2\/#breadcrumb"},"inLanguage":"fr-FR","potentialAction":[{"@type":"ReadAction","target":["https:\/\/www.golfiskotland.com\/fr\/golfbaner-i-skotland\/5036-2\/"]}]},{"@type":"ImageObject","inLanguage":"fr-FR","@id":"https:\/\/www.golfiskotland.com\/fr\/golfbaner-i-skotland\/5036-2\/#primaryimage","url":"https:\/\/www.golfiskotland.com\/wp-content\/uploads\/2017\/05\/H\u00f8jlandet-i-Skotland.jpg","contentUrl":"https:\/\/www.golfiskotland.com\/wp-content\/uploads\/2017\/05\/H\u00f8jlandet-i-Skotland.jpg","width":1595,"height":872,"caption":"H\u00f8jlandet i Skotland"},{"@type":"BreadcrumbList","@id":"https:\/\/www.golfiskotland.com\/fr\/golfbaner-i-skotland\/5036-2\/#breadcrumb","itemListElement":[{"@type":"ListItem","position":1,"name":"Home","item":"https:\/\/www.golfiskotland.com\/fr\/"},{"@type":"ListItem","position":2,"name":"Golfbaner i Skotland","item":"https:\/\/www.golfiskotland.com\/fr\/golfbaner-i-skotland\/"},{"@type":"ListItem","position":3,"name":"H\u00f8jlandet i Skotland"}]},{"@type":"WebSite","@id":"https:\/\/www.golfiskotland.com\/fr\/#website","url":"https:\/\/www.golfiskotland.com\/fr\/","name":"Golf Skotland","description":"Golf ferie i Skotland og i St Andrews","potentialAction":[{"@type":"SearchAction","target":{"@type":"EntryPoint","urlTemplate":"https:\/\/www.golfiskotland.com\/fr\/?s={search_term_string}"},"query-input":{"@type":"PropertyValueSpecification","valueRequired":true,"valueName":"search_term_string"}}],"inLanguage":"fr-FR"}]}},"_links":{"self":[{"href":"https:\/\/www.golfiskotland.com\/fr\/wp-json\/wp\/v2\/pages\/5036","targetHints":{"allow":["GET"]}}],"collection":[{"href":"https:\/\/www.golfiskotland.com\/fr\/wp-json\/wp\/v2\/pages"}],"about":[{"href":"https:\/\/www.golfiskotland.com\/fr\/wp-json\/wp\/v2\/types\/page"}],"author":[{"embeddable":true,"href":"https:\/\/www.golfiskotland.com\/fr\/wp-json\/wp\/v2\/users\/5"}],"replies":[{"embeddable":true,"href":"https:\/\/www.golfiskotland.com\/fr\/wp-json\/wp\/v2\/comments?post=5036"}],"version-history":[{"count":8,"href":"https:\/\/www.golfiskotland.com\/fr\/wp-json\/wp\/v2\/pages\/5036\/revisions"}],"predecessor-version":[{"id":6462,"href":"https:\/\/www.golfiskotland.com\/fr\/wp-json\/wp\/v2\/pages\/5036\/revisions\/6462"}],"up":[{"embeddable":true,"href":"https:\/\/www.golfiskotland.com\/fr\/wp-json\/wp\/v2\/pages\/51"}],"wp:featuredmedia":[{"embeddable":true,"href":"https:\/\/www.golfiskotland.com\/fr\/wp-json\/wp\/v2\/media\/5919"}],"wp:attachment":[{"href":"https:\/\/www.golfiskotland.com\/fr\/wp-json\/wp\/v2\/media?parent=5036"}],"curies":[{"name":"wp","href":"https:\/\/api.w.org\/{rel}","templated":true}]}}