{"id":5038,"date":"2017-05-24T11:00:13","date_gmt":"2017-05-24T11:00:13","guid":{"rendered":"https:\/\/www.golfiskotland.com\/?page_id=5038\/"},"modified":"2017-06-12T10:40:38","modified_gmt":"2017-06-12T10:40:38","slug":"syd-vest-skotland","status":"publish","type":"page","link":"https:\/\/www.golfiskotland.com\/fr\/golfbaner-i-skotland\/syd-vest-skotland\/","title":{"rendered":"Syd-Vest Skotland"},"content":{"rendered":"<div class=\"two-thirds first\">\n<p>Denne del af Skotland er en af de bedste n\u00e5r det kommer til golfbaner. Tre af disse har v\u00e6ret eller er v\u00e6rt ved British Open.<br \/>\n Ved at klikke p\u00e5 navnet p\u00e5 en af de golfbaner i venstre side af kortet, vil en menu vise den n\u00f8jagtige beliggenhed af banen. Hvis De \u00f8nsker at se beskrivelsen af golfbanen, skal De klikke p\u00e5 linket eller billedet i menuen.<\/p>\n<p>&nbsp;<\/p>\n<p>&nbsp;<\/p>\n<p class=\"error\">Basic Google Maps Placemarks erreur\u00a0: les fichiers JavaScript et\/ou CSS n\u2019ont pas pu \u00eatre charg\u00e9s. SI vous utilisez la fonction do_shortcode(), vous devez d\u2019abord ajouter un filtre \u00e0 votre th\u00e8me. Voir <a href=\"http:\/\/wordpress.org\/extend\/plugins\/basic-google-maps-placemarks\/faq\/\">la FAQ<\/a> pour plus de d\u00e9tails.<\/p>\n<p>&nbsp;<\/p>\n<\/div>\n<div class=\"one-third\">\n<h2>Golf Course Regions<\/h2>\n<ul>\n<li><a title=\"St Andrews i Skotland\" href=\"https:\/\/www.golfiskotland.com\/fr\/golfbaner-i-skotland\/st-andrews-i-skotland\/\">St Andrews i Skotland<\/a><\/li>\n<li><a title=\"H\u00f8jlandet i Skotland\" href=\"https:\/\/www.golfiskotland.com\/fr\/golfbaner-i-skotland\/5036-2\/\">H\u00f8jlandet i Skotland<\/a><\/li>\n<li><a title=\"Syd-Vest Skotland\" href=\"https:\/\/www.golfiskotland.com\/fr\/golfbaner-i-skotland\/syd-vest-skotland\/\">Syd-Vest Skotland<\/a><\/li>\n<li><a title=\"Syd-\u00d8st Skotland\" href=\"https:\/\/www.golfiskotland.com\/fr\/golfbaner-i-skotland\/syd-ost-skotland\/\">Syd-\u00d8st Skotland<\/a><\/li>\n<li><a title=\"Midt Skotland\" href=\"https:\/\/www.golfiskotland.com\/fr\/golfbaner-i-skotland\/midt-skotland\/\">Midt Skotland<\/a><\/li>\n<li><a title=\"Nord-\u00d8st Skotland\" href=\"https:\/\/www.golfiskotland.com\/fr\/golfbaner-i-skotland\/nord-ost-skotland\/\">Nord-\u00d8st Skotland<\/a><\/li>\n<\/ul>\n<h2>Golf Courses<\/h2>\n<ul id=\"bgmp_list\" class=\"bgmp_list\"><li id=\"bgmp_list-item-5684\" class=\"bgmp_list-item\">\n\t<h3 class=\"bgmp_list-placemark-title\">\n\t\tTurnberry (Aisla)\n\t\t\t\t\t<span class=\"bgmp_view-on-map-container\">\n\t\t\t\t[<a href=\"javascript:;\" data-marker-id=\"5684\" class=\"bgmp_view-on-map\">\n\t\t\t\t\tView\t\t\t\t<\/a>]\n\t\t\t<\/span>\n\t\t\t<\/h3>\n\n\t<div class=\"bgmp_list-description\">\n\t\t\t\t<p><a href=\"https:\/\/www.golfiskotland.com\/fr\/golfbaner-i-skotland\/syd-vest-skotland\/turnberry-ailsa\/\"><img loading=\"lazy\" decoding=\"async\" class=\"size-full wp-image-5697 aligncenter\" src=\"https:\/\/www.golfiskotland.com\/wp-content\/uploads\/2017\/05\/Ailsa-Turnberry.jpg\" alt=\"Ailsa Turnberry\" width=\"150\" height=\"100\" \/><\/a><\/p>\n<p><a href=\"https:\/\/www.golfiskotland.com\/fr\/golfbaner-i-skotland\/syd-vest-skotland\/turnberry-ailsa\/\">Klik her for at se billeder\u00a0og information af banen<\/a><\/p>\n\t<\/div>\n\n\t<p class=\"bgmp_list-link\">\n\t\t<a href=\"http:\/\/google.com\/maps?q=55.315307,+-4.832701\">\n\t\t\t55.315307, -4.832701\t\t<\/a>\n\t<\/p>\n<\/li>\n<li id=\"bgmp_list-item-5685\" class=\"bgmp_list-item\">\n\t<h3 class=\"bgmp_list-placemark-title\">\n\t\tRoyal Troon (Old Course)\n\t\t\t\t\t<span class=\"bgmp_view-on-map-container\">\n\t\t\t\t[<a href=\"javascript:;\" data-marker-id=\"5685\" class=\"bgmp_view-on-map\">\n\t\t\t\t\tView\t\t\t\t<\/a>]\n\t\t\t<\/span>\n\t\t\t<\/h3>\n\n\t<div class=\"bgmp_list-description\">\n\t\t\t\t<p><a href=\"https:\/\/www.golfiskotland.com\/fr\/golfbaner-i-skotland\/syd-vest-skotland\/royal-troon-old-course\/\"><img loading=\"lazy\" decoding=\"async\" class=\"size-full wp-image-5700 aligncenter\" src=\"https:\/\/www.golfiskotland.com\/wp-content\/uploads\/2017\/05\/Royal-Troon.jpg\" alt=\"Royal Troon\" width=\"150\" height=\"98\" \/><\/a><\/p>\n<p><a href=\"https:\/\/www.golfiskotland.com\/fr\/golfbaner-i-skotland\/syd-vest-skotland\/royal-troon-old-course\/\">Klik her for at se billeder\u00a0og information af banen<\/a><\/p>\n\t<\/div>\n\n\t<p class=\"bgmp_list-link\">\n\t\t<a href=\"http:\/\/google.com\/maps?q=55.532596,+-4.646938\">\n\t\t\t55.532596, -4.646938\t\t<\/a>\n\t<\/p>\n<\/li>\n<li id=\"bgmp_list-item-5687\" class=\"bgmp_list-item\">\n\t<h3 class=\"bgmp_list-placemark-title\">\n\t\tPrestwick\n\t\t\t\t\t<span class=\"bgmp_view-on-map-container\">\n\t\t\t\t[<a href=\"javascript:;\" data-marker-id=\"5687\" class=\"bgmp_view-on-map\">\n\t\t\t\t\tView\t\t\t\t<\/a>]\n\t\t\t<\/span>\n\t\t\t<\/h3>\n\n\t<div class=\"bgmp_list-description\">\n\t\t\t\t<p><a href=\"https:\/\/www.golfiskotland.com\/fr\/golfbaner-i-skotland\/syd-vest-skotland\/prestwick\/\"><img loading=\"lazy\" decoding=\"async\" class=\"size-full wp-image-5704 aligncenter\" src=\"https:\/\/www.golfiskotland.com\/wp-content\/uploads\/2017\/05\/Prestwick.jpg\" alt=\"Prestwick\" width=\"150\" height=\"113\" \/><\/a><\/p>\n<p><a href=\"https:\/\/www.golfiskotland.com\/fr\/golfbaner-i-skotland\/syd-vest-skotland\/prestwick\/\">Klik her for at se billeder\u00a0og information af banen<\/a><\/p>\n\t<\/div>\n\n\t<p class=\"bgmp_list-link\">\n\t\t<a href=\"http:\/\/google.com\/maps?q=55.501111,+-4.615229\">\n\t\t\t55.501111, -4.615229\t\t<\/a>\n\t<\/p>\n<\/li>\n<li id=\"bgmp_list-item-5688\" class=\"bgmp_list-item\">\n\t<h3 class=\"bgmp_list-placemark-title\">\n\t\tWestern Gailes\n\t\t\t\t\t<span class=\"bgmp_view-on-map-container\">\n\t\t\t\t[<a href=\"javascript:;\" data-marker-id=\"5688\" class=\"bgmp_view-on-map\">\n\t\t\t\t\tView\t\t\t\t<\/a>]\n\t\t\t<\/span>\n\t\t\t<\/h3>\n\n\t<div class=\"bgmp_list-description\">\n\t\t\t\t<p><a href=\"https:\/\/www.golfiskotland.com\/fr\/golfbaner-i-skotland\/syd-vest-skotland\/western-gailes\/\"><img loading=\"lazy\" decoding=\"async\" class=\"size-full wp-image-5707 aligncenter\" src=\"https:\/\/www.golfiskotland.com\/wp-content\/uploads\/2017\/05\/Western-Gailes.jpg\" alt=\"Western Gailes\" width=\"150\" height=\"100\" \/><\/a><\/p>\n<p><a href=\"https:\/\/www.golfiskotland.com\/fr\/golfbaner-i-skotland\/syd-vest-skotland\/western-gailes\/\">Klik her for at se billeder\u00a0og information af banen<\/a><\/p>\n\t<\/div>\n\n\t<p class=\"bgmp_list-link\">\n\t\t<a href=\"http:\/\/google.com\/maps?q=55.583353,+-4.662888\">\n\t\t\t55.583353, -4.662888\t\t<\/a>\n\t<\/p>\n<\/li>\n<li id=\"bgmp_list-item-5689\" class=\"bgmp_list-item\">\n\t<h3 class=\"bgmp_list-placemark-title\">\n\t\tMachrihanish\n\t\t\t\t\t<span class=\"bgmp_view-on-map-container\">\n\t\t\t\t[<a href=\"javascript:;\" data-marker-id=\"5689\" class=\"bgmp_view-on-map\">\n\t\t\t\t\tView\t\t\t\t<\/a>]\n\t\t\t<\/span>\n\t\t\t<\/h3>\n\n\t<div class=\"bgmp_list-description\">\n\t\t\t\t<p><a href=\"https:\/\/www.golfiskotland.com\/fr\/golfbaner-i-skotland\/syd-vest-skotland\/machrihanish\/\"><img loading=\"lazy\" decoding=\"async\" class=\"size-full wp-image-5710 aligncenter\" src=\"https:\/\/www.golfiskotland.com\/wp-content\/uploads\/2017\/05\/Machrihanish.jpg\" alt=\"Machrihanish\" width=\"150\" height=\"113\" \/><\/a><\/p>\n<p><a href=\"https:\/\/www.golfiskotland.com\/fr\/golfbaner-i-skotland\/syd-vest-skotland\/machrihanish\/\">Klik her for at se billeder\u00a0og information af banen<\/a><\/p>\n\t<\/div>\n\n\t<p class=\"bgmp_list-link\">\n\t\t<a href=\"http:\/\/google.com\/maps?q=55.423338,+-5.732865\">\n\t\t\t55.423338, -5.732865\t\t<\/a>\n\t<\/p>\n<\/li>\n<li id=\"bgmp_list-item-5690\" class=\"bgmp_list-item\">\n\t<h3 class=\"bgmp_list-placemark-title\">\n\t\tMachrie\n\t\t\t\t\t<span class=\"bgmp_view-on-map-container\">\n\t\t\t\t[<a href=\"javascript:;\" data-marker-id=\"5690\" class=\"bgmp_view-on-map\">\n\t\t\t\t\tView\t\t\t\t<\/a>]\n\t\t\t<\/span>\n\t\t\t<\/h3>\n\n\t<div class=\"bgmp_list-description\">\n\t\t\t\t<p><a href=\"https:\/\/www.golfiskotland.com\/fr\/golfbaner-i-skotland\/syd-vest-skotland\/machrie\/\"><img loading=\"lazy\" decoding=\"async\" class=\"size-full wp-image-5713 aligncenter\" src=\"https:\/\/www.golfiskotland.com\/wp-content\/uploads\/2017\/05\/Machrie.jpg\" alt=\"Machrie\" width=\"150\" height=\"113\" \/><\/a><\/p>\n<p><a href=\"https:\/\/www.golfiskotland.com\/fr\/golfbaner-i-skotland\/syd-vest-skotland\/machrie\/\">Klik her for at se billeder\u00a0og information af banen<\/a><\/p>\n\t<\/div>\n\n\t<p class=\"bgmp_list-link\">\n\t\t<a href=\"http:\/\/google.com\/maps?q=55.662767,+-6.256908\">\n\t\t\t55.662767, -6.256908\t\t<\/a>\n\t<\/p>\n<\/li>\n<li id=\"bgmp_list-item-5691\" class=\"bgmp_list-item\">\n\t<h3 class=\"bgmp_list-placemark-title\">\n\t\tDundonald Links\n\t\t\t\t\t<span class=\"bgmp_view-on-map-container\">\n\t\t\t\t[<a href=\"javascript:;\" data-marker-id=\"5691\" class=\"bgmp_view-on-map\">\n\t\t\t\t\tView\t\t\t\t<\/a>]\n\t\t\t<\/span>\n\t\t\t<\/h3>\n\n\t<div class=\"bgmp_list-description\">\n\t\t\t\t<p><a href=\"https:\/\/www.golfiskotland.com\/fr\/golfbaner-i-skotland\/syd-vest-skotland\/dundonald-links\/\"><img loading=\"lazy\" decoding=\"async\" class=\"size-full wp-image-5716 aligncenter\" src=\"https:\/\/www.golfiskotland.com\/wp-content\/uploads\/2017\/05\/Dundonald.jpg\" alt=\"Dundonald\" width=\"150\" height=\"100\" \/><\/a><\/p>\n<p><a href=\"https:\/\/www.golfiskotland.com\/fr\/golfbaner-i-skotland\/syd-vest-skotland\/dundonald-links\/\">Klik her for at se billeder\u00a0og information af banen<\/a><\/p>\n\t<\/div>\n\n\t<p class=\"bgmp_list-link\">\n\t\t<a href=\"http:\/\/google.com\/maps?q=55.583987,+-4.649720\">\n\t\t\t55.583987, -4.649720\t\t<\/a>\n\t<\/p>\n<\/li>\n<li id=\"bgmp_list-item-5692\" class=\"bgmp_list-item\">\n\t<h3 class=\"bgmp_list-placemark-title\">\n\t\tMachrihanish Dunes\n\t\t\t\t\t<span class=\"bgmp_view-on-map-container\">\n\t\t\t\t[<a href=\"javascript:;\" data-marker-id=\"5692\" class=\"bgmp_view-on-map\">\n\t\t\t\t\tView\t\t\t\t<\/a>]\n\t\t\t<\/span>\n\t\t\t<\/h3>\n\n\t<div class=\"bgmp_list-description\">\n\t\t\t\t<p><a href=\"https:\/\/www.golfiskotland.com\/fr\/golfbaner-i-skotland\/syd-vest-skotland\/machrihanish-dunes\/\"><img loading=\"lazy\" decoding=\"async\" class=\"size-full wp-image-5719 aligncenter\" src=\"https:\/\/www.golfiskotland.com\/wp-content\/uploads\/2017\/05\/Machrihanish-Dunes.jpg\" alt=\"Machrihanish Dunes\" width=\"150\" height=\"100\" \/><\/a><\/p>\n<p><a href=\"https:\/\/www.golfiskotland.com\/fr\/golfbaner-i-skotland\/syd-vest-skotland\/machrihanish-dunes\/\">Klik her for at se billeder\u00a0og information af banen<\/a><\/p>\n\t<\/div>\n\n\t<p class=\"bgmp_list-link\">\n\t\t<a href=\"http:\/\/google.com\/maps?q=55.456322,+-5.703753\">\n\t\t\t55.456322, -5.703753\t\t<\/a>\n\t<\/p>\n<\/li>\n<li id=\"bgmp_list-item-5693\" class=\"bgmp_list-item\">\n\t<h3 class=\"bgmp_list-placemark-title\">\n\t\tGlasgow Gailes\n\t\t\t\t\t<span class=\"bgmp_view-on-map-container\">\n\t\t\t\t[<a href=\"javascript:;\" data-marker-id=\"5693\" class=\"bgmp_view-on-map\">\n\t\t\t\t\tView\t\t\t\t<\/a>]\n\t\t\t<\/span>\n\t\t\t<\/h3>\n\n\t<div class=\"bgmp_list-description\">\n\t\t\t\t<p><a href=\"https:\/\/www.golfiskotland.com\/fr\/golfbaner-i-skotland\/syd-vest-skotland\/glasgow-gailes\/\"><img loading=\"lazy\" decoding=\"async\" class=\"size-full wp-image-5722 aligncenter\" src=\"https:\/\/www.golfiskotland.com\/wp-content\/uploads\/2017\/05\/Glasgow-Gailes.jpg\" alt=\"Glasgow Gailes\" width=\"150\" height=\"97\" \/><\/a><\/p>\n<p><a href=\"https:\/\/www.golfiskotland.com\/fr\/golfbaner-i-skotland\/syd-vest-skotland\/glasgow-gailes\/\">Klik her for at se billeder\u00a0og information af banen<\/a><\/p>\n\t<\/div>\n\n\t<p class=\"bgmp_list-link\">\n\t\t<a href=\"http:\/\/google.com\/maps?q=55.590051,+-4.662333\">\n\t\t\t55.590051, -4.662333\t\t<\/a>\n\t<\/p>\n<\/li>\n<li id=\"bgmp_list-item-5725\" class=\"bgmp_list-item\">\n\t<h3 class=\"bgmp_list-placemark-title\">\n\t\tTurnberry Kintyre\n\t\t\t\t\t<span class=\"bgmp_view-on-map-container\">\n\t\t\t\t[<a href=\"javascript:;\" data-marker-id=\"5725\" class=\"bgmp_view-on-map\">\n\t\t\t\t\tView\t\t\t\t<\/a>]\n\t\t\t<\/span>\n\t\t\t<\/h3>\n\n\t<div class=\"bgmp_list-description\">\n\t\t\t\t<p><a href=\"https:\/\/www.golfiskotland.com\/fr\/golfbaner-i-skotland\/syd-vest-skotland\/turnberry-kintyre\/\"><img loading=\"lazy\" decoding=\"async\" class=\"size-full wp-image-5726 aligncenter\" src=\"https:\/\/www.golfiskotland.com\/wp-content\/uploads\/2017\/05\/Kintyre-Turnberry.jpg\" alt=\"Kintyre Turnberry\" width=\"150\" height=\"100\" \/><\/a><\/p>\n<p><a href=\"https:\/\/www.golfiskotland.com\/fr\/golfbaner-i-skotland\/syd-vest-skotland\/turnberry-kintyre\/\">Klik her for at se billeder\u00a0og information af banen<\/a><\/p>\n\t<\/div>\n\n\t<p class=\"bgmp_list-link\">\n\t\t<a href=\"http:\/\/google.com\/maps?q=55.315838,+-4.834345\">\n\t\t\t55.315838, -4.834345\t\t<\/a>\n\t<\/p>\n<\/li>\n<li id=\"bgmp_list-item-5695\" class=\"bgmp_list-item\">\n\t<h3 class=\"bgmp_list-placemark-title\">\n\t\tThe Carrick (Loch Lomond)\n\t\t\t\t\t<span class=\"bgmp_view-on-map-container\">\n\t\t\t\t[<a href=\"javascript:;\" data-marker-id=\"5695\" class=\"bgmp_view-on-map\">\n\t\t\t\t\tView\t\t\t\t<\/a>]\n\t\t\t<\/span>\n\t\t\t<\/h3>\n\n\t<div class=\"bgmp_list-description\">\n\t\t\t\t<p><a href=\"https:\/\/www.golfiskotland.com\/fr\/golfbaner-i-skotland\/syd-vest-skotland\/the-carrick-loch-lomond\/\"><img loading=\"lazy\" decoding=\"async\" class=\"size-full wp-image-5729 aligncenter\" src=\"https:\/\/www.golfiskotland.com\/wp-content\/uploads\/2017\/05\/the-Carrick-loch-lomond.jpg\" alt=\"the Carrick  loch lomond\" width=\"150\" height=\"86\" \/><\/a><\/p>\n<p><a href=\"https:\/\/www.golfiskotland.com\/fr\/golfbaner-i-skotland\/syd-vest-skotland\/the-carrick-loch-lomond\/\">Klik her for at se billeder\u00a0og information af banen<\/a><\/p>\n\t<\/div>\n\n\t<p class=\"bgmp_list-link\">\n\t\t<a href=\"http:\/\/google.com\/maps?q=56.040154,+-4.639291\">\n\t\t\t56.040154, -4.639291\t\t<\/a>\n\t<\/p>\n<\/li>\n<li id=\"bgmp_list-item-5732\" class=\"bgmp_list-item\">\n\t<h3 class=\"bgmp_list-placemark-title\">\n\t\tPrestwick St Nicholas\n\t\t\t\t\t<span class=\"bgmp_view-on-map-container\">\n\t\t\t\t[<a href=\"javascript:;\" data-marker-id=\"5732\" class=\"bgmp_view-on-map\">\n\t\t\t\t\tView\t\t\t\t<\/a>]\n\t\t\t<\/span>\n\t\t\t<\/h3>\n\n\t<div class=\"bgmp_list-description\">\n\t\t\t\t<p><a href=\"https:\/\/www.golfiskotland.com\/fr\/golfbaner-i-skotland\/syd-vest-skotland\/prestwick-saint-nicholas\/\"><img loading=\"lazy\" decoding=\"async\" class=\"size-full wp-image-5735 aligncenter\" src=\"https:\/\/www.golfiskotland.com\/wp-content\/uploads\/2017\/05\/Prestwick-St-Nicholas.jpg\" alt=\"Prestwick St Nicholas\" width=\"150\" height=\"113\" \/><\/a><\/p>\n<p><a href=\"https:\/\/www.golfiskotland.com\/fr\/golfbaner-i-skotland\/syd-vest-skotland\/prestwick-saint-nicholas\/\">Klik her for at se billeder\u00a0og information af banen<\/a><\/p>\n\t<\/div>\n\n\t<p class=\"bgmp_list-link\">\n\t\t<a href=\"http:\/\/google.com\/maps?q=55.492819,+-4.620146\">\n\t\t\t55.492819, -4.620146\t\t<\/a>\n\t<\/p>\n<\/li>\n<li id=\"bgmp_list-item-5733\" class=\"bgmp_list-item\">\n\t<h3 class=\"bgmp_list-placemark-title\">\n\t\tKilmarnock Barassie\n\t\t\t\t\t<span class=\"bgmp_view-on-map-container\">\n\t\t\t\t[<a href=\"javascript:;\" data-marker-id=\"5733\" class=\"bgmp_view-on-map\">\n\t\t\t\t\tView\t\t\t\t<\/a>]\n\t\t\t<\/span>\n\t\t\t<\/h3>\n\n\t<div class=\"bgmp_list-description\">\n\t\t\t\t<p><a href=\"https:\/\/www.golfiskotland.com\/fr\/golfbaner-i-skotland\/syd-vest-skotland\/kilmarnoch-barassie\/\"><img loading=\"lazy\" decoding=\"async\" class=\"size-full wp-image-5738 aligncenter\" src=\"https:\/\/www.golfiskotland.com\/wp-content\/uploads\/2017\/05\/Killmarnock-Barassie.jpg\" alt=\"Killmarnock Barassie\" width=\"150\" height=\"100\" \/><\/a><\/p>\n<p><a href=\"https:\/\/www.golfiskotland.com\/fr\/golfbaner-i-skotland\/syd-vest-skotland\/kilmarnoch-barassie\/\">Klik her for at se billeder\u00a0og information af banen<\/a><\/p>\n\t<\/div>\n\n\t<p class=\"bgmp_list-link\">\n\t\t<a href=\"http:\/\/google.com\/maps?q=55.562770,+-4.650739\">\n\t\t\t55.562770, -4.650739\t\t<\/a>\n\t<\/p>\n<\/li>\n<li id=\"bgmp_list-item-5734\" class=\"bgmp_list-item\">\n\t<h3 class=\"bgmp_list-placemark-title\">\n\t\tRowallan Castle\n\t\t\t\t\t<span class=\"bgmp_view-on-map-container\">\n\t\t\t\t[<a href=\"javascript:;\" data-marker-id=\"5734\" class=\"bgmp_view-on-map\">\n\t\t\t\t\tView\t\t\t\t<\/a>]\n\t\t\t<\/span>\n\t\t\t<\/h3>\n\n\t<div class=\"bgmp_list-description\">\n\t\t\t\t<p><a href=\"https:\/\/www.golfiskotland.com\/fr\/golfbaner-i-skotland\/syd-vest-skotland\/rowallan-castle\/\"><img loading=\"lazy\" decoding=\"async\" class=\"size-full wp-image-5741 aligncenter\" src=\"https:\/\/www.golfiskotland.com\/wp-content\/uploads\/2017\/05\/Rowallan-Castle.jpg\" alt=\"Rowallan Castle\" width=\"150\" height=\"99\" \/><\/a><\/p>\n<p><a href=\"https:\/\/www.golfiskotland.com\/fr\/golfbaner-i-skotland\/syd-vest-skotland\/rowallan-castle\/\">Klik her for at se billeder\u00a0og information af banen<\/a><\/p>\n\t<\/div>\n\n\t<p class=\"bgmp_list-link\">\n\t\t<a href=\"http:\/\/google.com\/maps?q=55.652230,+-4.491063\">\n\t\t\t55.652230, -4.491063\t\t<\/a>\n\t<\/p>\n<\/li>\n<\/ul>\n<\/div>\n","protected":false},"excerpt":{"rendered":"<p>Denne del af Skotland er en af de bedste n\u00e5r det kommer til golfbaner. Tre af disse har v\u00e6ret eller er v\u00e6rt ved British Open. Ved at klikke p\u00e5 navnet p\u00e5 en af de golfbaner i venstre side af kortet, vil en menu vise den n\u00f8jagtige beliggenhed af banen. Hvis De \u00f8nsker at se beskrivelsen [&hellip;]<\/p>\n","protected":false},"author":5,"featured_media":5913,"parent":51,"menu_order":0,"comment_status":"closed","ping_status":"closed","template":"","meta":{"_genesis_hide_title":false,"_genesis_hide_breadcrumbs":false,"_genesis_hide_singular_image":false,"_genesis_hide_footer_widgets":false,"_genesis_custom_body_class":"","_genesis_custom_post_class":"","_genesis_layout":"","footnotes":""},"class_list":{"0":"post-5038","1":"page","2":"type-page","3":"status-publish","4":"has-post-thumbnail","6":"entry"},"yoast_head":"<!-- This site is optimized with the Yoast SEO plugin v26.2 - https:\/\/yoast.com\/wordpress\/plugins\/seo\/ -->\n<title>Syd-Vest Skotland - Golf Skotland<\/title>\n<meta name=\"description\" content=\"Denne del af Skotland er en af de bedste n\u00e5r det kommer til golfbaner. Tre af disse har v\u00e6ret eller er v\u00e6rt ved British Open.\" \/>\n<meta name=\"robots\" content=\"index, follow, max-snippet:-1, max-image-preview:large, max-video-preview:-1\" \/>\n<link rel=\"canonical\" href=\"https:\/\/www.golfiskotland.com\/fr\/golfbaner-i-skotland\/syd-vest-skotland\/\" \/>\n<meta property=\"og:locale\" content=\"fr_FR\" \/>\n<meta property=\"og:type\" content=\"article\" \/>\n<meta property=\"og:title\" content=\"Syd-Vest Skotland - Golf Skotland\" \/>\n<meta property=\"og:description\" content=\"Denne del af Skotland er en af de bedste n\u00e5r det kommer til golfbaner. Tre af disse har v\u00e6ret eller er v\u00e6rt ved British Open.\" \/>\n<meta property=\"og:url\" content=\"https:\/\/www.golfiskotland.com\/fr\/golfbaner-i-skotland\/syd-vest-skotland\/\" \/>\n<meta property=\"og:site_name\" content=\"Golf Skotland\" \/>\n<meta property=\"article:modified_time\" content=\"2017-06-12T10:40:38+00:00\" \/>\n<meta property=\"og:image\" content=\"https:\/\/www.golfiskotland.com\/wp-content\/uploads\/2017\/05\/Syd-\u00d8st-Skotland.jpg\" \/>\n\t<meta property=\"og:image:width\" content=\"2000\" \/>\n\t<meta property=\"og:image:height\" content=\"834\" \/>\n\t<meta property=\"og:image:type\" content=\"image\/jpeg\" \/>\n<meta name=\"twitter:card\" content=\"summary_large_image\" \/>\n<meta name=\"twitter:label1\" content=\"Dur\u00e9e de lecture estim\u00e9e\" \/>\n\t<meta name=\"twitter:data1\" content=\"1 minute\" \/>\n<script type=\"application\/ld+json\" class=\"yoast-schema-graph\">{\"@context\":\"https:\/\/schema.org\",\"@graph\":[{\"@type\":\"WebPage\",\"@id\":\"https:\/\/www.golfiskotland.com\/fr\/golfbaner-i-skotland\/syd-vest-skotland\/\",\"url\":\"https:\/\/www.golfiskotland.com\/fr\/golfbaner-i-skotland\/syd-vest-skotland\/\",\"name\":\"Syd-Vest Skotland - Golf Skotland\",\"isPartOf\":{\"@id\":\"https:\/\/www.golfiskotland.com\/fr\/#website\"},\"primaryImageOfPage\":{\"@id\":\"https:\/\/www.golfiskotland.com\/fr\/golfbaner-i-skotland\/syd-vest-skotland\/#primaryimage\"},\"image\":{\"@id\":\"https:\/\/www.golfiskotland.com\/fr\/golfbaner-i-skotland\/syd-vest-skotland\/#primaryimage\"},\"thumbnailUrl\":\"https:\/\/www.golfiskotland.com\/wp-content\/uploads\/2017\/05\/Syd-\u00d8st-Skotland.jpg\",\"datePublished\":\"2017-05-24T11:00:13+00:00\",\"dateModified\":\"2017-06-12T10:40:38+00:00\",\"description\":\"Denne del af Skotland er en af de bedste n\u00e5r det kommer til golfbaner. Tre af disse har v\u00e6ret eller er v\u00e6rt ved British Open.\",\"breadcrumb\":{\"@id\":\"https:\/\/www.golfiskotland.com\/fr\/golfbaner-i-skotland\/syd-vest-skotland\/#breadcrumb\"},\"inLanguage\":\"fr-FR\",\"potentialAction\":[{\"@type\":\"ReadAction\",\"target\":[\"https:\/\/www.golfiskotland.com\/fr\/golfbaner-i-skotland\/syd-vest-skotland\/\"]}]},{\"@type\":\"ImageObject\",\"inLanguage\":\"fr-FR\",\"@id\":\"https:\/\/www.golfiskotland.com\/fr\/golfbaner-i-skotland\/syd-vest-skotland\/#primaryimage\",\"url\":\"https:\/\/www.golfiskotland.com\/wp-content\/uploads\/2017\/05\/Syd-\u00d8st-Skotland.jpg\",\"contentUrl\":\"https:\/\/www.golfiskotland.com\/wp-content\/uploads\/2017\/05\/Syd-\u00d8st-Skotland.jpg\",\"width\":2000,\"height\":834,\"caption\":\"Syd-\u00d8st Skotland\"},{\"@type\":\"BreadcrumbList\",\"@id\":\"https:\/\/www.golfiskotland.com\/fr\/golfbaner-i-skotland\/syd-vest-skotland\/#breadcrumb\",\"itemListElement\":[{\"@type\":\"ListItem\",\"position\":1,\"name\":\"Home\",\"item\":\"https:\/\/www.golfiskotland.com\/fr\/\"},{\"@type\":\"ListItem\",\"position\":2,\"name\":\"Golfbaner i Skotland\",\"item\":\"https:\/\/www.golfiskotland.com\/fr\/golfbaner-i-skotland\/\"},{\"@type\":\"ListItem\",\"position\":3,\"name\":\"Syd-Vest Skotland\"}]},{\"@type\":\"WebSite\",\"@id\":\"https:\/\/www.golfiskotland.com\/fr\/#website\",\"url\":\"https:\/\/www.golfiskotland.com\/fr\/\",\"name\":\"Golf Skotland\",\"description\":\"Golf ferie i Skotland og i St Andrews\",\"potentialAction\":[{\"@type\":\"SearchAction\",\"target\":{\"@type\":\"EntryPoint\",\"urlTemplate\":\"https:\/\/www.golfiskotland.com\/fr\/?s={search_term_string}\"},\"query-input\":{\"@type\":\"PropertyValueSpecification\",\"valueRequired\":true,\"valueName\":\"search_term_string\"}}],\"inLanguage\":\"fr-FR\"}]}<\/script>\n<!-- \/ Yoast SEO plugin. -->","yoast_head_json":{"title":"Syd-Vest Skotland - Golf Skotland","description":"Denne del af Skotland er en af de bedste n\u00e5r det kommer til golfbaner. Tre af disse har v\u00e6ret eller er v\u00e6rt ved British Open.","robots":{"index":"index","follow":"follow","max-snippet":"max-snippet:-1","max-image-preview":"max-image-preview:large","max-video-preview":"max-video-preview:-1"},"canonical":"https:\/\/www.golfiskotland.com\/fr\/golfbaner-i-skotland\/syd-vest-skotland\/","og_locale":"fr_FR","og_type":"article","og_title":"Syd-Vest Skotland - Golf Skotland","og_description":"Denne del af Skotland er en af de bedste n\u00e5r det kommer til golfbaner. Tre af disse har v\u00e6ret eller er v\u00e6rt ved British Open.","og_url":"https:\/\/www.golfiskotland.com\/fr\/golfbaner-i-skotland\/syd-vest-skotland\/","og_site_name":"Golf Skotland","article_modified_time":"2017-06-12T10:40:38+00:00","og_image":[{"width":2000,"height":834,"url":"https:\/\/www.golfiskotland.com\/wp-content\/uploads\/2017\/05\/Syd-\u00d8st-Skotland.jpg","type":"image\/jpeg"}],"twitter_card":"summary_large_image","twitter_misc":{"Dur\u00e9e de lecture estim\u00e9e":"1 minute"},"schema":{"@context":"https:\/\/schema.org","@graph":[{"@type":"WebPage","@id":"https:\/\/www.golfiskotland.com\/fr\/golfbaner-i-skotland\/syd-vest-skotland\/","url":"https:\/\/www.golfiskotland.com\/fr\/golfbaner-i-skotland\/syd-vest-skotland\/","name":"Syd-Vest Skotland - Golf Skotland","isPartOf":{"@id":"https:\/\/www.golfiskotland.com\/fr\/#website"},"primaryImageOfPage":{"@id":"https:\/\/www.golfiskotland.com\/fr\/golfbaner-i-skotland\/syd-vest-skotland\/#primaryimage"},"image":{"@id":"https:\/\/www.golfiskotland.com\/fr\/golfbaner-i-skotland\/syd-vest-skotland\/#primaryimage"},"thumbnailUrl":"https:\/\/www.golfiskotland.com\/wp-content\/uploads\/2017\/05\/Syd-\u00d8st-Skotland.jpg","datePublished":"2017-05-24T11:00:13+00:00","dateModified":"2017-06-12T10:40:38+00:00","description":"Denne del af Skotland er en af de bedste n\u00e5r det kommer til golfbaner. Tre af disse har v\u00e6ret eller er v\u00e6rt ved British Open.","breadcrumb":{"@id":"https:\/\/www.golfiskotland.com\/fr\/golfbaner-i-skotland\/syd-vest-skotland\/#breadcrumb"},"inLanguage":"fr-FR","potentialAction":[{"@type":"ReadAction","target":["https:\/\/www.golfiskotland.com\/fr\/golfbaner-i-skotland\/syd-vest-skotland\/"]}]},{"@type":"ImageObject","inLanguage":"fr-FR","@id":"https:\/\/www.golfiskotland.com\/fr\/golfbaner-i-skotland\/syd-vest-skotland\/#primaryimage","url":"https:\/\/www.golfiskotland.com\/wp-content\/uploads\/2017\/05\/Syd-\u00d8st-Skotland.jpg","contentUrl":"https:\/\/www.golfiskotland.com\/wp-content\/uploads\/2017\/05\/Syd-\u00d8st-Skotland.jpg","width":2000,"height":834,"caption":"Syd-\u00d8st Skotland"},{"@type":"BreadcrumbList","@id":"https:\/\/www.golfiskotland.com\/fr\/golfbaner-i-skotland\/syd-vest-skotland\/#breadcrumb","itemListElement":[{"@type":"ListItem","position":1,"name":"Home","item":"https:\/\/www.golfiskotland.com\/fr\/"},{"@type":"ListItem","position":2,"name":"Golfbaner i Skotland","item":"https:\/\/www.golfiskotland.com\/fr\/golfbaner-i-skotland\/"},{"@type":"ListItem","position":3,"name":"Syd-Vest Skotland"}]},{"@type":"WebSite","@id":"https:\/\/www.golfiskotland.com\/fr\/#website","url":"https:\/\/www.golfiskotland.com\/fr\/","name":"Golf Skotland","description":"Golf ferie i Skotland og i St Andrews","potentialAction":[{"@type":"SearchAction","target":{"@type":"EntryPoint","urlTemplate":"https:\/\/www.golfiskotland.com\/fr\/?s={search_term_string}"},"query-input":{"@type":"PropertyValueSpecification","valueRequired":true,"valueName":"search_term_string"}}],"inLanguage":"fr-FR"}]}},"_links":{"self":[{"href":"https:\/\/www.golfiskotland.com\/fr\/wp-json\/wp\/v2\/pages\/5038","targetHints":{"allow":["GET"]}}],"collection":[{"href":"https:\/\/www.golfiskotland.com\/fr\/wp-json\/wp\/v2\/pages"}],"about":[{"href":"https:\/\/www.golfiskotland.com\/fr\/wp-json\/wp\/v2\/types\/page"}],"author":[{"embeddable":true,"href":"https:\/\/www.golfiskotland.com\/fr\/wp-json\/wp\/v2\/users\/5"}],"replies":[{"embeddable":true,"href":"https:\/\/www.golfiskotland.com\/fr\/wp-json\/wp\/v2\/comments?post=5038"}],"version-history":[{"count":9,"href":"https:\/\/www.golfiskotland.com\/fr\/wp-json\/wp\/v2\/pages\/5038\/revisions"}],"predecessor-version":[{"id":6467,"href":"https:\/\/www.golfiskotland.com\/fr\/wp-json\/wp\/v2\/pages\/5038\/revisions\/6467"}],"up":[{"embeddable":true,"href":"https:\/\/www.golfiskotland.com\/fr\/wp-json\/wp\/v2\/pages\/51"}],"wp:featuredmedia":[{"embeddable":true,"href":"https:\/\/www.golfiskotland.com\/fr\/wp-json\/wp\/v2\/media\/5913"}],"wp:attachment":[{"href":"https:\/\/www.golfiskotland.com\/fr\/wp-json\/wp\/v2\/media?parent=5038"}],"curies":[{"name":"wp","href":"https:\/\/api.w.org\/{rel}","templated":true}]}}