{"id":5040,"date":"2017-05-24T11:02:59","date_gmt":"2017-05-24T11:02:59","guid":{"rendered":"https:\/\/www.golfiskotland.com\/?page_id=5040\/"},"modified":"2017-06-02T09:04:18","modified_gmt":"2017-06-02T09:04:18","slug":"syd-ost-skotland","status":"publish","type":"page","link":"https:\/\/www.golfiskotland.com\/fr\/golfbaner-i-skotland\/syd-ost-skotland\/","title":{"rendered":"Syd-\u00d8st Skotland"},"content":{"rendered":"<div class=\"two-thirds first\">\n<p>Med verdenskendte golfbaner, er den syd\u00f8stlige del af Skotland et fantastisk sted at afholde en golf ferie, is\u00e6r n\u00e6r en af Europas f\u00f8rende byer, Edinburgh, hovedstaden i Skotland. Regionen har en masse at tilbyde mellem golfbaner og sightseeing-aktiviteter.<br \/>\n Ved at klikke p\u00e5 navnet p\u00e5 en af de golfbaner i venstre side af kortet, vil en menu vise den n\u00f8jagtige beliggenhed af banen. Hvis De \u00f8nsker at se beskrivelsen af golfbanen, skal De klikke p\u00e5 linket eller billedet i menuen.<\/p>\n<p>&nbsp;<\/p>\n<p class=\"error\">Basic Google Maps Placemarks erreur\u00a0: les fichiers JavaScript et\/ou CSS n\u2019ont pas pu \u00eatre charg\u00e9s. SI vous utilisez la fonction do_shortcode(), vous devez d\u2019abord ajouter un filtre \u00e0 votre th\u00e8me. Voir <a href=\"http:\/\/wordpress.org\/extend\/plugins\/basic-google-maps-placemarks\/faq\/\">la FAQ<\/a> pour plus de d\u00e9tails.<\/p>\n<\/div>\n<div class=\"one-third\">\n<h2>Golf Course Regions<\/h2>\n<ul>\n<li><a title=\"St Andrews i Skotland\" href=\"https:\/\/www.golfiskotland.com\/fr\/golfbaner-i-skotland\/st-andrews-i-skotland\/\">St Andrews i Skotland<\/a><\/li>\n<li><a title=\"H\u00f8jlandet i Skotland\" href=\"https:\/\/www.golfiskotland.com\/fr\/golfbaner-i-skotland\/5036-2\/\">H\u00f8jlandet i Skotland<\/a><\/li>\n<li><a title=\"Syd-Vest Skotland\" href=\"https:\/\/www.golfiskotland.com\/fr\/golfbaner-i-skotland\/syd-vest-skotland\/\">Syd-Vest Skotland<\/a><\/li>\n<li><a title=\"Syd-\u00d8st Skotland\" href=\"https:\/\/www.golfiskotland.com\/fr\/golfbaner-i-skotland\/syd-ost-skotland\/\">Syd-\u00d8st Skotland<\/a><\/li>\n<li><a title=\"Midt Skotland\" href=\"https:\/\/www.golfiskotland.com\/fr\/golfbaner-i-skotland\/midt-skotland\/\">Midt Skotland<\/a><\/li>\n<li><a title=\"Nord-\u00d8st Skotland\" href=\"https:\/\/www.golfiskotland.com\/fr\/golfbaner-i-skotland\/nord-ost-skotland\/\">Nord-\u00d8st Skotland<\/a><\/li>\n<\/ul>\n<h2>Golf Courses<\/h2>\n<ul id=\"bgmp_list\" class=\"bgmp_list\"><li id=\"bgmp_list-item-5744\" class=\"bgmp_list-item\">\n\t<h3 class=\"bgmp_list-placemark-title\">\n\t\tMuirfield\n\t\t\t\t\t<span class=\"bgmp_view-on-map-container\">\n\t\t\t\t[<a href=\"javascript:;\" data-marker-id=\"5744\" class=\"bgmp_view-on-map\">\n\t\t\t\t\tView\t\t\t\t<\/a>]\n\t\t\t<\/span>\n\t\t\t<\/h3>\n\n\t<div class=\"bgmp_list-description\">\n\t\t\t\t<p><a href=\"https:\/\/www.golfiskotland.com\/fr\/golfbaner-i-skotland\/syd-ost-skotland\/muirfield\/\"><img loading=\"lazy\" decoding=\"async\" class=\"size-full wp-image-5754 aligncenter\" src=\"https:\/\/www.golfiskotland.com\/wp-content\/uploads\/2017\/05\/Muirfield-18t.jpg\" alt=\"Muirfield\" width=\"150\" height=\"113\" \/><\/a><\/p>\n<p><a href=\"https:\/\/www.golfiskotland.com\/fr\/golfbaner-i-skotland\/syd-ost-skotland\/muirfield\/\">Klik her for at se billeder\u00a0og information af banen<\/a><\/p>\n\t<\/div>\n\n\t<p class=\"bgmp_list-link\">\n\t\t<a href=\"http:\/\/google.com\/maps?q=56.041578,+-2.821117\">\n\t\t\t56.041578, -2.821117\t\t<\/a>\n\t<\/p>\n<\/li>\n<li id=\"bgmp_list-item-5745\" class=\"bgmp_list-item\">\n\t<h3 class=\"bgmp_list-placemark-title\">\n\t\tNorth Berwick\n\t\t\t\t\t<span class=\"bgmp_view-on-map-container\">\n\t\t\t\t[<a href=\"javascript:;\" data-marker-id=\"5745\" class=\"bgmp_view-on-map\">\n\t\t\t\t\tView\t\t\t\t<\/a>]\n\t\t\t<\/span>\n\t\t\t<\/h3>\n\n\t<div class=\"bgmp_list-description\">\n\t\t\t\t<p><a href=\"https:\/\/www.golfiskotland.com\/fr\/golfbaner-i-skotland\/syd-ost-skotland\/north-berwick\/\"><img loading=\"lazy\" decoding=\"async\" class=\"size-full wp-image-5757 aligncenter\" src=\"https:\/\/www.golfiskotland.com\/wp-content\/uploads\/2017\/05\/North-Berwick-golf.jpg\" alt=\"North Berwick golf\" width=\"150\" height=\"94\" \/><\/a><\/p>\n<p><a href=\"https:\/\/www.golfiskotland.com\/fr\/golfbaner-i-skotland\/syd-ost-skotland\/north-berwick\/\">Klik her for at se billeder\u00a0og information af banen<\/a><\/p>\n\t<\/div>\n\n\t<p class=\"bgmp_list-link\">\n\t\t<a href=\"http:\/\/google.com\/maps?q=56.059009,+-2.726810\">\n\t\t\t56.059009, -2.726810\t\t<\/a>\n\t<\/p>\n<\/li>\n<li id=\"bgmp_list-item-5746\" class=\"bgmp_list-item\">\n\t<h3 class=\"bgmp_list-placemark-title\">\n\t\tGullane\n\t\t\t\t\t<span class=\"bgmp_view-on-map-container\">\n\t\t\t\t[<a href=\"javascript:;\" data-marker-id=\"5746\" class=\"bgmp_view-on-map\">\n\t\t\t\t\tView\t\t\t\t<\/a>]\n\t\t\t<\/span>\n\t\t\t<\/h3>\n\n\t<div class=\"bgmp_list-description\">\n\t\t\t\t<p><a href=\"https:\/\/www.golfiskotland.com\/fr\/golfbaner-i-skotland\/syd-ost-skotland\/gullane\/\"><img loading=\"lazy\" decoding=\"async\" class=\"size-full wp-image-5760 aligncenter\" src=\"https:\/\/www.golfiskotland.com\/wp-content\/uploads\/2017\/05\/Gullane-N1.jpg\" alt=\"Gullane\" width=\"150\" height=\"99\" \/><\/a><\/p>\n<p><a href=\"https:\/\/www.golfiskotland.com\/fr\/golfbaner-i-skotland\/syd-ost-skotland\/gullane\/\">Klik her for at se billeder\u00a0og information af banen<\/a><\/p>\n\t<\/div>\n\n\t<p class=\"bgmp_list-link\">\n\t\t<a href=\"http:\/\/google.com\/maps?q=56.033389,+-2.836275\">\n\t\t\t56.033389, -2.836275\t\t<\/a>\n\t<\/p>\n<\/li>\n<li id=\"bgmp_list-item-5747\" class=\"bgmp_list-item\">\n\t<h3 class=\"bgmp_list-placemark-title\">\n\t\tDunbar\n\t\t\t\t\t<span class=\"bgmp_view-on-map-container\">\n\t\t\t\t[<a href=\"javascript:;\" data-marker-id=\"5747\" class=\"bgmp_view-on-map\">\n\t\t\t\t\tView\t\t\t\t<\/a>]\n\t\t\t<\/span>\n\t\t\t<\/h3>\n\n\t<div class=\"bgmp_list-description\">\n\t\t\t\t<p><a href=\"https:\/\/www.golfiskotland.com\/fr\/golfbaner-i-skotland\/syd-ost-skotland\/dunbar\/\"><img loading=\"lazy\" decoding=\"async\" class=\"size-full wp-image-5763 aligncenter\" src=\"https:\/\/www.golfiskotland.com\/wp-content\/uploads\/2017\/05\/Dunbar.jpg\" alt=\"Dunbar\" width=\"150\" height=\"97\" \/><\/a><\/p>\n<p><a href=\"https:\/\/www.golfiskotland.com\/fr\/golfbaner-i-skotland\/syd-ost-skotland\/dunbar\/\">Klik her for at se billeder\u00a0og information af banen<\/a><\/p>\n\t<\/div>\n\n\t<p class=\"bgmp_list-link\">\n\t\t<a href=\"http:\/\/google.com\/maps?q=55.997194,+-2.499297\">\n\t\t\t55.997194, -2.499297\t\t<\/a>\n\t<\/p>\n<\/li>\n<li id=\"bgmp_list-item-5748\" class=\"bgmp_list-item\">\n\t<h3 class=\"bgmp_list-placemark-title\">\n\t\tDalmahoy (East)\n\t\t\t\t\t<span class=\"bgmp_view-on-map-container\">\n\t\t\t\t[<a href=\"javascript:;\" data-marker-id=\"5748\" class=\"bgmp_view-on-map\">\n\t\t\t\t\tView\t\t\t\t<\/a>]\n\t\t\t<\/span>\n\t\t\t<\/h3>\n\n\t<div class=\"bgmp_list-description\">\n\t\t\t\t<p><a href=\"https:\/\/www.golfiskotland.com\/fr\/golfbaner-i-skotland\/syd-ost-skotland\/dalmahoy-east-course\/\"><img loading=\"lazy\" decoding=\"async\" class=\"size-full wp-image-5766 aligncenter\" src=\"https:\/\/www.golfiskotland.com\/wp-content\/uploads\/2017\/05\/Dalmahoy.jpg\" alt=\"Dalmahoy\" width=\"150\" height=\"100\" \/><\/a><\/p>\n<p><a href=\"https:\/\/www.golfiskotland.com\/fr\/golfbaner-i-skotland\/syd-ost-skotland\/dalmahoy-east-course\/\">Klik her for at se billeder\u00a0og information af banen<\/a><\/p>\n\t<\/div>\n\n\t<p class=\"bgmp_list-link\">\n\t\t<a href=\"http:\/\/google.com\/maps?q=55.903984,+-3.368900\">\n\t\t\t55.903984, -3.368900\t\t<\/a>\n\t<\/p>\n<\/li>\n<li id=\"bgmp_list-item-5749\" class=\"bgmp_list-item\">\n\t<h3 class=\"bgmp_list-placemark-title\">\n\t\tCraigielaw\n\t\t\t\t\t<span class=\"bgmp_view-on-map-container\">\n\t\t\t\t[<a href=\"javascript:;\" data-marker-id=\"5749\" class=\"bgmp_view-on-map\">\n\t\t\t\t\tView\t\t\t\t<\/a>]\n\t\t\t<\/span>\n\t\t\t<\/h3>\n\n\t<div class=\"bgmp_list-description\">\n\t\t\t\t<p><a href=\"https:\/\/www.golfiskotland.com\/fr\/golfbaner-i-skotland\/syd-ost-skotland\/6522-2\/\"><img loading=\"lazy\" decoding=\"async\" class=\"size-full wp-image-5769 aligncenter\" src=\"https:\/\/www.golfiskotland.com\/wp-content\/uploads\/2017\/05\/Craigielaw.jpg\" alt=\"Craigielaw\" width=\"150\" height=\"101\" \/><\/a><\/p>\n<p><a href=\"https:\/\/www.golfiskotland.com\/fr\/golfbaner-i-skotland\/syd-ost-skotland\/6522-2\/\">Klik her for at se billeder\u00a0og information af banen<\/a><\/p>\n\t<\/div>\n\n\t<p class=\"bgmp_list-link\">\n\t\t<a href=\"http:\/\/google.com\/maps?q=56.008014,+-2.877693\">\n\t\t\t56.008014, -2.877693\t\t<\/a>\n\t<\/p>\n<\/li>\n<li id=\"bgmp_list-item-5750\" class=\"bgmp_list-item\">\n\t<h3 class=\"bgmp_list-placemark-title\">\n\t\tThe Glen\n\t\t\t\t\t<span class=\"bgmp_view-on-map-container\">\n\t\t\t\t[<a href=\"javascript:;\" data-marker-id=\"5750\" class=\"bgmp_view-on-map\">\n\t\t\t\t\tView\t\t\t\t<\/a>]\n\t\t\t<\/span>\n\t\t\t<\/h3>\n\n\t<div class=\"bgmp_list-description\">\n\t\t\t\t<p><a href=\"https:\/\/www.golfiskotland.com\/fr\/golfbaner-i-skotland\/syd-ost-skotland\/the-glen\/\"><img loading=\"lazy\" decoding=\"async\" class=\"size-full wp-image-5773 aligncenter\" src=\"https:\/\/www.golfiskotland.com\/wp-content\/uploads\/2017\/05\/Glen-golf.jpg\" alt=\"Glen\" width=\"150\" height=\"114\" \/><\/a><\/p>\n<p><a href=\"https:\/\/www.golfiskotland.com\/fr\/golfbaner-i-skotland\/syd-ost-skotland\/the-glen\/\">Klik her for at se billeder\u00a0og information af banen<\/a><\/p>\n\t<\/div>\n\n\t<p class=\"bgmp_list-link\">\n\t\t<a href=\"http:\/\/google.com\/maps?q=56.059184,+-2.690463\">\n\t\t\t56.059184, -2.690463\t\t<\/a>\n\t<\/p>\n<\/li>\n<li id=\"bgmp_list-item-5751\" class=\"bgmp_list-item\">\n\t<h3 class=\"bgmp_list-placemark-title\">\n\t\tMusselburgh (Old)\n\t\t\t\t\t<span class=\"bgmp_view-on-map-container\">\n\t\t\t\t[<a href=\"javascript:;\" data-marker-id=\"5751\" class=\"bgmp_view-on-map\">\n\t\t\t\t\tView\t\t\t\t<\/a>]\n\t\t\t<\/span>\n\t\t\t<\/h3>\n\n\t<div class=\"bgmp_list-description\">\n\t\t\t\t<p><a href=\"https:\/\/www.golfiskotland.com\/fr\/golfbaner-i-skotland\/syd-ost-skotland\/musselburgh-old\/\"><img loading=\"lazy\" decoding=\"async\" class=\"size-full wp-image-5776 aligncenter\" src=\"https:\/\/www.golfiskotland.com\/wp-content\/uploads\/2017\/05\/Musselburgh-Old.jpg\" alt=\"Musselburgh Old\" width=\"150\" height=\"90\" \/><\/a><\/p>\n<p><a href=\"https:\/\/www.golfiskotland.com\/fr\/golfbaner-i-skotland\/syd-ost-skotland\/musselburgh-old\/\">Klik her for at se billeder\u00a0og information af banen<\/a><\/p>\n\t<\/div>\n\n\t<p class=\"bgmp_list-link\">\n\t\t<a href=\"http:\/\/google.com\/maps?q=55.946812,+-3.035728\">\n\t\t\t55.946812, -3.035728\t\t<\/a>\n\t<\/p>\n<\/li>\n<li id=\"bgmp_list-item-5752\" class=\"bgmp_list-item\">\n\t<h3 class=\"bgmp_list-placemark-title\">\n\t\tRoyal Musselburgh\n\t\t\t\t\t<span class=\"bgmp_view-on-map-container\">\n\t\t\t\t[<a href=\"javascript:;\" data-marker-id=\"5752\" class=\"bgmp_view-on-map\">\n\t\t\t\t\tView\t\t\t\t<\/a>]\n\t\t\t<\/span>\n\t\t\t<\/h3>\n\n\t<div class=\"bgmp_list-description\">\n\t\t\t\t<p><a href=\"https:\/\/www.golfiskotland.com\/fr\/golfbaner-i-skotland\/syd-ost-skotland\/royal-musselburgh\/\"><img loading=\"lazy\" decoding=\"async\" class=\"size-full wp-image-5779 aligncenter\" src=\"https:\/\/www.golfiskotland.com\/wp-content\/uploads\/2017\/05\/Royal-Musselburgh.jpg\" alt=\"Royal Musselburgh\" width=\"150\" height=\"109\" \/><\/a><\/p>\n<p><a href=\"https:\/\/www.golfiskotland.com\/fr\/golfbaner-i-skotland\/syd-ost-skotland\/royal-musselburgh\/\">Klik her for at se billeder\u00a0og information af banen<\/a><\/p>\n\t<\/div>\n\n\t<p class=\"bgmp_list-link\">\n\t\t<a href=\"http:\/\/google.com\/maps?q=55.952739,+-2.996326\">\n\t\t\t55.952739, -2.996326\t\t<\/a>\n\t<\/p>\n<\/li>\n<li id=\"bgmp_list-item-5753\" class=\"bgmp_list-item\">\n\t<h3 class=\"bgmp_list-placemark-title\">\n\t\tLuffness New\n\t\t\t\t\t<span class=\"bgmp_view-on-map-container\">\n\t\t\t\t[<a href=\"javascript:;\" data-marker-id=\"5753\" class=\"bgmp_view-on-map\">\n\t\t\t\t\tView\t\t\t\t<\/a>]\n\t\t\t<\/span>\n\t\t\t<\/h3>\n\n\t<div class=\"bgmp_list-description\">\n\t\t\t\t<p><a href=\"https:\/\/www.golfiskotland.com\/fr\/golfbaner-i-skotland\/syd-ost-skotland\/luffness-new\/\"><img loading=\"lazy\" decoding=\"async\" class=\"size-full wp-image-5782 aligncenter\" src=\"https:\/\/www.golfiskotland.com\/wp-content\/uploads\/2017\/05\/Bunkers-Luffness-New.jpg\" alt=\"Luffness New\" width=\"150\" height=\"113\" \/><\/a><\/p>\n<p><a href=\"https:\/\/www.golfiskotland.com\/fr\/golfbaner-i-skotland\/syd-ost-skotland\/luffness-new\/\">Klik her for at se billeder\u00a0og information af banen<\/a><\/p>\n\t<\/div>\n\n\t<p class=\"bgmp_list-link\">\n\t\t<a href=\"http:\/\/google.com\/maps?q=56.021792,+-2.838364\">\n\t\t\t56.021792, -2.838364\t\t<\/a>\n\t<\/p>\n<\/li>\n<\/ul>\n<\/div>\n","protected":false},"excerpt":{"rendered":"<p>Med verdenskendte golfbaner, er den syd\u00f8stlige del af Skotland et fantastisk sted at afholde en golf ferie, is\u00e6r n\u00e6r en af Europas f\u00f8rende byer, Edinburgh, hovedstaden i Skotland. Regionen har en masse at tilbyde mellem golfbaner og sightseeing-aktiviteter. Ved at klikke p\u00e5 navnet p\u00e5 en af de golfbaner i venstre side af kortet, vil en [&hellip;]<\/p>\n","protected":false},"author":5,"featured_media":5932,"parent":51,"menu_order":0,"comment_status":"closed","ping_status":"closed","template":"","meta":{"_genesis_hide_title":false,"_genesis_hide_breadcrumbs":false,"_genesis_hide_singular_image":false,"_genesis_hide_footer_widgets":false,"_genesis_custom_body_class":"","_genesis_custom_post_class":"","_genesis_layout":"","footnotes":""},"class_list":{"0":"post-5040","1":"page","2":"type-page","3":"status-publish","4":"has-post-thumbnail","6":"entry"},"yoast_head":"<!-- This site is optimized with the Yoast SEO plugin v26.2 - https:\/\/yoast.com\/wordpress\/plugins\/seo\/ -->\n<title>Syd-\u00d8st Skotland - Golf Skotland<\/title>\n<meta name=\"description\" content=\"Med verdenskendte golfbaner, er den syd\u00f8stlige del af Skotland et fantastisk sted at afholde en golf ferie, is\u00e6r n\u00e6r en af Europas f\u00f8rende byer, Edinburgh.\" \/>\n<meta name=\"robots\" content=\"index, follow, max-snippet:-1, max-image-preview:large, max-video-preview:-1\" \/>\n<link rel=\"canonical\" href=\"https:\/\/www.golfiskotland.com\/fr\/golfbaner-i-skotland\/syd-ost-skotland\/\" \/>\n<meta property=\"og:locale\" content=\"fr_FR\" \/>\n<meta property=\"og:type\" content=\"article\" \/>\n<meta property=\"og:title\" content=\"Syd-\u00d8st Skotland - Golf Skotland\" \/>\n<meta property=\"og:description\" content=\"Med verdenskendte golfbaner, er den syd\u00f8stlige del af Skotland et fantastisk sted at afholde en golf ferie, is\u00e6r n\u00e6r en af Europas f\u00f8rende byer, Edinburgh.\" \/>\n<meta property=\"og:url\" content=\"https:\/\/www.golfiskotland.com\/fr\/golfbaner-i-skotland\/syd-ost-skotland\/\" \/>\n<meta property=\"og:site_name\" content=\"Golf Skotland\" \/>\n<meta property=\"article:modified_time\" content=\"2017-06-02T09:04:18+00:00\" \/>\n<meta property=\"og:image\" content=\"https:\/\/www.golfiskotland.com\/wp-content\/uploads\/2017\/05\/Syd-\u00d8st-Skotland-2.jpg\" \/>\n\t<meta property=\"og:image:width\" content=\"2000\" \/>\n\t<meta property=\"og:image:height\" content=\"1041\" \/>\n\t<meta property=\"og:image:type\" content=\"image\/jpeg\" \/>\n<meta name=\"twitter:card\" content=\"summary_large_image\" \/>\n<meta name=\"twitter:label1\" content=\"Dur\u00e9e de lecture estim\u00e9e\" \/>\n\t<meta name=\"twitter:data1\" content=\"1 minute\" \/>\n<script type=\"application\/ld+json\" class=\"yoast-schema-graph\">{\"@context\":\"https:\/\/schema.org\",\"@graph\":[{\"@type\":\"WebPage\",\"@id\":\"https:\/\/www.golfiskotland.com\/fr\/golfbaner-i-skotland\/syd-ost-skotland\/\",\"url\":\"https:\/\/www.golfiskotland.com\/fr\/golfbaner-i-skotland\/syd-ost-skotland\/\",\"name\":\"Syd-\u00d8st Skotland - Golf Skotland\",\"isPartOf\":{\"@id\":\"https:\/\/www.golfiskotland.com\/fr\/#website\"},\"primaryImageOfPage\":{\"@id\":\"https:\/\/www.golfiskotland.com\/fr\/golfbaner-i-skotland\/syd-ost-skotland\/#primaryimage\"},\"image\":{\"@id\":\"https:\/\/www.golfiskotland.com\/fr\/golfbaner-i-skotland\/syd-ost-skotland\/#primaryimage\"},\"thumbnailUrl\":\"https:\/\/www.golfiskotland.com\/wp-content\/uploads\/2017\/05\/Syd-\u00d8st-Skotland-2.jpg\",\"datePublished\":\"2017-05-24T11:02:59+00:00\",\"dateModified\":\"2017-06-02T09:04:18+00:00\",\"description\":\"Med verdenskendte golfbaner, er den syd\u00f8stlige del af Skotland et fantastisk sted at afholde en golf ferie, is\u00e6r n\u00e6r en af Europas f\u00f8rende byer, Edinburgh.\",\"breadcrumb\":{\"@id\":\"https:\/\/www.golfiskotland.com\/fr\/golfbaner-i-skotland\/syd-ost-skotland\/#breadcrumb\"},\"inLanguage\":\"fr-FR\",\"potentialAction\":[{\"@type\":\"ReadAction\",\"target\":[\"https:\/\/www.golfiskotland.com\/fr\/golfbaner-i-skotland\/syd-ost-skotland\/\"]}]},{\"@type\":\"ImageObject\",\"inLanguage\":\"fr-FR\",\"@id\":\"https:\/\/www.golfiskotland.com\/fr\/golfbaner-i-skotland\/syd-ost-skotland\/#primaryimage\",\"url\":\"https:\/\/www.golfiskotland.com\/wp-content\/uploads\/2017\/05\/Syd-\u00d8st-Skotland-2.jpg\",\"contentUrl\":\"https:\/\/www.golfiskotland.com\/wp-content\/uploads\/2017\/05\/Syd-\u00d8st-Skotland-2.jpg\",\"width\":2000,\"height\":1041,\"caption\":\"Syd-\u00d8st Skotland\"},{\"@type\":\"BreadcrumbList\",\"@id\":\"https:\/\/www.golfiskotland.com\/fr\/golfbaner-i-skotland\/syd-ost-skotland\/#breadcrumb\",\"itemListElement\":[{\"@type\":\"ListItem\",\"position\":1,\"name\":\"Home\",\"item\":\"https:\/\/www.golfiskotland.com\/fr\/\"},{\"@type\":\"ListItem\",\"position\":2,\"name\":\"Golfbaner i Skotland\",\"item\":\"https:\/\/www.golfiskotland.com\/fr\/golfbaner-i-skotland\/\"},{\"@type\":\"ListItem\",\"position\":3,\"name\":\"Syd-\u00d8st Skotland\"}]},{\"@type\":\"WebSite\",\"@id\":\"https:\/\/www.golfiskotland.com\/fr\/#website\",\"url\":\"https:\/\/www.golfiskotland.com\/fr\/\",\"name\":\"Golf Skotland\",\"description\":\"Golf ferie i Skotland og i St Andrews\",\"potentialAction\":[{\"@type\":\"SearchAction\",\"target\":{\"@type\":\"EntryPoint\",\"urlTemplate\":\"https:\/\/www.golfiskotland.com\/fr\/?s={search_term_string}\"},\"query-input\":{\"@type\":\"PropertyValueSpecification\",\"valueRequired\":true,\"valueName\":\"search_term_string\"}}],\"inLanguage\":\"fr-FR\"}]}<\/script>\n<!-- \/ Yoast SEO plugin. -->","yoast_head_json":{"title":"Syd-\u00d8st Skotland - Golf Skotland","description":"Med verdenskendte golfbaner, er den syd\u00f8stlige del af Skotland et fantastisk sted at afholde en golf ferie, is\u00e6r n\u00e6r en af Europas f\u00f8rende byer, Edinburgh.","robots":{"index":"index","follow":"follow","max-snippet":"max-snippet:-1","max-image-preview":"max-image-preview:large","max-video-preview":"max-video-preview:-1"},"canonical":"https:\/\/www.golfiskotland.com\/fr\/golfbaner-i-skotland\/syd-ost-skotland\/","og_locale":"fr_FR","og_type":"article","og_title":"Syd-\u00d8st Skotland - Golf Skotland","og_description":"Med verdenskendte golfbaner, er den syd\u00f8stlige del af Skotland et fantastisk sted at afholde en golf ferie, is\u00e6r n\u00e6r en af Europas f\u00f8rende byer, Edinburgh.","og_url":"https:\/\/www.golfiskotland.com\/fr\/golfbaner-i-skotland\/syd-ost-skotland\/","og_site_name":"Golf Skotland","article_modified_time":"2017-06-02T09:04:18+00:00","og_image":[{"width":2000,"height":1041,"url":"https:\/\/www.golfiskotland.com\/wp-content\/uploads\/2017\/05\/Syd-\u00d8st-Skotland-2.jpg","type":"image\/jpeg"}],"twitter_card":"summary_large_image","twitter_misc":{"Dur\u00e9e de lecture estim\u00e9e":"1 minute"},"schema":{"@context":"https:\/\/schema.org","@graph":[{"@type":"WebPage","@id":"https:\/\/www.golfiskotland.com\/fr\/golfbaner-i-skotland\/syd-ost-skotland\/","url":"https:\/\/www.golfiskotland.com\/fr\/golfbaner-i-skotland\/syd-ost-skotland\/","name":"Syd-\u00d8st Skotland - Golf Skotland","isPartOf":{"@id":"https:\/\/www.golfiskotland.com\/fr\/#website"},"primaryImageOfPage":{"@id":"https:\/\/www.golfiskotland.com\/fr\/golfbaner-i-skotland\/syd-ost-skotland\/#primaryimage"},"image":{"@id":"https:\/\/www.golfiskotland.com\/fr\/golfbaner-i-skotland\/syd-ost-skotland\/#primaryimage"},"thumbnailUrl":"https:\/\/www.golfiskotland.com\/wp-content\/uploads\/2017\/05\/Syd-\u00d8st-Skotland-2.jpg","datePublished":"2017-05-24T11:02:59+00:00","dateModified":"2017-06-02T09:04:18+00:00","description":"Med verdenskendte golfbaner, er den syd\u00f8stlige del af Skotland et fantastisk sted at afholde en golf ferie, is\u00e6r n\u00e6r en af Europas f\u00f8rende byer, Edinburgh.","breadcrumb":{"@id":"https:\/\/www.golfiskotland.com\/fr\/golfbaner-i-skotland\/syd-ost-skotland\/#breadcrumb"},"inLanguage":"fr-FR","potentialAction":[{"@type":"ReadAction","target":["https:\/\/www.golfiskotland.com\/fr\/golfbaner-i-skotland\/syd-ost-skotland\/"]}]},{"@type":"ImageObject","inLanguage":"fr-FR","@id":"https:\/\/www.golfiskotland.com\/fr\/golfbaner-i-skotland\/syd-ost-skotland\/#primaryimage","url":"https:\/\/www.golfiskotland.com\/wp-content\/uploads\/2017\/05\/Syd-\u00d8st-Skotland-2.jpg","contentUrl":"https:\/\/www.golfiskotland.com\/wp-content\/uploads\/2017\/05\/Syd-\u00d8st-Skotland-2.jpg","width":2000,"height":1041,"caption":"Syd-\u00d8st Skotland"},{"@type":"BreadcrumbList","@id":"https:\/\/www.golfiskotland.com\/fr\/golfbaner-i-skotland\/syd-ost-skotland\/#breadcrumb","itemListElement":[{"@type":"ListItem","position":1,"name":"Home","item":"https:\/\/www.golfiskotland.com\/fr\/"},{"@type":"ListItem","position":2,"name":"Golfbaner i Skotland","item":"https:\/\/www.golfiskotland.com\/fr\/golfbaner-i-skotland\/"},{"@type":"ListItem","position":3,"name":"Syd-\u00d8st Skotland"}]},{"@type":"WebSite","@id":"https:\/\/www.golfiskotland.com\/fr\/#website","url":"https:\/\/www.golfiskotland.com\/fr\/","name":"Golf Skotland","description":"Golf ferie i Skotland og i St Andrews","potentialAction":[{"@type":"SearchAction","target":{"@type":"EntryPoint","urlTemplate":"https:\/\/www.golfiskotland.com\/fr\/?s={search_term_string}"},"query-input":{"@type":"PropertyValueSpecification","valueRequired":true,"valueName":"search_term_string"}}],"inLanguage":"fr-FR"}]}},"_links":{"self":[{"href":"https:\/\/www.golfiskotland.com\/fr\/wp-json\/wp\/v2\/pages\/5040","targetHints":{"allow":["GET"]}}],"collection":[{"href":"https:\/\/www.golfiskotland.com\/fr\/wp-json\/wp\/v2\/pages"}],"about":[{"href":"https:\/\/www.golfiskotland.com\/fr\/wp-json\/wp\/v2\/types\/page"}],"author":[{"embeddable":true,"href":"https:\/\/www.golfiskotland.com\/fr\/wp-json\/wp\/v2\/users\/5"}],"replies":[{"embeddable":true,"href":"https:\/\/www.golfiskotland.com\/fr\/wp-json\/wp\/v2\/comments?post=5040"}],"version-history":[{"count":4,"href":"https:\/\/www.golfiskotland.com\/fr\/wp-json\/wp\/v2\/pages\/5040\/revisions"}],"predecessor-version":[{"id":5915,"href":"https:\/\/www.golfiskotland.com\/fr\/wp-json\/wp\/v2\/pages\/5040\/revisions\/5915"}],"up":[{"embeddable":true,"href":"https:\/\/www.golfiskotland.com\/fr\/wp-json\/wp\/v2\/pages\/51"}],"wp:featuredmedia":[{"embeddable":true,"href":"https:\/\/www.golfiskotland.com\/fr\/wp-json\/wp\/v2\/media\/5932"}],"wp:attachment":[{"href":"https:\/\/www.golfiskotland.com\/fr\/wp-json\/wp\/v2\/media?parent=5040"}],"curies":[{"name":"wp","href":"https:\/\/api.w.org\/{rel}","templated":true}]}}