{"id":5042,"date":"2017-05-24T11:06:54","date_gmt":"2017-05-24T11:06:54","guid":{"rendered":"https:\/\/www.golfiskotland.com\/?page_id=5042\/"},"modified":"2017-06-12T10:25:21","modified_gmt":"2017-06-12T10:25:21","slug":"midt-skotland","status":"publish","type":"page","link":"https:\/\/www.golfiskotland.com\/fr\/golfbaner-i-skotland\/midt-skotland\/","title":{"rendered":"Midt Skotland"},"content":{"rendered":"<div class=\"two-thirds first\">\n<p>Skotland er verdensber\u00f8mt for sine seaside golfbaner (links baner), men tager du indlands vil du finde fantastiske steder som f.eks. Gleneaglesder tilbyder tre af de fineste golfbaner i Skotland, med verdensklasse faciliteter.<br \/>\n Ved at klikke p\u00e5 navnet p\u00e5 en af de golfbaner i venstre side af kortet, vil en menu vise den n\u00f8jagtige beliggenhed af banen. Hvis De \u00f8nsker at se beskrivelsen af golfbanen, skal De klikke p\u00e5 linket eller billedet i menuen.<\/p>\n<p>&nbsp;<\/p>\n<p class=\"error\">Basic Google Maps Placemarks erreur\u00a0: les fichiers JavaScript et\/ou CSS n\u2019ont pas pu \u00eatre charg\u00e9s. SI vous utilisez la fonction do_shortcode(), vous devez d\u2019abord ajouter un filtre \u00e0 votre th\u00e8me. Voir <a href=\"http:\/\/wordpress.org\/extend\/plugins\/basic-google-maps-placemarks\/faq\/\">la FAQ<\/a> pour plus de d\u00e9tails.<\/p>\n<\/div>\n<div class=\"one-third\">\n<h2>Golf Course Regions<\/h2>\n<ul>\n<li><a title=\"St Andrews i Skotland\" href=\"https:\/\/www.golfiskotland.com\/fr\/golfbaner-i-skotland\/st-andrews-i-skotland\/\">St Andrews i Skotland<\/a><\/li>\n<li><a title=\"H\u00f8jlandet i Skotland\" href=\"https:\/\/www.golfiskotland.com\/fr\/golfbaner-i-skotland\/5036-2\/\">H\u00f8jlandet i Skotland<\/a><\/li>\n<li><a title=\"Syd-Vest Skotland\" href=\"https:\/\/www.golfiskotland.com\/fr\/golfbaner-i-skotland\/syd-vest-skotland\/\">Syd-Vest Skotland<\/a><\/li>\n<li><a title=\"Syd-\u00d8st Skotland\" href=\"https:\/\/www.golfiskotland.com\/fr\/golfbaner-i-skotland\/syd-ost-skotland\/\">Syd-\u00d8st Skotland<\/a><\/li>\n<li><a title=\"Midt Skotland\" href=\"https:\/\/www.golfiskotland.com\/fr\/golfbaner-i-skotland\/midt-skotland\/\">Midt Skotland<\/a><\/li>\n<li><a title=\"Nord-\u00d8st Skotland\" href=\"https:\/\/www.golfiskotland.com\/fr\/golfbaner-i-skotland\/nord-ost-skotland\/\">Nord-\u00d8st Skotland<\/a><\/li>\n<\/ul>\n<h2>Golf Courses<\/h2>\n<ul id=\"bgmp_list\" class=\"bgmp_list\"><li id=\"bgmp_list-item-5786\" class=\"bgmp_list-item\">\n\t<h3 class=\"bgmp_list-placemark-title\">\n\t\tGleneagles (King&rsquo;s)\n\t\t\t\t\t<span class=\"bgmp_view-on-map-container\">\n\t\t\t\t[<a href=\"javascript:;\" data-marker-id=\"5786\" class=\"bgmp_view-on-map\">\n\t\t\t\t\tView\t\t\t\t<\/a>]\n\t\t\t<\/span>\n\t\t\t<\/h3>\n\n\t<div class=\"bgmp_list-description\">\n\t\t\t\t<p><a href=\"https:\/\/www.golfiskotland.com\/fr\/golfbaner-i-skotland\/midt-skotland\/gleneagles-kings\/\"><img loading=\"lazy\" decoding=\"async\" class=\"size-full wp-image-5791 aligncenter\" src=\"https:\/\/www.golfiskotland.com\/wp-content\/uploads\/2017\/05\/Green-Kings-Gleneagles1.jpg\" alt=\"Kings Gleneagles\" width=\"150\" height=\"100\" \/><\/a><\/p>\n<p><a href=\"https:\/\/www.golfiskotland.com\/fr\/golfbaner-i-skotland\/midt-skotland\/gleneagles-kings\/\">Klik her for at se billeder\u00a0og information af banen<\/a><\/p>\n\t<\/div>\n\n\t<p class=\"bgmp_list-link\">\n\t\t<a href=\"http:\/\/google.com\/maps?q=56.279175,+-3.754200\">\n\t\t\t56.279175, -3.754200\t\t<\/a>\n\t<\/p>\n<\/li>\n<li id=\"bgmp_list-item-5787\" class=\"bgmp_list-item\">\n\t<h3 class=\"bgmp_list-placemark-title\">\n\t\tBlairgowrie (Rosemount)\n\t\t\t\t\t<span class=\"bgmp_view-on-map-container\">\n\t\t\t\t[<a href=\"javascript:;\" data-marker-id=\"5787\" class=\"bgmp_view-on-map\">\n\t\t\t\t\tView\t\t\t\t<\/a>]\n\t\t\t<\/span>\n\t\t\t<\/h3>\n\n\t<div class=\"bgmp_list-description\">\n\t\t\t\t<p><a href=\"https:\/\/www.golfiskotland.com\/fr\/golfbaner-i-skotland\/midt-skotland\/blairgowrie-rosemount\/\"><img loading=\"lazy\" decoding=\"async\" class=\"size-full wp-image-5794 aligncenter\" src=\"https:\/\/www.golfiskotland.com\/wp-content\/uploads\/2017\/05\/Rosemount-Blairgowrie-18.jpg\" alt=\"Rosemount Blairgowrie\" width=\"150\" height=\"100\" \/><\/a><\/p>\n<p><a href=\"https:\/\/www.golfiskotland.com\/fr\/golfbaner-i-skotland\/midt-skotland\/blairgowrie-rosemount\/\">Klik her for at se billeder\u00a0og information af banen<\/a><\/p>\n\t<\/div>\n\n\t<p class=\"bgmp_list-link\">\n\t\t<a href=\"http:\/\/google.com\/maps?q=56.569556,+-3.337178\">\n\t\t\t56.569556, -3.337178\t\t<\/a>\n\t<\/p>\n<\/li>\n<li id=\"bgmp_list-item-5788\" class=\"bgmp_list-item\">\n\t<h3 class=\"bgmp_list-placemark-title\">\n\t\tGleneagles (PGA Centenary)\n\t\t\t\t\t<span class=\"bgmp_view-on-map-container\">\n\t\t\t\t[<a href=\"javascript:;\" data-marker-id=\"5788\" class=\"bgmp_view-on-map\">\n\t\t\t\t\tView\t\t\t\t<\/a>]\n\t\t\t<\/span>\n\t\t\t<\/h3>\n\n\t<div class=\"bgmp_list-description\">\n\t\t\t\t<p><a href=\"https:\/\/www.golfiskotland.com\/fr\/golfbaner-i-skotland\/midt-skotland\/gleneagles-pga-centenary\/\"><img loading=\"lazy\" decoding=\"async\" class=\"size-full wp-image-5797 aligncenter\" src=\"https:\/\/www.golfiskotland.com\/wp-content\/uploads\/2017\/05\/PGACentenary-Gleneagles.jpg\" alt=\"PGA Centenary Gleneagles\" width=\"150\" height=\"100\" \/><\/a><\/p>\n<p><a href=\"https:\/\/www.golfiskotland.com\/fr\/golfbaner-i-skotland\/midt-skotland\/gleneagles-pga-centenary\/\">Klik her for at se billeder\u00a0og information af banen<\/a><\/p>\n\t<\/div>\n\n\t<p class=\"bgmp_list-link\">\n\t\t<a href=\"http:\/\/google.com\/maps?q=56.277960,+-3.759844\">\n\t\t\t56.277960, -3.759844\t\t<\/a>\n\t<\/p>\n<\/li>\n<li id=\"bgmp_list-item-5789\" class=\"bgmp_list-item\">\n\t<h3 class=\"bgmp_list-placemark-title\">\n\t\tGleneagles (Queen&rsquo;s)\n\t\t\t\t\t<span class=\"bgmp_view-on-map-container\">\n\t\t\t\t[<a href=\"javascript:;\" data-marker-id=\"5789\" class=\"bgmp_view-on-map\">\n\t\t\t\t\tView\t\t\t\t<\/a>]\n\t\t\t<\/span>\n\t\t\t<\/h3>\n\n\t<div class=\"bgmp_list-description\">\n\t\t\t\t<p><a href=\"https:\/\/www.golfiskotland.com\/fr\/golfbaner-i-skotland\/midt-skotland\/gleneagles-queens\/\"><img loading=\"lazy\" decoding=\"async\" class=\"size-full wp-image-5800 aligncenter\" src=\"https:\/\/www.golfiskotland.com\/wp-content\/uploads\/2017\/05\/Queens-golf-Gleneagles4.jpg\" alt=\"Queens golf Gleneagles\" width=\"150\" height=\"116\" \/><\/a><\/p>\n<p><a href=\"https:\/\/www.golfiskotland.com\/fr\/golfbaner-i-skotland\/midt-skotland\/gleneagles-queens\/\">Klik her for at se billeder\u00a0og information af banen<\/a><\/p>\n\t<\/div>\n\n\t<p class=\"bgmp_list-link\">\n\t\t<a href=\"http:\/\/google.com\/maps?q=56.282951,+-3.752441\">\n\t\t\t56.282951, -3.752441\t\t<\/a>\n\t<\/p>\n<\/li>\n<li id=\"bgmp_list-item-5790\" class=\"bgmp_list-item\">\n\t<h3 class=\"bgmp_list-placemark-title\">\n\t\tPitlorchy\n\t\t\t\t\t<span class=\"bgmp_view-on-map-container\">\n\t\t\t\t[<a href=\"javascript:;\" data-marker-id=\"5790\" class=\"bgmp_view-on-map\">\n\t\t\t\t\tView\t\t\t\t<\/a>]\n\t\t\t<\/span>\n\t\t\t<\/h3>\n\n\t<div class=\"bgmp_list-description\">\n\t\t\t\t<p><a href=\"https:\/\/www.golfiskotland.com\/fr\/golfbaner-i-skotland\/midt-skotland\/pitlochry\/\"><img loading=\"lazy\" decoding=\"async\" class=\"size-full wp-image-5803 aligncenter\" src=\"https:\/\/www.golfiskotland.com\/wp-content\/uploads\/2017\/05\/Golfeurs-Pitlochry-Golf.jpg\" alt=\"Pitlochry\" width=\"150\" height=\"113\" \/><\/a><\/p>\n<p><a href=\"https:\/\/www.golfiskotland.com\/fr\/golfbaner-i-skotland\/midt-skotland\/pitlochry\/\">Klik her for at se billeder\u00a0og information af banen<\/a><\/p>\n\t<\/div>\n\n\t<p class=\"bgmp_list-link\">\n\t\t<a href=\"http:\/\/google.com\/maps?q=56.710255,+-3.742125\">\n\t\t\t56.710255, -3.742125\t\t<\/a>\n\t<\/p>\n<\/li>\n<\/ul>\n<\/div>\n","protected":false},"excerpt":{"rendered":"<p>Skotland er verdensber\u00f8mt for sine seaside golfbaner (links baner), men tager du indlands vil du finde fantastiske steder som f.eks. Gleneaglesder tilbyder tre af de fineste golfbaner i Skotland, med verdensklasse faciliteter. Ved at klikke p\u00e5 navnet p\u00e5 en af de golfbaner i venstre side af kortet, vil en menu vise den n\u00f8jagtige beliggenhed af [&hellip;]<\/p>\n","protected":false},"author":5,"featured_media":5935,"parent":51,"menu_order":0,"comment_status":"closed","ping_status":"closed","template":"","meta":{"_genesis_hide_title":false,"_genesis_hide_breadcrumbs":false,"_genesis_hide_singular_image":false,"_genesis_hide_footer_widgets":false,"_genesis_custom_body_class":"","_genesis_custom_post_class":"","_genesis_layout":"","footnotes":""},"class_list":{"0":"post-5042","1":"page","2":"type-page","3":"status-publish","4":"has-post-thumbnail","6":"entry"},"yoast_head":"<!-- This site is optimized with the Yoast SEO plugin v26.2 - https:\/\/yoast.com\/wordpress\/plugins\/seo\/ -->\n<title>Midt Skotland - Golf Skotland<\/title>\n<meta name=\"description\" content=\"Skotland er verdensber\u00f8mt for sine seaside golfbaner, men tager du indlands vil du finde fantastiske steder som f.eks.\" \/>\n<meta name=\"robots\" content=\"index, follow, max-snippet:-1, max-image-preview:large, max-video-preview:-1\" \/>\n<link rel=\"canonical\" href=\"https:\/\/www.golfiskotland.com\/fr\/golfbaner-i-skotland\/midt-skotland\/\" \/>\n<meta property=\"og:locale\" content=\"fr_FR\" \/>\n<meta property=\"og:type\" content=\"article\" \/>\n<meta property=\"og:title\" content=\"Midt Skotland - Golf Skotland\" \/>\n<meta property=\"og:description\" content=\"Skotland er verdensber\u00f8mt for sine seaside golfbaner, men tager du indlands vil du finde fantastiske steder som f.eks.\" \/>\n<meta property=\"og:url\" content=\"https:\/\/www.golfiskotland.com\/fr\/golfbaner-i-skotland\/midt-skotland\/\" \/>\n<meta property=\"og:site_name\" content=\"Golf Skotland\" \/>\n<meta property=\"article:modified_time\" content=\"2017-06-12T10:25:21+00:00\" \/>\n<meta property=\"og:image\" content=\"https:\/\/www.golfiskotland.com\/wp-content\/uploads\/2017\/05\/Midt-Skotland.jpg\" \/>\n\t<meta property=\"og:image:width\" content=\"2000\" \/>\n\t<meta property=\"og:image:height\" content=\"1080\" \/>\n\t<meta property=\"og:image:type\" content=\"image\/jpeg\" \/>\n<meta name=\"twitter:card\" content=\"summary_large_image\" \/>\n<meta name=\"twitter:label1\" content=\"Dur\u00e9e de lecture estim\u00e9e\" \/>\n\t<meta name=\"twitter:data1\" content=\"1 minute\" \/>\n<script type=\"application\/ld+json\" class=\"yoast-schema-graph\">{\"@context\":\"https:\/\/schema.org\",\"@graph\":[{\"@type\":\"WebPage\",\"@id\":\"https:\/\/www.golfiskotland.com\/fr\/golfbaner-i-skotland\/midt-skotland\/\",\"url\":\"https:\/\/www.golfiskotland.com\/fr\/golfbaner-i-skotland\/midt-skotland\/\",\"name\":\"Midt Skotland - Golf Skotland\",\"isPartOf\":{\"@id\":\"https:\/\/www.golfiskotland.com\/fr\/#website\"},\"primaryImageOfPage\":{\"@id\":\"https:\/\/www.golfiskotland.com\/fr\/golfbaner-i-skotland\/midt-skotland\/#primaryimage\"},\"image\":{\"@id\":\"https:\/\/www.golfiskotland.com\/fr\/golfbaner-i-skotland\/midt-skotland\/#primaryimage\"},\"thumbnailUrl\":\"https:\/\/www.golfiskotland.com\/wp-content\/uploads\/2017\/05\/Midt-Skotland.jpg\",\"datePublished\":\"2017-05-24T11:06:54+00:00\",\"dateModified\":\"2017-06-12T10:25:21+00:00\",\"description\":\"Skotland er verdensber\u00f8mt for sine seaside golfbaner, men tager du indlands vil du finde fantastiske steder som f.eks.\",\"breadcrumb\":{\"@id\":\"https:\/\/www.golfiskotland.com\/fr\/golfbaner-i-skotland\/midt-skotland\/#breadcrumb\"},\"inLanguage\":\"fr-FR\",\"potentialAction\":[{\"@type\":\"ReadAction\",\"target\":[\"https:\/\/www.golfiskotland.com\/fr\/golfbaner-i-skotland\/midt-skotland\/\"]}]},{\"@type\":\"ImageObject\",\"inLanguage\":\"fr-FR\",\"@id\":\"https:\/\/www.golfiskotland.com\/fr\/golfbaner-i-skotland\/midt-skotland\/#primaryimage\",\"url\":\"https:\/\/www.golfiskotland.com\/wp-content\/uploads\/2017\/05\/Midt-Skotland.jpg\",\"contentUrl\":\"https:\/\/www.golfiskotland.com\/wp-content\/uploads\/2017\/05\/Midt-Skotland.jpg\",\"width\":2000,\"height\":1080,\"caption\":\"Midt Skotland\"},{\"@type\":\"BreadcrumbList\",\"@id\":\"https:\/\/www.golfiskotland.com\/fr\/golfbaner-i-skotland\/midt-skotland\/#breadcrumb\",\"itemListElement\":[{\"@type\":\"ListItem\",\"position\":1,\"name\":\"Home\",\"item\":\"https:\/\/www.golfiskotland.com\/fr\/\"},{\"@type\":\"ListItem\",\"position\":2,\"name\":\"Golfbaner i Skotland\",\"item\":\"https:\/\/www.golfiskotland.com\/fr\/golfbaner-i-skotland\/\"},{\"@type\":\"ListItem\",\"position\":3,\"name\":\"Midt Skotland\"}]},{\"@type\":\"WebSite\",\"@id\":\"https:\/\/www.golfiskotland.com\/fr\/#website\",\"url\":\"https:\/\/www.golfiskotland.com\/fr\/\",\"name\":\"Golf Skotland\",\"description\":\"Golf ferie i Skotland og i St Andrews\",\"potentialAction\":[{\"@type\":\"SearchAction\",\"target\":{\"@type\":\"EntryPoint\",\"urlTemplate\":\"https:\/\/www.golfiskotland.com\/fr\/?s={search_term_string}\"},\"query-input\":{\"@type\":\"PropertyValueSpecification\",\"valueRequired\":true,\"valueName\":\"search_term_string\"}}],\"inLanguage\":\"fr-FR\"}]}<\/script>\n<!-- \/ Yoast SEO plugin. -->","yoast_head_json":{"title":"Midt Skotland - Golf Skotland","description":"Skotland er verdensber\u00f8mt for sine seaside golfbaner, men tager du indlands vil du finde fantastiske steder som f.eks.","robots":{"index":"index","follow":"follow","max-snippet":"max-snippet:-1","max-image-preview":"max-image-preview:large","max-video-preview":"max-video-preview:-1"},"canonical":"https:\/\/www.golfiskotland.com\/fr\/golfbaner-i-skotland\/midt-skotland\/","og_locale":"fr_FR","og_type":"article","og_title":"Midt Skotland - Golf Skotland","og_description":"Skotland er verdensber\u00f8mt for sine seaside golfbaner, men tager du indlands vil du finde fantastiske steder som f.eks.","og_url":"https:\/\/www.golfiskotland.com\/fr\/golfbaner-i-skotland\/midt-skotland\/","og_site_name":"Golf Skotland","article_modified_time":"2017-06-12T10:25:21+00:00","og_image":[{"width":2000,"height":1080,"url":"https:\/\/www.golfiskotland.com\/wp-content\/uploads\/2017\/05\/Midt-Skotland.jpg","type":"image\/jpeg"}],"twitter_card":"summary_large_image","twitter_misc":{"Dur\u00e9e de lecture estim\u00e9e":"1 minute"},"schema":{"@context":"https:\/\/schema.org","@graph":[{"@type":"WebPage","@id":"https:\/\/www.golfiskotland.com\/fr\/golfbaner-i-skotland\/midt-skotland\/","url":"https:\/\/www.golfiskotland.com\/fr\/golfbaner-i-skotland\/midt-skotland\/","name":"Midt Skotland - Golf Skotland","isPartOf":{"@id":"https:\/\/www.golfiskotland.com\/fr\/#website"},"primaryImageOfPage":{"@id":"https:\/\/www.golfiskotland.com\/fr\/golfbaner-i-skotland\/midt-skotland\/#primaryimage"},"image":{"@id":"https:\/\/www.golfiskotland.com\/fr\/golfbaner-i-skotland\/midt-skotland\/#primaryimage"},"thumbnailUrl":"https:\/\/www.golfiskotland.com\/wp-content\/uploads\/2017\/05\/Midt-Skotland.jpg","datePublished":"2017-05-24T11:06:54+00:00","dateModified":"2017-06-12T10:25:21+00:00","description":"Skotland er verdensber\u00f8mt for sine seaside golfbaner, men tager du indlands vil du finde fantastiske steder som f.eks.","breadcrumb":{"@id":"https:\/\/www.golfiskotland.com\/fr\/golfbaner-i-skotland\/midt-skotland\/#breadcrumb"},"inLanguage":"fr-FR","potentialAction":[{"@type":"ReadAction","target":["https:\/\/www.golfiskotland.com\/fr\/golfbaner-i-skotland\/midt-skotland\/"]}]},{"@type":"ImageObject","inLanguage":"fr-FR","@id":"https:\/\/www.golfiskotland.com\/fr\/golfbaner-i-skotland\/midt-skotland\/#primaryimage","url":"https:\/\/www.golfiskotland.com\/wp-content\/uploads\/2017\/05\/Midt-Skotland.jpg","contentUrl":"https:\/\/www.golfiskotland.com\/wp-content\/uploads\/2017\/05\/Midt-Skotland.jpg","width":2000,"height":1080,"caption":"Midt Skotland"},{"@type":"BreadcrumbList","@id":"https:\/\/www.golfiskotland.com\/fr\/golfbaner-i-skotland\/midt-skotland\/#breadcrumb","itemListElement":[{"@type":"ListItem","position":1,"name":"Home","item":"https:\/\/www.golfiskotland.com\/fr\/"},{"@type":"ListItem","position":2,"name":"Golfbaner i Skotland","item":"https:\/\/www.golfiskotland.com\/fr\/golfbaner-i-skotland\/"},{"@type":"ListItem","position":3,"name":"Midt Skotland"}]},{"@type":"WebSite","@id":"https:\/\/www.golfiskotland.com\/fr\/#website","url":"https:\/\/www.golfiskotland.com\/fr\/","name":"Golf Skotland","description":"Golf ferie i Skotland og i St Andrews","potentialAction":[{"@type":"SearchAction","target":{"@type":"EntryPoint","urlTemplate":"https:\/\/www.golfiskotland.com\/fr\/?s={search_term_string}"},"query-input":{"@type":"PropertyValueSpecification","valueRequired":true,"valueName":"search_term_string"}}],"inLanguage":"fr-FR"}]}},"_links":{"self":[{"href":"https:\/\/www.golfiskotland.com\/fr\/wp-json\/wp\/v2\/pages\/5042","targetHints":{"allow":["GET"]}}],"collection":[{"href":"https:\/\/www.golfiskotland.com\/fr\/wp-json\/wp\/v2\/pages"}],"about":[{"href":"https:\/\/www.golfiskotland.com\/fr\/wp-json\/wp\/v2\/types\/page"}],"author":[{"embeddable":true,"href":"https:\/\/www.golfiskotland.com\/fr\/wp-json\/wp\/v2\/users\/5"}],"replies":[{"embeddable":true,"href":"https:\/\/www.golfiskotland.com\/fr\/wp-json\/wp\/v2\/comments?post=5042"}],"version-history":[{"count":5,"href":"https:\/\/www.golfiskotland.com\/fr\/wp-json\/wp\/v2\/pages\/5042\/revisions"}],"predecessor-version":[{"id":6463,"href":"https:\/\/www.golfiskotland.com\/fr\/wp-json\/wp\/v2\/pages\/5042\/revisions\/6463"}],"up":[{"embeddable":true,"href":"https:\/\/www.golfiskotland.com\/fr\/wp-json\/wp\/v2\/pages\/51"}],"wp:featuredmedia":[{"embeddable":true,"href":"https:\/\/www.golfiskotland.com\/fr\/wp-json\/wp\/v2\/media\/5935"}],"wp:attachment":[{"href":"https:\/\/www.golfiskotland.com\/fr\/wp-json\/wp\/v2\/media?parent=5042"}],"curies":[{"name":"wp","href":"https:\/\/api.w.org\/{rel}","templated":true}]}}