{"id":5044,"date":"2017-05-24T11:08:37","date_gmt":"2017-05-24T11:08:37","guid":{"rendered":"https:\/\/www.golfiskotland.com\/?page_id=5044\/"},"modified":"2017-06-12T10:41:35","modified_gmt":"2017-06-12T10:41:35","slug":"nord-ost-skotland","status":"publish","type":"page","link":"https:\/\/www.golfiskotland.com\/fr\/golfbaner-i-skotland\/nord-ost-skotland\/","title":{"rendered":"Nord-\u00d8st Skotland"},"content":{"rendered":"<div class=\"two-thirds first\">\n<p>Denne del af Skotland kan tilbyde flere prestigefyldte golfbaner som f.eks. Royal Aberdeen og Cruden Bay. De fleste af dem ligger omkring Aberdeen, kendt som \u00ab\u00a0Granite City\u00a0\u00bb, fordi de fleste af bygningerne er blevet bygget med gr\u00e5 granit, eller som Olie Europas hovedstad \u00ab\u00a0med opdagelsen af Nords\u00f8olien i 1970&rsquo;erne.<br \/>\nVed at klikke p\u00e5 navnet p\u00e5 en af de golfbaner i venstre side af kortet, vil en menu vise den n\u00f8jagtige beliggenhed af banen. Hvis De \u00f8nsker at se beskrivelsen af golfbanen, skal De klikke p\u00e5 linket eller billedet i menuen. <\/p>\n<p>&nbsp;<\/p>\n<p class=\"error\">Basic Google Maps Placemarks erreur\u00a0: les fichiers JavaScript et\/ou CSS n\u2019ont pas pu \u00eatre charg\u00e9s. SI vous utilisez la fonction do_shortcode(), vous devez d\u2019abord ajouter un filtre \u00e0 votre th\u00e8me. Voir <a href=\"http:\/\/wordpress.org\/extend\/plugins\/basic-google-maps-placemarks\/faq\/\">la FAQ<\/a> pour plus de d\u00e9tails.<\/p>\n<\/div>\n<div class=\"one-third\">\n<h2>Golf Course Regions<\/h2>\n<ul>\n<li><a title=\"St Andrews i Skotland\" href=\"https:\/\/www.golfiskotland.com\/fr\/golfbaner-i-skotland\/st-andrews-i-skotland\/\">St Andrews i Skotland<\/a><\/li>\n<li><a title=\"H\u00f8jlandet i Skotland\" href=\"https:\/\/www.golfiskotland.com\/fr\/golfbaner-i-skotland\/5036-2\/\">H\u00f8jlandet i Skotland<\/a><\/li>\n<li><a title=\"Syd-Vest Skotland\" href=\"https:\/\/www.golfiskotland.com\/fr\/golfbaner-i-skotland\/syd-vest-skotland\/\">Syd-Vest Skotland<\/a><\/li>\n<li><a title=\"Syd-\u00d8st Skotland\" href=\"https:\/\/www.golfiskotland.com\/fr\/golfbaner-i-skotland\/syd-ost-skotland\/\">Syd-\u00d8st Skotland<\/a><\/li>\n<li><a title=\"Midt Skotland\" href=\"https:\/\/www.golfiskotland.com\/fr\/golfbaner-i-skotland\/midt-skotland\/\">Midt Skotland<\/a><\/li>\n<li><a title=\"Nord-\u00d8st Skotland\" href=\"https:\/\/www.golfiskotland.com\/fr\/golfbaner-i-skotland\/nord-ost-skotland\/\">Nord-\u00d8st Skotland<\/a><\/li>\n<\/ul>\n<h2>Golf Courses<\/h2>\n<ul id=\"bgmp_list\" class=\"bgmp_list\"><li id=\"bgmp_list-item-5312\" class=\"bgmp_list-item\">\n\t<h3 class=\"bgmp_list-placemark-title\">\n\t\tRoyal Aberdeen\n\t\t\t\t\t<span class=\"bgmp_view-on-map-container\">\n\t\t\t\t[<a href=\"javascript:;\" data-marker-id=\"5312\" class=\"bgmp_view-on-map\">\n\t\t\t\t\tView\t\t\t\t<\/a>]\n\t\t\t<\/span>\n\t\t\t<\/h3>\n\n\t<div class=\"bgmp_list-description\">\n\t\t\t\t<p><a href=\"https:\/\/www.golfiskotland.com\/fr\/golfbaner-i-skotland\/nord-ost-skotland\/royal-aberdeen\/\"><img loading=\"lazy\" decoding=\"async\" class=\"aligncenter size-full wp-image-3670\" src=\"https:\/\/www.golfiskotland.com\/wp-content\/uploads\/2014\/06\/Sea-view-Balgownie-Golf-course-at-Royal-Aberdeen3.jpg\" alt=\"Sea view Balgownie Golf course at Royal Aberdeen\" width=\"150\" height=\"113\" \/><\/a><\/p>\n<p><a href=\"https:\/\/www.golfiskotland.com\/fr\/golfbaner-i-skotland\/nord-ost-skotland\/royal-aberdeen\/\">Click here to view images and details of the course<\/a><\/p>\n\t<\/div>\n\n\t<p class=\"bgmp_list-link\">\n\t\t<a href=\"http:\/\/google.com\/maps?q=57.18046,+-2.07951\">\n\t\t\t57.18046, -2.07951\t\t<\/a>\n\t<\/p>\n<\/li>\n<li id=\"bgmp_list-item-5807\" class=\"bgmp_list-item\">\n\t<h3 class=\"bgmp_list-placemark-title\">\n\t\tCruden Bay\n\t\t\t\t\t<span class=\"bgmp_view-on-map-container\">\n\t\t\t\t[<a href=\"javascript:;\" data-marker-id=\"5807\" class=\"bgmp_view-on-map\">\n\t\t\t\t\tView\t\t\t\t<\/a>]\n\t\t\t<\/span>\n\t\t\t<\/h3>\n\n\t<div class=\"bgmp_list-description\">\n\t\t\t\t<p><a href=\"https:\/\/www.golfiskotland.com\/fr\/golfbaner-i-skotland\/nord-ost-skotland\/cruden-bay\/\"><img loading=\"lazy\" decoding=\"async\" class=\"size-full wp-image-5814 aligncenter\" src=\"https:\/\/www.golfiskotland.com\/wp-content\/uploads\/2017\/05\/Cruden-Bay.jpg\" alt=\"Cruden Bay\" width=\"150\" height=\"113\" \/><\/a><\/p>\n<p><a href=\"https:\/\/www.golfiskotland.com\/fr\/golfbaner-i-skotland\/nord-ost-skotland\/cruden-bay\/\">Klik her for at se billeder\u00a0og information af banen<\/a><\/p>\n\t<\/div>\n\n\t<p class=\"bgmp_list-link\">\n\t\t<a href=\"http:\/\/google.com\/maps?q=57.413001,+-1.862137\">\n\t\t\t57.413001, -1.862137\t\t<\/a>\n\t<\/p>\n<\/li>\n<li id=\"bgmp_list-item-5808\" class=\"bgmp_list-item\">\n\t<h3 class=\"bgmp_list-placemark-title\">\n\t\tTrump International Golf Links\n\t\t\t\t\t<span class=\"bgmp_view-on-map-container\">\n\t\t\t\t[<a href=\"javascript:;\" data-marker-id=\"5808\" class=\"bgmp_view-on-map\">\n\t\t\t\t\tView\t\t\t\t<\/a>]\n\t\t\t<\/span>\n\t\t\t<\/h3>\n\n\t<div class=\"bgmp_list-description\">\n\t\t\t\t<p><a href=\"https:\/\/www.golfiskotland.com\/fr\/golfbaner-i-skotland\/nord-ost-skotland\/trump-international-golf-links-scotland\/\"><img loading=\"lazy\" decoding=\"async\" class=\"size-full wp-image-5817 aligncenter\" src=\"https:\/\/www.golfiskotland.com\/wp-content\/uploads\/2017\/05\/TrumpInternationalGolfLinksScotland.jpg\" alt=\"Trump International Golf Links\" width=\"150\" height=\"100\" \/><\/a><\/p>\n<p><a href=\"https:\/\/www.golfiskotland.com\/fr\/golfbaner-i-skotland\/nord-ost-skotland\/trump-international-golf-links-scotland\/\">Klik her for at se billeder\u00a0og information af banen<\/a><\/p>\n\t<\/div>\n\n\t<p class=\"bgmp_list-link\">\n\t\t<a href=\"http:\/\/google.com\/maps?q=57.310338,+-2.009696\">\n\t\t\t57.310338, -2.009696\t\t<\/a>\n\t<\/p>\n<\/li>\n<li id=\"bgmp_list-item-5809\" class=\"bgmp_list-item\">\n\t<h3 class=\"bgmp_list-placemark-title\">\n\t\tMurcar\n\t\t\t\t\t<span class=\"bgmp_view-on-map-container\">\n\t\t\t\t[<a href=\"javascript:;\" data-marker-id=\"5809\" class=\"bgmp_view-on-map\">\n\t\t\t\t\tView\t\t\t\t<\/a>]\n\t\t\t<\/span>\n\t\t\t<\/h3>\n\n\t<div class=\"bgmp_list-description\">\n\t\t\t\t<p><a href=\"https:\/\/www.golfiskotland.com\/fr\/golfbaner-i-skotland\/nord-ost-skotland\/murcar\/\"><img loading=\"lazy\" decoding=\"async\" class=\"size-full wp-image-5820 aligncenter\" src=\"https:\/\/www.golfiskotland.com\/wp-content\/uploads\/2017\/05\/Murcar.jpg\" alt=\"Murcar\" width=\"150\" height=\"113\" \/><\/a><\/p>\n<p><a href=\"https:\/\/www.golfiskotland.com\/fr\/golfbaner-i-skotland\/nord-ost-skotland\/murcar\/\">Klik her for at se billeder\u00a0og information af banen<\/a><\/p>\n\t<\/div>\n\n\t<p class=\"bgmp_list-link\">\n\t\t<a href=\"http:\/\/google.com\/maps?q=57.201323,+-2.071469\">\n\t\t\t57.201323, -2.071469\t\t<\/a>\n\t<\/p>\n<\/li>\n<li id=\"bgmp_list-item-5810\" class=\"bgmp_list-item\">\n\t<h3 class=\"bgmp_list-placemark-title\">\n\t\tMontrose (Medal)\n\t\t\t\t\t<span class=\"bgmp_view-on-map-container\">\n\t\t\t\t[<a href=\"javascript:;\" data-marker-id=\"5810\" class=\"bgmp_view-on-map\">\n\t\t\t\t\tView\t\t\t\t<\/a>]\n\t\t\t<\/span>\n\t\t\t<\/h3>\n\n\t<div class=\"bgmp_list-description\">\n\t\t\t\t<p><a href=\"https:\/\/www.golfiskotland.com\/fr\/golfbaner-i-skotland\/nord-ost-skotland\/montrose-medal\/\"><img loading=\"lazy\" decoding=\"async\" class=\"size-full wp-image-5823 aligncenter\" src=\"https:\/\/www.golfiskotland.com\/wp-content\/uploads\/2017\/05\/Montrose-Medal.jpg\" alt=\"Montrose Medal\" width=\"150\" height=\"100\" \/><\/a><\/p>\n<p><a href=\"https:\/\/www.golfiskotland.com\/fr\/golfbaner-i-skotland\/nord-ost-skotland\/montrose-medal\/\">Klik her for at se billeder\u00a0og information af banen<\/a><\/p>\n\t<\/div>\n\n\t<p class=\"bgmp_list-link\">\n\t\t<a href=\"http:\/\/google.com\/maps?q=56.714439,+-2.452154\">\n\t\t\t56.714439, -2.452154\t\t<\/a>\n\t<\/p>\n<\/li>\n<li id=\"bgmp_list-item-5811\" class=\"bgmp_list-item\">\n\t<h3 class=\"bgmp_list-placemark-title\">\n\t\tFraserburgh\n\t\t\t\t\t<span class=\"bgmp_view-on-map-container\">\n\t\t\t\t[<a href=\"javascript:;\" data-marker-id=\"5811\" class=\"bgmp_view-on-map\">\n\t\t\t\t\tView\t\t\t\t<\/a>]\n\t\t\t<\/span>\n\t\t\t<\/h3>\n\n\t<div class=\"bgmp_list-description\">\n\t\t\t\t<p><a href=\"https:\/\/www.golfiskotland.com\/fr\/golfbaner-i-skotland\/nord-ost-skotland\/fraserburgh\/\"><img loading=\"lazy\" decoding=\"async\" class=\"size-full wp-image-5826 aligncenter\" src=\"https:\/\/www.golfiskotland.com\/wp-content\/uploads\/2017\/05\/Fraserburgh.jpg\" alt=\"Fraserburgh\" width=\"150\" height=\"96\" \/><\/a><\/p>\n<p><a href=\"https:\/\/www.golfiskotland.com\/fr\/golfbaner-i-skotland\/nord-ost-skotland\/fraserburgh\/\">Klik her for at se billeder\u00a0og information af banen<\/a><\/p>\n\t<\/div>\n\n\t<p class=\"bgmp_list-link\">\n\t\t<a href=\"http:\/\/google.com\/maps?q=57.677230,+-1.992100\">\n\t\t\t57.677230, -1.992100\t\t<\/a>\n\t<\/p>\n<\/li>\n<\/ul>\n<\/div>\n","protected":false},"excerpt":{"rendered":"<p>Denne del af Skotland kan tilbyde flere prestigefyldte golfbaner som f.eks. Royal Aberdeen og Cruden Bay. De fleste af dem ligger omkring Aberdeen, kendt som \u00ab\u00a0Granite City\u00a0\u00bb, fordi de fleste af bygningerne er blevet bygget med gr\u00e5 granit, eller som Olie Europas hovedstad \u00ab\u00a0med opdagelsen af Nords\u00f8olien i 1970&rsquo;erne. Ved at klikke p\u00e5 navnet p\u00e5 [&hellip;]<\/p>\n","protected":false},"author":5,"featured_media":5929,"parent":51,"menu_order":0,"comment_status":"closed","ping_status":"closed","template":"","meta":{"_genesis_hide_title":false,"_genesis_hide_breadcrumbs":false,"_genesis_hide_singular_image":false,"_genesis_hide_footer_widgets":false,"_genesis_custom_body_class":"","_genesis_custom_post_class":"","_genesis_layout":"","footnotes":""},"class_list":{"0":"post-5044","1":"page","2":"type-page","3":"status-publish","4":"has-post-thumbnail","6":"entry"},"yoast_head":"<!-- This site is optimized with the Yoast SEO plugin v26.2 - https:\/\/yoast.com\/wordpress\/plugins\/seo\/ -->\n<title>Nord-\u00d8st Skotland - Golf Skotland<\/title>\n<meta name=\"description\" content=\"Denne del af Skotland kan tilbyde flere prestigefyldte golfbaner som f.eks. Royal Aberdeen, Cruden Bay og Trump Golf International.\" \/>\n<meta name=\"robots\" content=\"index, follow, max-snippet:-1, max-image-preview:large, max-video-preview:-1\" \/>\n<link rel=\"canonical\" href=\"https:\/\/www.golfiskotland.com\/fr\/golfbaner-i-skotland\/nord-ost-skotland\/\" \/>\n<meta property=\"og:locale\" content=\"fr_FR\" \/>\n<meta property=\"og:type\" content=\"article\" \/>\n<meta property=\"og:title\" content=\"Nord-\u00d8st Skotland - Golf Skotland\" \/>\n<meta property=\"og:description\" content=\"Denne del af Skotland kan tilbyde flere prestigefyldte golfbaner som f.eks. Royal Aberdeen, Cruden Bay og Trump Golf International.\" \/>\n<meta property=\"og:url\" content=\"https:\/\/www.golfiskotland.com\/fr\/golfbaner-i-skotland\/nord-ost-skotland\/\" \/>\n<meta property=\"og:site_name\" content=\"Golf Skotland\" \/>\n<meta property=\"article:modified_time\" content=\"2017-06-12T10:41:35+00:00\" \/>\n<meta property=\"og:image\" content=\"https:\/\/www.golfiskotland.com\/wp-content\/uploads\/2017\/05\/Nord-\u00d8st-Skotland-1.jpg\" \/>\n\t<meta property=\"og:image:width\" content=\"2000\" \/>\n\t<meta property=\"og:image:height\" content=\"1048\" \/>\n\t<meta property=\"og:image:type\" content=\"image\/jpeg\" \/>\n<meta name=\"twitter:card\" content=\"summary_large_image\" \/>\n<meta name=\"twitter:label1\" content=\"Dur\u00e9e de lecture estim\u00e9e\" \/>\n\t<meta name=\"twitter:data1\" content=\"1 minute\" \/>\n<script type=\"application\/ld+json\" class=\"yoast-schema-graph\">{\"@context\":\"https:\/\/schema.org\",\"@graph\":[{\"@type\":\"WebPage\",\"@id\":\"https:\/\/www.golfiskotland.com\/fr\/golfbaner-i-skotland\/nord-ost-skotland\/\",\"url\":\"https:\/\/www.golfiskotland.com\/fr\/golfbaner-i-skotland\/nord-ost-skotland\/\",\"name\":\"Nord-\u00d8st Skotland - Golf Skotland\",\"isPartOf\":{\"@id\":\"https:\/\/www.golfiskotland.com\/fr\/#website\"},\"primaryImageOfPage\":{\"@id\":\"https:\/\/www.golfiskotland.com\/fr\/golfbaner-i-skotland\/nord-ost-skotland\/#primaryimage\"},\"image\":{\"@id\":\"https:\/\/www.golfiskotland.com\/fr\/golfbaner-i-skotland\/nord-ost-skotland\/#primaryimage\"},\"thumbnailUrl\":\"https:\/\/www.golfiskotland.com\/wp-content\/uploads\/2017\/05\/Nord-\u00d8st-Skotland-1.jpg\",\"datePublished\":\"2017-05-24T11:08:37+00:00\",\"dateModified\":\"2017-06-12T10:41:35+00:00\",\"description\":\"Denne del af Skotland kan tilbyde flere prestigefyldte golfbaner som f.eks. Royal Aberdeen, Cruden Bay og Trump Golf International.\",\"breadcrumb\":{\"@id\":\"https:\/\/www.golfiskotland.com\/fr\/golfbaner-i-skotland\/nord-ost-skotland\/#breadcrumb\"},\"inLanguage\":\"fr-FR\",\"potentialAction\":[{\"@type\":\"ReadAction\",\"target\":[\"https:\/\/www.golfiskotland.com\/fr\/golfbaner-i-skotland\/nord-ost-skotland\/\"]}]},{\"@type\":\"ImageObject\",\"inLanguage\":\"fr-FR\",\"@id\":\"https:\/\/www.golfiskotland.com\/fr\/golfbaner-i-skotland\/nord-ost-skotland\/#primaryimage\",\"url\":\"https:\/\/www.golfiskotland.com\/wp-content\/uploads\/2017\/05\/Nord-\u00d8st-Skotland-1.jpg\",\"contentUrl\":\"https:\/\/www.golfiskotland.com\/wp-content\/uploads\/2017\/05\/Nord-\u00d8st-Skotland-1.jpg\",\"width\":2000,\"height\":1048,\"caption\":\"Nord-\u00d8st Skotland\"},{\"@type\":\"BreadcrumbList\",\"@id\":\"https:\/\/www.golfiskotland.com\/fr\/golfbaner-i-skotland\/nord-ost-skotland\/#breadcrumb\",\"itemListElement\":[{\"@type\":\"ListItem\",\"position\":1,\"name\":\"Home\",\"item\":\"https:\/\/www.golfiskotland.com\/fr\/\"},{\"@type\":\"ListItem\",\"position\":2,\"name\":\"Golfbaner i Skotland\",\"item\":\"https:\/\/www.golfiskotland.com\/fr\/golfbaner-i-skotland\/\"},{\"@type\":\"ListItem\",\"position\":3,\"name\":\"Nord-\u00d8st Skotland\"}]},{\"@type\":\"WebSite\",\"@id\":\"https:\/\/www.golfiskotland.com\/fr\/#website\",\"url\":\"https:\/\/www.golfiskotland.com\/fr\/\",\"name\":\"Golf Skotland\",\"description\":\"Golf ferie i Skotland og i St Andrews\",\"potentialAction\":[{\"@type\":\"SearchAction\",\"target\":{\"@type\":\"EntryPoint\",\"urlTemplate\":\"https:\/\/www.golfiskotland.com\/fr\/?s={search_term_string}\"},\"query-input\":{\"@type\":\"PropertyValueSpecification\",\"valueRequired\":true,\"valueName\":\"search_term_string\"}}],\"inLanguage\":\"fr-FR\"}]}<\/script>\n<!-- \/ Yoast SEO plugin. -->","yoast_head_json":{"title":"Nord-\u00d8st Skotland - Golf Skotland","description":"Denne del af Skotland kan tilbyde flere prestigefyldte golfbaner som f.eks. Royal Aberdeen, Cruden Bay og Trump Golf International.","robots":{"index":"index","follow":"follow","max-snippet":"max-snippet:-1","max-image-preview":"max-image-preview:large","max-video-preview":"max-video-preview:-1"},"canonical":"https:\/\/www.golfiskotland.com\/fr\/golfbaner-i-skotland\/nord-ost-skotland\/","og_locale":"fr_FR","og_type":"article","og_title":"Nord-\u00d8st Skotland - Golf Skotland","og_description":"Denne del af Skotland kan tilbyde flere prestigefyldte golfbaner som f.eks. Royal Aberdeen, Cruden Bay og Trump Golf International.","og_url":"https:\/\/www.golfiskotland.com\/fr\/golfbaner-i-skotland\/nord-ost-skotland\/","og_site_name":"Golf Skotland","article_modified_time":"2017-06-12T10:41:35+00:00","og_image":[{"width":2000,"height":1048,"url":"https:\/\/www.golfiskotland.com\/wp-content\/uploads\/2017\/05\/Nord-\u00d8st-Skotland-1.jpg","type":"image\/jpeg"}],"twitter_card":"summary_large_image","twitter_misc":{"Dur\u00e9e de lecture estim\u00e9e":"1 minute"},"schema":{"@context":"https:\/\/schema.org","@graph":[{"@type":"WebPage","@id":"https:\/\/www.golfiskotland.com\/fr\/golfbaner-i-skotland\/nord-ost-skotland\/","url":"https:\/\/www.golfiskotland.com\/fr\/golfbaner-i-skotland\/nord-ost-skotland\/","name":"Nord-\u00d8st Skotland - Golf Skotland","isPartOf":{"@id":"https:\/\/www.golfiskotland.com\/fr\/#website"},"primaryImageOfPage":{"@id":"https:\/\/www.golfiskotland.com\/fr\/golfbaner-i-skotland\/nord-ost-skotland\/#primaryimage"},"image":{"@id":"https:\/\/www.golfiskotland.com\/fr\/golfbaner-i-skotland\/nord-ost-skotland\/#primaryimage"},"thumbnailUrl":"https:\/\/www.golfiskotland.com\/wp-content\/uploads\/2017\/05\/Nord-\u00d8st-Skotland-1.jpg","datePublished":"2017-05-24T11:08:37+00:00","dateModified":"2017-06-12T10:41:35+00:00","description":"Denne del af Skotland kan tilbyde flere prestigefyldte golfbaner som f.eks. Royal Aberdeen, Cruden Bay og Trump Golf International.","breadcrumb":{"@id":"https:\/\/www.golfiskotland.com\/fr\/golfbaner-i-skotland\/nord-ost-skotland\/#breadcrumb"},"inLanguage":"fr-FR","potentialAction":[{"@type":"ReadAction","target":["https:\/\/www.golfiskotland.com\/fr\/golfbaner-i-skotland\/nord-ost-skotland\/"]}]},{"@type":"ImageObject","inLanguage":"fr-FR","@id":"https:\/\/www.golfiskotland.com\/fr\/golfbaner-i-skotland\/nord-ost-skotland\/#primaryimage","url":"https:\/\/www.golfiskotland.com\/wp-content\/uploads\/2017\/05\/Nord-\u00d8st-Skotland-1.jpg","contentUrl":"https:\/\/www.golfiskotland.com\/wp-content\/uploads\/2017\/05\/Nord-\u00d8st-Skotland-1.jpg","width":2000,"height":1048,"caption":"Nord-\u00d8st Skotland"},{"@type":"BreadcrumbList","@id":"https:\/\/www.golfiskotland.com\/fr\/golfbaner-i-skotland\/nord-ost-skotland\/#breadcrumb","itemListElement":[{"@type":"ListItem","position":1,"name":"Home","item":"https:\/\/www.golfiskotland.com\/fr\/"},{"@type":"ListItem","position":2,"name":"Golfbaner i Skotland","item":"https:\/\/www.golfiskotland.com\/fr\/golfbaner-i-skotland\/"},{"@type":"ListItem","position":3,"name":"Nord-\u00d8st Skotland"}]},{"@type":"WebSite","@id":"https:\/\/www.golfiskotland.com\/fr\/#website","url":"https:\/\/www.golfiskotland.com\/fr\/","name":"Golf Skotland","description":"Golf ferie i Skotland og i St Andrews","potentialAction":[{"@type":"SearchAction","target":{"@type":"EntryPoint","urlTemplate":"https:\/\/www.golfiskotland.com\/fr\/?s={search_term_string}"},"query-input":{"@type":"PropertyValueSpecification","valueRequired":true,"valueName":"search_term_string"}}],"inLanguage":"fr-FR"}]}},"_links":{"self":[{"href":"https:\/\/www.golfiskotland.com\/fr\/wp-json\/wp\/v2\/pages\/5044","targetHints":{"allow":["GET"]}}],"collection":[{"href":"https:\/\/www.golfiskotland.com\/fr\/wp-json\/wp\/v2\/pages"}],"about":[{"href":"https:\/\/www.golfiskotland.com\/fr\/wp-json\/wp\/v2\/types\/page"}],"author":[{"embeddable":true,"href":"https:\/\/www.golfiskotland.com\/fr\/wp-json\/wp\/v2\/users\/5"}],"replies":[{"embeddable":true,"href":"https:\/\/www.golfiskotland.com\/fr\/wp-json\/wp\/v2\/comments?post=5044"}],"version-history":[{"count":8,"href":"https:\/\/www.golfiskotland.com\/fr\/wp-json\/wp\/v2\/pages\/5044\/revisions"}],"predecessor-version":[{"id":6475,"href":"https:\/\/www.golfiskotland.com\/fr\/wp-json\/wp\/v2\/pages\/5044\/revisions\/6475"}],"up":[{"embeddable":true,"href":"https:\/\/www.golfiskotland.com\/fr\/wp-json\/wp\/v2\/pages\/51"}],"wp:featuredmedia":[{"embeddable":true,"href":"https:\/\/www.golfiskotland.com\/fr\/wp-json\/wp\/v2\/media\/5929"}],"wp:attachment":[{"href":"https:\/\/www.golfiskotland.com\/fr\/wp-json\/wp\/v2\/media?parent=5044"}],"curies":[{"name":"wp","href":"https:\/\/api.w.org\/{rel}","templated":true}]}}