{"id":51,"date":"2015-01-25T17:59:44","date_gmt":"2015-01-25T17:59:44","guid":{"rendered":"https:\/\/www.golfiskotland.com\/?page_id=51"},"modified":"2017-06-12T11:14:29","modified_gmt":"2017-06-12T11:14:29","slug":"golfbaner-i-skotland","status":"publish","type":"page","link":"https:\/\/www.golfiskotland.com\/fr\/golfbaner-i-skotland\/","title":{"rendered":"Golfbaner i Skotland"},"content":{"rendered":"<p>Klik p\u00e5 et omr\u00e5de p\u00e5 kortet over Skotland for at se golfbaner i omr\u00e5det:<\/p>\n<p><img loading=\"lazy\" decoding=\"async\" class=\"noborder alignnone\" src=\"https:\/\/www.golftravellers.com\/wp-content\/uploads\/2014\/04\/scotland-map.png\" alt=\"Map of Golf Regions in Scotland\" usemap=\"#scotmap\" width=\"550\" height=\"790\" border=\"0\" \/><\/p>\n<map name=\"scotmap\">\n<area id=\"highlands\" style=\"outline: none;\" alt=\"Highlands Golf Region\" coords=\"367,197,424,203,422,221,432,233,436,237,427,240,419,235,411,240,403,249,405,253,400,259,407,265,407,274,404,285,396,284,388,284,381,289,375,296,369,301,368,311,358,315,344,317,334,320,326,321,326,331,321,341,312,346,304,342,302,351,291,352,282,349,275,358,265,364,256,371,246,368,240,375,238,385,225,393,234,397,224,405,204,408,189,415,172,428,160,425,149,414,157,400,170,378,132,415,123,422,127,437,106,450,59,459,50,441,25,393,22,232,41,205,75,190,210,24,404,25,402,64,312,160,328,176,310,213\" shape=\"poly\" href=\"https:\/\/www.golfiskotland.com\/fr\/golfbaner-i-skotland\/5036-2\/\" data-title=\"H\u00f8jlandet - Klik her for at se kort over omr\u00e5det!\" \/>\n<area id=\"northeast\" style=\"outline: none;\" alt=\"North East Golf Region\" coords=\"447,416,404,422,386,428,383,424,383,417,392,406,384,406,388,398,373,394,364,375,365,368,365,355,354,356,341,347,320,344,327,331,329,322,348,317,367,312,371,301,381,292,393,283,401,285,407,278,408,269,406,261,406,253,410,246,419,237,430,242,437,236,424,221,427,206,472,206,507,206,521,219,523,232,526,251,507,273,500,293,497,309,494,321,485,341,481,359,459,392\" shape=\"poly\" href=\"https:\/\/www.golfiskotland.com\/fr\/golfbaner-i-skotland\/nord-ost-skotland\/\" data-title=\"Nord-\u00d8st - Klik her for at se kort over omr\u00e5det!\" \/>\n<area id=\"central\" style=\"outline: none;\" alt=\"Central Golf Region\" coords=\"318,501,310,493,313,482,311,476,301,473,294,466,284,463,276,454,273,444,276,433,286,430,282,424,270,426,262,417,249,420,230,428,230,419,227,414,242,408,235,397,226,391,238,388,245,369,253,372,263,364,283,355,282,350,297,352,305,350,306,344,314,346,321,345,329,350,337,348,344,355,353,355,360,358,364,366,361,375,365,384,371,394,377,400,384,401,384,406,385,411,382,416,379,423,382,429,393,436,382,443,373,452,363,450,370,457,369,462,363,467,361,472,368,477,368,484,359,488,349,491,344,488,331,495\" shape=\"poly\" href=\"https:\/\/www.golfiskotland.com\/fr\/golfbaner-i-skotland\/midt-skotland\/\" data-title=\"Midt - Klik her for at se kort over omr\u00e5det!\" \/>\n<area id=\"southwest\" style=\"outline: none;\" alt=\"South West Golf Region\" coords=\"147,429,158,428,164,428,175,431,186,419,197,413,211,410,224,407,235,401,239,407,226,411,229,418,226,425,233,427,248,422,261,419,269,429,281,425,277,433,271,443,273,456,282,464,294,468,304,476,311,481,307,494,313,501,313,506,299,509,294,516,306,526,313,536,324,542,322,553,327,561,348,564,354,572,343,591,346,604,342,620,346,629,356,629,364,624,369,626,364,638,365,643,374,637,385,640,393,652,403,654,408,655,406,660,411,663,407,673,414,682,400,697,387,707,376,711,354,711,336,710,337,723,328,728,315,729,306,732,307,737,288,748,278,745,260,731,245,721,251,737,250,759,242,762,197,727,188,735,196,761,188,766,181,754,171,732,161,711,171,692,212,620,225,605,208,583,196,567,199,534,189,540,185,560,164,544,160,556,174,570,182,612,164,623,146,596,139,597,129,618,134,631,121,643,101,641,101,621,109,610,110,589,119,523,119,492,90,544,82,567,53,585,45,559,25,565,40,528,70,517,59,495,74,487,85,506\" shape=\"poly\" href=\"https:\/\/www.golfiskotland.com\/fr\/golfbaner-i-skotland\/syd-vest-skotland\/\" data-title=\"Syd-Vest - Klik her for at se kort over omr\u00e5det!\" \/>\n<area id=\"southeast\" style=\"outline: none;\" alt=\"South East Golf Region\" coords=\"315,501,322,507,330,515,336,514,361,519,379,521,394,527,412,517,421,507,437,511,442,518,458,524,473,534,483,531,490,540,499,548,498,561,479,587,469,589,485,621,471,632,467,639,437,659,431,673,415,684,409,672,414,662,407,660,409,653,394,653,384,637,374,635,367,640,373,625,364,623,355,627,347,625,342,621,346,610,347,599,344,592,352,580,356,572,349,563,335,562,327,557,323,548,326,540,317,539,313,533,307,526,297,511,305,509\" shape=\"poly\" href=\"https:\/\/www.golfiskotland.com\/fr\/golfbaner-i-skotland\/syd-ost-skotland\/\" data-title=\"Syd-\u00d8st - Klik her for at se kort over omr\u00e5det!\" \/>\n<area id=\"standrews\" style=\"outline: none;\" alt=\"St Andrews Golf Region\" coords=\"389,430,413,422,440,420,430,430,429,433,421,434,418,439,421,445,416,452,431,457,443,469,432,479,418,486,407,482,386,498,382,507,375,510,359,515,340,508,326,508,323,502,334,496,343,491,355,494,363,489,371,484,370,475,363,468,370,465,377,451,386,443,395,436\" shape=\"poly\" href=\"https:\/\/www.golfiskotland.com\/fr\/golfbaner-i-skotland\/st-andrews-i-skotland\/\" data-title=\"St Andrews - Klik her for at se kort over omr\u00e5det!\" \/> <\/map>\n<\/p>\n\n\n\n\n\n\n","protected":false},"excerpt":{"rendered":"<p>Klik p\u00e5 et omr\u00e5de p\u00e5 kortet over Skotland for at se golfbaner i omr\u00e5det:<\/p>\n","protected":false},"author":4,"featured_media":5907,"parent":0,"menu_order":0,"comment_status":"open","ping_status":"open","template":"","meta":{"_genesis_hide_title":false,"_genesis_hide_breadcrumbs":false,"_genesis_hide_singular_image":false,"_genesis_hide_footer_widgets":false,"_genesis_custom_body_class":"","_genesis_custom_post_class":"","_genesis_layout":"content-sidebar","footnotes":""},"class_list":{"0":"post-51","1":"page","2":"type-page","3":"status-publish","4":"has-post-thumbnail","6":"entry"},"yoast_head":"<!-- This site is optimized with the Yoast SEO plugin v27.4 - https:\/\/yoast.com\/product\/yoast-seo-wordpress\/ -->\n<title>Golfbaner i Skotland<\/title>\n<meta name=\"description\" content=\"Carte du pays divis\u00e9e en 7 r\u00e9gions pour d\u00e9couvrir les meilleurs parcours de golf au Maroc dont ceux de Marrakech et Agadir.\" \/>\n<meta name=\"robots\" content=\"index, follow, max-snippet:-1, max-image-preview:large, max-video-preview:-1\" \/>\n<link rel=\"canonical\" href=\"https:\/\/www.golfiskotland.com\/fr\/golfbaner-i-skotland\/\" \/>\n<meta property=\"og:locale\" content=\"fr_FR\" \/>\n<meta property=\"og:type\" content=\"article\" \/>\n<meta property=\"og:title\" content=\"Golfbaner i Skotland\" \/>\n<meta property=\"og:description\" content=\"Carte du pays divis\u00e9e en 7 r\u00e9gions pour d\u00e9couvrir les meilleurs parcours de golf au Maroc dont ceux de Marrakech et Agadir.\" \/>\n<meta property=\"og:url\" content=\"https:\/\/www.golfiskotland.com\/fr\/golfbaner-i-skotland\/\" \/>\n<meta property=\"og:site_name\" content=\"Golf Skotland\" \/>\n<meta property=\"article:modified_time\" content=\"2017-06-12T11:14:29+00:00\" \/>\n<meta property=\"og:image\" content=\"https:\/\/www.golfiskotland.com\/wp-content\/uploads\/2015\/01\/Golfbaner-i-Skotland.jpg\" \/>\n\t<meta property=\"og:image:width\" content=\"2000\" \/>\n\t<meta property=\"og:image:height\" content=\"1061\" \/>\n\t<meta property=\"og:image:type\" content=\"image\/jpeg\" \/>\n<meta name=\"twitter:card\" content=\"summary_large_image\" \/>\n<meta name=\"twitter:label1\" content=\"Dur\u00e9e de lecture estim\u00e9e\" \/>\n\t<meta name=\"twitter:data1\" content=\"1 minute\" \/>\n<script type=\"application\/ld+json\" class=\"yoast-schema-graph\">{\"@context\":\"https:\\\/\\\/schema.org\",\"@graph\":[{\"@type\":\"WebPage\",\"@id\":\"https:\\\/\\\/www.golfiskotland.com\\\/fr\\\/golfbaner-i-skotland\\\/\",\"url\":\"https:\\\/\\\/www.golfiskotland.com\\\/fr\\\/golfbaner-i-skotland\\\/\",\"name\":\"Golfbaner i Skotland\",\"isPartOf\":{\"@id\":\"https:\\\/\\\/www.golfiskotland.com\\\/fr\\\/#website\"},\"primaryImageOfPage\":{\"@id\":\"https:\\\/\\\/www.golfiskotland.com\\\/fr\\\/golfbaner-i-skotland\\\/#primaryimage\"},\"image\":{\"@id\":\"https:\\\/\\\/www.golfiskotland.com\\\/fr\\\/golfbaner-i-skotland\\\/#primaryimage\"},\"thumbnailUrl\":\"https:\\\/\\\/www.golfiskotland.com\\\/wp-content\\\/uploads\\\/2015\\\/01\\\/Golfbaner-i-Skotland.jpg\",\"datePublished\":\"2015-01-25T17:59:44+00:00\",\"dateModified\":\"2017-06-12T11:14:29+00:00\",\"description\":\"Carte du pays divis\u00e9e en 7 r\u00e9gions pour d\u00e9couvrir les meilleurs parcours de golf au Maroc dont ceux de Marrakech et Agadir.\",\"breadcrumb\":{\"@id\":\"https:\\\/\\\/www.golfiskotland.com\\\/fr\\\/golfbaner-i-skotland\\\/#breadcrumb\"},\"inLanguage\":\"fr-FR\",\"potentialAction\":[{\"@type\":\"ReadAction\",\"target\":[\"https:\\\/\\\/www.golfiskotland.com\\\/fr\\\/golfbaner-i-skotland\\\/\"]}]},{\"@type\":\"ImageObject\",\"inLanguage\":\"fr-FR\",\"@id\":\"https:\\\/\\\/www.golfiskotland.com\\\/fr\\\/golfbaner-i-skotland\\\/#primaryimage\",\"url\":\"https:\\\/\\\/www.golfiskotland.com\\\/wp-content\\\/uploads\\\/2015\\\/01\\\/Golfbaner-i-Skotland.jpg\",\"contentUrl\":\"https:\\\/\\\/www.golfiskotland.com\\\/wp-content\\\/uploads\\\/2015\\\/01\\\/Golfbaner-i-Skotland.jpg\",\"width\":2000,\"height\":1061,\"caption\":\"Golfbaner i Skotland\"},{\"@type\":\"BreadcrumbList\",\"@id\":\"https:\\\/\\\/www.golfiskotland.com\\\/fr\\\/golfbaner-i-skotland\\\/#breadcrumb\",\"itemListElement\":[{\"@type\":\"ListItem\",\"position\":1,\"name\":\"Home\",\"item\":\"https:\\\/\\\/www.golfiskotland.com\\\/fr\\\/\"},{\"@type\":\"ListItem\",\"position\":2,\"name\":\"Golfbaner i Skotland\"}]},{\"@type\":\"WebSite\",\"@id\":\"https:\\\/\\\/www.golfiskotland.com\\\/fr\\\/#website\",\"url\":\"https:\\\/\\\/www.golfiskotland.com\\\/fr\\\/\",\"name\":\"Golf Skotland\",\"description\":\"Golf ferie i Skotland og i St Andrews\",\"potentialAction\":[{\"@type\":\"SearchAction\",\"target\":{\"@type\":\"EntryPoint\",\"urlTemplate\":\"https:\\\/\\\/www.golfiskotland.com\\\/fr\\\/?s={search_term_string}\"},\"query-input\":{\"@type\":\"PropertyValueSpecification\",\"valueRequired\":true,\"valueName\":\"search_term_string\"}}],\"inLanguage\":\"fr-FR\"}]}<\/script>\n<!-- \/ Yoast SEO plugin. -->","yoast_head_json":{"title":"Golfbaner i Skotland","description":"Carte du pays divis\u00e9e en 7 r\u00e9gions pour d\u00e9couvrir les meilleurs parcours de golf au Maroc dont ceux de Marrakech et Agadir.","robots":{"index":"index","follow":"follow","max-snippet":"max-snippet:-1","max-image-preview":"max-image-preview:large","max-video-preview":"max-video-preview:-1"},"canonical":"https:\/\/www.golfiskotland.com\/fr\/golfbaner-i-skotland\/","og_locale":"fr_FR","og_type":"article","og_title":"Golfbaner i Skotland","og_description":"Carte du pays divis\u00e9e en 7 r\u00e9gions pour d\u00e9couvrir les meilleurs parcours de golf au Maroc dont ceux de Marrakech et Agadir.","og_url":"https:\/\/www.golfiskotland.com\/fr\/golfbaner-i-skotland\/","og_site_name":"Golf Skotland","article_modified_time":"2017-06-12T11:14:29+00:00","og_image":[{"width":2000,"height":1061,"url":"https:\/\/www.golfiskotland.com\/wp-content\/uploads\/2015\/01\/Golfbaner-i-Skotland.jpg","type":"image\/jpeg"}],"twitter_card":"summary_large_image","twitter_misc":{"Dur\u00e9e de lecture estim\u00e9e":"1 minute"},"schema":{"@context":"https:\/\/schema.org","@graph":[{"@type":"WebPage","@id":"https:\/\/www.golfiskotland.com\/fr\/golfbaner-i-skotland\/","url":"https:\/\/www.golfiskotland.com\/fr\/golfbaner-i-skotland\/","name":"Golfbaner i Skotland","isPartOf":{"@id":"https:\/\/www.golfiskotland.com\/fr\/#website"},"primaryImageOfPage":{"@id":"https:\/\/www.golfiskotland.com\/fr\/golfbaner-i-skotland\/#primaryimage"},"image":{"@id":"https:\/\/www.golfiskotland.com\/fr\/golfbaner-i-skotland\/#primaryimage"},"thumbnailUrl":"https:\/\/www.golfiskotland.com\/wp-content\/uploads\/2015\/01\/Golfbaner-i-Skotland.jpg","datePublished":"2015-01-25T17:59:44+00:00","dateModified":"2017-06-12T11:14:29+00:00","description":"Carte du pays divis\u00e9e en 7 r\u00e9gions pour d\u00e9couvrir les meilleurs parcours de golf au Maroc dont ceux de Marrakech et Agadir.","breadcrumb":{"@id":"https:\/\/www.golfiskotland.com\/fr\/golfbaner-i-skotland\/#breadcrumb"},"inLanguage":"fr-FR","potentialAction":[{"@type":"ReadAction","target":["https:\/\/www.golfiskotland.com\/fr\/golfbaner-i-skotland\/"]}]},{"@type":"ImageObject","inLanguage":"fr-FR","@id":"https:\/\/www.golfiskotland.com\/fr\/golfbaner-i-skotland\/#primaryimage","url":"https:\/\/www.golfiskotland.com\/wp-content\/uploads\/2015\/01\/Golfbaner-i-Skotland.jpg","contentUrl":"https:\/\/www.golfiskotland.com\/wp-content\/uploads\/2015\/01\/Golfbaner-i-Skotland.jpg","width":2000,"height":1061,"caption":"Golfbaner i Skotland"},{"@type":"BreadcrumbList","@id":"https:\/\/www.golfiskotland.com\/fr\/golfbaner-i-skotland\/#breadcrumb","itemListElement":[{"@type":"ListItem","position":1,"name":"Home","item":"https:\/\/www.golfiskotland.com\/fr\/"},{"@type":"ListItem","position":2,"name":"Golfbaner i Skotland"}]},{"@type":"WebSite","@id":"https:\/\/www.golfiskotland.com\/fr\/#website","url":"https:\/\/www.golfiskotland.com\/fr\/","name":"Golf Skotland","description":"Golf ferie i Skotland og i St Andrews","potentialAction":[{"@type":"SearchAction","target":{"@type":"EntryPoint","urlTemplate":"https:\/\/www.golfiskotland.com\/fr\/?s={search_term_string}"},"query-input":{"@type":"PropertyValueSpecification","valueRequired":true,"valueName":"search_term_string"}}],"inLanguage":"fr-FR"}]}},"_links":{"self":[{"href":"https:\/\/www.golfiskotland.com\/fr\/wp-json\/wp\/v2\/pages\/51","targetHints":{"allow":["GET"]}}],"collection":[{"href":"https:\/\/www.golfiskotland.com\/fr\/wp-json\/wp\/v2\/pages"}],"about":[{"href":"https:\/\/www.golfiskotland.com\/fr\/wp-json\/wp\/v2\/types\/page"}],"author":[{"embeddable":true,"href":"https:\/\/www.golfiskotland.com\/fr\/wp-json\/wp\/v2\/users\/4"}],"replies":[{"embeddable":true,"href":"https:\/\/www.golfiskotland.com\/fr\/wp-json\/wp\/v2\/comments?post=51"}],"version-history":[{"count":63,"href":"https:\/\/www.golfiskotland.com\/fr\/wp-json\/wp\/v2\/pages\/51\/revisions"}],"predecessor-version":[{"id":6478,"href":"https:\/\/www.golfiskotland.com\/fr\/wp-json\/wp\/v2\/pages\/51\/revisions\/6478"}],"wp:featuredmedia":[{"embeddable":true,"href":"https:\/\/www.golfiskotland.com\/fr\/wp-json\/wp\/v2\/media\/5907"}],"wp:attachment":[{"href":"https:\/\/www.golfiskotland.com\/fr\/wp-json\/wp\/v2\/media?parent=51"}],"curies":[{"name":"wp","href":"https:\/\/api.w.org\/{rel}","templated":true}]}}