{"id":6044,"date":"2017-06-05T08:51:24","date_gmt":"2017-06-05T08:51:24","guid":{"rendered":"https:\/\/www.golfiskotland.com\/?page_id=6044\/"},"modified":"2017-06-07T14:37:54","modified_gmt":"2017-06-07T14:37:54","slug":"st-andrews","status":"publish","type":"page","link":"https:\/\/www.golfiskotland.com\/fr\/st-andrews\/","title":{"rendered":"St Andrews"},"content":{"rendered":"<p>St. Andrews is the world which Anerkendt \u00ab\u00a0Golfens f\u00f8deby\u00a0\u00bb og naturally og popular turistm\u00e5l for golfspillere with the famous Old Course, i which is part of public 7 baner located in Byen og about 20 golfbaner less than 40 minutters K\u00f8rsel FRA St. Andrews .<\/p>\n<p>Det famous British Open afholdes I St. Andrews Old Course in every omtrent 5 years!<\/p>\n<section>\n<div class=\"one-third first\">\n<h4 style=\"text-align: center; padding: 25px 0 0 0;\">~ GOLFREJSER I ST ANDREWS ~<\/h4>\n<p><a href=\"https:\/\/www.golfiskotland.com\/fr\/golfrejser-i-st-andrews\/\"><img loading=\"lazy\" decoding=\"async\" class=\"alignnone size-full wp-image-6054\" src=\"https:\/\/www.golfiskotland.com\/wp-content\/uploads\/2017\/06\/OldCourse.png\" alt=\"Old Course St Andrews\" width=\"380\" height=\"380\" srcset=\"https:\/\/www.golfiskotland.com\/wp-content\/uploads\/2017\/06\/OldCourse.png 380w, https:\/\/www.golfiskotland.com\/wp-content\/uploads\/2017\/06\/OldCourse-150x150.png 150w, https:\/\/www.golfiskotland.com\/wp-content\/uploads\/2017\/06\/OldCourse-300x300.png 300w\" sizes=\"auto, (max-width: 380px) 100vw, 380px\" \/><\/a><\/p>\n<\/div>\n<div class=\"one-third\">\n<h4 style=\"text-align: center; padding: 25px 0 0 0;\">~ GOLFBANER I ST ANDREWS\u00a0~<\/h4>\n<p><a href=\"https:\/\/www.golfiskotland.com\/fr\/golfbaner-i-skotland\/st-andrews-i-skotland\/\"><img loading=\"lazy\" decoding=\"async\" class=\"alignnone size-full wp-image-6056\" src=\"https:\/\/www.golfiskotland.com\/wp-content\/uploads\/2017\/06\/parcours-golf-saint-andrews.jpg\" alt=\"Golf St Andrews\" width=\"380\" height=\"380\" srcset=\"https:\/\/www.golfiskotland.com\/wp-content\/uploads\/2017\/06\/parcours-golf-saint-andrews.jpg 380w, https:\/\/www.golfiskotland.com\/wp-content\/uploads\/2017\/06\/parcours-golf-saint-andrews-150x150.jpg 150w, https:\/\/www.golfiskotland.com\/wp-content\/uploads\/2017\/06\/parcours-golf-saint-andrews-300x300.jpg 300w\" sizes=\"auto, (max-width: 380px) 100vw, 380px\" \/><\/a><\/p>\n<\/div>\n<div class=\"one-third\" style=\"text-align: center;\">\n<h4 style=\"text-align: center; padding: 25px 0 0 0;\">~ OLD COURSE ~<\/h4>\n<p><a href=\"https:\/\/www.golfiskotland.com\/fr\/golfrejser-i-st-andrews\/old-course\/\"><img loading=\"lazy\" decoding=\"async\" class=\"alignnone size-full wp-image-6058\" src=\"https:\/\/www.golfiskotland.com\/wp-content\/uploads\/2017\/06\/destinations-st-andrews.jpg\" alt=\"Old Course\" width=\"380\" height=\"380\" srcset=\"https:\/\/www.golfiskotland.com\/wp-content\/uploads\/2017\/06\/destinations-st-andrews.jpg 380w, https:\/\/www.golfiskotland.com\/wp-content\/uploads\/2017\/06\/destinations-st-andrews-150x150.jpg 150w, https:\/\/www.golfiskotland.com\/wp-content\/uploads\/2017\/06\/destinations-st-andrews-300x300.jpg 300w\" sizes=\"auto, (max-width: 380px) 100vw, 380px\" \/><\/a><\/p>\n<\/div>\n<\/section>\n<section>\n<div class=\"one-third\" style=\"text-align: center;\">\u00a0<\/div>\n<\/section>\n<h2>\u00a0<\/h2>\n<h2>St Andrews &#8211; Golfens f\u00f8deby<\/h2>\n<p><span id=\"result_box\">Anerkendt verden over som \u00ab\u00a0Home of Golf eller som vi p\u00e5 dansk passende kunne kalde \u00ab\u00a0Golfens F\u00f8deby\u00a0\u00bb ligger St. Andrews som et popul\u00e6rt turistm\u00e5l, der byder p\u00e5 meget mere end golf alene.<br \/>\n En charmerende gammel skotsk by med en rig historie, mange historiske bygninger med et middelalderligt layout i sin bymidte. De sm\u00e5 og hyggelige gader og str\u00e6der der str\u00e6kker sig rundt om universitetet, den gamle katedral og slottet indbyder til udforskning.<br \/>\n Beliggende p\u00e5 Skotlands &lsquo;s \u00f8stkyst tilbyder St Andrews kilometvis af uber\u00f8rte sandstrande og et perfekt udgangspunkt for dagsture til resten af Fife og resten af Skotland. St Andrews i dag et levende sted for social historie, kultur og underholdning, med et teater, museer og en bred vifte af barer og restauranter.<br \/>\n Med sin idylliske omgivelser, dens unikke historie og dets velkommende og im\u00f8dekommende mennesker er der virkelig ikke et bedre sted at bes\u00f8ge, uanset om det g\u00e6lder en kort weekendtur eller l\u00e6ngere ferie.<\/span><\/p>\n","protected":false},"excerpt":{"rendered":"<p>St. Andrews is the world which Anerkendt \u00ab\u00a0Golfens f\u00f8deby\u00a0\u00bb og naturally og popular turistm\u00e5l for golfspillere with the famous Old Course, i which is part of public 7 baner located in Byen og about 20 golfbaner less than 40 minutters K\u00f8rsel FRA St. Andrews . Det famous British Open afholdes I St. Andrews Old Course [&hellip;]<\/p>\n","protected":false},"author":5,"featured_media":6446,"parent":0,"menu_order":0,"comment_status":"closed","ping_status":"closed","template":"","meta":{"_genesis_hide_title":false,"_genesis_hide_breadcrumbs":false,"_genesis_hide_singular_image":false,"_genesis_hide_footer_widgets":false,"_genesis_custom_body_class":"","_genesis_custom_post_class":"","_genesis_layout":"","footnotes":""},"class_list":{"0":"post-6044","1":"page","2":"type-page","3":"status-publish","4":"has-post-thumbnail","6":"entry"},"yoast_head":"<!-- This site is optimized with the Yoast SEO plugin v27.4 - https:\/\/yoast.com\/product\/yoast-seo-wordpress\/ -->\n<title>Golfrejser i St Andrews<\/title>\n<meta name=\"description\" content=\"Golfrejser i St Andrews\" \/>\n<meta name=\"robots\" content=\"index, follow, max-snippet:-1, max-image-preview:large, max-video-preview:-1\" \/>\n<link rel=\"canonical\" href=\"https:\/\/www.golfiskotland.com\/fr\/st-andrews\/\" \/>\n<meta property=\"og:locale\" content=\"fr_FR\" \/>\n<meta property=\"og:type\" content=\"article\" \/>\n<meta property=\"og:title\" content=\"Golfrejser i St Andrews\" \/>\n<meta property=\"og:description\" content=\"Golfrejser i St Andrews\" \/>\n<meta property=\"og:url\" content=\"https:\/\/www.golfiskotland.com\/fr\/st-andrews\/\" \/>\n<meta property=\"og:site_name\" content=\"Golf Skotland\" \/>\n<meta property=\"article:modified_time\" content=\"2017-06-07T14:37:54+00:00\" \/>\n<meta property=\"og:image\" content=\"https:\/\/www.golfiskotland.com\/wp-content\/uploads\/2017\/06\/golf-skotland-st-andrews.jpg\" \/>\n\t<meta property=\"og:image:width\" content=\"2000\" \/>\n\t<meta property=\"og:image:height\" content=\"1283\" \/>\n\t<meta property=\"og:image:type\" content=\"image\/jpeg\" \/>\n<meta name=\"twitter:card\" content=\"summary_large_image\" \/>\n<meta name=\"twitter:label1\" content=\"Dur\u00e9e de lecture estim\u00e9e\" \/>\n\t<meta name=\"twitter:data1\" content=\"1 minute\" \/>\n<script type=\"application\/ld+json\" class=\"yoast-schema-graph\">{\"@context\":\"https:\\\/\\\/schema.org\",\"@graph\":[{\"@type\":\"WebPage\",\"@id\":\"https:\\\/\\\/www.golfiskotland.com\\\/fr\\\/st-andrews\\\/\",\"url\":\"https:\\\/\\\/www.golfiskotland.com\\\/fr\\\/st-andrews\\\/\",\"name\":\"Golfrejser i St Andrews\",\"isPartOf\":{\"@id\":\"https:\\\/\\\/www.golfiskotland.com\\\/fr\\\/#website\"},\"primaryImageOfPage\":{\"@id\":\"https:\\\/\\\/www.golfiskotland.com\\\/fr\\\/st-andrews\\\/#primaryimage\"},\"image\":{\"@id\":\"https:\\\/\\\/www.golfiskotland.com\\\/fr\\\/st-andrews\\\/#primaryimage\"},\"thumbnailUrl\":\"https:\\\/\\\/www.golfiskotland.com\\\/wp-content\\\/uploads\\\/2017\\\/06\\\/golf-skotland-st-andrews.jpg\",\"datePublished\":\"2017-06-05T08:51:24+00:00\",\"dateModified\":\"2017-06-07T14:37:54+00:00\",\"description\":\"Golfrejser i St Andrews\",\"breadcrumb\":{\"@id\":\"https:\\\/\\\/www.golfiskotland.com\\\/fr\\\/st-andrews\\\/#breadcrumb\"},\"inLanguage\":\"fr-FR\",\"potentialAction\":[{\"@type\":\"ReadAction\",\"target\":[\"https:\\\/\\\/www.golfiskotland.com\\\/fr\\\/st-andrews\\\/\"]}]},{\"@type\":\"ImageObject\",\"inLanguage\":\"fr-FR\",\"@id\":\"https:\\\/\\\/www.golfiskotland.com\\\/fr\\\/st-andrews\\\/#primaryimage\",\"url\":\"https:\\\/\\\/www.golfiskotland.com\\\/wp-content\\\/uploads\\\/2017\\\/06\\\/golf-skotland-st-andrews.jpg\",\"contentUrl\":\"https:\\\/\\\/www.golfiskotland.com\\\/wp-content\\\/uploads\\\/2017\\\/06\\\/golf-skotland-st-andrews.jpg\",\"width\":2000,\"height\":1283,\"caption\":\"Golf i St Andrews i Skotland\"},{\"@type\":\"BreadcrumbList\",\"@id\":\"https:\\\/\\\/www.golfiskotland.com\\\/fr\\\/st-andrews\\\/#breadcrumb\",\"itemListElement\":[{\"@type\":\"ListItem\",\"position\":1,\"name\":\"Home\",\"item\":\"https:\\\/\\\/www.golfiskotland.com\\\/fr\\\/\"},{\"@type\":\"ListItem\",\"position\":2,\"name\":\"St Andrews\"}]},{\"@type\":\"WebSite\",\"@id\":\"https:\\\/\\\/www.golfiskotland.com\\\/fr\\\/#website\",\"url\":\"https:\\\/\\\/www.golfiskotland.com\\\/fr\\\/\",\"name\":\"Golf Skotland\",\"description\":\"Golf ferie i Skotland og i St Andrews\",\"potentialAction\":[{\"@type\":\"SearchAction\",\"target\":{\"@type\":\"EntryPoint\",\"urlTemplate\":\"https:\\\/\\\/www.golfiskotland.com\\\/fr\\\/?s={search_term_string}\"},\"query-input\":{\"@type\":\"PropertyValueSpecification\",\"valueRequired\":true,\"valueName\":\"search_term_string\"}}],\"inLanguage\":\"fr-FR\"}]}<\/script>\n<!-- \/ Yoast SEO plugin. -->","yoast_head_json":{"title":"Golfrejser i St Andrews","description":"Golfrejser i St Andrews","robots":{"index":"index","follow":"follow","max-snippet":"max-snippet:-1","max-image-preview":"max-image-preview:large","max-video-preview":"max-video-preview:-1"},"canonical":"https:\/\/www.golfiskotland.com\/fr\/st-andrews\/","og_locale":"fr_FR","og_type":"article","og_title":"Golfrejser i St Andrews","og_description":"Golfrejser i St Andrews","og_url":"https:\/\/www.golfiskotland.com\/fr\/st-andrews\/","og_site_name":"Golf Skotland","article_modified_time":"2017-06-07T14:37:54+00:00","og_image":[{"width":2000,"height":1283,"url":"https:\/\/www.golfiskotland.com\/wp-content\/uploads\/2017\/06\/golf-skotland-st-andrews.jpg","type":"image\/jpeg"}],"twitter_card":"summary_large_image","twitter_misc":{"Dur\u00e9e de lecture estim\u00e9e":"1 minute"},"schema":{"@context":"https:\/\/schema.org","@graph":[{"@type":"WebPage","@id":"https:\/\/www.golfiskotland.com\/fr\/st-andrews\/","url":"https:\/\/www.golfiskotland.com\/fr\/st-andrews\/","name":"Golfrejser i St Andrews","isPartOf":{"@id":"https:\/\/www.golfiskotland.com\/fr\/#website"},"primaryImageOfPage":{"@id":"https:\/\/www.golfiskotland.com\/fr\/st-andrews\/#primaryimage"},"image":{"@id":"https:\/\/www.golfiskotland.com\/fr\/st-andrews\/#primaryimage"},"thumbnailUrl":"https:\/\/www.golfiskotland.com\/wp-content\/uploads\/2017\/06\/golf-skotland-st-andrews.jpg","datePublished":"2017-06-05T08:51:24+00:00","dateModified":"2017-06-07T14:37:54+00:00","description":"Golfrejser i St Andrews","breadcrumb":{"@id":"https:\/\/www.golfiskotland.com\/fr\/st-andrews\/#breadcrumb"},"inLanguage":"fr-FR","potentialAction":[{"@type":"ReadAction","target":["https:\/\/www.golfiskotland.com\/fr\/st-andrews\/"]}]},{"@type":"ImageObject","inLanguage":"fr-FR","@id":"https:\/\/www.golfiskotland.com\/fr\/st-andrews\/#primaryimage","url":"https:\/\/www.golfiskotland.com\/wp-content\/uploads\/2017\/06\/golf-skotland-st-andrews.jpg","contentUrl":"https:\/\/www.golfiskotland.com\/wp-content\/uploads\/2017\/06\/golf-skotland-st-andrews.jpg","width":2000,"height":1283,"caption":"Golf i St Andrews i Skotland"},{"@type":"BreadcrumbList","@id":"https:\/\/www.golfiskotland.com\/fr\/st-andrews\/#breadcrumb","itemListElement":[{"@type":"ListItem","position":1,"name":"Home","item":"https:\/\/www.golfiskotland.com\/fr\/"},{"@type":"ListItem","position":2,"name":"St Andrews"}]},{"@type":"WebSite","@id":"https:\/\/www.golfiskotland.com\/fr\/#website","url":"https:\/\/www.golfiskotland.com\/fr\/","name":"Golf Skotland","description":"Golf ferie i Skotland og i St Andrews","potentialAction":[{"@type":"SearchAction","target":{"@type":"EntryPoint","urlTemplate":"https:\/\/www.golfiskotland.com\/fr\/?s={search_term_string}"},"query-input":{"@type":"PropertyValueSpecification","valueRequired":true,"valueName":"search_term_string"}}],"inLanguage":"fr-FR"}]}},"_links":{"self":[{"href":"https:\/\/www.golfiskotland.com\/fr\/wp-json\/wp\/v2\/pages\/6044","targetHints":{"allow":["GET"]}}],"collection":[{"href":"https:\/\/www.golfiskotland.com\/fr\/wp-json\/wp\/v2\/pages"}],"about":[{"href":"https:\/\/www.golfiskotland.com\/fr\/wp-json\/wp\/v2\/types\/page"}],"author":[{"embeddable":true,"href":"https:\/\/www.golfiskotland.com\/fr\/wp-json\/wp\/v2\/users\/5"}],"replies":[{"embeddable":true,"href":"https:\/\/www.golfiskotland.com\/fr\/wp-json\/wp\/v2\/comments?post=6044"}],"version-history":[{"count":9,"href":"https:\/\/www.golfiskotland.com\/fr\/wp-json\/wp\/v2\/pages\/6044\/revisions"}],"predecessor-version":[{"id":6440,"href":"https:\/\/www.golfiskotland.com\/fr\/wp-json\/wp\/v2\/pages\/6044\/revisions\/6440"}],"wp:featuredmedia":[{"embeddable":true,"href":"https:\/\/www.golfiskotland.com\/fr\/wp-json\/wp\/v2\/media\/6446"}],"wp:attachment":[{"href":"https:\/\/www.golfiskotland.com\/fr\/wp-json\/wp\/v2\/media?parent=6044"}],"curies":[{"name":"wp","href":"https:\/\/api.w.org\/{rel}","templated":true}]}}