{"id":6063,"date":"2017-06-05T09:21:46","date_gmt":"2017-06-05T09:21:46","guid":{"rendered":"https:\/\/www.golfiskotland.com\/?page_id=6063\/"},"modified":"2017-06-12T11:21:31","modified_gmt":"2017-06-12T11:21:31","slug":"golfrejser-i-st-andrews","status":"publish","type":"page","link":"https:\/\/www.golfiskotland.com\/fr\/golfrejser-i-st-andrews\/","title":{"rendered":"Golfrejser i St Andrews"},"content":{"rendered":"<p>Planl\u00e6g den perfekte golfferie i Skotland hos os. Vi har base i \u00ab\u00a0golfens f\u00f8deby\u00a0\u00bb i hjertet af St Andrews.<\/p>\n<p>Vores personale er til r\u00e5dighed d\u00f8gnet rundt, for at sikre at du f\u00e5r mest ud af din golftur til St Andrews.<\/p>\n<table class=\"highlight\">\n<tbody>\n<tr>\n<td class=\"border\">\n<p><a href=\"https:\/\/www.golfiskotland.com\/fr\/golfrejser-i-skotland\/4-overnatninger-i-st-andrews-med-den-old-course\/\"><img loading=\"lazy\" decoding=\"async\" class=\"alignnone size-full wp-image-6347\" style=\"border-bottom: thick solid #fff;\" src=\"https:\/\/www.golfiskotland.com\/wp-content\/uploads\/2015\/01\/golf-skotland-1.jpg\" alt=\"Golf Skotland\" width=\"350\" height=\"208\" srcset=\"https:\/\/www.golfiskotland.com\/wp-content\/uploads\/2015\/01\/golf-skotland-1.jpg 350w, https:\/\/www.golfiskotland.com\/wp-content\/uploads\/2015\/01\/golf-skotland-1-300x178.jpg 300w\" sizes=\"auto, (max-width: 350px) 100vw, 350px\" \/><\/a><\/p>\n<p style=\"text-align: center;\"><span style=\"font-size: 12pt;\"><a href=\"https:\/\/www.golfiskotland.com\/fr\/golfrejser-i-skotland\/4-overnatninger-i-st-andrews-med-den-old-course\/\"><strong>4 overnatninger i St Andrews<\/strong><\/a><\/span><br \/>\n <span style=\"font-size: 10pt;\"><a href=\"https:\/\/www.golfiskotland.com\/fr\/golfrejser-i-skotland\/4-overnatninger-i-st-andrews-med-den-old-course\/\">Castle Course, Crail Balcomie<\/a><\/span><br \/>\n<a href=\"https:\/\/www.golfiskotland.com\/fr\/golfrejser-i-skotland\/4-overnatninger-i-st-andrews-med-den-old-course\/\"><strong><span style=\"font-size: 16px;\">Fra<\/span>\u00a0<span style=\"font-size: 18pt;\">790\u20ac<\/span><\/strong><\/a><\/p>\n<\/td>\n<td class=\"noborder\" style=\"border-bottom: 0;\">\u00a0<\/td>\n<td class=\"border\">\n<p><a href=\"https:\/\/www.golfiskotland.com\/fr\/golfrejser-i-skotland\/de-bedste-golfbaner-i-abeerdeen\/\"><img loading=\"lazy\" decoding=\"async\" class=\"alignnone size-full wp-image-6316\" style=\"border-bottom: thick solid #fff;\" src=\"https:\/\/www.golfiskotland.com\/wp-content\/uploads\/2015\/01\/royal-aberdeen-golf-skotland.jpg\" alt=\"Royal Aberdeen golf Skotland\" width=\"350\" height=\"208\" srcset=\"https:\/\/www.golfiskotland.com\/wp-content\/uploads\/2015\/01\/royal-aberdeen-golf-skotland.jpg 350w, https:\/\/www.golfiskotland.com\/wp-content\/uploads\/2015\/01\/royal-aberdeen-golf-skotland-300x178.jpg 300w\" sizes=\"auto, (max-width: 350px) 100vw, 350px\" \/><\/a><\/p>\n<p style=\"text-align: center;\"><span style=\"font-size: 12pt;\"><a href=\"https:\/\/www.golfiskotland.com\/fr\/golfrejser-i-skotland\/6101-2\/\"><strong>De bedste golfbaner<\/strong><\/a><\/span><br \/>\n <span style=\"font-size: 10pt;\"><a href=\"https:\/\/www.golfiskotland.com\/fr\/golfrejser-i-skotland\/6101-2\/\">Kingsbarns, Carnoustie &lsquo;Championship&rsquo;<\/a><\/span><br \/>\n<a href=\"https:\/\/www.golfiskotland.com\/fr\/golfrejser-i-skotland\/6101-2\/\"><strong><span style=\"font-size: 12pt;\">Fra\u00a0<\/span><span style=\"font-size: 18pt;\">1090\u20ac<\/span><\/strong><\/a><\/p>\n<\/td>\n<td class=\"noborder\">\u00a0<\/td>\n<td class=\"border\">\n<p style=\"text-align: center;\"><a href=\"https:\/\/www.golfiskotland.com\/fr\/golfrejser-i-skotland\/4-overnatninger-i-fairmont-st-andrews\/\"><img loading=\"lazy\" decoding=\"async\" class=\"alignnone size-full wp-image-6320\" style=\"border-bottom: thick solid #fff;\" src=\"https:\/\/www.golfiskotland.com\/wp-content\/uploads\/2015\/01\/fairmont-golf-skotland.jpg\" alt=\"Fairmont golf Skotland\" width=\"350\" height=\"208\" srcset=\"https:\/\/www.golfiskotland.com\/wp-content\/uploads\/2015\/01\/fairmont-golf-skotland.jpg 350w, https:\/\/www.golfiskotland.com\/wp-content\/uploads\/2015\/01\/fairmont-golf-skotland-300x178.jpg 300w\" sizes=\"auto, (max-width: 350px) 100vw, 350px\" \/><\/a><\/p>\n<p style=\"text-align: center;\"><span style=\"font-size: 12pt;\"><a href=\"https:\/\/www.golfiskotland.com\/fr\/golfrejser-i-skotland\/4-overnatninger-i-fairmont-st-andrews\/\"><strong>4 overnatninger i Fairmont*****<\/strong><\/a><\/span><br \/>\n <span style=\"font-size: 10pt;\"><a href=\"https:\/\/www.golfiskotland.com\/fr\/golfrejser-i-skotland\/4-overnatninger-i-fairmont-st-andrews\/\">Castle Course, Torrancer<\/a><\/span><br \/>\n<a href=\"https:\/\/www.golfiskotland.com\/fr\/golfrejser-i-skotland\/4-overnatninger-i-fairmont-st-andrews\/\"><strong><span style=\"font-size: 12pt;\">Fra\u00a0<\/span><span style=\"font-size: 18pt;\">1190\u20ac<\/span><\/strong><\/a><\/p>\n<\/td>\n<\/tr>\n<\/tbody>\n<\/table>\n<p>&nbsp;<\/p>\n<table class=\"highlight\">\n<tbody>\n<tr>\n<td class=\"border\">\n<p><a href=\"https:\/\/www.golfiskotland.com\/fr\/golfrejser-i-skotland\/st-andrews-i-hojlandet\/\"><img loading=\"lazy\" decoding=\"async\" class=\"alignnone size-full wp-image-6326\" style=\"border-bottom: thick solid #fff;\" src=\"https:\/\/www.golfiskotland.com\/wp-content\/uploads\/2015\/01\/royal-dornoch-golf-skotland.jpg\" alt=\"Royal Dornoch golf Skotland\" width=\"350\" height=\"208\" srcset=\"https:\/\/www.golfiskotland.com\/wp-content\/uploads\/2015\/01\/royal-dornoch-golf-skotland.jpg 350w, https:\/\/www.golfiskotland.com\/wp-content\/uploads\/2015\/01\/royal-dornoch-golf-skotland-300x178.jpg 300w\" sizes=\"auto, (max-width: 350px) 100vw, 350px\" \/><\/a><\/p>\n<p style=\"text-align: center;\"><span style=\"font-size: 12pt;\"><a href=\"https:\/\/www.golfiskotland.com\/fr\/golfrejser-i-skotland\/st-andrews-i-hojlandet\/\"><strong>St Andrews og H\u00f8jlandet<\/strong><\/a><\/span><br \/>\n <span style=\"font-size: 10pt;\"><a href=\"https:\/\/www.golfiskotland.com\/fr\/golfrejser-i-skotland\/st-andrews-i-hojlandet\/\">Castle Course, Royal Dornoch, Spey Valley<\/a><\/span><br \/>\n<a href=\"https:\/\/www.golfiskotland.com\/fr\/golfrejser-i-skotland\/st-andrews-i-hojlandet\/\"><strong><span style=\"font-size: 16px;\">Fra<\/span>\u00a0<span style=\"font-size: 18pt;\">1250\u20ac<\/span><\/strong><\/a><\/p>\n<\/td>\n<td class=\"noborder\" style=\"border-bottom: 0;\">\u00a0<\/td>\n<td class=\"border\">\n<p><a href=\"https:\/\/www.golfiskotland.com\/fr\/golfrejser-i-skotland\/7-overnatninger-i-st-andrews\/\"><img loading=\"lazy\" decoding=\"async\" class=\"alignnone size-full wp-image-6330\" style=\"border-bottom: thick solid #fff;\" src=\"https:\/\/www.golfiskotland.com\/wp-content\/uploads\/2015\/01\/CrailBalcomie-golf_skotland.jpg\" alt=\"Crail Balcomie golf Skotland\" width=\"350\" height=\"208\" srcset=\"https:\/\/www.golfiskotland.com\/wp-content\/uploads\/2015\/01\/CrailBalcomie-golf_skotland.jpg 350w, https:\/\/www.golfiskotland.com\/wp-content\/uploads\/2015\/01\/CrailBalcomie-golf_skotland-300x178.jpg 300w\" sizes=\"auto, (max-width: 350px) 100vw, 350px\" \/><\/a><\/p>\n<p style=\"text-align: center;\"><span style=\"font-size: 12pt;\"><a href=\"https:\/\/www.golfiskotland.com\/fr\/golfrejser-i-skotland\/7-overnatninger-i-st-andrews\/\"><strong>7 overnatninger i St Andrews<\/strong><\/a><\/span><br \/>\n <span style=\"font-size: 10pt;\"><a href=\"https:\/\/www.golfiskotland.com\/fr\/golfrejser-i-skotland\/7-overnatninger-i-st-andrews\/\">Castle Course, Kingsbarns, Crail Balcomie, Torrance<\/a><\/span><br \/>\n<a href=\"https:\/\/www.golfiskotland.com\/fr\/golfrejser-i-skotland\/7-overnatninger-i-st-andrews\/\"><strong><span style=\"font-size: 12pt;\">Fra\u00a0<\/span><span style=\"font-size: 18pt;\">1450\u20ac<\/span><\/strong><\/a><\/p>\n<\/td>\n<td class=\"noborder\">\u00a0<\/td>\n<td class=\"border\">\n<p style=\"text-align: center;\"><a href=\"https:\/\/www.golfiskotland.com\/fr\/golfrejser-i-skotland\/7-overnatninger-i-slotte\/\"><img loading=\"lazy\" decoding=\"async\" class=\"alignnone size-full wp-image-6338\" style=\"border-bottom: thick solid #fff;\" src=\"https:\/\/www.golfiskotland.com\/wp-content\/uploads\/2015\/01\/CastleStuart-golf-skotland.jpg\" alt=\"Castle Stuart golf Skotland\" width=\"350\" height=\"208\" srcset=\"https:\/\/www.golfiskotland.com\/wp-content\/uploads\/2015\/01\/CastleStuart-golf-skotland.jpg 350w, https:\/\/www.golfiskotland.com\/wp-content\/uploads\/2015\/01\/CastleStuart-golf-skotland-300x178.jpg 300w\" sizes=\"auto, (max-width: 350px) 100vw, 350px\" \/><\/a><\/p>\n<p style=\"text-align: center;\"><span style=\"font-size: 12pt;\"><a href=\"https:\/\/www.golfiskotland.com\/fr\/golfrejser-i-skotland\/4-overnatninger-i-fairmont-st-andrews\/\"><strong>7 overnatninger i slotte<\/strong><\/a><\/span><br \/>\n <span style=\"font-size: 10pt;\"><a href=\"https:\/\/www.golfiskotland.com\/fr\/golfrejser-i-skotland\/4-overnatninger-i-fairmont-st-andrews\/\">Castle Course, Castle Stuart, Royal Dornoch<\/a><\/span><br \/>\n<a href=\"https:\/\/www.golfiskotland.com\/fr\/golfrejser-i-skotland\/4-overnatninger-i-fairmont-st-andrews\/\"><strong><span style=\"font-size: 12pt;\">Fra\u00a0<\/span><span style=\"font-size: 18pt;\">1790\u20ac<\/span><\/strong><\/a><\/p>\n<\/td>\n<\/tr>\n<\/tbody>\n<\/table>\n<p>&nbsp;<\/p>\n<table class=\"highlight\">\n<tbody>\n<tr>\n<td class=\"border\">\n<p><a href=\"https:\/\/www.golfiskotland.com\/fr\/golfrejser-i-skotland\/oplev-skotland-i-15-dage\/\"><img loading=\"lazy\" decoding=\"async\" class=\"alignnone size-full wp-image-6345\" style=\"border-bottom: thick solid #fff;\" src=\"https:\/\/www.golfiskotland.com\/wp-content\/uploads\/2015\/01\/St-Andrews-golf-skotland.jpg\" alt=\"St Andrews golf Skotland\" width=\"350\" height=\"208\" srcset=\"https:\/\/www.golfiskotland.com\/wp-content\/uploads\/2015\/01\/St-Andrews-golf-skotland.jpg 350w, https:\/\/www.golfiskotland.com\/wp-content\/uploads\/2015\/01\/St-Andrews-golf-skotland-300x178.jpg 300w\" sizes=\"auto, (max-width: 350px) 100vw, 350px\" \/><\/a><\/p>\n<p style=\"text-align: center;\"><span style=\"font-size: 12pt;\"><a href=\"https:\/\/www.golfiskotland.com\/fr\/golfrejser-i-skotland\/oplev-skotland-i-15-dage\/\"><strong>Oplev Skotland i 15 dage<\/strong><\/a><\/span><br \/>\n <span style=\"font-size: 10pt;\"><a href=\"https:\/\/www.golfiskotland.com\/fr\/golfrejser-i-skotland\/oplev-skotland-i-15-dage\/\">Crail Balcomie, Pitlochry, Spey Valley<\/a><\/span><br \/>\n<a href=\"https:\/\/www.golfiskotland.com\/fr\/golfrejser-i-skotland\/oplev-skotland-i-15-dage\/\"><strong><span style=\"font-size: 16px;\">Fra<\/span>\u00a0<span style=\"font-size: 18pt;\">1950\u20ac<\/span><\/strong><\/a><\/p>\n<\/td>\n<td class=\"noborder\" style=\"border-bottom: 0;\">\u00a0<\/td>\n<td class=\"border\">\n<p><a href=\"https:\/\/www.golfiskotland.com\/fr\/golfrejser-i-skotland\/st-andrews-og-syd-vest\/\"><img loading=\"lazy\" decoding=\"async\" class=\"alignnone size-full wp-image-6347\" style=\"border-bottom: thick solid #fff;\" src=\"https:\/\/www.golfiskotland.com\/wp-content\/uploads\/2015\/01\/golf-skotland-1.jpg\" alt=\"Golf Skotland\" width=\"350\" height=\"208\" srcset=\"https:\/\/www.golfiskotland.com\/wp-content\/uploads\/2015\/01\/golf-skotland-1.jpg 350w, https:\/\/www.golfiskotland.com\/wp-content\/uploads\/2015\/01\/golf-skotland-1-300x178.jpg 300w\" sizes=\"auto, (max-width: 350px) 100vw, 350px\" \/><\/a><\/p>\n<p style=\"text-align: center;\"><span style=\"font-size: 12pt;\"><a href=\"https:\/\/www.golfiskotland.com\/fr\/golfrejser-i-skotland\/st-andrews-og-syd-vest\/\"><strong>St Andrews og Syd-Vest<\/strong><\/a><\/span><br \/>\n <span style=\"font-size: 10pt;\"><a href=\"https:\/\/www.golfiskotland.com\/fr\/golfrejser-i-skotland\/st-andrews-og-syd-vest\/\">Castle Course, Kingsbarns, Royal Troon, Turnberry<\/a><\/span><br \/>\n<a href=\"https:\/\/www.golfiskotland.com\/fr\/golfrejser-i-skotland\/st-andrews-og-syd-vest\/\"><strong><span style=\"font-size: 12pt;\">Fra\u00a0<\/span><span style=\"font-size: 18pt;\">1950\u20ac<\/span><\/strong><\/a><\/p>\n<\/td>\n<td class=\"noborder\">\u00a0<\/td>\n<td class=\"border\">\n<p style=\"text-align: center;\"><a href=\"https:\/\/www.golfiskotland.com\/fr\/golfrejser-i-skotland\/old-course-garanteret\/\"><img loading=\"lazy\" decoding=\"async\" class=\"alignnone size-full wp-image-6349\" style=\"border-bottom: thick solid #fff;\" src=\"https:\/\/www.golfiskotland.com\/wp-content\/uploads\/2015\/01\/golf-i-skotland.jpg\" alt=\"Golf i Skotland\" width=\"350\" height=\"208\" srcset=\"https:\/\/www.golfiskotland.com\/wp-content\/uploads\/2015\/01\/golf-i-skotland.jpg 350w, https:\/\/www.golfiskotland.com\/wp-content\/uploads\/2015\/01\/golf-i-skotland-300x178.jpg 300w\" sizes=\"auto, (max-width: 350px) 100vw, 350px\" \/><\/a><\/p>\n<p style=\"text-align: center;\"><span style=\"font-size: 12pt;\"><a href=\"https:\/\/www.golfiskotland.com\/fr\/golfrejser-i-skotland\/4-overnatninger-i-fairmont-st-andrews\/\"><strong>Old Course Garanteret<\/strong><\/a><\/span><br \/>\n <span style=\"font-size: 10pt;\"><a href=\"https:\/\/www.golfiskotland.com\/fr\/golfrejser-i-skotland\/4-overnatninger-i-fairmont-st-andrews\/\">Old Course, Castle Course, Crail Balcomie, Torrance<\/a><\/span><br \/>\n<a href=\"https:\/\/www.golfiskotland.com\/fr\/golfrejser-i-skotland\/old-course-garanteret\/\"><strong><span style=\"font-size: 12pt;\">Fra\u00a0<\/span><span style=\"font-size: 18pt;\">1990\u20ac<\/span><\/strong><\/a><\/p>\n<\/td>\n<\/tr>\n<\/tbody>\n<\/table>\n<p>&nbsp;<\/p>\n<p>&nbsp;<\/p>\n","protected":false},"excerpt":{"rendered":"<p>Planl\u00e6g den perfekte golfferie i Skotland hos os. Vi har base i \u00ab\u00a0golfens f\u00f8deby\u00a0\u00bb i hjertet af St Andrews. Vores personale er til r\u00e5dighed d\u00f8gnet rundt, for at sikre at du f\u00e5r mest ud af din golftur til St Andrews. 4 overnatninger i St Andrews Castle Course, Crail Balcomie Fra\u00a0790\u20ac \u00a0 De bedste golfbaner Kingsbarns, [&hellip;]<\/p>\n","protected":false},"author":5,"featured_media":6112,"parent":0,"menu_order":0,"comment_status":"closed","ping_status":"closed","template":"","meta":{"_genesis_hide_title":false,"_genesis_hide_breadcrumbs":false,"_genesis_hide_singular_image":false,"_genesis_hide_footer_widgets":false,"_genesis_custom_body_class":"","_genesis_custom_post_class":"","_genesis_layout":"","footnotes":""},"class_list":{"0":"post-6063","1":"page","2":"type-page","3":"status-publish","4":"has-post-thumbnail","6":"entry"},"yoast_head":"<!-- This site is optimized with the Yoast SEO plugin v26.2 - https:\/\/yoast.com\/wordpress\/plugins\/seo\/ -->\n<title>Golfrejser i St Andrews<\/title>\n<meta name=\"description\" content=\"Golfrejser i St Andrews\" \/>\n<meta name=\"robots\" content=\"index, follow, max-snippet:-1, max-image-preview:large, max-video-preview:-1\" \/>\n<link rel=\"canonical\" href=\"https:\/\/www.golfiskotland.com\/fr\/golfrejser-i-st-andrews\/\" \/>\n<meta property=\"og:locale\" content=\"fr_FR\" \/>\n<meta property=\"og:type\" content=\"article\" \/>\n<meta property=\"og:title\" content=\"Golfrejser i St Andrews\" \/>\n<meta property=\"og:description\" content=\"Golfrejser i St Andrews\" \/>\n<meta property=\"og:url\" content=\"https:\/\/www.golfiskotland.com\/fr\/golfrejser-i-st-andrews\/\" \/>\n<meta property=\"og:site_name\" content=\"Golf Skotland\" \/>\n<meta property=\"article:modified_time\" content=\"2017-06-12T11:21:31+00:00\" \/>\n<meta property=\"og:image\" content=\"https:\/\/www.golfiskotland.com\/wp-content\/uploads\/2017\/06\/golfrejser-i-st-andrews.jpg\" \/>\n\t<meta property=\"og:image:width\" content=\"2048\" \/>\n\t<meta property=\"og:image:height\" content=\"1365\" \/>\n\t<meta property=\"og:image:type\" content=\"image\/jpeg\" \/>\n<meta name=\"twitter:card\" content=\"summary_large_image\" \/>\n<meta name=\"twitter:label1\" content=\"Dur\u00e9e de lecture estim\u00e9e\" \/>\n\t<meta name=\"twitter:data1\" content=\"1 minute\" \/>\n<script type=\"application\/ld+json\" class=\"yoast-schema-graph\">{\"@context\":\"https:\/\/schema.org\",\"@graph\":[{\"@type\":\"WebPage\",\"@id\":\"https:\/\/www.golfiskotland.com\/fr\/golfrejser-i-st-andrews\/\",\"url\":\"https:\/\/www.golfiskotland.com\/fr\/golfrejser-i-st-andrews\/\",\"name\":\"Golfrejser i St Andrews\",\"isPartOf\":{\"@id\":\"https:\/\/www.golfiskotland.com\/fr\/#website\"},\"primaryImageOfPage\":{\"@id\":\"https:\/\/www.golfiskotland.com\/fr\/golfrejser-i-st-andrews\/#primaryimage\"},\"image\":{\"@id\":\"https:\/\/www.golfiskotland.com\/fr\/golfrejser-i-st-andrews\/#primaryimage\"},\"thumbnailUrl\":\"https:\/\/www.golfiskotland.com\/wp-content\/uploads\/2017\/06\/golfrejser-i-st-andrews.jpg\",\"datePublished\":\"2017-06-05T09:21:46+00:00\",\"dateModified\":\"2017-06-12T11:21:31+00:00\",\"description\":\"Golfrejser i St Andrews\",\"breadcrumb\":{\"@id\":\"https:\/\/www.golfiskotland.com\/fr\/golfrejser-i-st-andrews\/#breadcrumb\"},\"inLanguage\":\"fr-FR\",\"potentialAction\":[{\"@type\":\"ReadAction\",\"target\":[\"https:\/\/www.golfiskotland.com\/fr\/golfrejser-i-st-andrews\/\"]}]},{\"@type\":\"ImageObject\",\"inLanguage\":\"fr-FR\",\"@id\":\"https:\/\/www.golfiskotland.com\/fr\/golfrejser-i-st-andrews\/#primaryimage\",\"url\":\"https:\/\/www.golfiskotland.com\/wp-content\/uploads\/2017\/06\/golfrejser-i-st-andrews.jpg\",\"contentUrl\":\"https:\/\/www.golfiskotland.com\/wp-content\/uploads\/2017\/06\/golfrejser-i-st-andrews.jpg\",\"width\":2048,\"height\":1365,\"caption\":\"Golfrejse i St Andrews\"},{\"@type\":\"BreadcrumbList\",\"@id\":\"https:\/\/www.golfiskotland.com\/fr\/golfrejser-i-st-andrews\/#breadcrumb\",\"itemListElement\":[{\"@type\":\"ListItem\",\"position\":1,\"name\":\"Home\",\"item\":\"https:\/\/www.golfiskotland.com\/fr\/\"},{\"@type\":\"ListItem\",\"position\":2,\"name\":\"Golfrejser i St Andrews\"}]},{\"@type\":\"WebSite\",\"@id\":\"https:\/\/www.golfiskotland.com\/fr\/#website\",\"url\":\"https:\/\/www.golfiskotland.com\/fr\/\",\"name\":\"Golf Skotland\",\"description\":\"Golf ferie i Skotland og i St Andrews\",\"potentialAction\":[{\"@type\":\"SearchAction\",\"target\":{\"@type\":\"EntryPoint\",\"urlTemplate\":\"https:\/\/www.golfiskotland.com\/fr\/?s={search_term_string}\"},\"query-input\":{\"@type\":\"PropertyValueSpecification\",\"valueRequired\":true,\"valueName\":\"search_term_string\"}}],\"inLanguage\":\"fr-FR\"}]}<\/script>\n<!-- \/ Yoast SEO plugin. -->","yoast_head_json":{"title":"Golfrejser i St Andrews","description":"Golfrejser i St Andrews","robots":{"index":"index","follow":"follow","max-snippet":"max-snippet:-1","max-image-preview":"max-image-preview:large","max-video-preview":"max-video-preview:-1"},"canonical":"https:\/\/www.golfiskotland.com\/fr\/golfrejser-i-st-andrews\/","og_locale":"fr_FR","og_type":"article","og_title":"Golfrejser i St Andrews","og_description":"Golfrejser i St Andrews","og_url":"https:\/\/www.golfiskotland.com\/fr\/golfrejser-i-st-andrews\/","og_site_name":"Golf Skotland","article_modified_time":"2017-06-12T11:21:31+00:00","og_image":[{"width":2048,"height":1365,"url":"https:\/\/www.golfiskotland.com\/wp-content\/uploads\/2017\/06\/golfrejser-i-st-andrews.jpg","type":"image\/jpeg"}],"twitter_card":"summary_large_image","twitter_misc":{"Dur\u00e9e de lecture estim\u00e9e":"1 minute"},"schema":{"@context":"https:\/\/schema.org","@graph":[{"@type":"WebPage","@id":"https:\/\/www.golfiskotland.com\/fr\/golfrejser-i-st-andrews\/","url":"https:\/\/www.golfiskotland.com\/fr\/golfrejser-i-st-andrews\/","name":"Golfrejser i St Andrews","isPartOf":{"@id":"https:\/\/www.golfiskotland.com\/fr\/#website"},"primaryImageOfPage":{"@id":"https:\/\/www.golfiskotland.com\/fr\/golfrejser-i-st-andrews\/#primaryimage"},"image":{"@id":"https:\/\/www.golfiskotland.com\/fr\/golfrejser-i-st-andrews\/#primaryimage"},"thumbnailUrl":"https:\/\/www.golfiskotland.com\/wp-content\/uploads\/2017\/06\/golfrejser-i-st-andrews.jpg","datePublished":"2017-06-05T09:21:46+00:00","dateModified":"2017-06-12T11:21:31+00:00","description":"Golfrejser i St Andrews","breadcrumb":{"@id":"https:\/\/www.golfiskotland.com\/fr\/golfrejser-i-st-andrews\/#breadcrumb"},"inLanguage":"fr-FR","potentialAction":[{"@type":"ReadAction","target":["https:\/\/www.golfiskotland.com\/fr\/golfrejser-i-st-andrews\/"]}]},{"@type":"ImageObject","inLanguage":"fr-FR","@id":"https:\/\/www.golfiskotland.com\/fr\/golfrejser-i-st-andrews\/#primaryimage","url":"https:\/\/www.golfiskotland.com\/wp-content\/uploads\/2017\/06\/golfrejser-i-st-andrews.jpg","contentUrl":"https:\/\/www.golfiskotland.com\/wp-content\/uploads\/2017\/06\/golfrejser-i-st-andrews.jpg","width":2048,"height":1365,"caption":"Golfrejse i St Andrews"},{"@type":"BreadcrumbList","@id":"https:\/\/www.golfiskotland.com\/fr\/golfrejser-i-st-andrews\/#breadcrumb","itemListElement":[{"@type":"ListItem","position":1,"name":"Home","item":"https:\/\/www.golfiskotland.com\/fr\/"},{"@type":"ListItem","position":2,"name":"Golfrejser i St Andrews"}]},{"@type":"WebSite","@id":"https:\/\/www.golfiskotland.com\/fr\/#website","url":"https:\/\/www.golfiskotland.com\/fr\/","name":"Golf Skotland","description":"Golf ferie i Skotland og i St Andrews","potentialAction":[{"@type":"SearchAction","target":{"@type":"EntryPoint","urlTemplate":"https:\/\/www.golfiskotland.com\/fr\/?s={search_term_string}"},"query-input":{"@type":"PropertyValueSpecification","valueRequired":true,"valueName":"search_term_string"}}],"inLanguage":"fr-FR"}]}},"_links":{"self":[{"href":"https:\/\/www.golfiskotland.com\/fr\/wp-json\/wp\/v2\/pages\/6063","targetHints":{"allow":["GET"]}}],"collection":[{"href":"https:\/\/www.golfiskotland.com\/fr\/wp-json\/wp\/v2\/pages"}],"about":[{"href":"https:\/\/www.golfiskotland.com\/fr\/wp-json\/wp\/v2\/types\/page"}],"author":[{"embeddable":true,"href":"https:\/\/www.golfiskotland.com\/fr\/wp-json\/wp\/v2\/users\/5"}],"replies":[{"embeddable":true,"href":"https:\/\/www.golfiskotland.com\/fr\/wp-json\/wp\/v2\/comments?post=6063"}],"version-history":[{"count":13,"href":"https:\/\/www.golfiskotland.com\/fr\/wp-json\/wp\/v2\/pages\/6063\/revisions"}],"predecessor-version":[{"id":6481,"href":"https:\/\/www.golfiskotland.com\/fr\/wp-json\/wp\/v2\/pages\/6063\/revisions\/6481"}],"wp:featuredmedia":[{"embeddable":true,"href":"https:\/\/www.golfiskotland.com\/fr\/wp-json\/wp\/v2\/media\/6112"}],"wp:attachment":[{"href":"https:\/\/www.golfiskotland.com\/fr\/wp-json\/wp\/v2\/media?parent=6063"}],"curies":[{"name":"wp","href":"https:\/\/api.w.org\/{rel}","templated":true}]}}