{"id":6237,"date":"2017-06-06T09:50:13","date_gmt":"2017-06-06T09:50:13","guid":{"rendered":"https:\/\/www.golfiskotland.com\/?page_id=6237\/"},"modified":"2017-06-12T14:33:55","modified_gmt":"2017-06-12T14:33:55","slug":"7-overnatninger-i-slotte","status":"publish","type":"page","link":"https:\/\/www.golfiskotland.com\/fr\/golfrejser-i-skotland\/7-overnatninger-i-slotte\/","title":{"rendered":"7 overnatninger i slotte"},"content":{"rendered":"<div class=\"one-half first\"><img loading=\"lazy\" decoding=\"async\" class=\"alignleft size-full wp-image-6410\" src=\"https:\/\/www.golfiskotland.com\/wp-content\/uploads\/2017\/06\/dornoch-castle-golf-skotland.jpg\" alt=\"dornoch castle golf skotland\" width=\"500\" height=\"375\" srcset=\"https:\/\/www.golfiskotland.com\/wp-content\/uploads\/2017\/06\/dornoch-castle-golf-skotland.jpg 500w, https:\/\/www.golfiskotland.com\/wp-content\/uploads\/2017\/06\/dornoch-castle-golf-skotland-300x225.jpg 300w\" sizes=\"auto, (max-width: 500px) 100vw, 500px\" \/>\u00a0<\/div>\n<div class=\"one-half\">\n<p><span style=\"font-size: 36pt;\">1790\u20ac<\/span><\/p>\n<h4>Prisen inkluderer:<\/h4>\n<ul style=\"list-style-type: square;\">\n<li>2 overnatninger i slotte\/hotel**** Fernie Castle\u00a0<br \/>\n i n\u00e6rheden af \u200b\u200bSt. Andrews<\/li>\n<li>2 overnatninger i slotte\/hotel*** Dornoch Castle<\/li>\n<li>2 overnatninger i slotte\/hotel Dalhousie\u00a0i n\u00e6rheden af Edinburgh<\/li>\n<li>Skotsk morgenmad<\/li>\n<li>3 green fees\n<ul style=\"list-style-type: circle;\">\n<li><a href=\"https:\/\/www.golfiskotland.com\/fr\/golfbaner-i-skotland\/st-andrews-i-skotland\/castle-course\/\">Castle Course<\/a><\/li>\n<li><a href=\"https:\/\/www.golfiskotland.com\/fr\/golfbaner-i-skotland\/5036-2\/castle-stuart\/\">Castle Stuart<\/a><\/li>\n<li><a href=\"https:\/\/www.golfiskotland.com\/fr\/golfbaner-i-skotland\/5036-2\/royal-dornoch\/\">Royal Dornoch &lsquo;Championship&rsquo;<\/a><\/li>\n<\/ul>\n<\/li>\n<li>1 billeje for 8 dage<\/li>\n<\/ul>\n<\/div>\n<div style=\"clear: both;\">\u00a0<\/div>\n<div class=\"one-third first\"><a class=\"button\" href=\"https:\/\/www.golfiskotland.com\/fr\/bestil-dit-ophold-i-skotland\/\">Bestil dit ophold<\/a>\u00a0<\/div>\n<div class=\"one-third\"><a class=\"button\" href=\"https:\/\/www.golfiskotland.com\/tilpas-din-golfferie-i-skotland\/ \">Tilpas tur<\/a><\/div>\n<div class=\"one-third\"><a class=\"button\" href=\"https:\/\/www.golfiskotland.com\/fr\/kontakt-os\/\">Kontakt<\/a><\/div>\n<div style=\"clear: both;\">\u00a0<\/div>\n<div class=\"one-half first\">\n<h4>Vi tilbyder gratis:<\/h4>\n<ul>\n<li>rabatkuponer per person der giver 10% rabat i de to mest popul\u00e6re golf butikker i St Andrews: Auchterlonies og St Andrews Golf Co.<\/li>\n<li>1 indgangsbillet per person til British Golf Museum i St Andrews<\/li>\n<li>Kort over St. Andrews og regionen<\/li>\n<li>Liste over alle restauranter og pubber i St Andrews<\/li>\n<li>Liste over alle restauranter og pubber i\u00a0H\u00f8jlandet<\/li>\n<li>Liste over alle restauranter og pubber i\u00a0Edinburgh<\/li>\n<li>24\/7 support<\/li>\n<\/ul>\n<\/div>\n<div class=\"one-half\">\n<h4>Prisen inkluderer ikke:<\/h4>\n<ul>\n<li>Flybilletten. Vi kan gratis finde det bedste tilbud for dig<\/li>\n<li>Ekstra for tilvalg af single v\u00e6relse<\/li>\n<li>Ekstra for tilvalg af privatchauff\u00f8r<\/li>\n<li>Aktiviteter udover de ovenst\u00e5ende n\u00e6vnte\u00a0<\/li>\n<li>Lokale aktiviteter<\/li>\n<\/ul>\n<p>&nbsp;<\/p>\n<\/div>\n<h3>\u00a0<\/h3>\n<div class=\"terms\">\n<h3>Vilk\u00e5r:<\/h3>\n<p>&#8211; Tilbuddet er g\u00e6ldende for enhver tur i tidsrummet fra d. 1 April til d. 31 Oktober for minimum 2 golfere i et dobbelt\/twin v\u00e6relse med Skotsk morgenmad. Der g\u00e6lder s\u00e6rlige priser i november og marts.<\/p>\n<p> &#8211; Alle vores pakker angives i sterling pund i UK, priser vist i euro er vejledende.<\/p>\n<p> &#8211; Alle B&amp;B\u00b4s indkvarteringer er minimum 4 stjernede, medmindre andet er angivet.<\/p>\n<\/div>\n<div class=\"one-third first\">\u00a0<\/div>\n<div class=\"one-third first\"><a class=\"button\" href=\"https:\/\/www.golfiskotland.com\/fr\/bestil-dit-ophold-i-skotland\/\">Bestil dit ophold<\/a>\u00a0<\/div>\n<div class=\"one-third\"><a class=\"button\" href=\"https:\/\/www.golfiskotland.com\/tilpas-din-golfferie-i-skotland\/ \">Tilpas tur<\/a><\/div>\n<div class=\"one-third\"><a class=\"button\" href=\"https:\/\/www.golfiskotland.com\/fr\/kontakt-os\/\">Kontakt<\/a><\/div>\n","protected":false},"excerpt":{"rendered":"<p>\u00a0 1790\u20ac Prisen inkluderer: 2 overnatninger i slotte\/hotel**** Fernie Castle\u00a0 i n\u00e6rheden af \u200b\u200bSt. Andrews 2 overnatninger i slotte\/hotel*** Dornoch Castle 2 overnatninger i slotte\/hotel Dalhousie\u00a0i n\u00e6rheden af Edinburgh Skotsk morgenmad 3 green fees Castle Course Castle Stuart Royal Dornoch &lsquo;Championship&rsquo; 1 billeje for 8 dage \u00a0 Bestil dit ophold\u00a0 Tilpas tur Kontakt \u00a0 Vi [&hellip;]<\/p>\n","protected":false},"author":5,"featured_media":6238,"parent":49,"menu_order":0,"comment_status":"closed","ping_status":"closed","template":"","meta":{"_genesis_hide_title":false,"_genesis_hide_breadcrumbs":false,"_genesis_hide_singular_image":false,"_genesis_hide_footer_widgets":false,"_genesis_custom_body_class":"","_genesis_custom_post_class":"","_genesis_layout":"","footnotes":""},"class_list":{"0":"post-6237","1":"page","2":"type-page","3":"status-publish","4":"has-post-thumbnail","6":"entry"},"yoast_head":"<!-- This site is optimized with the Yoast SEO plugin v26.2 - https:\/\/yoast.com\/wordpress\/plugins\/seo\/ -->\n<title>7 overnatninger i slotte - Golf Skotland<\/title>\n<meta name=\"robots\" content=\"index, follow, max-snippet:-1, max-image-preview:large, max-video-preview:-1\" \/>\n<link rel=\"canonical\" href=\"https:\/\/www.golfiskotland.com\/fr\/golfrejser-i-skotland\/7-overnatninger-i-slotte\/\" \/>\n<meta property=\"og:locale\" content=\"fr_FR\" \/>\n<meta property=\"og:type\" content=\"article\" \/>\n<meta property=\"og:title\" content=\"7 overnatninger i slotte - Golf Skotland\" \/>\n<meta property=\"og:description\" content=\"\u00a0 1790\u20ac Prisen inkluderer: 2 overnatninger i slotte\/hotel**** Fernie Castle\u00a0 i n\u00e6rheden af \u200b\u200bSt. Andrews 2 overnatninger i slotte\/hotel*** Dornoch Castle 2 overnatninger i slotte\/hotel Dalhousie\u00a0i n\u00e6rheden af Edinburgh Skotsk morgenmad 3 green fees Castle Course Castle Stuart Royal Dornoch &lsquo;Championship&rsquo; 1 billeje for 8 dage \u00a0 Bestil dit ophold\u00a0 Tilpas tur Kontakt \u00a0 Vi [&hellip;]\" \/>\n<meta property=\"og:url\" content=\"https:\/\/www.golfiskotland.com\/fr\/golfrejser-i-skotland\/7-overnatninger-i-slotte\/\" \/>\n<meta property=\"og:site_name\" content=\"Golf Skotland\" \/>\n<meta property=\"article:modified_time\" content=\"2017-06-12T14:33:55+00:00\" \/>\n<meta property=\"og:image\" content=\"https:\/\/www.golfiskotland.com\/wp-content\/uploads\/2017\/06\/Golf-Skotland-golf-dornoch-castle-stuart-highlands.jpg\" \/>\n\t<meta property=\"og:image:width\" content=\"2000\" \/>\n\t<meta property=\"og:image:height\" content=\"997\" \/>\n\t<meta property=\"og:image:type\" content=\"image\/jpeg\" \/>\n<meta name=\"twitter:card\" content=\"summary_large_image\" \/>\n<meta name=\"twitter:label1\" content=\"Dur\u00e9e de lecture estim\u00e9e\" \/>\n\t<meta name=\"twitter:data1\" content=\"1 minute\" \/>\n<script type=\"application\/ld+json\" class=\"yoast-schema-graph\">{\"@context\":\"https:\/\/schema.org\",\"@graph\":[{\"@type\":\"WebPage\",\"@id\":\"https:\/\/www.golfiskotland.com\/fr\/golfrejser-i-skotland\/7-overnatninger-i-slotte\/\",\"url\":\"https:\/\/www.golfiskotland.com\/fr\/golfrejser-i-skotland\/7-overnatninger-i-slotte\/\",\"name\":\"7 overnatninger i slotte - Golf Skotland\",\"isPartOf\":{\"@id\":\"https:\/\/www.golfiskotland.com\/fr\/#website\"},\"primaryImageOfPage\":{\"@id\":\"https:\/\/www.golfiskotland.com\/fr\/golfrejser-i-skotland\/7-overnatninger-i-slotte\/#primaryimage\"},\"image\":{\"@id\":\"https:\/\/www.golfiskotland.com\/fr\/golfrejser-i-skotland\/7-overnatninger-i-slotte\/#primaryimage\"},\"thumbnailUrl\":\"https:\/\/www.golfiskotland.com\/wp-content\/uploads\/2017\/06\/Golf-Skotland-golf-dornoch-castle-stuart-highlands.jpg\",\"datePublished\":\"2017-06-06T09:50:13+00:00\",\"dateModified\":\"2017-06-12T14:33:55+00:00\",\"breadcrumb\":{\"@id\":\"https:\/\/www.golfiskotland.com\/fr\/golfrejser-i-skotland\/7-overnatninger-i-slotte\/#breadcrumb\"},\"inLanguage\":\"fr-FR\",\"potentialAction\":[{\"@type\":\"ReadAction\",\"target\":[\"https:\/\/www.golfiskotland.com\/fr\/golfrejser-i-skotland\/7-overnatninger-i-slotte\/\"]}]},{\"@type\":\"ImageObject\",\"inLanguage\":\"fr-FR\",\"@id\":\"https:\/\/www.golfiskotland.com\/fr\/golfrejser-i-skotland\/7-overnatninger-i-slotte\/#primaryimage\",\"url\":\"https:\/\/www.golfiskotland.com\/wp-content\/uploads\/2017\/06\/Golf-Skotland-golf-dornoch-castle-stuart-highlands.jpg\",\"contentUrl\":\"https:\/\/www.golfiskotland.com\/wp-content\/uploads\/2017\/06\/Golf-Skotland-golf-dornoch-castle-stuart-highlands.jpg\",\"width\":2000,\"height\":997,\"caption\":\"Golf Skotland golf dornoch castle stuart highlands\"},{\"@type\":\"BreadcrumbList\",\"@id\":\"https:\/\/www.golfiskotland.com\/fr\/golfrejser-i-skotland\/7-overnatninger-i-slotte\/#breadcrumb\",\"itemListElement\":[{\"@type\":\"ListItem\",\"position\":1,\"name\":\"Home\",\"item\":\"https:\/\/www.golfiskotland.com\/fr\/\"},{\"@type\":\"ListItem\",\"position\":2,\"name\":\"Golfrejser i Skotland\",\"item\":\"https:\/\/www.golfiskotland.com\/fr\/golfrejser-i-skotland\/\"},{\"@type\":\"ListItem\",\"position\":3,\"name\":\"7 overnatninger i slotte\"}]},{\"@type\":\"WebSite\",\"@id\":\"https:\/\/www.golfiskotland.com\/fr\/#website\",\"url\":\"https:\/\/www.golfiskotland.com\/fr\/\",\"name\":\"Golf Skotland\",\"description\":\"Golf ferie i Skotland og i St Andrews\",\"potentialAction\":[{\"@type\":\"SearchAction\",\"target\":{\"@type\":\"EntryPoint\",\"urlTemplate\":\"https:\/\/www.golfiskotland.com\/fr\/?s={search_term_string}\"},\"query-input\":{\"@type\":\"PropertyValueSpecification\",\"valueRequired\":true,\"valueName\":\"search_term_string\"}}],\"inLanguage\":\"fr-FR\"}]}<\/script>\n<!-- \/ Yoast SEO plugin. -->","yoast_head_json":{"title":"7 overnatninger i slotte - Golf Skotland","robots":{"index":"index","follow":"follow","max-snippet":"max-snippet:-1","max-image-preview":"max-image-preview:large","max-video-preview":"max-video-preview:-1"},"canonical":"https:\/\/www.golfiskotland.com\/fr\/golfrejser-i-skotland\/7-overnatninger-i-slotte\/","og_locale":"fr_FR","og_type":"article","og_title":"7 overnatninger i slotte - Golf Skotland","og_description":"\u00a0 1790\u20ac Prisen inkluderer: 2 overnatninger i slotte\/hotel**** Fernie Castle\u00a0 i n\u00e6rheden af \u200b\u200bSt. Andrews 2 overnatninger i slotte\/hotel*** Dornoch Castle 2 overnatninger i slotte\/hotel Dalhousie\u00a0i n\u00e6rheden af Edinburgh Skotsk morgenmad 3 green fees Castle Course Castle Stuart Royal Dornoch &lsquo;Championship&rsquo; 1 billeje for 8 dage \u00a0 Bestil dit ophold\u00a0 Tilpas tur Kontakt \u00a0 Vi [&hellip;]","og_url":"https:\/\/www.golfiskotland.com\/fr\/golfrejser-i-skotland\/7-overnatninger-i-slotte\/","og_site_name":"Golf Skotland","article_modified_time":"2017-06-12T14:33:55+00:00","og_image":[{"width":2000,"height":997,"url":"https:\/\/www.golfiskotland.com\/wp-content\/uploads\/2017\/06\/Golf-Skotland-golf-dornoch-castle-stuart-highlands.jpg","type":"image\/jpeg"}],"twitter_card":"summary_large_image","twitter_misc":{"Dur\u00e9e de lecture estim\u00e9e":"1 minute"},"schema":{"@context":"https:\/\/schema.org","@graph":[{"@type":"WebPage","@id":"https:\/\/www.golfiskotland.com\/fr\/golfrejser-i-skotland\/7-overnatninger-i-slotte\/","url":"https:\/\/www.golfiskotland.com\/fr\/golfrejser-i-skotland\/7-overnatninger-i-slotte\/","name":"7 overnatninger i slotte - Golf Skotland","isPartOf":{"@id":"https:\/\/www.golfiskotland.com\/fr\/#website"},"primaryImageOfPage":{"@id":"https:\/\/www.golfiskotland.com\/fr\/golfrejser-i-skotland\/7-overnatninger-i-slotte\/#primaryimage"},"image":{"@id":"https:\/\/www.golfiskotland.com\/fr\/golfrejser-i-skotland\/7-overnatninger-i-slotte\/#primaryimage"},"thumbnailUrl":"https:\/\/www.golfiskotland.com\/wp-content\/uploads\/2017\/06\/Golf-Skotland-golf-dornoch-castle-stuart-highlands.jpg","datePublished":"2017-06-06T09:50:13+00:00","dateModified":"2017-06-12T14:33:55+00:00","breadcrumb":{"@id":"https:\/\/www.golfiskotland.com\/fr\/golfrejser-i-skotland\/7-overnatninger-i-slotte\/#breadcrumb"},"inLanguage":"fr-FR","potentialAction":[{"@type":"ReadAction","target":["https:\/\/www.golfiskotland.com\/fr\/golfrejser-i-skotland\/7-overnatninger-i-slotte\/"]}]},{"@type":"ImageObject","inLanguage":"fr-FR","@id":"https:\/\/www.golfiskotland.com\/fr\/golfrejser-i-skotland\/7-overnatninger-i-slotte\/#primaryimage","url":"https:\/\/www.golfiskotland.com\/wp-content\/uploads\/2017\/06\/Golf-Skotland-golf-dornoch-castle-stuart-highlands.jpg","contentUrl":"https:\/\/www.golfiskotland.com\/wp-content\/uploads\/2017\/06\/Golf-Skotland-golf-dornoch-castle-stuart-highlands.jpg","width":2000,"height":997,"caption":"Golf Skotland golf dornoch castle stuart highlands"},{"@type":"BreadcrumbList","@id":"https:\/\/www.golfiskotland.com\/fr\/golfrejser-i-skotland\/7-overnatninger-i-slotte\/#breadcrumb","itemListElement":[{"@type":"ListItem","position":1,"name":"Home","item":"https:\/\/www.golfiskotland.com\/fr\/"},{"@type":"ListItem","position":2,"name":"Golfrejser i Skotland","item":"https:\/\/www.golfiskotland.com\/fr\/golfrejser-i-skotland\/"},{"@type":"ListItem","position":3,"name":"7 overnatninger i slotte"}]},{"@type":"WebSite","@id":"https:\/\/www.golfiskotland.com\/fr\/#website","url":"https:\/\/www.golfiskotland.com\/fr\/","name":"Golf Skotland","description":"Golf ferie i Skotland og i St Andrews","potentialAction":[{"@type":"SearchAction","target":{"@type":"EntryPoint","urlTemplate":"https:\/\/www.golfiskotland.com\/fr\/?s={search_term_string}"},"query-input":{"@type":"PropertyValueSpecification","valueRequired":true,"valueName":"search_term_string"}}],"inLanguage":"fr-FR"}]}},"_links":{"self":[{"href":"https:\/\/www.golfiskotland.com\/fr\/wp-json\/wp\/v2\/pages\/6237","targetHints":{"allow":["GET"]}}],"collection":[{"href":"https:\/\/www.golfiskotland.com\/fr\/wp-json\/wp\/v2\/pages"}],"about":[{"href":"https:\/\/www.golfiskotland.com\/fr\/wp-json\/wp\/v2\/types\/page"}],"author":[{"embeddable":true,"href":"https:\/\/www.golfiskotland.com\/fr\/wp-json\/wp\/v2\/users\/5"}],"replies":[{"embeddable":true,"href":"https:\/\/www.golfiskotland.com\/fr\/wp-json\/wp\/v2\/comments?post=6237"}],"version-history":[{"count":6,"href":"https:\/\/www.golfiskotland.com\/fr\/wp-json\/wp\/v2\/pages\/6237\/revisions"}],"predecessor-version":[{"id":6507,"href":"https:\/\/www.golfiskotland.com\/fr\/wp-json\/wp\/v2\/pages\/6237\/revisions\/6507"}],"up":[{"embeddable":true,"href":"https:\/\/www.golfiskotland.com\/fr\/wp-json\/wp\/v2\/pages\/49"}],"wp:featuredmedia":[{"embeddable":true,"href":"https:\/\/www.golfiskotland.com\/fr\/wp-json\/wp\/v2\/media\/6238"}],"wp:attachment":[{"href":"https:\/\/www.golfiskotland.com\/fr\/wp-json\/wp\/v2\/media?parent=6237"}],"curies":[{"name":"wp","href":"https:\/\/api.w.org\/{rel}","templated":true}]}}